{"id":20284,"date":"2025-04-24T10:02:38","date_gmt":"2025-04-24T08:02:38","guid":{"rendered":"https:\/\/andalubox.com\/producto-andaluz\/la-sanluquena-manzanilla-d-o-p-75cl\/"},"modified":"2025-09-19T22:54:35","modified_gmt":"2025-09-19T20:54:35","slug":"la-sanluquena-manzanilla-d-o-p-75cl","status":"publish","type":"product","link":"https:\/\/andalubox.com\/de\/producto-andaluz\/la-sanluquena-manzanilla-d-o-p-75cl\/","title":{"rendered":"La Sanluque\u00f1a Manzanilla D.O.P. Sanl\u00facar de Barrameda, 75cl"},"content":{"rendered":"<p>La Sanluque\u00f1a Manzanilla D.O.P. Sanl\u00facar de Barrameda, 75cl<\/p>\n<p><b>Der Sanluque\u00f1a Manzanilla D.O.P. Sanl\u00facar de Barrameda<\/b> ist ein hervorragendes Beispiel f\u00fcr diesen gro\u00dfz\u00fcgigen Wein, der von Bodegas Caydsa hergestellt wird.<\/p>\n<p>Hier finden Sie eine \u00dcbersicht \u00fcber die wichtigsten Funktionen:<\/p>\n<ul>\n\t<li>\n<p><b>Weinsorte:<\/b> Manzanilla, eine Art von Sherrywein.<\/p>\n<\/li>\n\t<li>\n<p><b>Gesch\u00fctzte Ursprungsbezeichnung (g.U.):<\/b> Manzanilla &#8211; Sanl\u00facar de Barrameda. Diese Bezeichnung garantiert, dass der Wein ausschlie\u00dflich in den Kellern von Sanl\u00facar de Barrameda hergestellt wurde, wo das K\u00fcstenklima und die biologische Reifung unter &#8220;velo de flor&#8221; ihm seinen einzigartigen Charakter verleihen. <\/p>\n<\/li>\n\t<li>\n<p><b>Trauben:<\/b> 100% Palomino Fino, die Hauptsorte der Region.<\/p>\n<\/li>\n\t<li>\n<p><b>Alkoholgehalt:<\/b> Er liegt in der Regel bei 15% vol.<\/p>\n<\/li>\n\t<li>\n<p><b>Weinherstellung:<\/b> Er wird biologisch ausgebaut, ein Prozess, bei dem sich eine Hefeschicht (der &#8220;Flor&#8221;) auf der Oberfl\u00e4che des Weins in den F\u00e4ssern bildet, die ihn vor Oxidation sch\u00fctzt und ihm seine unverwechselbaren Aromen und Geschmacksrichtungen verleiht.<\/p>\n<\/li>\n\t<li>\n<p><b>Verkostungsnotizen:<\/b><\/p>\n<ul>\n\t<li>\n<p><b>Farbe:<\/b> Helles, leuchtendes Gelb, mit m\u00f6glichen gr\u00fcnlichen oder st\u00e4hlernen Reflexen.<\/p>\n<\/li>\n\t<li>\n<p><b>Aroma:<\/b> Intensiv und sauber, mit blumigen Noten (die oft an Kamille erinnern, daher der Name), Mandeln, Backwaren und einem ausgepr\u00e4gten salzigen Charakter.<\/p>\n<\/li>\n\t<li>\n<p><b>Geschmack:<\/b> Es ist ein trockener und frischer Wein mit einem weichen und agilen Gaumen. Man nimmt seine Salzigkeit wahr und eine leichte S\u00e4ure, die ihn sehr erfrischend macht. Der Abgang ist lang anhaltend und kann einen bitteren Touch haben.  <\/p>\n<\/li>\n<\/ul>\n<\/li>\n\t<li>\n<p><b>Paarung:<\/b><\/p>\n<ul>\n\t<li>\n<p>Er ist ein perfekter Wein f\u00fcr Aperitifs und als Begleiter zu einer Vielzahl von Tapas.<\/p>\n<\/li>\n\t<li>\n<p>Er l\u00e4sst sich ideal mit <b>Meeresfr\u00fcchten und Fisch<\/b> kombinieren, insbesondere mit einheimischem Fisch wie Garnelen aus Sanl\u00facar und &#8220;pesca\u00edto frito&#8221; (gebratenem Fisch).<\/p>\n<\/li>\n\t<li>\n<p>Er passt auch sehr gut zu iberischem Schinken, Frisch- oder Ziegenk\u00e4se, Oliven und Konserven (Mojama, Sardellen, etc.).<\/p>\n<\/li>\n<\/ul>\n<\/li>\n<\/ul>\n<p>La Sanluque\u00f1a ist wie andere Manzanillas ein Wein, der am besten gek\u00fchlt genossen wird, um seine Frische und Komplexit\u00e4t zu sch\u00e4tzen.<\/p>","protected":false},"excerpt":{"rendered":"<p>La Sanluque\u00f1a Manzanilla D.O.P. Sanl\u00facar de Barrameda, 75cl in ganz Europa<\/p>\n","protected":false},"featured_media":31012,"comment_status":"open","ping_status":"closed","template":"","meta":{"site-sidebar-layout":"default","site-content-layout":"","ast-site-content-layout":"default","site-content-style":"default","site-sidebar-style":"default","ast-global-header-display":"","ast-banner-title-visibility":"","ast-main-header-display":"","ast-hfb-above-header-display":"","ast-hfb-below-header-display":"","ast-hfb-mobile-header-display":"","site-post-title":"","ast-breadcrumbs-content":"","ast-featured-img":"","footer-sml-layout":"","ast-disable-related-posts":"","theme-transparent-header-meta":"default","adv-header-id-meta":"","stick-header-meta":"","header-above-stick-meta":"","header-main-stick-meta":"","header-below-stick-meta":"","astra-migrate-meta-layouts":"default","ast-page-background-enabled":"default","ast-page-background-meta":{"desktop":{"background-color":"var(--ast-global-color-4)","background-image":"","background-repeat":"repeat","background-position":"center center","background-size":"auto","background-attachment":"scroll","background-type":"","background-media":"","overlay-type":"","overlay-color":"","overlay-opacity":"","overlay-gradient":""},"tablet":{"background-color":"","background-image":"","background-repeat":"repeat","background-position":"center center","background-size":"auto","background-attachment":"scroll","background-type":"","background-media":"","overlay-type":"","overlay-color":"","overlay-opacity":"","overlay-gradient":""},"mobile":{"background-color":"","background-image":"","background-repeat":"repeat","background-position":"center center","background-size":"auto","background-attachment":"scroll","background-type":"","background-media":"","overlay-type":"","overlay-color":"","overlay-opacity":"","overlay-gradient":""}},"ast-content-background-meta":{"desktop":{"background-color":"var(--ast-global-color-5)","background-image":"","background-repeat":"repeat","background-position":"center center","background-size":"auto","background-attachment":"scroll","background-type":"","background-media":"","overlay-type":"","overlay-color":"","overlay-opacity":"","overlay-gradient":""},"tablet":{"background-color":"var(--ast-global-color-5)","background-image":"","background-repeat":"repeat","background-position":"center center","background-size":"auto","background-attachment":"scroll","background-type":"","background-media":"","overlay-type":"","overlay-color":"","overlay-opacity":"","overlay-gradient":""},"mobile":{"background-color":"var(--ast-global-color-5)","background-image":"","background-repeat":"repeat","background-position":"center center","background-size":"auto","background-attachment":"scroll","background-type":"","background-media":"","overlay-type":"","overlay-color":"","overlay-opacity":"","overlay-gradient":""}}},"product_brand":[1321],"product_cat":[],"product_tag":[],"class_list":{"0":"post-20284","1":"product","2":"type-product","3":"status-publish","4":"has-post-thumbnail","6":"product_brand-bodegas-juan-pinero","7":"desktop-align-left","8":"tablet-align-left","9":"mobile-align-left","11":"first","12":"instock","13":"taxable","14":"shipping-taxable","15":"purchasable","16":"product-type-simple"},"_links":{"self":[{"href":"https:\/\/andalubox.com\/de\/wp-json\/wp\/v2\/product\/20284","targetHints":{"allow":["GET"]}}],"collection":[{"href":"https:\/\/andalubox.com\/de\/wp-json\/wp\/v2\/product"}],"about":[{"href":"https:\/\/andalubox.com\/de\/wp-json\/wp\/v2\/types\/product"}],"replies":[{"embeddable":true,"href":"https:\/\/andalubox.com\/de\/wp-json\/wp\/v2\/comments?post=20284"}],"wp:featuredmedia":[{"embeddable":true,"href":"https:\/\/andalubox.com\/de\/wp-json\/wp\/v2\/media\/31012"}],"wp:attachment":[{"href":"https:\/\/andalubox.com\/de\/wp-json\/wp\/v2\/media?parent=20284"}],"wp:term":[{"taxonomy":"product_brand","embeddable":true,"href":"https:\/\/andalubox.com\/de\/wp-json\/wp\/v2\/product_brand?post=20284"},{"taxonomy":"product_cat","embeddable":true,"href":"https:\/\/andalubox.com\/de\/wp-json\/wp\/v2\/product_cat?post=20284"},{"taxonomy":"product_tag","embeddable":true,"href":"https:\/\/andalubox.com\/de\/wp-json\/wp\/v2\/product_tag?post=20284"}],"curies":[{"name":"wp","href":"https:\/\/api.w.org\/{rel}","templated":true}]}}