{"id":20265,"date":"2025-04-23T13:27:42","date_gmt":"2025-04-23T11:27:42","guid":{"rendered":"https:\/\/andalubox.com\/producto-andaluz\/micaela-palo-cortado-75cl\/"},"modified":"2025-07-30T23:27:32","modified_gmt":"2025-07-30T21:27:32","slug":"micaela-palo-cortado-75cl","status":"publish","type":"product","link":"https:\/\/andalubox.com\/de\/producto-andaluz\/micaela-palo-cortado-75cl\/","title":{"rendered":"Micaela Palo Cortado 75cl"},"content":{"rendered":"<p>Micaela Palo Cortado 75cl<\/p>\n<p>Der Palo Cortado ist eine Weinsorte, die die Eigenschaften eines Amontillado und eines Oloroso vereint. Obwohl er mit einer biologischen Reifephase beginnt, ist seine oxidative Reifezeit deutlich l\u00e4nger, was ihm seinen unverwechselbaren Charakter verleiht. <\/p>\n<p><strong>Art des Weines: <\/strong>Trockener Sherry &#8211; Palo cortado.<\/p>\n<p><strong>Rebsorte: <\/strong>Palomino fino.<\/p>\n<p><strong>Ursprungsbezeichnung: <\/strong>Jerez-X\u00e9r\u00e8z-Sherry.<\/p>\n<p><strong>Durchschnittsalter: <\/strong>25 Jahre<\/p>\n<p><strong>Herstellung und Reifung: <\/strong>Es handelt sich um Weine, die aus extrem feinen Palomino-Mosten hergestellt werden, die anf\u00e4nglich mit 15% vol. abgef\u00fcllt und mit einem &#8220;Palo&#8221; oder schr\u00e4gen Streifen gekennzeichnet sind. Am Ende der \u00dcberlagerungsphase entscheidet die Beobachtung des Verkosters \u00fcber das Vorhandensein bestimmter, sehr spezifischer Merkmale in einigen der F\u00e4sser, in denen sie unter dem Florschleier aufbewahrt wurden, \u00fcber ihre Einstufung als potenzielle &#8220;palos cortados&#8221; (in den F\u00e4ssern mit einem horizontalen Streifen dargestellt, der den urspr\u00fcnglichen &#8220;palo&#8221; durchschneidet). Naturbelassen in F\u00e4ssern aus amerikanischer Eiche (600 Liter Fassungsverm\u00f6gen) ohne Zusatz von Hefe, 6 Monate lang auf der Hefe gereift. Ein erstes Jahr biologische Reifung und anschlie\u00dfende oxidative Reifung in amerikanischen Eichenf\u00e4ssern.   <\/p>","protected":false},"excerpt":{"rendered":"<p>Micaela Palo Cortado 75cl f\u00fcr den Export in ganz Europa.<\/p>\n","protected":false},"featured_media":31048,"comment_status":"open","ping_status":"closed","template":"","meta":{"site-sidebar-layout":"default","site-content-layout":"","ast-site-content-layout":"default","site-content-style":"default","site-sidebar-style":"default","ast-global-header-display":"","ast-banner-title-visibility":"","ast-main-header-display":"","ast-hfb-above-header-display":"","ast-hfb-below-header-display":"","ast-hfb-mobile-header-display":"","site-post-title":"","ast-breadcrumbs-content":"","ast-featured-img":"","footer-sml-layout":"","ast-disable-related-posts":"","theme-transparent-header-meta":"default","adv-header-id-meta":"","stick-header-meta":"","header-above-stick-meta":"","header-main-stick-meta":"","header-below-stick-meta":"","astra-migrate-meta-layouts":"default","ast-page-background-enabled":"default","ast-page-background-meta":{"desktop":{"background-color":"var(--ast-global-color-4)","background-image":"","background-repeat":"repeat","background-position":"center center","background-size":"auto","background-attachment":"scroll","background-type":"","background-media":"","overlay-type":"","overlay-color":"","overlay-opacity":"","overlay-gradient":""},"tablet":{"background-color":"","background-image":"","background-repeat":"repeat","background-position":"center center","background-size":"auto","background-attachment":"scroll","background-type":"","background-media":"","overlay-type":"","overlay-color":"","overlay-opacity":"","overlay-gradient":""},"mobile":{"background-color":"","background-image":"","background-repeat":"repeat","background-position":"center center","background-size":"auto","background-attachment":"scroll","background-type":"","background-media":"","overlay-type":"","overlay-color":"","overlay-opacity":"","overlay-gradient":""}},"ast-content-background-meta":{"desktop":{"background-color":"var(--ast-global-color-5)","background-image":"","background-repeat":"repeat","background-position":"center center","background-size":"auto","background-attachment":"scroll","background-type":"","background-media":"","overlay-type":"","overlay-color":"","overlay-opacity":"","overlay-gradient":""},"tablet":{"background-color":"var(--ast-global-color-5)","background-image":"","background-repeat":"repeat","background-position":"center center","background-size":"auto","background-attachment":"scroll","background-type":"","background-media":"","overlay-type":"","overlay-color":"","overlay-opacity":"","overlay-gradient":""},"mobile":{"background-color":"var(--ast-global-color-5)","background-image":"","background-repeat":"repeat","background-position":"center center","background-size":"auto","background-attachment":"scroll","background-type":"","background-media":"","overlay-type":"","overlay-color":"","overlay-opacity":"","overlay-gradient":""}}},"product_brand":[1320],"product_cat":[],"product_tag":[],"class_list":{"0":"post-20265","1":"product","2":"type-product","3":"status-publish","4":"has-post-thumbnail","6":"product_brand-bodegas-baron","7":"desktop-align-left","8":"tablet-align-left","9":"mobile-align-left","11":"first","12":"instock","13":"taxable","14":"shipping-taxable","15":"purchasable","16":"product-type-simple"},"_links":{"self":[{"href":"https:\/\/andalubox.com\/de\/wp-json\/wp\/v2\/product\/20265","targetHints":{"allow":["GET"]}}],"collection":[{"href":"https:\/\/andalubox.com\/de\/wp-json\/wp\/v2\/product"}],"about":[{"href":"https:\/\/andalubox.com\/de\/wp-json\/wp\/v2\/types\/product"}],"replies":[{"embeddable":true,"href":"https:\/\/andalubox.com\/de\/wp-json\/wp\/v2\/comments?post=20265"}],"wp:featuredmedia":[{"embeddable":true,"href":"https:\/\/andalubox.com\/de\/wp-json\/wp\/v2\/media\/31048"}],"wp:attachment":[{"href":"https:\/\/andalubox.com\/de\/wp-json\/wp\/v2\/media?parent=20265"}],"wp:term":[{"taxonomy":"product_brand","embeddable":true,"href":"https:\/\/andalubox.com\/de\/wp-json\/wp\/v2\/product_brand?post=20265"},{"taxonomy":"product_cat","embeddable":true,"href":"https:\/\/andalubox.com\/de\/wp-json\/wp\/v2\/product_cat?post=20265"},{"taxonomy":"product_tag","embeddable":true,"href":"https:\/\/andalubox.com\/de\/wp-json\/wp\/v2\/product_tag?post=20265"}],"curies":[{"name":"wp","href":"https:\/\/api.w.org\/{rel}","templated":true}]}}