{"id":20235,"date":"2025-04-23T13:01:30","date_gmt":"2025-04-23T11:01:30","guid":{"rendered":"https:\/\/andalubox.com\/producto-andaluz\/heredad-de-hidalgo-manzanilla-sanlucar-75cl\/"},"modified":"2025-09-19T22:58:50","modified_gmt":"2025-09-19T20:58:50","slug":"heredad-de-hidalgo-manzanilla-sanlucar-75cl","status":"publish","type":"product","link":"https:\/\/andalubox.com\/de\/producto-andaluz\/heredad-de-hidalgo-manzanilla-sanlucar-75cl\/","title":{"rendered":"Heredad de Hidalgo Manzanilla de Sanl\u00facar de Barrameda, 75cl"},"content":{"rendered":"<p>Heredad de Hidalgo Manzanilla de Sanl\u00facar de Barrameda, 75cl<\/p>\n<p>Bodegas <strong>Hidalgo la Gitana<\/strong> bringt uns den <strong>Manzanilla Heredad Hidalgo<\/strong>, ein perfektes Produkt, um es mit Vorspeisen, Schinken und Meeresfr\u00fcchten zu kombinieren. Vollst\u00e4ndig aus <strong>Palomino Fino-Trauben<\/strong> vinifiziert. Es handelt sich um einen <strong>gro\u00dfz\u00fcgigen Wein mit der D.O. Jerez<\/strong>, der Sie zwingt, ihn bis zum letzten Tropfen zu genie\u00dfen. Perfekt zu Vorspeisen, Schinken und Meeresfr\u00fcchten.   <\/p>\n<div class=\"wpb_text_column wpb_content_element vc_custom_1614064972355\">\n<div class=\"wpb_wrapper\">\n<h3><span style=\"font-size: 12pt;\">TECHNISCHE DATEN<\/span><\/h3>\n<\/div>\n<\/div>\n<div class=\"vc_row wpb_row vc_inner vc_row-fluid vc_custom_1614065025161\">\n<div class=\"wpb_column vc_column_container vc_col-sm-6\">\n<div class=\"vc_column-inner\">\n<div class=\"wpb_wrapper\">\n<div class=\"vc_acf vc_txt_align_left field_6034aef01bcc0\"><span class=\"vc_acf-label\">Kategorie: <\/span>Gespriteter Wein<\/div>\n<div class=\"vc_acf vc_txt_align_left field_60344a2214024\"><span class=\"vc_acf-label\">Land: <\/span>Spanien<\/div>\n<div class=\"vc_acf vc_txt_align_left field_6034aa7580870\"><span class=\"vc_acf-label\"><span class=\"vc_acf-label\">Erzeuger: Bodegas Hidalgo la Gitana<\/span><\/span><\/div>\n<\/div>\n<\/div>\n<\/div>\n<div class=\"wpb_column vc_column_container vc_col-sm-6\">\n<div class=\"vc_column-inner\">\n<div class=\"wpb_wrapper\">\n<div class=\"vc_acf vc_txt_align_left field_6034aa7f80871\"><span class=\"vc_acf-label\">Typ: <\/span>Manzanilla Jerez<\/div>\n<div class=\"vc_acf vc_txt_align_left field_6034ab02fb6a0\"><span class=\"vc_acf-label\">Inhalt: <\/span>75cl<\/div>\n<div class=\"vc_acf vc_txt_align_left field_6034aa3c4d789\"><span class=\"vc_acf-label\">Note: 15% Note: 15% Note: 15% Note: 15% Note: 15% Note: 15% Note: 15% Note: <\/span>15%<\/div>\n<div> <\/div>\n<div>\n<div class=\"wpb_text_column wpb_content_element vc_custom_1617708175961\">\n<div class=\"wpb_wrapper\">\n<h3><span style=\"font-size: 12pt;\">ELABORATION<\/span><\/h3>\n<\/div>\n<\/div>\n<div class=\"wpb_text_column wpb_content_element \">\n<div class=\"wpb_wrapper\">\n<p><strong>Trauben:<\/strong> Palomino Fino.<\/p>\n<p><strong>Manzanilla Heredad de Hidalgo<\/strong> wird ausschlie\u00dflich aus Palomino Fino Trauben hergestellt.<br>Bodegas Hidalgo La Gitana wurde 1792 gegr\u00fcndet und seitdem wurde das Unternehmen vom Vater an den Sohn weitergegeben. Heute ist es eines der wenigen familiengef\u00fchrten Weing\u00fcter in der Region, das von der achten Generation in der direkten Linie des Gr\u00fcnders geleitet wird.<\/p>\n<div class=\"wpb_text_column wpb_content_element vc_custom_1614065044840\">\n<div class=\"wpb_wrapper\">\n<h3><span style=\"font-size: 12pt;\">CATA<\/span><\/h3>\n<\/div>\n<\/div>\n<div class=\"wpb_text_column wpb_content_element \">\n<div class=\"wpb_wrapper\">\n<p><strong>Aussehen: <\/strong>Blass strohgoldene Farbe, mit gr\u00fcnlichen Reflexen.<\/p>\n<p><strong>Bouquet: <\/strong>Komplex, mit charakteristischen Aromen.<\/p>\n<p><strong>Gaumen: <\/strong>Zart, leicht und frisch.<\/p>\n<p><strong>Empfohlene Temperatur:<\/strong> 10\u00ba C.<\/p>\n<\/div>\n<\/div>\n<\/div>\n<\/div>\n<\/div>\n<\/div>\n<\/div>\n<\/div>\n<\/div>","protected":false},"excerpt":{"rendered":"<p>Heredad de Hidalgo Manzanilla de Sanl\u00facar de Barrameda, 75cl<\/p>\n","protected":false},"featured_media":31300,"comment_status":"open","ping_status":"closed","template":"","meta":{"site-sidebar-layout":"default","site-content-layout":"","ast-site-content-layout":"default","site-content-style":"default","site-sidebar-style":"default","ast-global-header-display":"","ast-banner-title-visibility":"","ast-main-header-display":"","ast-hfb-above-header-display":"","ast-hfb-below-header-display":"","ast-hfb-mobile-header-display":"","site-post-title":"","ast-breadcrumbs-content":"","ast-featured-img":"","footer-sml-layout":"","ast-disable-related-posts":"","theme-transparent-header-meta":"default","adv-header-id-meta":"","stick-header-meta":"","header-above-stick-meta":"","header-main-stick-meta":"","header-below-stick-meta":"","astra-migrate-meta-layouts":"default","ast-page-background-enabled":"default","ast-page-background-meta":{"desktop":{"background-color":"var(--ast-global-color-4)","background-image":"","background-repeat":"repeat","background-position":"center center","background-size":"auto","background-attachment":"scroll","background-type":"","background-media":"","overlay-type":"","overlay-color":"","overlay-opacity":"","overlay-gradient":""},"tablet":{"background-color":"","background-image":"","background-repeat":"repeat","background-position":"center center","background-size":"auto","background-attachment":"scroll","background-type":"","background-media":"","overlay-type":"","overlay-color":"","overlay-opacity":"","overlay-gradient":""},"mobile":{"background-color":"","background-image":"","background-repeat":"repeat","background-position":"center center","background-size":"auto","background-attachment":"scroll","background-type":"","background-media":"","overlay-type":"","overlay-color":"","overlay-opacity":"","overlay-gradient":""}},"ast-content-background-meta":{"desktop":{"background-color":"var(--ast-global-color-5)","background-image":"","background-repeat":"repeat","background-position":"center center","background-size":"auto","background-attachment":"scroll","background-type":"","background-media":"","overlay-type":"","overlay-color":"","overlay-opacity":"","overlay-gradient":""},"tablet":{"background-color":"var(--ast-global-color-5)","background-image":"","background-repeat":"repeat","background-position":"center center","background-size":"auto","background-attachment":"scroll","background-type":"","background-media":"","overlay-type":"","overlay-color":"","overlay-opacity":"","overlay-gradient":""},"mobile":{"background-color":"var(--ast-global-color-5)","background-image":"","background-repeat":"repeat","background-position":"center center","background-size":"auto","background-attachment":"scroll","background-type":"","background-media":"","overlay-type":"","overlay-color":"","overlay-opacity":"","overlay-gradient":""}}},"product_brand":[1318],"product_cat":[],"product_tag":[],"class_list":{"0":"post-20235","1":"product","2":"type-product","3":"status-publish","4":"has-post-thumbnail","6":"product_brand-bodegas-hidalgo-la-gitana","7":"desktop-align-left","8":"tablet-align-left","9":"mobile-align-left","11":"first","12":"instock","13":"taxable","14":"shipping-taxable","15":"purchasable","16":"product-type-simple"},"_links":{"self":[{"href":"https:\/\/andalubox.com\/de\/wp-json\/wp\/v2\/product\/20235","targetHints":{"allow":["GET"]}}],"collection":[{"href":"https:\/\/andalubox.com\/de\/wp-json\/wp\/v2\/product"}],"about":[{"href":"https:\/\/andalubox.com\/de\/wp-json\/wp\/v2\/types\/product"}],"replies":[{"embeddable":true,"href":"https:\/\/andalubox.com\/de\/wp-json\/wp\/v2\/comments?post=20235"}],"wp:featuredmedia":[{"embeddable":true,"href":"https:\/\/andalubox.com\/de\/wp-json\/wp\/v2\/media\/31300"}],"wp:attachment":[{"href":"https:\/\/andalubox.com\/de\/wp-json\/wp\/v2\/media?parent=20235"}],"wp:term":[{"taxonomy":"product_brand","embeddable":true,"href":"https:\/\/andalubox.com\/de\/wp-json\/wp\/v2\/product_brand?post=20235"},{"taxonomy":"product_cat","embeddable":true,"href":"https:\/\/andalubox.com\/de\/wp-json\/wp\/v2\/product_cat?post=20235"},{"taxonomy":"product_tag","embeddable":true,"href":"https:\/\/andalubox.com\/de\/wp-json\/wp\/v2\/product_tag?post=20235"}],"curies":[{"name":"wp","href":"https:\/\/api.w.org\/{rel}","templated":true}]}}