{"id":20160,"date":"2025-04-11T12:28:44","date_gmt":"2025-04-11T10:28:44","guid":{"rendered":"https:\/\/andalubox.com\/producto-andaluz\/guinness-importierte-kartoffelchips-150g\/"},"modified":"2025-06-12T21:16:46","modified_gmt":"2025-06-12T19:16:46","slug":"guinness-importierte-kartoffelchips-150g","status":"publish","type":"product","link":"https:\/\/andalubox.com\/de\/producto-andaluz\/guinness-importierte-kartoffelchips-150g\/","title":{"rendered":"Guinness Chips (Import), 150g"},"content":{"rendered":"<p><strong>Beschreibung:<\/strong><\/p>\n<p>Die untrennbare Verbindung. Guinness handgebackene Kartoffelchips vereinen das Beste von Burts extra dicken Kartoffelchips und den unnachahmlichen Geschmack des kultigen Guinness Starkbiers. Die feine Gerstenmalznote tr\u00e4gt zum Genuss der w\u00fcrzigen Chips bei. Erfreuen Sie Ihren Gaumen.   <\/p>\n<div><b>Zutaten<\/b>:<\/div>\n<div>\n<div class=\"margin-bottom\">Zutaten: Kartoffeln, Sonnenblumen\u00f6l, Hefeextraktpulver, Zucker, Buttermilchpulver, Reismehl, fettarmes Kakaopulver, Salz, nat\u00fcrliches Aroma (BARLEY), Gerstenmalzextraktpulver, Sahnepulver (MILK).<\/div>\n<div>\n<div><b>N\u00e4hrwertangaben pro 100g:<\/b><\/div>\n<div>\n<div class=\"margin-bottom\">Energie: 498,00 Kilokalorien (kcal) Brennwert: 2.082,00 Kilojoule (kJ) Fett: 26,90 Fett, davon ges\u00e4ttigte Fetts\u00e4uren: 2,50 Kohlenhydrate: 55,00 Kohlenhydrate, davon Zucker: 2,90 Ballaststoffe: 4,30 Eiwei\u00df: 6,90 Salz: 1,40<\/div>\n<div>\n<div><b>Informationen zu Allergien<\/b>:<\/div>\n<div>\n<div class=\"details-toggle-container\">\n<div id=\"nutrition\" class=\"details-toggle-content\">\n<div class=\"row nutrition-info-container\">\n<div class=\"nutrition-table col-xxs-12 col-sm-6\">\n<div class=\"margin-bottom\">Enth\u00e4lt: Milch und Milcherzeugnisse (einschlie\u00dflich Laktose), Gerste und Gerstenerzeugnisse (glutenhaltiges Getreide)<\/div>\n<\/div>\n<\/div>\n<\/div>\n<\/div>\n<\/div>\n<\/div>\n<\/div>\n<\/div>\n<\/div>","protected":false},"excerpt":{"rendered":"<p>Beschreibung: Die untrennbare Verbindung. Guinness handgebackene Kartoffelchips vereinen das Beste von Burts extra dicken Kartoffelchips und den unnachahmlichen Geschmack des kultigen Guinness Starkbiers. Die feine Gerstenmalznote tr\u00e4gt zum Genuss der w\u00fcrzigen Chips bei. Erfreuen Sie Ihren Gaumen. Zutaten: Zutaten: Kartoffeln, Sonnenblumen\u00f6l, Hefeextraktpulver, Zucker, Buttermilchpulver, Reismehl, fettarmes Kakaopulver, Salz, nat\u00fcrliches Aroma (BARLEY), Gerstenmalzextraktpulver, Sahnepulver (MILK). N\u00e4hrwertangaben [&hellip;]<\/p>\n","protected":false},"featured_media":19617,"comment_status":"open","ping_status":"closed","template":"","meta":{"site-sidebar-layout":"default","site-content-layout":"","ast-site-content-layout":"default","site-content-style":"default","site-sidebar-style":"default","ast-global-header-display":"","ast-banner-title-visibility":"","ast-main-header-display":"","ast-hfb-above-header-display":"","ast-hfb-below-header-display":"","ast-hfb-mobile-header-display":"","site-post-title":"","ast-breadcrumbs-content":"","ast-featured-img":"","footer-sml-layout":"","ast-disable-related-posts":"","theme-transparent-header-meta":"default","adv-header-id-meta":"","stick-header-meta":"","header-above-stick-meta":"","header-main-stick-meta":"","header-below-stick-meta":"","astra-migrate-meta-layouts":"default","ast-page-background-enabled":"default","ast-page-background-meta":{"desktop":{"background-color":"var(--ast-global-color-4)","background-image":"","background-repeat":"repeat","background-position":"center center","background-size":"auto","background-attachment":"scroll","background-type":"","background-media":"","overlay-type":"","overlay-color":"","overlay-opacity":"","overlay-gradient":""},"tablet":{"background-color":"","background-image":"","background-repeat":"repeat","background-position":"center center","background-size":"auto","background-attachment":"scroll","background-type":"","background-media":"","overlay-type":"","overlay-color":"","overlay-opacity":"","overlay-gradient":""},"mobile":{"background-color":"","background-image":"","background-repeat":"repeat","background-position":"center center","background-size":"auto","background-attachment":"scroll","background-type":"","background-media":"","overlay-type":"","overlay-color":"","overlay-opacity":"","overlay-gradient":""}},"ast-content-background-meta":{"desktop":{"background-color":"var(--ast-global-color-5)","background-image":"","background-repeat":"repeat","background-position":"center center","background-size":"auto","background-attachment":"scroll","background-type":"","background-media":"","overlay-type":"","overlay-color":"","overlay-opacity":"","overlay-gradient":""},"tablet":{"background-color":"var(--ast-global-color-5)","background-image":"","background-repeat":"repeat","background-position":"center center","background-size":"auto","background-attachment":"scroll","background-type":"","background-media":"","overlay-type":"","overlay-color":"","overlay-opacity":"","overlay-gradient":""},"mobile":{"background-color":"var(--ast-global-color-5)","background-image":"","background-repeat":"repeat","background-position":"center center","background-size":"auto","background-attachment":"scroll","background-type":"","background-media":"","overlay-type":"","overlay-color":"","overlay-opacity":"","overlay-gradient":""}}},"product_brand":[1346],"product_cat":[41],"product_tag":[],"class_list":{"0":"post-20160","1":"product","2":"type-product","3":"status-publish","4":"has-post-thumbnail","6":"product_brand-guinness","7":"product_cat-conservas-de-carne","8":"desktop-align-left","9":"tablet-align-left","10":"mobile-align-left","12":"first","13":"outofstock","14":"taxable","15":"shipping-taxable","16":"purchasable","17":"product-type-simple"},"_links":{"self":[{"href":"https:\/\/andalubox.com\/de\/wp-json\/wp\/v2\/product\/20160","targetHints":{"allow":["GET"]}}],"collection":[{"href":"https:\/\/andalubox.com\/de\/wp-json\/wp\/v2\/product"}],"about":[{"href":"https:\/\/andalubox.com\/de\/wp-json\/wp\/v2\/types\/product"}],"replies":[{"embeddable":true,"href":"https:\/\/andalubox.com\/de\/wp-json\/wp\/v2\/comments?post=20160"}],"wp:featuredmedia":[{"embeddable":true,"href":"https:\/\/andalubox.com\/de\/wp-json\/wp\/v2\/media\/19617"}],"wp:attachment":[{"href":"https:\/\/andalubox.com\/de\/wp-json\/wp\/v2\/media?parent=20160"}],"wp:term":[{"taxonomy":"product_brand","embeddable":true,"href":"https:\/\/andalubox.com\/de\/wp-json\/wp\/v2\/product_brand?post=20160"},{"taxonomy":"product_cat","embeddable":true,"href":"https:\/\/andalubox.com\/de\/wp-json\/wp\/v2\/product_cat?post=20160"},{"taxonomy":"product_tag","embeddable":true,"href":"https:\/\/andalubox.com\/de\/wp-json\/wp\/v2\/product_tag?post=20160"}],"curies":[{"name":"wp","href":"https:\/\/api.w.org\/{rel}","templated":true}]}}