{"id":20071,"date":"2025-04-22T10:06:44","date_gmt":"2025-04-22T08:06:44","guid":{"rendered":"https:\/\/andalubox.com\/producto-andaluz\/pata-negra-estuche-ed-fauna-iberica-3-flaschen-toro-la-mancha-rioja-225cl\/"},"modified":"2025-09-20T08:43:20","modified_gmt":"2025-09-20T06:43:20","slug":"pata-negra-estuche-ed-fauna-iberica-3-flaschen-toro-la-mancha-rioja-225cl","status":"publish","type":"product","link":"https:\/\/andalubox.com\/de\/producto-andaluz\/pata-negra-estuche-ed-fauna-iberica-3-flaschen-toro-la-mancha-rioja-225cl\/","title":{"rendered":"Pata Negra Iberische Fauna Kiste 3 Flaschen Rotwein: Toro, La Mancha, Rioja 3x75cl"},"content":{"rendered":"<p>Pata Negra Iberische Fauna Kiste 3 Flaschen Rotwein: Toro, La Mancha, Rioja 3x75cl<\/p>\n<p>Wunderbare Kiste mit einer gro\u00dfen Auswahl an Weinen aus 3 Herkunftsbezeichnungen:<\/p>\n<p><strong>Pata Negra DO Rioja, Crianza:<\/strong> Hergestellt aus Tempranillo-Trauben und in franz\u00f6sischen und amerikanischen Eichenf\u00e4ssern gereift, wo er einen kr\u00e4ftigen und eleganten Charakter erh\u00e4lt.<\/p>\n<p><strong>Pata Negra DO Toro, Roble:<\/strong> Hergestellt aus Tempranillo und Tinta de Toro Trauben. Er reift 3 Monate lang in franz\u00f6sischen Eichenf\u00e4ssern, wo er seinen ganzen Charakter erh\u00e4lt. Nach Abschluss der Reifung wird er gefiltert und in Flaschen abgef\u00fcllt, wo er 2 Monate zur Verfeinerung verbleibt.  <\/p>\n<p><strong>Pata Negra DO Mancha, Roble:<\/strong> Hergestellt aus den Rebsorten Tempranillo, Cabernet Sauvignon und Petit Verdot. 2 Monate lang in Eichenf\u00e4ssern gereift, wo er seine Pers\u00f6nlichkeit und Ausdruckskraft entwickelt. Nach Abschluss des Reifeprozesses wird der Wein abgef\u00fcllt, gekl\u00e4rt und gefiltert, um anschlie\u00dfend in Flaschen abgef\u00fcllt zu werden.<\/p>\n<p>Diese Ausgabe der iberischen Fauna ist von 3 der charakteristischsten Tierarten unseres Landes inspiriert. Der Stier steht f\u00fcr die DO Toro, der iberische Luchs f\u00fcr die DO Mancha und der Wolf f\u00fcr die DO Rioja.<\/p>","protected":false},"excerpt":{"rendered":"<p>Pata Negra Iberische Fauna Kiste 3 Flaschen Rotwein: Toro, La Mancha, Rioja 3x75cl in ganz Europa<\/p>\n","protected":false},"featured_media":31189,"template":"","meta":{"site-sidebar-layout":"default","site-content-layout":"","ast-site-content-layout":"default","site-content-style":"default","site-sidebar-style":"default","ast-global-header-display":"","ast-banner-title-visibility":"","ast-main-header-display":"","ast-hfb-above-header-display":"","ast-hfb-below-header-display":"","ast-hfb-mobile-header-display":"","site-post-title":"","ast-breadcrumbs-content":"","ast-featured-img":"","footer-sml-layout":"","ast-disable-related-posts":"","theme-transparent-header-meta":"default","adv-header-id-meta":"","stick-header-meta":"","header-above-stick-meta":"","header-main-stick-meta":"","header-below-stick-meta":"","astra-migrate-meta-layouts":"default","ast-page-background-enabled":"default","ast-page-background-meta":{"desktop":{"background-color":"var(--ast-global-color-4)","background-image":"","background-repeat":"repeat","background-position":"center center","background-size":"auto","background-attachment":"scroll","background-type":"","background-media":"","overlay-type":"","overlay-color":"","overlay-opacity":"","overlay-gradient":""},"tablet":{"background-color":"","background-image":"","background-repeat":"repeat","background-position":"center center","background-size":"auto","background-attachment":"scroll","background-type":"","background-media":"","overlay-type":"","overlay-color":"","overlay-opacity":"","overlay-gradient":""},"mobile":{"background-color":"","background-image":"","background-repeat":"repeat","background-position":"center center","background-size":"auto","background-attachment":"scroll","background-type":"","background-media":"","overlay-type":"","overlay-color":"","overlay-opacity":"","overlay-gradient":""}},"ast-content-background-meta":{"desktop":{"background-color":"var(--ast-global-color-5)","background-image":"","background-repeat":"repeat","background-position":"center center","background-size":"auto","background-attachment":"scroll","background-type":"","background-media":"","overlay-type":"","overlay-color":"","overlay-opacity":"","overlay-gradient":""},"tablet":{"background-color":"var(--ast-global-color-5)","background-image":"","background-repeat":"repeat","background-position":"center center","background-size":"auto","background-attachment":"scroll","background-type":"","background-media":"","overlay-type":"","overlay-color":"","overlay-opacity":"","overlay-gradient":""},"mobile":{"background-color":"var(--ast-global-color-5)","background-image":"","background-repeat":"repeat","background-position":"center center","background-size":"auto","background-attachment":"scroll","background-type":"","background-media":"","overlay-type":"","overlay-color":"","overlay-opacity":"","overlay-gradient":""}}},"product_brand":[1315],"product_cat":[343],"product_tag":[],"class_list":{"0":"post-20071","1":"product","2":"type-product","3":"status-publish","4":"has-post-thumbnail","6":"product_brand-pata-negra","7":"product_cat-rotwein","8":"desktop-align-left","9":"tablet-align-left","10":"mobile-align-left","12":"first","13":"instock","14":"taxable","15":"shipping-taxable","16":"purchasable","17":"product-type-simple"},"_links":{"self":[{"href":"https:\/\/andalubox.com\/de\/wp-json\/wp\/v2\/product\/20071","targetHints":{"allow":["GET"]}}],"collection":[{"href":"https:\/\/andalubox.com\/de\/wp-json\/wp\/v2\/product"}],"about":[{"href":"https:\/\/andalubox.com\/de\/wp-json\/wp\/v2\/types\/product"}],"wp:featuredmedia":[{"embeddable":true,"href":"https:\/\/andalubox.com\/de\/wp-json\/wp\/v2\/media\/31189"}],"wp:attachment":[{"href":"https:\/\/andalubox.com\/de\/wp-json\/wp\/v2\/media?parent=20071"}],"wp:term":[{"taxonomy":"product_brand","embeddable":true,"href":"https:\/\/andalubox.com\/de\/wp-json\/wp\/v2\/product_brand?post=20071"},{"taxonomy":"product_cat","embeddable":true,"href":"https:\/\/andalubox.com\/de\/wp-json\/wp\/v2\/product_cat?post=20071"},{"taxonomy":"product_tag","embeddable":true,"href":"https:\/\/andalubox.com\/de\/wp-json\/wp\/v2\/product_tag?post=20071"}],"curies":[{"name":"wp","href":"https:\/\/api.w.org\/{rel}","templated":true}]}}