{"id":20050,"date":"2025-04-22T09:42:20","date_gmt":"2025-04-22T07:42:20","guid":{"rendered":"https:\/\/andalubox.com\/producto-andaluz\/pata-negra-cava-brut-75cl\/"},"modified":"2025-09-20T08:45:50","modified_gmt":"2025-09-20T06:45:50","slug":"pata-negra-cava-brut-75cl","status":"publish","type":"product","link":"https:\/\/andalubox.com\/de\/producto-andaluz\/pata-negra-cava-brut-75cl\/","title":{"rendered":"Pata Negra Cava Brut 75cl"},"content":{"rendered":"<section class=\"av_textblock_section av-7id6a0-811ca0f7967ea10352ed1f75a641d30a \">\n<div class=\"avia_textblock\">\n<h3 class=\"p1\"><strong>Pata Negra Cava Brut 75cl<\/strong><\/h3>\n<h3 class=\"p1\"><span style=\"font-size: 16px;\">Art von Wein: <\/span><strong style=\"font-size: 16px;\">Cava.<\/strong><\/h3>\n<\/div>\n<\/section>\n<section class=\"av_textblock_section av-7id6a0-811ca0f7967ea10352ed1f75a641d30a \">\n<div class=\"avia_textblock\">\n<p>D.O.: <strong>Cava<\/strong>.<\/p>\n<p>Rebsorten: <strong>Macabeo, Parellada und Xarel.lo<\/strong><\/p>\n<p class=\"p1\">Alkoholgehalt: <strong>11,5%vol.<\/strong><\/p>\n<p class=\"p1\">Empfohlene Verzehrtemperatur: <strong>6-8\u00baC<\/strong>.<\/p>\n<p class=\"p1\">Fassungsverm\u00f6gen der Flasche: <strong>750ml<\/strong><\/p>\n<p>F\u00fcr die Herstellung dieses Cava wird der beste Grundwein der Sorten Macabeo, Xarel-lo und Parellada ausgew\u00e4hlt. Nach der Zugabe von Zucker und ausgew\u00e4hlten Hefen erfolgt die zweite G\u00e4rung in der Flasche nach der traditionellen Methode bei einer Temperatur, die nie h\u00f6her als 16\u00baC ist, um eine kleine und anhaltende Blase zu erhalten. Die Flaschen verbleiben in unseren Kellern in strikter Dunkelheit und Feuchtigkeit f\u00fcr mindestens 12 Monate.  <\/p>\n<p>&nbsp;<\/p>\n<div class=\"vc_column_container col-md-6\">\n<div class=\"wpb_wrapper vc_column-inner\">\n<div class=\"wpb_text_column wpb_content_element\">\n<div class=\"wpb_wrapper\">\n<p><strong>Verkostungsnotiz: <\/strong>Leuchtend strohgelbe Farbe, mit anhaltenden Bl\u00e4schen. Gro\u00dfe Intensit\u00e4t, elegant blumig, mit einem Hauch von gr\u00fcnem Apfel und Zitrusfr\u00fcchten. Gute Struktur im Mund, ausgewogen und leicht zu trinken. Der Nachgeschmack ist s\u00fc\u00df, frisch und anhaltend.   <\/p>\n<\/div>\n<\/div>\n<\/div>\n<\/div>\n<\/div>\n<\/section>","protected":false},"excerpt":{"rendered":"<p>Pata Negra Cava Brut 75cl in ganz Europa<\/p>\n","protected":false},"featured_media":20056,"comment_status":"open","ping_status":"closed","template":"","meta":{"site-sidebar-layout":"default","site-content-layout":"","ast-site-content-layout":"default","site-content-style":"default","site-sidebar-style":"default","ast-global-header-display":"","ast-banner-title-visibility":"","ast-main-header-display":"","ast-hfb-above-header-display":"","ast-hfb-below-header-display":"","ast-hfb-mobile-header-display":"","site-post-title":"","ast-breadcrumbs-content":"","ast-featured-img":"","footer-sml-layout":"","ast-disable-related-posts":"","theme-transparent-header-meta":"default","adv-header-id-meta":"","stick-header-meta":"","header-above-stick-meta":"","header-main-stick-meta":"","header-below-stick-meta":"","astra-migrate-meta-layouts":"default","ast-page-background-enabled":"default","ast-page-background-meta":{"desktop":{"background-color":"var(--ast-global-color-4)","background-image":"","background-repeat":"repeat","background-position":"center center","background-size":"auto","background-attachment":"scroll","background-type":"","background-media":"","overlay-type":"","overlay-color":"","overlay-opacity":"","overlay-gradient":""},"tablet":{"background-color":"","background-image":"","background-repeat":"repeat","background-position":"center center","background-size":"auto","background-attachment":"scroll","background-type":"","background-media":"","overlay-type":"","overlay-color":"","overlay-opacity":"","overlay-gradient":""},"mobile":{"background-color":"","background-image":"","background-repeat":"repeat","background-position":"center center","background-size":"auto","background-attachment":"scroll","background-type":"","background-media":"","overlay-type":"","overlay-color":"","overlay-opacity":"","overlay-gradient":""}},"ast-content-background-meta":{"desktop":{"background-color":"var(--ast-global-color-5)","background-image":"","background-repeat":"repeat","background-position":"center center","background-size":"auto","background-attachment":"scroll","background-type":"","background-media":"","overlay-type":"","overlay-color":"","overlay-opacity":"","overlay-gradient":""},"tablet":{"background-color":"var(--ast-global-color-5)","background-image":"","background-repeat":"repeat","background-position":"center center","background-size":"auto","background-attachment":"scroll","background-type":"","background-media":"","overlay-type":"","overlay-color":"","overlay-opacity":"","overlay-gradient":""},"mobile":{"background-color":"var(--ast-global-color-5)","background-image":"","background-repeat":"repeat","background-position":"center center","background-size":"auto","background-attachment":"scroll","background-type":"","background-media":"","overlay-type":"","overlay-color":"","overlay-opacity":"","overlay-gradient":""}}},"product_brand":[1315],"product_cat":[461],"product_tag":[],"class_list":{"0":"post-20050","1":"product","2":"type-product","3":"status-publish","4":"has-post-thumbnail","6":"product_brand-pata-negra","7":"product_cat-cava-schaumweine","8":"desktop-align-left","9":"tablet-align-left","10":"mobile-align-left","12":"first","13":"instock","14":"taxable","15":"shipping-taxable","16":"purchasable","17":"product-type-simple"},"_links":{"self":[{"href":"https:\/\/andalubox.com\/de\/wp-json\/wp\/v2\/product\/20050","targetHints":{"allow":["GET"]}}],"collection":[{"href":"https:\/\/andalubox.com\/de\/wp-json\/wp\/v2\/product"}],"about":[{"href":"https:\/\/andalubox.com\/de\/wp-json\/wp\/v2\/types\/product"}],"replies":[{"embeddable":true,"href":"https:\/\/andalubox.com\/de\/wp-json\/wp\/v2\/comments?post=20050"}],"wp:featuredmedia":[{"embeddable":true,"href":"https:\/\/andalubox.com\/de\/wp-json\/wp\/v2\/media\/20056"}],"wp:attachment":[{"href":"https:\/\/andalubox.com\/de\/wp-json\/wp\/v2\/media?parent=20050"}],"wp:term":[{"taxonomy":"product_brand","embeddable":true,"href":"https:\/\/andalubox.com\/de\/wp-json\/wp\/v2\/product_brand?post=20050"},{"taxonomy":"product_cat","embeddable":true,"href":"https:\/\/andalubox.com\/de\/wp-json\/wp\/v2\/product_cat?post=20050"},{"taxonomy":"product_tag","embeddable":true,"href":"https:\/\/andalubox.com\/de\/wp-json\/wp\/v2\/product_tag?post=20050"}],"curies":[{"name":"wp","href":"https:\/\/api.w.org\/{rel}","templated":true}]}}