{"id":19985,"date":"2025-04-15T12:47:46","date_gmt":"2025-04-15T10:47:46","guid":{"rendered":"https:\/\/andalubox.com\/producto-andaluz\/hijo-villa-tequila-blanco-silver-2-glaeser-import-200ml\/"},"modified":"2025-09-20T08:54:07","modified_gmt":"2025-09-20T06:54:07","slug":"hijo-villa-tequila-blanco-silver-2-glaeser-import-200ml","status":"publish","type":"product","link":"https:\/\/andalubox.com\/de\/producto-andaluz\/hijo-villa-tequila-blanco-silver-2-glaeser-import-200ml\/","title":{"rendered":"Hijo Villa Tequila Blanco Silver + 2 Gl\u00e4ser Importiert aus Mexiko 200ml"},"content":{"rendered":"<p><strong>Hijo Villa Tequila Blanco Silver + 2 Gl\u00e4ser Importiert aus Mexiko 200ml<\/strong><\/p>\n<p><strong>Hijos De Villa Blanco<\/strong> ist ein optisch farbloser, sauberer und heller <strong>Tequila<\/strong> mit einem charakteristischen Agavengeschmack und einem Hauch von S\u00fc\u00dfe. Sein Aroma ist weich und delikat mit frischen Agaven-Nuancen und leicht s\u00fc\u00dfen Noten, mit einem ganz besonderen Design seiner handgefertigten Glasflasche in Form einer Pistole, die f\u00fcr Sammler entworfen wurde, national und international ausgezeichnet wurde und an den bravour\u00f6sen mexikanischen Stolz erinnert.<\/p>\n<div class=\"col-30\">\n<div class=\"info-content-description\">\n<p>Der <strong>Tequila Hijos De Villa Blanco<\/strong> ist ein Produkt, das zum Gedenken an den hundertsten Jahrestag der mexikanischen Revolution kreiert wurde, insbesondere an die Schlacht der n\u00f6rdlichen Division bei der Eroberung von Zacatecas im Jahr 1914. Er hat eine Graduierung von 40%, ideal als <strong>Geschenk<\/strong> zu einem besonderen Anlass f\u00fcr jemanden, der <strong>Tequila<\/strong> liebt. Bei <strong>Topdrinks<\/strong> laden wir Sie dazu ein, diesen exzellenten <strong>Tequila Hijos De Villa Blanco<\/strong> zu probieren. Sie erhalten <strong>2 Gl\u00e4ser<\/strong> mit einem Inhalt von 200 ml, eine limitierte Auflage und nummerierte Flaschen, jetzt im Angebot und zum <strong>besten Preis<\/strong> auf dem Markt. <b><\/b><\/p>\n<p>&nbsp;<\/p>\n<\/div>\n<\/div>\n<div class=\"col-40\">\n<div id=\"banner-slider3\" class=\"owl-carousel owl-banner-carousel owl-bottom-narrow owl-theme owl-loaded owl-drag\">\n<div class=\"owl-stage-outer\">\n<div class=\"owl-stage\">\n<div class=\"owl-item cloned\">\n<div class=\"item item-carrousel-products\"><a href=\"https:\/\/www.topdrinks.es\/tequila-hijos-de-villa-blanco-pistola-02l-estuche-2-vasos.html#\" target=\"_blank\" rel=\"noopener\"><img decoding=\"async\" src=\"https:\/\/www.topdrinks.es\/pub\/media\/catalog\/product\/t\/e\/tequila-hijos-de-villa-blanco-pistola-40-r-estuche2-5118_4.png\" alt=\"Tequila Hijos De Villa Blanco Pistola 0,2 Liter Kasten 2 Gl\u00e4ser\"><\/a><\/div>\n<\/div>\n<div class=\"owl-item cloned\">\n<div class=\"item item-carrousel-products\"> <\/div>\n<\/div>\n<\/div>\n<\/div>\n<\/div>\n<\/div>\n<div class=\"col-30 down desktop-zone\">\n<div class=\"block-price\">\n<div> <\/div>\n<\/div>\n<\/div>","protected":false},"excerpt":{"rendered":"<p>Hijo Villa Tequila Blanco Silver + 2 Gl\u00e4ser Importiert aus Mexiko 200ml in ganz Europa<\/p>\n","protected":false},"featured_media":30861,"comment_status":"open","ping_status":"closed","template":"","meta":{"site-sidebar-layout":"default","site-content-layout":"","ast-site-content-layout":"default","site-content-style":"default","site-sidebar-style":"default","ast-global-header-display":"","ast-banner-title-visibility":"","ast-main-header-display":"","ast-hfb-above-header-display":"","ast-hfb-below-header-display":"","ast-hfb-mobile-header-display":"","site-post-title":"","ast-breadcrumbs-content":"","ast-featured-img":"","footer-sml-layout":"","ast-disable-related-posts":"","theme-transparent-header-meta":"default","adv-header-id-meta":"","stick-header-meta":"","header-above-stick-meta":"","header-main-stick-meta":"","header-below-stick-meta":"","astra-migrate-meta-layouts":"default","ast-page-background-enabled":"default","ast-page-background-meta":{"desktop":{"background-color":"var(--ast-global-color-4)","background-image":"","background-repeat":"repeat","background-position":"center center","background-size":"auto","background-attachment":"scroll","background-type":"","background-media":"","overlay-type":"","overlay-color":"","overlay-opacity":"","overlay-gradient":""},"tablet":{"background-color":"","background-image":"","background-repeat":"repeat","background-position":"center center","background-size":"auto","background-attachment":"scroll","background-type":"","background-media":"","overlay-type":"","overlay-color":"","overlay-opacity":"","overlay-gradient":""},"mobile":{"background-color":"","background-image":"","background-repeat":"repeat","background-position":"center center","background-size":"auto","background-attachment":"scroll","background-type":"","background-media":"","overlay-type":"","overlay-color":"","overlay-opacity":"","overlay-gradient":""}},"ast-content-background-meta":{"desktop":{"background-color":"var(--ast-global-color-5)","background-image":"","background-repeat":"repeat","background-position":"center center","background-size":"auto","background-attachment":"scroll","background-type":"","background-media":"","overlay-type":"","overlay-color":"","overlay-opacity":"","overlay-gradient":""},"tablet":{"background-color":"var(--ast-global-color-5)","background-image":"","background-repeat":"repeat","background-position":"center center","background-size":"auto","background-attachment":"scroll","background-type":"","background-media":"","overlay-type":"","overlay-color":"","overlay-opacity":"","overlay-gradient":""},"mobile":{"background-color":"var(--ast-global-color-5)","background-image":"","background-repeat":"repeat","background-position":"center center","background-size":"auto","background-attachment":"scroll","background-type":"","background-media":"","overlay-type":"","overlay-color":"","overlay-opacity":"","overlay-gradient":""}}},"product_brand":[1331],"product_cat":[418,1680],"product_tag":[],"class_list":{"0":"post-19985","1":"product","2":"type-product","3":"status-publish","4":"has-post-thumbnail","6":"product_brand-hijos-de-villa","7":"product_cat-andalubox-exklusiv","8":"product_cat-ginebra-de","9":"desktop-align-left","10":"tablet-align-left","11":"mobile-align-left","13":"first","14":"instock","15":"taxable","16":"shipping-taxable","17":"purchasable","18":"product-type-simple"},"_links":{"self":[{"href":"https:\/\/andalubox.com\/de\/wp-json\/wp\/v2\/product\/19985","targetHints":{"allow":["GET"]}}],"collection":[{"href":"https:\/\/andalubox.com\/de\/wp-json\/wp\/v2\/product"}],"about":[{"href":"https:\/\/andalubox.com\/de\/wp-json\/wp\/v2\/types\/product"}],"replies":[{"embeddable":true,"href":"https:\/\/andalubox.com\/de\/wp-json\/wp\/v2\/comments?post=19985"}],"wp:featuredmedia":[{"embeddable":true,"href":"https:\/\/andalubox.com\/de\/wp-json\/wp\/v2\/media\/30861"}],"wp:attachment":[{"href":"https:\/\/andalubox.com\/de\/wp-json\/wp\/v2\/media?parent=19985"}],"wp:term":[{"taxonomy":"product_brand","embeddable":true,"href":"https:\/\/andalubox.com\/de\/wp-json\/wp\/v2\/product_brand?post=19985"},{"taxonomy":"product_cat","embeddable":true,"href":"https:\/\/andalubox.com\/de\/wp-json\/wp\/v2\/product_cat?post=19985"},{"taxonomy":"product_tag","embeddable":true,"href":"https:\/\/andalubox.com\/de\/wp-json\/wp\/v2\/product_tag?post=19985"}],"curies":[{"name":"wp","href":"https:\/\/api.w.org\/{rel}","templated":true}]}}