{"id":19958,"date":"2025-04-15T12:37:42","date_gmt":"2025-04-15T10:37:42","guid":{"rendered":"https:\/\/andalubox.com\/producto-andaluz\/pringles-ketchup-geschmack-import-165g\/"},"modified":"2026-01-27T12:40:14","modified_gmt":"2026-01-27T11:40:14","slug":"pringles-ketchup-geschmack-import-165g","status":"publish","type":"product","link":"https:\/\/andalubox.com\/de\/producto-andaluz\/pringles-ketchup-geschmack-import-165g\/","title":{"rendered":"Pringles mit Ketchup-Geschmack (Importiert), 165g"},"content":{"rendered":"<div class=\"info\">\n<p><strong>Pringles mit Ketchup-Geschmack (Importiert), 165g<\/strong><\/p>\n<p><strong>Zutaten<\/strong>: Getrocknete Kartoffeln, pflanzliche \u00d6le (Sonnenblumen-, Palm-, Mais\u00f6l) in unterschiedlichen Anteilen, WEIZENmehl, Maismehl, Reismehl, Gew\u00fcrze mit Ketchup-Aroma (Zucker, S\u00e4ureregulator {Natriumdiacetat}, Geschmacksverst\u00e4rker {Monosodiumglutamat, Dinatriumguanylat, Dinatriuminosinat}, Salz, Aromen {LECHE}, Paniermehl {TRIGO}, S\u00e4uerungsmittel {Zitronens\u00e4ure}, Zwiebelpulver, Knoblauchpulver, Tomatenpulver, Maltodextrin, Farbstoff {Pfefferextrakt}), Maltodextrin, Emulgator (E471), Salz, Farbstoff (Annatto Norbixin).<\/p>\n<div id=\"chat-history\" class=\"chat-history-scroll-container\">\n<div id=\"4938f7b34140588e\" class=\"conversation-container message-actions-hover-boundary ng-star-inserted\">\n<div class=\"response-container ng-tns-c2989923582-19 response-container-with-gpi ng-star-inserted response-container-has-multiple-responses\">\n<div class=\"presented-response-container ng-tns-c2989923582-19\">\n<div class=\"response-container-content ng-tns-c2989923582-19\">\n<div class=\"response-content ng-tns-c2989923582-19\">\n<div id=\"model-response-message-contentr_4938f7b34140588e\" class=\"markdown markdown-main-panel enable-updated-hr-color\" dir=\"ltr\">\n<p>Pringles 165g mit Ketchup-Geschmack sind ein frittiertes Snackprodukt mit Tomaten- und Gew\u00fcrzgeschmack, das in einer zylindrischen Tube verkauft wird. Obwohl die Marke Pringles in Spanien oft als &#8216;Importprodukt&#8217; betrachtet wird, ist sie auch hierzulande pr\u00e4sent und diese spezielle Geschmacksrichtung ist in einer Reihe von Gesch\u00e4ften erh\u00e4ltlich. <\/p>\n<p><b>Hauptmerkmale:<\/b><\/p>\n<ul>\n\t<li>\n<p><b>Geschmack:<\/b> Ketchup (Tomatengeschmack mit einem Hauch von s\u00fc\u00df und sauer).<\/p>\n<\/li>\n\t<li>\n<p><b>Nettogewicht:<\/b> 165 Gramm.<\/p>\n<\/li>\n\t<li>\n<p><b>Herkunftsland:<\/b> Hergestellt in der Europ\u00e4ischen Union.<\/p>\n<\/li>\n\t<li>\n<p><b>Vertriebspartner in Spanien:<\/b> KELLOGG ESPA\u00d1A, S.L.<\/p>\n<\/li>\n\t<li>\n<p><b>Format:<\/b> Zylindrische Verpackung, die charakteristisch f\u00fcr die Marke ist und dazu beitr\u00e4gt, dass die Kartoffeln ganz und gestapelt bleiben.<\/p>\n<\/li>\n<\/ul>\n<p><b>Verf\u00fcgbarkeit und Preis in Spanien:<\/b><\/p>\n<p>Pringles mit Ketchup-Geschmack k\u00f6nnen Sie in verschiedenen Superm\u00e4rkten und Online-Shops finden. Der Preis kann je nach Gesch\u00e4ft und m\u00f6glichen Angeboten variieren. <\/p>\n<ul>\n\t<li>\n<p><b>El Corte Ingl\u00e9s \/ Hipercor:<\/b> Sie kosten normalerweise um die 2,60 \u20ac. Es ist \u00fcblich, Angebote wie &#8220;2. Einheit zum halben Preis&#8221; oder &#8220;3&#215;2&#8221; zu finden. <\/p>\n<\/li>\n\t<li>\n<p><b>Spezialisierte Online-Shops:<\/b> Es gibt Online-Shops, die importierte Produkte oder Lebensmittel zu Preisen zwischen etwa 2,20 \u20ac und 2,60 \u20ac anbieten. Einige dieser Shops sind Supercaro, Tu Tr\u00e9bol, dMIX Online und Confisur. <\/p>\n<\/li>\n<\/ul>\n<p>Da diese Geschmacksrichtung m\u00f6glicherweise nicht in allen \u00fcblichen Gesch\u00e4ften erh\u00e4ltlich ist, sollten Sie die Verf\u00fcgbarkeit in gro\u00dfen Superm\u00e4rkten oder Online-Shops pr\u00fcfen, die sich auf diese Art von Produkten spezialisiert haben.<\/p>\n<\/div>\n<\/div>\n<\/div>\n<\/div>\n<\/div>\n<\/div>\n<\/div>\n<\/div>\n<div class=\"info _nutrients\"> <\/div>","protected":false},"excerpt":{"rendered":"<p>Pringles mit Ketchup-Geschmack (Import), 165g europaweit<\/p>\n","protected":false},"featured_media":19955,"comment_status":"open","ping_status":"closed","template":"","meta":{"site-sidebar-layout":"default","site-content-layout":"","ast-site-content-layout":"default","site-content-style":"default","site-sidebar-style":"default","ast-global-header-display":"","ast-banner-title-visibility":"","ast-main-header-display":"","ast-hfb-above-header-display":"","ast-hfb-below-header-display":"","ast-hfb-mobile-header-display":"","site-post-title":"","ast-breadcrumbs-content":"","ast-featured-img":"","footer-sml-layout":"","ast-disable-related-posts":"","theme-transparent-header-meta":"default","adv-header-id-meta":"","stick-header-meta":"","header-above-stick-meta":"","header-main-stick-meta":"","header-below-stick-meta":"","astra-migrate-meta-layouts":"default","ast-page-background-enabled":"default","ast-page-background-meta":{"desktop":{"background-color":"var(--ast-global-color-4)","background-image":"","background-repeat":"repeat","background-position":"center center","background-size":"auto","background-attachment":"scroll","background-type":"","background-media":"","overlay-type":"","overlay-color":"","overlay-opacity":"","overlay-gradient":""},"tablet":{"background-color":"","background-image":"","background-repeat":"repeat","background-position":"center center","background-size":"auto","background-attachment":"scroll","background-type":"","background-media":"","overlay-type":"","overlay-color":"","overlay-opacity":"","overlay-gradient":""},"mobile":{"background-color":"","background-image":"","background-repeat":"repeat","background-position":"center center","background-size":"auto","background-attachment":"scroll","background-type":"","background-media":"","overlay-type":"","overlay-color":"","overlay-opacity":"","overlay-gradient":""}},"ast-content-background-meta":{"desktop":{"background-color":"var(--ast-global-color-5)","background-image":"","background-repeat":"repeat","background-position":"center center","background-size":"auto","background-attachment":"scroll","background-type":"","background-media":"","overlay-type":"","overlay-color":"","overlay-opacity":"","overlay-gradient":""},"tablet":{"background-color":"var(--ast-global-color-5)","background-image":"","background-repeat":"repeat","background-position":"center center","background-size":"auto","background-attachment":"scroll","background-type":"","background-media":"","overlay-type":"","overlay-color":"","overlay-opacity":"","overlay-gradient":""},"mobile":{"background-color":"var(--ast-global-color-5)","background-image":"","background-repeat":"repeat","background-position":"center center","background-size":"auto","background-attachment":"scroll","background-type":"","background-media":"","overlay-type":"","overlay-color":"","overlay-opacity":"","overlay-gradient":""}}},"product_brand":[1204],"product_cat":[41],"product_tag":[],"class_list":{"0":"post-19958","1":"product","2":"type-product","3":"status-publish","4":"has-post-thumbnail","6":"product_brand-pringles","7":"product_cat-conservas-de-carne","8":"desktop-align-left","9":"tablet-align-left","10":"mobile-align-left","12":"first","13":"instock","14":"taxable","15":"shipping-taxable","16":"purchasable","17":"product-type-simple"},"_links":{"self":[{"href":"https:\/\/andalubox.com\/de\/wp-json\/wp\/v2\/product\/19958","targetHints":{"allow":["GET"]}}],"collection":[{"href":"https:\/\/andalubox.com\/de\/wp-json\/wp\/v2\/product"}],"about":[{"href":"https:\/\/andalubox.com\/de\/wp-json\/wp\/v2\/types\/product"}],"replies":[{"embeddable":true,"href":"https:\/\/andalubox.com\/de\/wp-json\/wp\/v2\/comments?post=19958"}],"wp:featuredmedia":[{"embeddable":true,"href":"https:\/\/andalubox.com\/de\/wp-json\/wp\/v2\/media\/19955"}],"wp:attachment":[{"href":"https:\/\/andalubox.com\/de\/wp-json\/wp\/v2\/media?parent=19958"}],"wp:term":[{"taxonomy":"product_brand","embeddable":true,"href":"https:\/\/andalubox.com\/de\/wp-json\/wp\/v2\/product_brand?post=19958"},{"taxonomy":"product_cat","embeddable":true,"href":"https:\/\/andalubox.com\/de\/wp-json\/wp\/v2\/product_cat?post=19958"},{"taxonomy":"product_tag","embeddable":true,"href":"https:\/\/andalubox.com\/de\/wp-json\/wp\/v2\/product_tag?post=19958"}],"curies":[{"name":"wp","href":"https:\/\/api.w.org\/{rel}","templated":true}]}}