{"id":19934,"date":"2025-04-15T12:30:39","date_gmt":"2025-04-15T10:30:39","guid":{"rendered":"https:\/\/andalubox.com\/producto-andaluz\/pringles-kaese-und-zwiebel-import-165g\/"},"modified":"2026-01-27T12:40:16","modified_gmt":"2026-01-27T11:40:16","slug":"pringles-kaese-und-zwiebel-import-165g","status":"publish","type":"product","link":"https:\/\/andalubox.com\/de\/producto-andaluz\/pringles-kaese-und-zwiebel-import-165g\/","title":{"rendered":"Pringles K\u00e4se-Zwiebel-Geschmack (Importiert), 165g"},"content":{"rendered":"<div class=\"grid__item \">\n<div class=\"kstl-product-allergen kstl-product-nutrition-list\">\n<dl>\n<dt class=\"kstl-nutrition-info\" style=\"font-size: 1.25vw; line-height: 1.3; padding: 0px; margin-bottom: 0.5em; font-family: Andes; font-weight: normal;\" aria-label=\"(05) Ingredients: INGREDIENTES: Patatas deshidratadas, aceite de girasol, harina de ma\u00edz, harina de &lt;bold&gt;trigo&lt;\/bold&gt;, harina de arroz, condimento a base de queso y cebolla (cebolla en polvo, dextrosa, maltodextrina, jarabe de glucosa, potenciadores del sabor {glutamato de monosodio, guanilato dis\u00f3dico, inosinato dis\u00f3dico}, almid\u00f3n de ma\u00edz modificado, sal, extracto de levadura, aromas, lactosa {&lt;bold&gt;leche&lt;\/bold&gt;}, aceite de girasol, caldo granulado {sal, prote\u00edna vegetal hidrolizada, aceite de girasol}, queso en polvo {&lt;bold&gt;leche&lt;\/bold&gt;}, acidulantes {\u00e1cido l\u00e1ctico, \u00e1cido c\u00edtrico}), maltodextrina, emulgente (E471), aceite de colza, sal, colorante (norbixina de annato).\">\n<p><span style=\"font-size: 12pt;\">Pringles K\u00e4se-Zwiebel-Geschmack (Importiert), 165g<\/span><\/p>\n<p><span style=\"font-size: 12pt;\">ZUTATEN: Getrocknete Kartoffeln, Sonnenblumen\u00f6l, Maismehl, Weizenmehl, Reismehl, K\u00e4se- und Zwiebelgew\u00fcrz (Zwiebelpulver, Dextrose, Maltodextrin, Glukosesirup, Geschmacksverst\u00e4rker {Natriumglutamat, Dinatriumguanylat, Dinatriuminosinat}, modifizierte Maisst\u00e4rke, Salz, Hefeextrakt, Aromen, Laktose {leche}, Sonnenblumen\u00f6l, gek\u00f6rnte Br\u00fche {Salz, hydrolysiertes pflanzliches Eiwei\u00df, Sonnenblumen\u00f6l}, K\u00e4sepulver {leche}, S\u00e4uerungsmittel {Milchs\u00e4ure, Zitronens\u00e4ure}), Maltodextrin, Emulgator (E471), Raps\u00f6l, Salz, Farbstoff (Annatto Norbixin).<\/span><\/p>\n<p><span style=\"font-size: 12pt;\">ALLERGIEN: Soja<\/span><\/p>\n<p>E<span style=\"font-size: 12pt;\">ie Geschmacksrichtung Cheese &amp; Onion Pringles (oder &#8220;Cheese &amp; Onion&#8221; in der Originalversion) ist eine der beliebtesten und klassischsten Geschmacksrichtungen der Marke, insbesondere auf M\u00e4rkten wie dem britischen und irischen. In Spanien ist diese Geschmacksrichtung zwar nicht immer in den Superm\u00e4rkten der Nachbarschaft zu finden, aber sie ist in gro\u00dfen Superm\u00e4rkten und Online-Shops leicht erh\u00e4ltlich. Daher ist es relativ, sie als &#8220;importiert&#8221; zu bezeichnen. <\/span><\/p>\n<p><span style=\"font-size: 12pt;\"><b>Hauptmerkmale:<\/b><\/span><\/p>\n<ul>\n\t<li>\n<p><span style=\"font-size: 12pt;\"><b>Geschmack:<\/b> Kombiniert die Intensit\u00e4t des K\u00e4ses mit der ausgepr\u00e4gten S\u00fc\u00dfe der Zwiebel. Dieser Geschmack wird wegen seiner Ausgewogenheit und seines s\u00fcchtig machenden Charakters sehr gesch\u00e4tzt. <\/span><\/p>\n<\/li>\n\t<li>\n<p><span style=\"font-size: 12pt;\"><b>Nettogewicht:<\/b> 165 Gramm.<\/span><\/p>\n<\/li>\n\t<li>\n<p><span style=\"font-size: 12pt;\"><b>Herkunftsland:<\/b> Hergestellt in der Europ\u00e4ischen Union.<\/span><\/p>\n<\/li>\n\t<li>\n<p><span style=\"font-size: 12pt;\"><b>Vertriebspartner in Spanien:<\/b> KELLOGG ESPA\u00d1A, S.L.<\/span><\/p>\n<\/li>\n\t<li>\n<p><span style=\"font-size: 12pt;\"><b>Format:<\/b> Beh\u00e4lt die kultige zylindrische R\u00f6hre von Pringles bei, die die Chips sch\u00fctzt.<\/span><\/p>\n<\/li>\n<\/ul>\n<p><span style=\"font-size: 12pt;\"><b>Verf\u00fcgbarkeit und Preis in Spanien:<\/b><\/span><\/p>\n<p><span style=\"font-size: 12pt;\">Diese Geschmacksrichtung ist in gro\u00dfen Supermarktketten und Online-Shops recht h\u00e4ufig zu finden. Der Preis ist in der Regel \u00e4hnlich wie bei anderen Geschmacksrichtungen der Marke. <\/span><\/p>\n<ul>\n\t<li>\n<p><span style=\"font-size: 12pt;\"><b>Superm\u00e4rkte:<\/b> Sie k\u00f6nnen sie in Superm\u00e4rkten wie Alcampo, Carrefour und El Corte Ingl\u00e9s finden. Der \u00fcbliche Preis liegt bei 2,50 \u20ac &#8211; 2,90 \u20ac. H\u00e4ufig finden Sie Angebote wie &#8220;2. Einheit zum halben Preis&#8221; oder &#8220;3&#215;2&#8221;, die den Preis pro Einheit erheblich reduzieren.  <\/span><\/p>\n<\/li>\n\t<li>\n<p><span style=\"font-size: 12pt;\"><b>Online-Shops:<\/b> Viele Online-Shops f\u00fcr Lebensmittel oder Importe haben es in ihrem Katalog. Die Preise k\u00f6nnen variieren, von 1,71 \u20ac in einigen spezialisierten Gesch\u00e4ften bis hin zu den Preisen der gro\u00dfen Superm\u00e4rkte. Einige Beispiele sind Supercaro, Confisur, und andere.  <\/span><\/p>\n<\/li>\n<\/ul>\n<p><span style=\"font-size: 12pt;\">Im Allgemeinen finden Sie diese Geschmacksrichtung problemlos in gro\u00dfen Supermarktketten, ohne dass Sie auf spezialisierte Importgesch\u00e4fte zur\u00fcckgreifen m\u00fcssen.<\/span><\/p>\n<\/dt>\n<\/dl>\n<\/div>\n<\/div>\n<div class=\"grid__item \">\n<div class=\"kstl-product-allergen kstl-product-nutrition-list\">\n<div class=\"kstl-rich-text\"> <\/div>\n<\/div>\n<\/div>","protected":false},"excerpt":{"rendered":"<p><span style=\"font-size: 12pt;\">Pringles K\u00e4se &amp; Zwiebel Geschmack (Importiert), 165g europaweit<\/span><\/p>\n","protected":false},"featured_media":19938,"comment_status":"open","ping_status":"closed","template":"","meta":{"site-sidebar-layout":"default","site-content-layout":"","ast-site-content-layout":"default","site-content-style":"default","site-sidebar-style":"default","ast-global-header-display":"","ast-banner-title-visibility":"","ast-main-header-display":"","ast-hfb-above-header-display":"","ast-hfb-below-header-display":"","ast-hfb-mobile-header-display":"","site-post-title":"","ast-breadcrumbs-content":"","ast-featured-img":"","footer-sml-layout":"","ast-disable-related-posts":"","theme-transparent-header-meta":"default","adv-header-id-meta":"","stick-header-meta":"","header-above-stick-meta":"","header-main-stick-meta":"","header-below-stick-meta":"","astra-migrate-meta-layouts":"default","ast-page-background-enabled":"default","ast-page-background-meta":{"desktop":{"background-color":"var(--ast-global-color-4)","background-image":"","background-repeat":"repeat","background-position":"center center","background-size":"auto","background-attachment":"scroll","background-type":"","background-media":"","overlay-type":"","overlay-color":"","overlay-opacity":"","overlay-gradient":""},"tablet":{"background-color":"","background-image":"","background-repeat":"repeat","background-position":"center center","background-size":"auto","background-attachment":"scroll","background-type":"","background-media":"","overlay-type":"","overlay-color":"","overlay-opacity":"","overlay-gradient":""},"mobile":{"background-color":"","background-image":"","background-repeat":"repeat","background-position":"center center","background-size":"auto","background-attachment":"scroll","background-type":"","background-media":"","overlay-type":"","overlay-color":"","overlay-opacity":"","overlay-gradient":""}},"ast-content-background-meta":{"desktop":{"background-color":"var(--ast-global-color-5)","background-image":"","background-repeat":"repeat","background-position":"center center","background-size":"auto","background-attachment":"scroll","background-type":"","background-media":"","overlay-type":"","overlay-color":"","overlay-opacity":"","overlay-gradient":""},"tablet":{"background-color":"var(--ast-global-color-5)","background-image":"","background-repeat":"repeat","background-position":"center center","background-size":"auto","background-attachment":"scroll","background-type":"","background-media":"","overlay-type":"","overlay-color":"","overlay-opacity":"","overlay-gradient":""},"mobile":{"background-color":"var(--ast-global-color-5)","background-image":"","background-repeat":"repeat","background-position":"center center","background-size":"auto","background-attachment":"scroll","background-type":"","background-media":"","overlay-type":"","overlay-color":"","overlay-opacity":"","overlay-gradient":""}}},"product_brand":[1204],"product_cat":[41],"product_tag":[],"class_list":{"0":"post-19934","1":"product","2":"type-product","3":"status-publish","4":"has-post-thumbnail","6":"product_brand-pringles","7":"product_cat-conservas-de-carne","8":"desktop-align-left","9":"tablet-align-left","10":"mobile-align-left","12":"first","13":"outofstock","14":"taxable","15":"shipping-taxable","16":"purchasable","17":"product-type-simple"},"_links":{"self":[{"href":"https:\/\/andalubox.com\/de\/wp-json\/wp\/v2\/product\/19934","targetHints":{"allow":["GET"]}}],"collection":[{"href":"https:\/\/andalubox.com\/de\/wp-json\/wp\/v2\/product"}],"about":[{"href":"https:\/\/andalubox.com\/de\/wp-json\/wp\/v2\/types\/product"}],"replies":[{"embeddable":true,"href":"https:\/\/andalubox.com\/de\/wp-json\/wp\/v2\/comments?post=19934"}],"wp:featuredmedia":[{"embeddable":true,"href":"https:\/\/andalubox.com\/de\/wp-json\/wp\/v2\/media\/19938"}],"wp:attachment":[{"href":"https:\/\/andalubox.com\/de\/wp-json\/wp\/v2\/media?parent=19934"}],"wp:term":[{"taxonomy":"product_brand","embeddable":true,"href":"https:\/\/andalubox.com\/de\/wp-json\/wp\/v2\/product_brand?post=19934"},{"taxonomy":"product_cat","embeddable":true,"href":"https:\/\/andalubox.com\/de\/wp-json\/wp\/v2\/product_cat?post=19934"},{"taxonomy":"product_tag","embeddable":true,"href":"https:\/\/andalubox.com\/de\/wp-json\/wp\/v2\/product_tag?post=19934"}],"curies":[{"name":"wp","href":"https:\/\/api.w.org\/{rel}","templated":true}]}}