{"id":19910,"date":"2025-04-15T12:21:02","date_gmt":"2025-04-15T10:21:02","guid":{"rendered":"https:\/\/andalubox.com\/producto-andaluz\/pringles-streichkaese-import-165g\/"},"modified":"2026-01-27T12:40:20","modified_gmt":"2026-01-27T11:40:20","slug":"pringles-streichkaese-import-165g","status":"publish","type":"product","link":"https:\/\/andalubox.com\/de\/producto-andaluz\/pringles-streichkaese-import-165g\/","title":{"rendered":"Pringles Streichk\u00e4se-Geschmack (Importiert), 165g"},"content":{"rendered":"<div class=\"info\">\n<p>Pringles Streichk\u00e4se-Geschmack (Importiert), 165g<\/p>\n<p><strong>ZUTATEN<\/strong>: Getrocknete Kartoffeln, Sonnenblumen\u00f6l, Maismehl, WEIZENmehl, Reismehl, K\u00e4segew\u00fcrz (Maltodextrin, modifizierte Maisst\u00e4rke, Salz, K\u00e4sepulver {LECHE}, Geschmacksverst\u00e4rker {Natriumglutamat, Dinatriumguanylat, Dinatriuminosinat}, Gew\u00fcrze, Hefeextrakt, Dextrose, Aromen {LECHE}, S\u00e4uerungsmittel {\u00c4pfels\u00e4ure, Milchs\u00e4ure}, Sonnenblumen\u00f6l, Farbstoff {Paprikaextrakt}), Maltodextrin, Emulgator (E471), Raps\u00f6l, Salz, Farbstoff (Annatto-Norbixin).<\/p>\n<h3><span style=\"font-size: 12pt;\">Pringles Streichk\u00e4se &amp; Kr\u00e4utergeschmack (Importiert)<\/span><\/h3>\n<p>Diese Pringles-Geschmacksrichtung, die urspr\u00fcnglich je nach Region als &#8220;Creamy Cheesy&#8221; oder &#8220;Sour Cream &amp; Onion&#8221; bekannt war, ist in vielen europ\u00e4ischen L\u00e4ndern ein Klassiker, und obwohl sie in Spanien nicht immer in allen Superm\u00e4rkten erh\u00e4ltlich ist, kann man sie in Fachgesch\u00e4ften oder gro\u00dfen Superm\u00e4rkten leicht finden.<\/p>\n<h4>Eigenschaften und Geschmack<\/h4>\n<p>Der <b>streichf\u00e4hige K\u00e4segeschmack<\/b> (oft mit einem Hauch von Zwiebeln oder Kr\u00e4utern) zeichnet sich durch einen cremigen und weichen, salzigen und leicht sauren Geschmack aus. Er ist eine Alternative zu st\u00e4rkeren Aromen und sein Profil \u00e4hnelt dem von K\u00e4se- und Sauerrahmsaucen. Die Packung ist die klassische 165g-Tube.  <\/p>\n<p>Wenn Sie den weichen, cremigen Geschmack von K\u00e4se m\u00f6gen, werden Sie diese Sorte Pringles lieben, die den herzhaften Geschmack mit der Frische feiner Kr\u00e4uter ausgleicht.<\/p>\n<\/div>\n<div class=\"info _nutrients\"> <\/div>","protected":false},"excerpt":{"rendered":"<p>Pringles Streichk\u00e4se-Geschmack (Import), 165g in ganz Europa<\/p>\n","protected":false},"featured_media":19914,"comment_status":"open","ping_status":"closed","template":"","meta":{"site-sidebar-layout":"default","site-content-layout":"","ast-site-content-layout":"default","site-content-style":"default","site-sidebar-style":"default","ast-global-header-display":"","ast-banner-title-visibility":"","ast-main-header-display":"","ast-hfb-above-header-display":"","ast-hfb-below-header-display":"","ast-hfb-mobile-header-display":"","site-post-title":"","ast-breadcrumbs-content":"","ast-featured-img":"","footer-sml-layout":"","ast-disable-related-posts":"","theme-transparent-header-meta":"default","adv-header-id-meta":"","stick-header-meta":"","header-above-stick-meta":"","header-main-stick-meta":"","header-below-stick-meta":"","astra-migrate-meta-layouts":"default","ast-page-background-enabled":"default","ast-page-background-meta":{"desktop":{"background-color":"var(--ast-global-color-4)","background-image":"","background-repeat":"repeat","background-position":"center center","background-size":"auto","background-attachment":"scroll","background-type":"","background-media":"","overlay-type":"","overlay-color":"","overlay-opacity":"","overlay-gradient":""},"tablet":{"background-color":"","background-image":"","background-repeat":"repeat","background-position":"center center","background-size":"auto","background-attachment":"scroll","background-type":"","background-media":"","overlay-type":"","overlay-color":"","overlay-opacity":"","overlay-gradient":""},"mobile":{"background-color":"","background-image":"","background-repeat":"repeat","background-position":"center center","background-size":"auto","background-attachment":"scroll","background-type":"","background-media":"","overlay-type":"","overlay-color":"","overlay-opacity":"","overlay-gradient":""}},"ast-content-background-meta":{"desktop":{"background-color":"var(--ast-global-color-5)","background-image":"","background-repeat":"repeat","background-position":"center center","background-size":"auto","background-attachment":"scroll","background-type":"","background-media":"","overlay-type":"","overlay-color":"","overlay-opacity":"","overlay-gradient":""},"tablet":{"background-color":"var(--ast-global-color-5)","background-image":"","background-repeat":"repeat","background-position":"center center","background-size":"auto","background-attachment":"scroll","background-type":"","background-media":"","overlay-type":"","overlay-color":"","overlay-opacity":"","overlay-gradient":""},"mobile":{"background-color":"var(--ast-global-color-5)","background-image":"","background-repeat":"repeat","background-position":"center center","background-size":"auto","background-attachment":"scroll","background-type":"","background-media":"","overlay-type":"","overlay-color":"","overlay-opacity":"","overlay-gradient":""}}},"product_brand":[1204],"product_cat":[41],"product_tag":[],"class_list":{"0":"post-19910","1":"product","2":"type-product","3":"status-publish","4":"has-post-thumbnail","6":"product_brand-pringles","7":"product_cat-conservas-de-carne","8":"desktop-align-left","9":"tablet-align-left","10":"mobile-align-left","12":"first","13":"instock","14":"taxable","15":"shipping-taxable","16":"purchasable","17":"product-type-simple"},"_links":{"self":[{"href":"https:\/\/andalubox.com\/de\/wp-json\/wp\/v2\/product\/19910","targetHints":{"allow":["GET"]}}],"collection":[{"href":"https:\/\/andalubox.com\/de\/wp-json\/wp\/v2\/product"}],"about":[{"href":"https:\/\/andalubox.com\/de\/wp-json\/wp\/v2\/types\/product"}],"replies":[{"embeddable":true,"href":"https:\/\/andalubox.com\/de\/wp-json\/wp\/v2\/comments?post=19910"}],"wp:featuredmedia":[{"embeddable":true,"href":"https:\/\/andalubox.com\/de\/wp-json\/wp\/v2\/media\/19914"}],"wp:attachment":[{"href":"https:\/\/andalubox.com\/de\/wp-json\/wp\/v2\/media?parent=19910"}],"wp:term":[{"taxonomy":"product_brand","embeddable":true,"href":"https:\/\/andalubox.com\/de\/wp-json\/wp\/v2\/product_brand?post=19910"},{"taxonomy":"product_cat","embeddable":true,"href":"https:\/\/andalubox.com\/de\/wp-json\/wp\/v2\/product_cat?post=19910"},{"taxonomy":"product_tag","embeddable":true,"href":"https:\/\/andalubox.com\/de\/wp-json\/wp\/v2\/product_tag?post=19910"}],"curies":[{"name":"wp","href":"https:\/\/api.w.org\/{rel}","templated":true}]}}