{"id":19906,"date":"2025-04-15T12:18:54","date_gmt":"2025-04-15T10:18:54","guid":{"rendered":"https:\/\/andalubox.com\/producto-andaluz\/pringles-frischkaese-kraeutergeschmack-import-165g\/"},"modified":"2026-01-27T12:40:21","modified_gmt":"2026-01-27T11:40:21","slug":"pringles-frischkaese-kraeutergeschmack-import-165g","status":"publish","type":"product","link":"https:\/\/andalubox.com\/de\/producto-andaluz\/pringles-frischkaese-kraeutergeschmack-import-165g\/","title":{"rendered":"Frischk\u00e4se &amp; Kr\u00e4uter Pringles (Importiert), 165g"},"content":{"rendered":"<div class=\"\">\n<h3><span style=\"font-size: 12pt;\">Pringles Frischk\u00e4se &amp; Kr\u00e4utergeschmack (Importiert), 165g<\/span><\/h3>\n<p>Knuspriger und leichter Snack auf Basis von runden Chips mit K\u00e4se- und Zwiebelso\u00dfengeschmack. Serviert in Dosen mit Deckel mit je 165 Gramm. <\/p>\n<p><strong>Zutaten<\/strong>: Getrocknete Kartoffeln, Sonnenblumen\u00f6l, WEIZENmehl, Maismehl, Reismehl, Gew\u00fcrzmischung mit Frischk\u00e4se- und Kr\u00e4utergeschmack, Maltodextrin, Zucker, Salz, Frischk\u00e4sepulver, Aromen, Gew\u00fcrze {Knoblauch, Zwiebel, schwarzer Pfeffer}, MILCHpulver, S\u00e4ureregulatoren {Milchs\u00e4ure, Zitronens\u00e4ure, Apfels\u00e4ure}, Kaliumchlorid, Kr\u00e4uter, Raps\u00f6l), Maltodextrin, Emulgator (E471), Farbstoff (Annattoextrakte, Norbixin). Kann Soja enthalten. <\/p>\n<p>Pringles <b>Cream Cheese &amp; Herb<\/b> flavour, international bekannt als &#8220;Creamy Cheese &amp; Onion&#8221; oder &#8220;Sour Cream &amp; Onion&#8221; in einigen M\u00e4rkten, ist eine sehr beliebte Sorte, die die Reichhaltigkeit von Frischk\u00e4se mit der aromatischen und leicht w\u00fcrzigen Note von Kr\u00e4utern, oft in Kombination mit Zwiebeln, kombiniert. Obwohl er in Spanien als Import gekennzeichnet ist, hat seine Verf\u00fcgbarkeit in den letzten Jahren zugenommen. <\/p>\n<h4><span style=\"font-size: 12pt;\">Eigenschaften und Geschmacksprofil<\/span><\/h4>\n<p>Dieser Geschmack zeichnet sich durch seine Ausgewogenheit aus. Er bietet eine cremige, salzige K\u00e4sebasis, die durch Kr\u00e4uternoten gemildert wird, wodurch er weniger intensiv ist als andere Geschmacksrichtungen wie reine Zwiebel oder Pfeffer. Es ist ein milder Geschmack, aber mit einer unverwechselbaren Note, die zum Weiteressen einl\u00e4dt. Das Format ist die klassische <b>165g<\/b> Pringles-Tube.   <\/p>\n<\/div>","protected":false},"excerpt":{"rendered":"<h3><span style=\"font-size: 12pt;\">Pringles Frischk\u00e4se &amp; Kr\u00e4utergeschmack (Importiert), 165g europaweit<\/span><\/h3>\n","protected":false},"featured_media":31576,"comment_status":"open","ping_status":"closed","template":"","meta":{"site-sidebar-layout":"default","site-content-layout":"","ast-site-content-layout":"default","site-content-style":"default","site-sidebar-style":"default","ast-global-header-display":"","ast-banner-title-visibility":"","ast-main-header-display":"","ast-hfb-above-header-display":"","ast-hfb-below-header-display":"","ast-hfb-mobile-header-display":"","site-post-title":"","ast-breadcrumbs-content":"","ast-featured-img":"","footer-sml-layout":"","ast-disable-related-posts":"","theme-transparent-header-meta":"default","adv-header-id-meta":"","stick-header-meta":"","header-above-stick-meta":"","header-main-stick-meta":"","header-below-stick-meta":"","astra-migrate-meta-layouts":"default","ast-page-background-enabled":"default","ast-page-background-meta":{"desktop":{"background-color":"var(--ast-global-color-4)","background-image":"","background-repeat":"repeat","background-position":"center center","background-size":"auto","background-attachment":"scroll","background-type":"","background-media":"","overlay-type":"","overlay-color":"","overlay-opacity":"","overlay-gradient":""},"tablet":{"background-color":"","background-image":"","background-repeat":"repeat","background-position":"center center","background-size":"auto","background-attachment":"scroll","background-type":"","background-media":"","overlay-type":"","overlay-color":"","overlay-opacity":"","overlay-gradient":""},"mobile":{"background-color":"","background-image":"","background-repeat":"repeat","background-position":"center center","background-size":"auto","background-attachment":"scroll","background-type":"","background-media":"","overlay-type":"","overlay-color":"","overlay-opacity":"","overlay-gradient":""}},"ast-content-background-meta":{"desktop":{"background-color":"var(--ast-global-color-5)","background-image":"","background-repeat":"repeat","background-position":"center center","background-size":"auto","background-attachment":"scroll","background-type":"","background-media":"","overlay-type":"","overlay-color":"","overlay-opacity":"","overlay-gradient":""},"tablet":{"background-color":"var(--ast-global-color-5)","background-image":"","background-repeat":"repeat","background-position":"center center","background-size":"auto","background-attachment":"scroll","background-type":"","background-media":"","overlay-type":"","overlay-color":"","overlay-opacity":"","overlay-gradient":""},"mobile":{"background-color":"var(--ast-global-color-5)","background-image":"","background-repeat":"repeat","background-position":"center center","background-size":"auto","background-attachment":"scroll","background-type":"","background-media":"","overlay-type":"","overlay-color":"","overlay-opacity":"","overlay-gradient":""}}},"product_brand":[1204],"product_cat":[],"product_tag":[],"class_list":{"0":"post-19906","1":"product","2":"type-product","3":"status-publish","4":"has-post-thumbnail","6":"product_brand-pringles","7":"desktop-align-left","8":"tablet-align-left","9":"mobile-align-left","11":"first","12":"instock","13":"taxable","14":"shipping-taxable","15":"purchasable","16":"product-type-simple"},"_links":{"self":[{"href":"https:\/\/andalubox.com\/de\/wp-json\/wp\/v2\/product\/19906","targetHints":{"allow":["GET"]}}],"collection":[{"href":"https:\/\/andalubox.com\/de\/wp-json\/wp\/v2\/product"}],"about":[{"href":"https:\/\/andalubox.com\/de\/wp-json\/wp\/v2\/types\/product"}],"replies":[{"embeddable":true,"href":"https:\/\/andalubox.com\/de\/wp-json\/wp\/v2\/comments?post=19906"}],"wp:featuredmedia":[{"embeddable":true,"href":"https:\/\/andalubox.com\/de\/wp-json\/wp\/v2\/media\/31576"}],"wp:attachment":[{"href":"https:\/\/andalubox.com\/de\/wp-json\/wp\/v2\/media?parent=19906"}],"wp:term":[{"taxonomy":"product_brand","embeddable":true,"href":"https:\/\/andalubox.com\/de\/wp-json\/wp\/v2\/product_brand?post=19906"},{"taxonomy":"product_cat","embeddable":true,"href":"https:\/\/andalubox.com\/de\/wp-json\/wp\/v2\/product_cat?post=19906"},{"taxonomy":"product_tag","embeddable":true,"href":"https:\/\/andalubox.com\/de\/wp-json\/wp\/v2\/product_tag?post=19906"}],"curies":[{"name":"wp","href":"https:\/\/api.w.org\/{rel}","templated":true}]}}