{"id":19812,"date":"2025-04-15T11:11:30","date_gmt":"2025-04-15T09:11:30","guid":{"rendered":"https:\/\/andalubox.com\/producto-andaluz\/pringles-spanish-style-patatas-bravas-import-165g\/"},"modified":"2025-06-12T21:26:23","modified_gmt":"2025-06-12T19:26:23","slug":"pringles-spanish-style-patatas-bravas-import-165g","status":"publish","type":"product","link":"https:\/\/andalubox.com\/de\/andalusisches-produkt\/pringles-spanish-style-patatas-bravas-import-165g\/","title":{"rendered":"Pringles Pasaporte Patatas Bravas nach spanischer Art (Importiert), 165g"},"content":{"rendered":"<p>Pringles Passport Patatas Bravas Limited Edition, <a title=\"Chips\" href=\"https:\/\/americanuncle.es\/collections\/patatine\" target=\"_blank\" rel=\"noopener\">Pommes<\/a> mit dem einzigartigen Geschmack von gegrillter Paprika und Hummus. Die Limited Edition nimmt Sie mit auf eine Geschmacksreise, die von den ber\u00fchmten spanischen Tapas inspiriert ist. Diese Pommes frites, die sich durch ihre ikonische Form und ihre unverwechselbare Knusprigkeit auszeichnen, bieten Ihnen ein intensives und k\u00f6stliches Geschmackserlebnis, perfekt f\u00fcr alle, die gerne neue und \u00fcberraschende Geschmackserlebnisse haben.  <\/p>\n<p><strong>Zutaten: <\/strong>getrocknete Kartoffeln, Sonnenblumen\u00f6l, <strong>WEIZENmehl<\/strong>, Maismehl, Reismehl, Gew\u00fcrze (Maltodextrin, Zucker, Salz, Steed, Gew\u00fcrze {ger\u00e4ucherter Paprika, roter Pfeffer}, Knoblauchpulver, Zwiebelpulver, Levitoextrakt, Sapid.<strong>(<\/strong>Maltodextrin, Zitronens\u00e4ure}, <strong>MILCHWEIZERpulver <\/strong><strong>(MILCH<\/strong>), Aromen, Sonnenblumen\u00f6l, Farbstoff {Pfefferextrakt}, Reisfaser), Maltodextrin, Emulgator (5471), Salz, Farbstoff (Norbissina di anna). <\/p>\n<p><strong>Informationen zu Allergenen:<\/strong> F\u00fcr Allergene, einschlie\u00dflich glutenhaltiges Getreide, siehe Zutaten oben <strong>.<\/strong> Kann <strong>SOYA<\/strong> enthalten. <\/p>\n<p><strong>N\u00e4hrwertdeklaration. Durchschnittswerte pro 100 Gramm: <\/strong>  Energie 2185 kJ \/ 523 kcal, 30 g Fett, davon 2,9 g ges\u00e4ttigtes Fett, 3,9 g Ballaststoffe, 55 g Kohlenhydrate, davon 2,4 g Zucker, 6,4 g Eiwei\u00df, 1,2 g Salz.<\/p>","protected":false},"excerpt":{"rendered":"<p>Pringles Passport Patatas Bravas Limited Edition, Pommes mit dem einzigartigen Geschmack von gegrillter Paprika und Hummus. Die Limited Edition nimmt Sie mit auf eine Geschmacksreise, die von den ber\u00fchmten spanischen Tapas inspiriert ist. Diese Pommes frites, die sich durch ihre ikonische Form und ihre unverwechselbare Knusprigkeit auszeichnen, bieten Ihnen ein intensives und k\u00f6stliches Geschmackserlebnis, perfekt [&hellip;]<\/p>\n","protected":false},"featured_media":19806,"comment_status":"open","ping_status":"closed","template":"","meta":{"site-sidebar-layout":"default","site-content-layout":"","ast-site-content-layout":"default","site-content-style":"default","site-sidebar-style":"default","ast-global-header-display":"","ast-banner-title-visibility":"","ast-main-header-display":"","ast-hfb-above-header-display":"","ast-hfb-below-header-display":"","ast-hfb-mobile-header-display":"","site-post-title":"","ast-breadcrumbs-content":"","ast-featured-img":"","footer-sml-layout":"","ast-disable-related-posts":"","theme-transparent-header-meta":"default","adv-header-id-meta":"","stick-header-meta":"","header-above-stick-meta":"","header-main-stick-meta":"","header-below-stick-meta":"","astra-migrate-meta-layouts":"default","ast-page-background-enabled":"default","ast-page-background-meta":{"desktop":{"background-color":"var(--ast-global-color-4)","background-image":"","background-repeat":"repeat","background-position":"center center","background-size":"auto","background-attachment":"scroll","background-type":"","background-media":"","overlay-type":"","overlay-color":"","overlay-opacity":"","overlay-gradient":""},"tablet":{"background-color":"","background-image":"","background-repeat":"repeat","background-position":"center center","background-size":"auto","background-attachment":"scroll","background-type":"","background-media":"","overlay-type":"","overlay-color":"","overlay-opacity":"","overlay-gradient":""},"mobile":{"background-color":"","background-image":"","background-repeat":"repeat","background-position":"center center","background-size":"auto","background-attachment":"scroll","background-type":"","background-media":"","overlay-type":"","overlay-color":"","overlay-opacity":"","overlay-gradient":""}},"ast-content-background-meta":{"desktop":{"background-color":"var(--ast-global-color-5)","background-image":"","background-repeat":"repeat","background-position":"center center","background-size":"auto","background-attachment":"scroll","background-type":"","background-media":"","overlay-type":"","overlay-color":"","overlay-opacity":"","overlay-gradient":""},"tablet":{"background-color":"var(--ast-global-color-5)","background-image":"","background-repeat":"repeat","background-position":"center center","background-size":"auto","background-attachment":"scroll","background-type":"","background-media":"","overlay-type":"","overlay-color":"","overlay-opacity":"","overlay-gradient":""},"mobile":{"background-color":"var(--ast-global-color-5)","background-image":"","background-repeat":"repeat","background-position":"center center","background-size":"auto","background-attachment":"scroll","background-type":"","background-media":"","overlay-type":"","overlay-color":"","overlay-opacity":"","overlay-gradient":""}}},"product_brand":[1204],"product_cat":[41],"product_tag":[],"class_list":{"0":"post-19812","1":"product","2":"type-product","3":"status-publish","4":"has-post-thumbnail","6":"product_brand-pringles","7":"product_cat-conservas-de-carne","8":"desktop-align-left","9":"tablet-align-left","10":"mobile-align-left","12":"first","13":"outofstock","14":"taxable","15":"shipping-taxable","16":"purchasable","17":"product-type-simple"},"_links":{"self":[{"href":"https:\/\/andalubox.com\/de\/wp-json\/wp\/v2\/product\/19812","targetHints":{"allow":["GET"]}}],"collection":[{"href":"https:\/\/andalubox.com\/de\/wp-json\/wp\/v2\/product"}],"about":[{"href":"https:\/\/andalubox.com\/de\/wp-json\/wp\/v2\/types\/product"}],"replies":[{"embeddable":true,"href":"https:\/\/andalubox.com\/de\/wp-json\/wp\/v2\/comments?post=19812"}],"wp:featuredmedia":[{"embeddable":true,"href":"https:\/\/andalubox.com\/de\/wp-json\/wp\/v2\/media\/19806"}],"wp:attachment":[{"href":"https:\/\/andalubox.com\/de\/wp-json\/wp\/v2\/media?parent=19812"}],"wp:term":[{"taxonomy":"product_brand","embeddable":true,"href":"https:\/\/andalubox.com\/de\/wp-json\/wp\/v2\/product_brand?post=19812"},{"taxonomy":"product_cat","embeddable":true,"href":"https:\/\/andalubox.com\/de\/wp-json\/wp\/v2\/product_cat?post=19812"},{"taxonomy":"product_tag","embeddable":true,"href":"https:\/\/andalubox.com\/de\/wp-json\/wp\/v2\/product_tag?post=19812"}],"curies":[{"name":"wp","href":"https:\/\/api.w.org\/{rel}","templated":true}]}}