{"id":19800,"date":"2025-04-15T11:04:14","date_gmt":"2025-04-15T09:04:14","guid":{"rendered":"https:\/\/andalubox.com\/producto-andaluz\/pringles-nach-marokkanischer-art-geschmack-geroestete-paprika-und-hummus-import-165g\/"},"modified":"2026-01-27T12:40:32","modified_gmt":"2026-01-27T11:40:32","slug":"pringles-nach-marokkanischer-art-geschmack-geroestete-paprika-und-hummus-import-165g","status":"publish","type":"product","link":"https:\/\/andalubox.com\/de\/producto-andaluz\/pringles-nach-marokkanischer-art-geschmack-geroestete-paprika-und-hummus-import-165g\/","title":{"rendered":"Pringles Marokkanischer Pass mit ger\u00f6steter Paprika &amp; Hummus Geschmack (Importiert), 165g"},"content":{"rendered":"<p>Pringles Marokkanischer Pass mit ger\u00f6steter Paprika &amp; Hummus Geschmack (Importiert), 165g<\/p>\n<p>Wir pr\u00e4sentieren die limitierte Ausgabe von Pringles Passport Flavour in der Geschmacksrichtung Marokkanische Paprika und Hummus, eine verlockende Mischung aus exotischen Gew\u00fcrzen und herzhaftem Hummus-Geschmack. Jede Dose ist vollgepackt mit der reichhaltigen, aromatischen Essenz der marokkanischen K\u00fcche und bringt Ihnen die lebhaften Aromen des Mittelmeers auf die Zunge. Lassen Sie sich dieses globale Geschmackserlebnis nicht entgehen.  <\/p>\n<p><strong>Zutaten<\/strong>: Getrocknete Kartoffeln, Sonnenblumen\u00f6l, Weizenmehl, Maismehl, Reismehl, ger\u00f6stetes Paprikagew\u00fcrz &amp; Hummus, Zwiebelpulver, Knoblauchpulver, Paprikapulver, roter Pfeffer, Gew\u00fcrze Hummus, Zwiebelpulver, Knoblauchpulver, Paprikapulver, roter Pfeffer, Gew\u00fcrze {Kreuzk\u00fcmmel, schwarzer Pfeffer, Fenchel, Cayennepfeffer, Cassia}, Zucker, Salz, Geschmacksverst\u00e4rker, Aromen, S\u00e4ureregulatoren, Buttermilchpulver, Kichererbsenmehl, Tomatenpulver, Raps\u00f6l, Farbstoff, Maltodextrin.<\/p>\n<p><strong>Allergene<\/strong>: Enth\u00e4lt Weizen und Milch. Kann Soja enthalten.  Geeignet f\u00fcr Vegetarier.<\/p>","protected":false},"excerpt":{"rendered":"<p>Pringles Marokkanischer Pass mit ger\u00f6steter Paprika &amp; Hummus Geschmack (Importiert), 165g in ganz Europa<\/p>\n","protected":false},"featured_media":19794,"comment_status":"open","ping_status":"closed","template":"","meta":{"site-sidebar-layout":"default","site-content-layout":"","ast-site-content-layout":"default","site-content-style":"default","site-sidebar-style":"default","ast-global-header-display":"","ast-banner-title-visibility":"","ast-main-header-display":"","ast-hfb-above-header-display":"","ast-hfb-below-header-display":"","ast-hfb-mobile-header-display":"","site-post-title":"","ast-breadcrumbs-content":"","ast-featured-img":"","footer-sml-layout":"","ast-disable-related-posts":"","theme-transparent-header-meta":"default","adv-header-id-meta":"","stick-header-meta":"","header-above-stick-meta":"","header-main-stick-meta":"","header-below-stick-meta":"","astra-migrate-meta-layouts":"default","ast-page-background-enabled":"default","ast-page-background-meta":{"desktop":{"background-color":"var(--ast-global-color-4)","background-image":"","background-repeat":"repeat","background-position":"center center","background-size":"auto","background-attachment":"scroll","background-type":"","background-media":"","overlay-type":"","overlay-color":"","overlay-opacity":"","overlay-gradient":""},"tablet":{"background-color":"","background-image":"","background-repeat":"repeat","background-position":"center center","background-size":"auto","background-attachment":"scroll","background-type":"","background-media":"","overlay-type":"","overlay-color":"","overlay-opacity":"","overlay-gradient":""},"mobile":{"background-color":"","background-image":"","background-repeat":"repeat","background-position":"center center","background-size":"auto","background-attachment":"scroll","background-type":"","background-media":"","overlay-type":"","overlay-color":"","overlay-opacity":"","overlay-gradient":""}},"ast-content-background-meta":{"desktop":{"background-color":"var(--ast-global-color-5)","background-image":"","background-repeat":"repeat","background-position":"center center","background-size":"auto","background-attachment":"scroll","background-type":"","background-media":"","overlay-type":"","overlay-color":"","overlay-opacity":"","overlay-gradient":""},"tablet":{"background-color":"var(--ast-global-color-5)","background-image":"","background-repeat":"repeat","background-position":"center center","background-size":"auto","background-attachment":"scroll","background-type":"","background-media":"","overlay-type":"","overlay-color":"","overlay-opacity":"","overlay-gradient":""},"mobile":{"background-color":"var(--ast-global-color-5)","background-image":"","background-repeat":"repeat","background-position":"center center","background-size":"auto","background-attachment":"scroll","background-type":"","background-media":"","overlay-type":"","overlay-color":"","overlay-opacity":"","overlay-gradient":""}}},"product_brand":[1204],"product_cat":[41],"product_tag":[],"class_list":{"0":"post-19800","1":"product","2":"type-product","3":"status-publish","4":"has-post-thumbnail","6":"product_brand-pringles","7":"product_cat-conservas-de-carne","8":"desktop-align-left","9":"tablet-align-left","10":"mobile-align-left","12":"first","13":"outofstock","14":"taxable","15":"shipping-taxable","16":"purchasable","17":"product-type-simple"},"_links":{"self":[{"href":"https:\/\/andalubox.com\/de\/wp-json\/wp\/v2\/product\/19800","targetHints":{"allow":["GET"]}}],"collection":[{"href":"https:\/\/andalubox.com\/de\/wp-json\/wp\/v2\/product"}],"about":[{"href":"https:\/\/andalubox.com\/de\/wp-json\/wp\/v2\/types\/product"}],"replies":[{"embeddable":true,"href":"https:\/\/andalubox.com\/de\/wp-json\/wp\/v2\/comments?post=19800"}],"wp:featuredmedia":[{"embeddable":true,"href":"https:\/\/andalubox.com\/de\/wp-json\/wp\/v2\/media\/19794"}],"wp:attachment":[{"href":"https:\/\/andalubox.com\/de\/wp-json\/wp\/v2\/media?parent=19800"}],"wp:term":[{"taxonomy":"product_brand","embeddable":true,"href":"https:\/\/andalubox.com\/de\/wp-json\/wp\/v2\/product_brand?post=19800"},{"taxonomy":"product_cat","embeddable":true,"href":"https:\/\/andalubox.com\/de\/wp-json\/wp\/v2\/product_cat?post=19800"},{"taxonomy":"product_tag","embeddable":true,"href":"https:\/\/andalubox.com\/de\/wp-json\/wp\/v2\/product_tag?post=19800"}],"curies":[{"name":"wp","href":"https:\/\/api.w.org\/{rel}","templated":true}]}}