{"id":19777,"date":"2025-04-15T10:21:38","date_gmt":"2025-04-15T08:21:38","guid":{"rendered":"https:\/\/andalubox.com\/producto-andaluz\/bang-bang-popcorn-schokolade-import-85g\/"},"modified":"2026-01-27T12:40:36","modified_gmt":"2026-01-27T11:40:36","slug":"bang-bang-popcorn-schokolade-import-85g","status":"publish","type":"product","link":"https:\/\/andalubox.com\/de\/producto-andaluz\/bang-bang-popcorn-schokolade-import-85g\/","title":{"rendered":"Bang Bang Schokoladen-Popcorn (importiert), 85g"},"content":{"rendered":"<p><strong>Bang Bang Schokoladen-Popcorn (importiert), 85g<\/strong><\/p>\n<p><strong>Zutaten<\/strong>: Mais, Zucker, Dextrose, Glukosesirup, dunkle Schokoladenmasse (8%), Kakaopulver, Emulgator: Sojalecithin, nat\u00fcrliche Vanille, gesalzene Butter (Milch, Salz), Palm\u00f6l, Salz, Backtriebmittel: Natriumcarbonate, Aroma, Farbstoff: nat\u00fcrliches Karamell.<\/p>\n<p>Diese aufregenden, knusprigen Popcorns bieten Ihnen die perfekte Mischung aus leichter, luftiger Textur und intensivem Schokoladengeschmack.<\/p>\n<hr>\n<p>&nbsp;<\/p>\n<h3>Bang Bang Schokoladen-Popcorn (importiert), 85g<\/h3>\n<p>&nbsp;<\/p>\n<p>Bang Bang Popcorn <b>mit Schokoladengeschmack<\/b> ist eine importierte Sorte, die sich durch ihren Fokus auf unkonventionelle Geschmacksrichtungen f\u00fcr diese Art von Snack auszeichnet. Im Gegensatz zu traditionellem s\u00fc\u00dfem Popcorn liegt der Schwerpunkt bei dieser Version auf der Intensit\u00e4t der Schokolade. <\/p>\n<h4>Eigenschaften und Geschmacksprofil<\/h4>\n<p>Der Geschmack dieses Popcorns ist \u00fcberwiegend s\u00fc\u00df, mit einem tiefen, reichen Schokoladengeschmack. Es ist eine Kombination, die Sie an Schokoladenkekse oder ein Schokoladendessert erinnern kann, aber mit der leichten und knusprigen Textur von Popcorn. Das Bang Bang Popcorn wird mit Hei\u00dfluft hergestellt, was es sehr leicht und fluffig macht. Die Verpackung ist ein <b>85-Gramm-Beutel<\/b>, ideal f\u00fcr den individuellen Verzehr oder zum Teilen.   <\/p>","protected":false},"excerpt":{"rendered":"<p>Bang Bang Schokoladen-Popcorn (importiert), 85g Zutaten: Mais, Zucker, Dextrose, Glukosesirup, dunkle Schokoladenmasse (8%), Kakaopulver, Emulgator: Sojalecithin, nat\u00fcrliche Vanille, gesalzene Butter (Milch, Salz), Palm\u00f6l, Salz, Backtriebmittel: Natriumcarbonate, Aroma, Farbstoff: nat\u00fcrliches Karamell. Diese aufregenden, knusprigen Popcorns bieten Ihnen die perfekte Mischung aus leichter, luftiger Textur und intensivem Schokoladengeschmack. &nbsp; Bang Bang Schokoladen-Popcorn (importiert), 85g &nbsp; Bang Bang [&hellip;]<\/p>\n","protected":false},"featured_media":19770,"template":"","meta":{"site-sidebar-layout":"default","site-content-layout":"","ast-site-content-layout":"default","site-content-style":"default","site-sidebar-style":"default","ast-global-header-display":"","ast-banner-title-visibility":"","ast-main-header-display":"","ast-hfb-above-header-display":"","ast-hfb-below-header-display":"","ast-hfb-mobile-header-display":"","site-post-title":"","ast-breadcrumbs-content":"","ast-featured-img":"","footer-sml-layout":"","ast-disable-related-posts":"","theme-transparent-header-meta":"default","adv-header-id-meta":"","stick-header-meta":"","header-above-stick-meta":"","header-main-stick-meta":"","header-below-stick-meta":"","astra-migrate-meta-layouts":"default","ast-page-background-enabled":"default","ast-page-background-meta":{"desktop":{"background-color":"var(--ast-global-color-4)","background-image":"","background-repeat":"repeat","background-position":"center center","background-size":"auto","background-attachment":"scroll","background-type":"","background-media":"","overlay-type":"","overlay-color":"","overlay-opacity":"","overlay-gradient":""},"tablet":{"background-color":"","background-image":"","background-repeat":"repeat","background-position":"center center","background-size":"auto","background-attachment":"scroll","background-type":"","background-media":"","overlay-type":"","overlay-color":"","overlay-opacity":"","overlay-gradient":""},"mobile":{"background-color":"","background-image":"","background-repeat":"repeat","background-position":"center center","background-size":"auto","background-attachment":"scroll","background-type":"","background-media":"","overlay-type":"","overlay-color":"","overlay-opacity":"","overlay-gradient":""}},"ast-content-background-meta":{"desktop":{"background-color":"var(--ast-global-color-5)","background-image":"","background-repeat":"repeat","background-position":"center center","background-size":"auto","background-attachment":"scroll","background-type":"","background-media":"","overlay-type":"","overlay-color":"","overlay-opacity":"","overlay-gradient":""},"tablet":{"background-color":"var(--ast-global-color-5)","background-image":"","background-repeat":"repeat","background-position":"center center","background-size":"auto","background-attachment":"scroll","background-type":"","background-media":"","overlay-type":"","overlay-color":"","overlay-opacity":"","overlay-gradient":""},"mobile":{"background-color":"var(--ast-global-color-5)","background-image":"","background-repeat":"repeat","background-position":"center center","background-size":"auto","background-attachment":"scroll","background-type":"","background-media":"","overlay-type":"","overlay-color":"","overlay-opacity":"","overlay-gradient":""}}},"product_brand":[1330],"product_cat":[41],"product_tag":[],"class_list":{"0":"post-19777","1":"product","2":"type-product","3":"status-publish","4":"has-post-thumbnail","6":"product_brand-bang-bang","7":"product_cat-conservas-de-carne","8":"desktop-align-left","9":"tablet-align-left","10":"mobile-align-left","12":"first","13":"outofstock","14":"taxable","15":"shipping-taxable","16":"purchasable","17":"product-type-simple"},"_links":{"self":[{"href":"https:\/\/andalubox.com\/de\/wp-json\/wp\/v2\/product\/19777","targetHints":{"allow":["GET"]}}],"collection":[{"href":"https:\/\/andalubox.com\/de\/wp-json\/wp\/v2\/product"}],"about":[{"href":"https:\/\/andalubox.com\/de\/wp-json\/wp\/v2\/types\/product"}],"wp:featuredmedia":[{"embeddable":true,"href":"https:\/\/andalubox.com\/de\/wp-json\/wp\/v2\/media\/19770"}],"wp:attachment":[{"href":"https:\/\/andalubox.com\/de\/wp-json\/wp\/v2\/media?parent=19777"}],"wp:term":[{"taxonomy":"product_brand","embeddable":true,"href":"https:\/\/andalubox.com\/de\/wp-json\/wp\/v2\/product_brand?post=19777"},{"taxonomy":"product_cat","embeddable":true,"href":"https:\/\/andalubox.com\/de\/wp-json\/wp\/v2\/product_cat?post=19777"},{"taxonomy":"product_tag","embeddable":true,"href":"https:\/\/andalubox.com\/de\/wp-json\/wp\/v2\/product_tag?post=19777"}],"curies":[{"name":"wp","href":"https:\/\/api.w.org\/{rel}","templated":true}]}}