{"id":19711,"date":"2025-04-14T13:03:09","date_gmt":"2025-04-14T11:03:09","guid":{"rendered":"https:\/\/andalubox.com\/producto-andaluz\/tyrrells-kartoffeln-meersalz-und-apfelessig-import-150g\/"},"modified":"2026-01-27T12:40:46","modified_gmt":"2026-01-27T11:40:46","slug":"tyrrells-kartoffeln-meersalz-und-apfelessig-import-150g","status":"publish","type":"product","link":"https:\/\/andalubox.com\/de\/producto-andaluz\/tyrrells-kartoffeln-meersalz-und-apfelessig-import-150g\/","title":{"rendered":"Tyrrells Meersalz &amp; Apfelessig aromatisierte Chips (Importiert), 150g"},"content":{"rendered":"<p><strong>Tyrrells Meersalz &amp; Apfelessig aromatisierte Chips (Importiert), 150g<\/strong><\/p>\n<p><strong>Zutaten<\/strong><br>Kartoffeln, Sonnenblumen\u00f6l, Meersalz, Zucker, dehydrierter Apfelessig, dehydrierter Branntweinessig, nat\u00fcrliches Aroma, dehydrierter Gerstenmalzessig, Kartoffelst\u00e4rke, Kartoffelmaltodextrin, Apfelsaftpulver, Antioxidationsmittel (Rosmarinextrakt).<\/p>\n<p><strong>N\u00e4hrwertangaben pro 100g:<\/strong> Energie 1958kj, 469kcal; Fett 26g; Ges\u00e4ttigtes Fett 2,6g; Kohlenhydrate 50g; C. Zucker: 3,8g; Ballaststoffe: 5,4g; Eiwei\u00df 6,9g; Salz 1,3g<\/p>\n<p>Tyrrells Chips sind bekannt f\u00fcr ihre Qualit\u00e4t und die handwerkliche Zubereitung, die ihnen eine einzigartige knusprige Textur verleiht. Diese besondere Geschmacksrichtung ist ein Klassiker der Marke, der die Intensit\u00e4t von <b>Apfelessig<\/b> mit der salzigen Note von <b>Meersalz<\/b> kombiniert. Sie sind wegen ihres kr\u00e4ftigen Geschmacks und ihrer unverwechselbaren Textur ein beliebter Snack.  <\/p>\n<h3>Zutaten und Allergene<\/h3>\n<p><b>Zutaten:<\/b> Kartoffeln, Sonnenblumen\u00f6l, Kartoffelmaltodextrin, Meersalz, Kartoffelst\u00e4rke, dehydrierter Apfelessig, dehydrierter Branntweinessig, Zucker, nat\u00fcrliches Aroma, dehydrierter Malzessig (Gerste), Apfelpulver, Antioxidationsmittel (Rosmarinextrakt).<\/p>\n<p><b>Allergene:<\/b><\/p>\n<ul>\n\t<li>\n<p>Enth\u00e4lt <b>Gerste<\/b> (Gluten).<\/p>\n<\/li>\n\t<li>\n<p>Kann Spuren von <b>Milch<\/b> enthalten.<\/p>\n<\/li>\n<\/ul>\n<h3>N\u00e4hrwertangaben (pro 100g)<\/h3>\n<p>Nachstehend finden Sie den durchschnittlichen N\u00e4hrwert pro 100 Gramm. Bitte beachten Sie, dass die Werte je nach Produktionscharge leicht variieren k\u00f6nnen. <\/p>\n<h3>Andere Informationen von Interesse<\/h3>\n<ul>\n\t<li>\n<p><b>Herkunft:<\/b> Vereinigtes K\u00f6nigreich.<\/p>\n<\/li>\n\t<li>\n<p><b>Lagerung:<\/b> Es wird empfohlen, sie an einem k\u00fchlen, trockenen Ort zu lagern, damit sie frisch und knackig bleiben.<\/p>\n<\/li>\n\t<li>\n<p><b>Eigenschaften:<\/b> F\u00fcr Vegetarier geeignet. Enth\u00e4lt keine k\u00fcnstlichen Zutaten, keine k\u00fcnstlichen Farbstoffe und kein MSG. <\/p>\n<\/li>\n<\/ul>","protected":false},"excerpt":{"rendered":"<p>Tyrrells Meersalz &amp; Apfelessig aromatisierte Chips (Importiert), 150g europaweit<\/p>\n","protected":false},"featured_media":30763,"comment_status":"open","ping_status":"closed","template":"","meta":{"site-sidebar-layout":"default","site-content-layout":"","ast-site-content-layout":"default","site-content-style":"default","site-sidebar-style":"default","ast-global-header-display":"","ast-banner-title-visibility":"","ast-main-header-display":"","ast-hfb-above-header-display":"","ast-hfb-below-header-display":"","ast-hfb-mobile-header-display":"","site-post-title":"","ast-breadcrumbs-content":"","ast-featured-img":"","footer-sml-layout":"","ast-disable-related-posts":"","theme-transparent-header-meta":"default","adv-header-id-meta":"","stick-header-meta":"","header-above-stick-meta":"","header-main-stick-meta":"","header-below-stick-meta":"","astra-migrate-meta-layouts":"default","ast-page-background-enabled":"default","ast-page-background-meta":{"desktop":{"background-color":"var(--ast-global-color-4)","background-image":"","background-repeat":"repeat","background-position":"center center","background-size":"auto","background-attachment":"scroll","background-type":"","background-media":"","overlay-type":"","overlay-color":"","overlay-opacity":"","overlay-gradient":""},"tablet":{"background-color":"","background-image":"","background-repeat":"repeat","background-position":"center center","background-size":"auto","background-attachment":"scroll","background-type":"","background-media":"","overlay-type":"","overlay-color":"","overlay-opacity":"","overlay-gradient":""},"mobile":{"background-color":"","background-image":"","background-repeat":"repeat","background-position":"center center","background-size":"auto","background-attachment":"scroll","background-type":"","background-media":"","overlay-type":"","overlay-color":"","overlay-opacity":"","overlay-gradient":""}},"ast-content-background-meta":{"desktop":{"background-color":"var(--ast-global-color-5)","background-image":"","background-repeat":"repeat","background-position":"center center","background-size":"auto","background-attachment":"scroll","background-type":"","background-media":"","overlay-type":"","overlay-color":"","overlay-opacity":"","overlay-gradient":""},"tablet":{"background-color":"var(--ast-global-color-5)","background-image":"","background-repeat":"repeat","background-position":"center center","background-size":"auto","background-attachment":"scroll","background-type":"","background-media":"","overlay-type":"","overlay-color":"","overlay-opacity":"","overlay-gradient":""},"mobile":{"background-color":"var(--ast-global-color-5)","background-image":"","background-repeat":"repeat","background-position":"center center","background-size":"auto","background-attachment":"scroll","background-type":"","background-media":"","overlay-type":"","overlay-color":"","overlay-opacity":"","overlay-gradient":""}}},"product_brand":[1347],"product_cat":[41],"product_tag":[],"class_list":{"0":"post-19711","1":"product","2":"type-product","3":"status-publish","4":"has-post-thumbnail","6":"product_brand-tyrrells","7":"product_cat-conservas-de-carne","8":"desktop-align-left","9":"tablet-align-left","10":"mobile-align-left","12":"first","13":"instock","14":"taxable","15":"shipping-taxable","16":"purchasable","17":"product-type-simple"},"_links":{"self":[{"href":"https:\/\/andalubox.com\/de\/wp-json\/wp\/v2\/product\/19711","targetHints":{"allow":["GET"]}}],"collection":[{"href":"https:\/\/andalubox.com\/de\/wp-json\/wp\/v2\/product"}],"about":[{"href":"https:\/\/andalubox.com\/de\/wp-json\/wp\/v2\/types\/product"}],"replies":[{"embeddable":true,"href":"https:\/\/andalubox.com\/de\/wp-json\/wp\/v2\/comments?post=19711"}],"wp:featuredmedia":[{"embeddable":true,"href":"https:\/\/andalubox.com\/de\/wp-json\/wp\/v2\/media\/30763"}],"wp:attachment":[{"href":"https:\/\/andalubox.com\/de\/wp-json\/wp\/v2\/media?parent=19711"}],"wp:term":[{"taxonomy":"product_brand","embeddable":true,"href":"https:\/\/andalubox.com\/de\/wp-json\/wp\/v2\/product_brand?post=19711"},{"taxonomy":"product_cat","embeddable":true,"href":"https:\/\/andalubox.com\/de\/wp-json\/wp\/v2\/product_cat?post=19711"},{"taxonomy":"product_tag","embeddable":true,"href":"https:\/\/andalubox.com\/de\/wp-json\/wp\/v2\/product_tag?post=19711"}],"curies":[{"name":"wp","href":"https:\/\/api.w.org\/{rel}","templated":true}]}}