{"id":19529,"date":"2025-04-09T12:45:27","date_gmt":"2025-04-09T10:45:27","guid":{"rendered":"https:\/\/andalubox.com\/producto-andaluz\/fanta-tutti-fruti-importe-null-zucker-250ml\/"},"modified":"2025-09-22T16:05:04","modified_gmt":"2025-09-22T14:05:04","slug":"fanta-tutti-fruti-importe-null-zucker-250ml","status":"publish","type":"product","link":"https:\/\/andalubox.com\/de\/producto-andaluz\/fanta-tutti-fruti-importe-null-zucker-250ml\/","title":{"rendered":"Fanta Tutti Fruti Importe Null Zucker 250ml"},"content":{"rendered":"<p>Fanta Tutti Fruti Importe Null Zucker 250ml<\/p>\n<p><b>Fanta Tutti Frutti Zero Sugar<\/b> 250 ml ist eine Sonderedition von Fanta, die vor allem in Importm\u00e4rkten zu finden ist. Ihr &#8220;Tutti Frutti&#8221;-Geschmack ist eine Mischung aus verschiedenen Fr\u00fcchten, oft mit Noten von <b>Banane, Pfirsich und Apfel<\/b>, und bietet ein unverwechselbares, s\u00fc\u00dfes Geschmacksprofil. <\/p>\n<p>Dieses Erfrischungsgetr\u00e4nk wird als zucker- und kalorienfreie Option vermarktet und bietet eine Alternative f\u00fcr alle, die fruchtige Aromen ohne die Kalorienlast zuckerhaltiger Getr\u00e4nke genie\u00dfen m\u00f6chten.<\/p>\n<p>&nbsp;<\/p>\n<h3>Produktmerkmale<\/h3>\n<p>&nbsp;<\/p>\n<ul>\n\t<li>\n<p><b>Geschmack:<\/b> Tutti Frutti, eine Kombination aus s\u00fc\u00dfen Fruchtaromen.<\/p>\n<\/li>\n\t<li>\n<p><b>Format:<\/b> 250 ml d\u00fcnne Dose.<\/p>\n<\/li>\n\t<li>\n<p><b>Zuckerfrei:<\/b> Ges\u00fc\u00dft mit S\u00fc\u00dfungsmitteln wie Acesulfam K und Sucralose.<\/p>\n<\/li>\n\t<li>\n<p><b>Kalorienfrei:<\/b> Da er keinen Zucker enth\u00e4lt, hat er auch keine Kalorien.<\/p>\n<\/li>\n\t<li>\n<p><b>Herkunft:<\/b> Wird in europ\u00e4ischen L\u00e4ndern wie den Niederlanden hergestellt und oft als limitierte Auflage verkauft.<\/p>\n<\/li>\n<\/ul>\n<p>&nbsp;<\/p>\n<h3>N\u00e4hrwertangaben (pro 100 ml)<\/h3>\n<p>&nbsp;<\/p>\n<ul>\n\t<li>\n<p><b>Energie:<\/b> 3 kJ \/ 1 kcal.<\/p>\n<\/li>\n\t<li>\n<p><b>Fett:<\/b> 0 g.<\/p>\n<\/li>\n\t<li>\n<p><b>Kohlenhydrate:<\/b> 0 g.<\/p>\n<\/li>\n\t<li>\n<p><b>Zucker:<\/b> 0 g.<\/p>\n<\/li>\n\t<li>\n<p><b>Eiwei\u00df:<\/b> 0 g.<\/p>\n<\/li>\n\t<li>\n<p><b>Salz:<\/b> 0 g.<\/p>\n<\/li>\n<\/ul>","protected":false},"excerpt":{"rendered":"<p>Fanta Tutti Fruti Imported Zero Sugar 250ml jetzt in ganz Europa erh\u00e4ltlich<\/p>\n","protected":false},"featured_media":19523,"comment_status":"open","ping_status":"closed","template":"","meta":{"site-sidebar-layout":"default","site-content-layout":"","ast-site-content-layout":"default","site-content-style":"default","site-sidebar-style":"default","ast-global-header-display":"","ast-banner-title-visibility":"","ast-main-header-display":"","ast-hfb-above-header-display":"","ast-hfb-below-header-display":"","ast-hfb-mobile-header-display":"","site-post-title":"","ast-breadcrumbs-content":"","ast-featured-img":"","footer-sml-layout":"","ast-disable-related-posts":"","theme-transparent-header-meta":"default","adv-header-id-meta":"","stick-header-meta":"","header-above-stick-meta":"","header-main-stick-meta":"","header-below-stick-meta":"","astra-migrate-meta-layouts":"default","ast-page-background-enabled":"default","ast-page-background-meta":{"desktop":{"background-color":"var(--ast-global-color-4)","background-image":"","background-repeat":"repeat","background-position":"center center","background-size":"auto","background-attachment":"scroll","background-type":"","background-media":"","overlay-type":"","overlay-color":"","overlay-opacity":"","overlay-gradient":""},"tablet":{"background-color":"","background-image":"","background-repeat":"repeat","background-position":"center center","background-size":"auto","background-attachment":"scroll","background-type":"","background-media":"","overlay-type":"","overlay-color":"","overlay-opacity":"","overlay-gradient":""},"mobile":{"background-color":"","background-image":"","background-repeat":"repeat","background-position":"center center","background-size":"auto","background-attachment":"scroll","background-type":"","background-media":"","overlay-type":"","overlay-color":"","overlay-opacity":"","overlay-gradient":""}},"ast-content-background-meta":{"desktop":{"background-color":"var(--ast-global-color-5)","background-image":"","background-repeat":"repeat","background-position":"center center","background-size":"auto","background-attachment":"scroll","background-type":"","background-media":"","overlay-type":"","overlay-color":"","overlay-opacity":"","overlay-gradient":""},"tablet":{"background-color":"var(--ast-global-color-5)","background-image":"","background-repeat":"repeat","background-position":"center center","background-size":"auto","background-attachment":"scroll","background-type":"","background-media":"","overlay-type":"","overlay-color":"","overlay-opacity":"","overlay-gradient":""},"mobile":{"background-color":"var(--ast-global-color-5)","background-image":"","background-repeat":"repeat","background-position":"center center","background-size":"auto","background-attachment":"scroll","background-type":"","background-media":"","overlay-type":"","overlay-color":"","overlay-opacity":"","overlay-gradient":""}}},"product_brand":[1343],"product_cat":[423],"product_tag":[],"class_list":{"0":"post-19529","1":"product","2":"type-product","3":"status-publish","4":"has-post-thumbnail","6":"product_brand-fanta","7":"product_cat-erfrischungsgetranke","8":"desktop-align-left","9":"tablet-align-left","10":"mobile-align-left","12":"first","13":"instock","14":"taxable","15":"shipping-taxable","16":"purchasable","17":"product-type-simple"},"_links":{"self":[{"href":"https:\/\/andalubox.com\/de\/wp-json\/wp\/v2\/product\/19529","targetHints":{"allow":["GET"]}}],"collection":[{"href":"https:\/\/andalubox.com\/de\/wp-json\/wp\/v2\/product"}],"about":[{"href":"https:\/\/andalubox.com\/de\/wp-json\/wp\/v2\/types\/product"}],"replies":[{"embeddable":true,"href":"https:\/\/andalubox.com\/de\/wp-json\/wp\/v2\/comments?post=19529"}],"wp:featuredmedia":[{"embeddable":true,"href":"https:\/\/andalubox.com\/de\/wp-json\/wp\/v2\/media\/19523"}],"wp:attachment":[{"href":"https:\/\/andalubox.com\/de\/wp-json\/wp\/v2\/media?parent=19529"}],"wp:term":[{"taxonomy":"product_brand","embeddable":true,"href":"https:\/\/andalubox.com\/de\/wp-json\/wp\/v2\/product_brand?post=19529"},{"taxonomy":"product_cat","embeddable":true,"href":"https:\/\/andalubox.com\/de\/wp-json\/wp\/v2\/product_cat?post=19529"},{"taxonomy":"product_tag","embeddable":true,"href":"https:\/\/andalubox.com\/de\/wp-json\/wp\/v2\/product_tag?post=19529"}],"curies":[{"name":"wp","href":"https:\/\/api.w.org\/{rel}","templated":true}]}}