{"id":18649,"date":"2025-02-26T12:44:49","date_gmt":"2025-02-26T11:44:49","guid":{"rendered":"https:\/\/andalubox.com\/producto-andaluz\/johnnie-walker-limited-edition-ruby-1l\/"},"modified":"2025-09-23T09:37:56","modified_gmt":"2025-09-23T07:37:56","slug":"johnnie-walker-limited-edition-ruby-1l","status":"publish","type":"product","link":"https:\/\/andalubox.com\/de\/producto-andaluz\/johnnie-walker-limited-edition-ruby-1l\/","title":{"rendered":"Johnnie Walker Limited Edition Black Ruby 1L"},"content":{"rendered":"<p data-start=\"363\" data-end=\"631\">Johnnie Walker Limited Edition Black Ruby 1L <\/p>\n<p data-start=\"363\" data-end=\"631\"><strong data-start=\"366\" data-end=\"395\">Johnnie Walker Black Ruby<\/strong> ist eine Sonderedition, die die charakteristische Eleganz der Marke mit einem besonderen Twist unterstreicht. Sein aromatisches Profil kombiniert <strong data-start=\"525\" data-end=\"580\">reife Fr\u00fcchte, warme Gew\u00fcrze und eine subtile Rauchnote<\/strong>, die ein harmonisches und raffiniertes Gleichgewicht ergibt. <\/p>\n<p data-start=\"633\" data-end=\"936\" data-is-last-node=\"\" data-is-only-node=\"\">Mit einer seidigen Textur und einem lang anhaltenden Abgang bietet dieser Whisky ein einzigartiges sensorisches Erlebnis, perfekt f\u00fcr alle, die einen <strong data-start=\"764\" data-end=\"799\">Blended Whisky mit Charakter und Geschmeidigkeit<\/strong> suchen. Ob pur, auf Eis oder in kreativen Mischungen, Black Ruby ist eine sichere Sache f\u00fcr Liebhaber von Premium-Whisky. <\/p>","protected":false},"excerpt":{"rendered":"<p>Johnnie Walker Black Ruby ist ein Blended Scotch Whisky mit einem lebendigen, reichen und weichen Profil. Mit fruchtigen und w\u00fcrzigen Noten bietet er eine au\u00dfergew\u00f6hnliche Balance aus S\u00fc\u00dfe und Tiefe, ideal f\u00fcr den puren Genuss oder f\u00fcr raffinierte Cocktails. <\/p>\n","protected":false},"featured_media":18646,"comment_status":"open","ping_status":"closed","template":"","meta":{"site-sidebar-layout":"default","site-content-layout":"","ast-site-content-layout":"default","site-content-style":"default","site-sidebar-style":"default","ast-global-header-display":"","ast-banner-title-visibility":"","ast-main-header-display":"","ast-hfb-above-header-display":"","ast-hfb-below-header-display":"","ast-hfb-mobile-header-display":"","site-post-title":"","ast-breadcrumbs-content":"","ast-featured-img":"","footer-sml-layout":"","ast-disable-related-posts":"","theme-transparent-header-meta":"default","adv-header-id-meta":"","stick-header-meta":"","header-above-stick-meta":"","header-main-stick-meta":"","header-below-stick-meta":"","astra-migrate-meta-layouts":"default","ast-page-background-enabled":"default","ast-page-background-meta":{"desktop":{"background-color":"var(--ast-global-color-4)","background-image":"","background-repeat":"repeat","background-position":"center center","background-size":"auto","background-attachment":"scroll","background-type":"","background-media":"","overlay-type":"","overlay-color":"","overlay-opacity":"","overlay-gradient":""},"tablet":{"background-color":"","background-image":"","background-repeat":"repeat","background-position":"center center","background-size":"auto","background-attachment":"scroll","background-type":"","background-media":"","overlay-type":"","overlay-color":"","overlay-opacity":"","overlay-gradient":""},"mobile":{"background-color":"","background-image":"","background-repeat":"repeat","background-position":"center center","background-size":"auto","background-attachment":"scroll","background-type":"","background-media":"","overlay-type":"","overlay-color":"","overlay-opacity":"","overlay-gradient":""}},"ast-content-background-meta":{"desktop":{"background-color":"var(--ast-global-color-5)","background-image":"","background-repeat":"repeat","background-position":"center center","background-size":"auto","background-attachment":"scroll","background-type":"","background-media":"","overlay-type":"","overlay-color":"","overlay-opacity":"","overlay-gradient":""},"tablet":{"background-color":"var(--ast-global-color-5)","background-image":"","background-repeat":"repeat","background-position":"center center","background-size":"auto","background-attachment":"scroll","background-type":"","background-media":"","overlay-type":"","overlay-color":"","overlay-opacity":"","overlay-gradient":""},"mobile":{"background-color":"var(--ast-global-color-5)","background-image":"","background-repeat":"repeat","background-position":"center center","background-size":"auto","background-attachment":"scroll","background-type":"","background-media":"","overlay-type":"","overlay-color":"","overlay-opacity":"","overlay-gradient":""}}},"product_brand":[],"product_cat":[418,1668],"product_tag":[],"class_list":{"0":"post-18649","1":"product","2":"type-product","3":"status-publish","4":"has-post-thumbnail","6":"product_cat-andalubox-exklusiv","7":"product_cat-whisky-de","8":"desktop-align-left","9":"tablet-align-left","10":"mobile-align-left","12":"first","13":"outofstock","14":"taxable","15":"shipping-taxable","16":"purchasable","17":"product-type-simple"},"_links":{"self":[{"href":"https:\/\/andalubox.com\/de\/wp-json\/wp\/v2\/product\/18649","targetHints":{"allow":["GET"]}}],"collection":[{"href":"https:\/\/andalubox.com\/de\/wp-json\/wp\/v2\/product"}],"about":[{"href":"https:\/\/andalubox.com\/de\/wp-json\/wp\/v2\/types\/product"}],"replies":[{"embeddable":true,"href":"https:\/\/andalubox.com\/de\/wp-json\/wp\/v2\/comments?post=18649"}],"wp:featuredmedia":[{"embeddable":true,"href":"https:\/\/andalubox.com\/de\/wp-json\/wp\/v2\/media\/18646"}],"wp:attachment":[{"href":"https:\/\/andalubox.com\/de\/wp-json\/wp\/v2\/media?parent=18649"}],"wp:term":[{"taxonomy":"product_brand","embeddable":true,"href":"https:\/\/andalubox.com\/de\/wp-json\/wp\/v2\/product_brand?post=18649"},{"taxonomy":"product_cat","embeddable":true,"href":"https:\/\/andalubox.com\/de\/wp-json\/wp\/v2\/product_cat?post=18649"},{"taxonomy":"product_tag","embeddable":true,"href":"https:\/\/andalubox.com\/de\/wp-json\/wp\/v2\/product_tag?post=18649"}],"curies":[{"name":"wp","href":"https:\/\/api.w.org\/{rel}","templated":true}]}}