{"id":18325,"date":"2025-02-19T17:12:28","date_gmt":"2025-02-19T16:12:28","guid":{"rendered":"https:\/\/andalubox.com\/producto-andaluz\/lustau-palo-cortado-peninsula-dop-sherry-sherry-75-cl\/"},"modified":"2025-07-30T23:29:31","modified_gmt":"2025-07-30T21:29:31","slug":"lustau-palo-cortado-peninsula-dop-sherry-sherry-75-cl","status":"publish","type":"product","link":"https:\/\/andalubox.com\/de\/producto-andaluz\/lustau-palo-cortado-peninsula-dop-sherry-sherry-75-cl\/","title":{"rendered":"Lustau Pen\u00ednsula Palo Cortado Sherry 75 cl"},"content":{"rendered":"<p data-start=\"29\" data-end=\"393\">Lustau Pen\u00ednsula Palo Cortado Sherry 75 cl<\/p>\n<p data-start=\"29\" data-end=\"393\">Der Palo Cortado ist eine Weinsorte, die die Eigenschaften eines Amontillado und eines Oloroso vereint. Obwohl er mit einer biologischen Reifephase beginnt, ist seine oxidative Reifezeit deutlich l\u00e4nger, was ihm seinen unverwechselbaren Charakter verleiht. <\/p>\n<p data-start=\"29\" data-end=\"393\"><strong data-start=\"32\" data-end=\"65\">Lustau Palo Cortado Pen\u00ednsula<\/strong> ist ein au\u00dfergew\u00f6hnlicher Wein aus der <strong data-start=\"95\" data-end=\"140\">Herkunftsbezeichnung Jerez-X\u00e9r\u00e8s-Sherry<\/strong>, der das Beste aus zwei Welten in sich vereint: die <strong data-start=\"179\" data-end=\"220\">Finesse und Delikatesse eines Amontillado<\/strong>, zusammen mit dem <strong data-start=\"235\" data-end=\"269\">K\u00f6rper und der F\u00fclle eines Oloroso<\/strong>. Diese einzigartige Kombination macht ihn zu einem der r\u00e4tselhaftesten und am meisten gesch\u00e4tzten Weine in der Welt der Sherrys. <\/p>\n<p data-start=\"395\" data-end=\"746\">Er hat eine <strong data-start=\"407\" data-end=\"442\">intensive, helle Bernsteinfarbe<\/strong>, die seine aromatische Komplexit\u00e4t erahnen l\u00e4sst. In der Nase zeigt er eine Reihe von <strong data-start=\"517\" data-end=\"632\">Noten von getrockneten Fr\u00fcchten, ger\u00f6steten Haseln\u00fcssen, Vanille, s\u00fc\u00dfen Gew\u00fcrzen und subtilen Ankl\u00e4ngen von dunkler Schokolade und Kaffee<\/strong>, die auf seine lange Reifung in F\u00e4ssern aus amerikanischer Eiche nach dem traditionellen Solera- und Criaderas-System hinweisen. <\/p>","protected":false},"excerpt":{"rendered":"<p>Lustau Pen\u00ednsula Palo Cortado Sherry 75 cl f\u00fcr den Export in ganz Europa.<\/p>\n","protected":false},"featured_media":18256,"comment_status":"open","ping_status":"closed","template":"","meta":{"site-sidebar-layout":"default","site-content-layout":"","ast-site-content-layout":"default","site-content-style":"default","site-sidebar-style":"default","ast-global-header-display":"","ast-banner-title-visibility":"","ast-main-header-display":"","ast-hfb-above-header-display":"","ast-hfb-below-header-display":"","ast-hfb-mobile-header-display":"","site-post-title":"","ast-breadcrumbs-content":"","ast-featured-img":"","footer-sml-layout":"","ast-disable-related-posts":"","theme-transparent-header-meta":"default","adv-header-id-meta":"","stick-header-meta":"","header-above-stick-meta":"","header-main-stick-meta":"","header-below-stick-meta":"","astra-migrate-meta-layouts":"default","ast-page-background-enabled":"default","ast-page-background-meta":{"desktop":{"background-color":"var(--ast-global-color-4)","background-image":"","background-repeat":"repeat","background-position":"center center","background-size":"auto","background-attachment":"scroll","background-type":"","background-media":"","overlay-type":"","overlay-color":"","overlay-opacity":"","overlay-gradient":""},"tablet":{"background-color":"","background-image":"","background-repeat":"repeat","background-position":"center center","background-size":"auto","background-attachment":"scroll","background-type":"","background-media":"","overlay-type":"","overlay-color":"","overlay-opacity":"","overlay-gradient":""},"mobile":{"background-color":"","background-image":"","background-repeat":"repeat","background-position":"center center","background-size":"auto","background-attachment":"scroll","background-type":"","background-media":"","overlay-type":"","overlay-color":"","overlay-opacity":"","overlay-gradient":""}},"ast-content-background-meta":{"desktop":{"background-color":"var(--ast-global-color-5)","background-image":"","background-repeat":"repeat","background-position":"center center","background-size":"auto","background-attachment":"scroll","background-type":"","background-media":"","overlay-type":"","overlay-color":"","overlay-opacity":"","overlay-gradient":""},"tablet":{"background-color":"var(--ast-global-color-5)","background-image":"","background-repeat":"repeat","background-position":"center center","background-size":"auto","background-attachment":"scroll","background-type":"","background-media":"","overlay-type":"","overlay-color":"","overlay-opacity":"","overlay-gradient":""},"mobile":{"background-color":"var(--ast-global-color-5)","background-image":"","background-repeat":"repeat","background-position":"center center","background-size":"auto","background-attachment":"scroll","background-type":"","background-media":"","overlay-type":"","overlay-color":"","overlay-opacity":"","overlay-gradient":""}}},"product_brand":[1179],"product_cat":[15],"product_tag":[],"class_list":{"0":"post-18325","1":"product","2":"type-product","3":"status-publish","4":"has-post-thumbnail","6":"product_brand-lustau","7":"product_cat-sin-categorizar","8":"desktop-align-left","9":"tablet-align-left","10":"mobile-align-left","12":"first","13":"instock","14":"taxable","15":"shipping-taxable","16":"purchasable","17":"product-type-simple"},"_links":{"self":[{"href":"https:\/\/andalubox.com\/de\/wp-json\/wp\/v2\/product\/18325","targetHints":{"allow":["GET"]}}],"collection":[{"href":"https:\/\/andalubox.com\/de\/wp-json\/wp\/v2\/product"}],"about":[{"href":"https:\/\/andalubox.com\/de\/wp-json\/wp\/v2\/types\/product"}],"replies":[{"embeddable":true,"href":"https:\/\/andalubox.com\/de\/wp-json\/wp\/v2\/comments?post=18325"}],"wp:featuredmedia":[{"embeddable":true,"href":"https:\/\/andalubox.com\/de\/wp-json\/wp\/v2\/media\/18256"}],"wp:attachment":[{"href":"https:\/\/andalubox.com\/de\/wp-json\/wp\/v2\/media?parent=18325"}],"wp:term":[{"taxonomy":"product_brand","embeddable":true,"href":"https:\/\/andalubox.com\/de\/wp-json\/wp\/v2\/product_brand?post=18325"},{"taxonomy":"product_cat","embeddable":true,"href":"https:\/\/andalubox.com\/de\/wp-json\/wp\/v2\/product_cat?post=18325"},{"taxonomy":"product_tag","embeddable":true,"href":"https:\/\/andalubox.com\/de\/wp-json\/wp\/v2\/product_tag?post=18325"}],"curies":[{"name":"wp","href":"https:\/\/api.w.org\/{rel}","templated":true}]}}