{"id":18321,"date":"2025-02-19T17:24:17","date_gmt":"2025-02-19T16:24:17","guid":{"rendered":"https:\/\/andalubox.com\/producto-andaluz\/peninsula-vinedos-viejos-bergwein-75-cl\/"},"modified":"2025-09-02T21:16:06","modified_gmt":"2025-09-02T19:16:06","slug":"peninsula-vinedos-viejos-bergwein-75-cl","status":"publish","type":"product","link":"https:\/\/andalubox.com\/de\/producto-andaluz\/peninsula-vinedos-viejos-bergwein-75-cl\/","title":{"rendered":"Pen\u00ednsula Roter Bergwein 75cl"},"content":{"rendered":"<p data-start=\"128\" data-end=\"504\">Pen\u00ednsula Roter Bergwein 75cl<\/p>\n<p data-start=\"128\" data-end=\"504\">Der <strong data-start=\"131\" data-end=\"175\">Pen\u00ednsula Vi\u00f1edos Viejos Vino de Monta\u00f1a<\/strong> ist ein wahres \u00f6nologisches Juwel, hergestellt aus Garnacha-, Rufete- und Pi\u00f1uela-Trauben von jahrhundertealten Weinbergen in den beeindruckenden <strong data-start=\"321\" data-end=\"349\">Sierras de Gata und Gredos<\/strong>. Dieser Wein repr\u00e4sentiert die Essenz des Weinbaus in den Bergen, mit Reben, die auf Granitterrassen gepflanzt sind, was jeder Flasche einen einzigartigen Charakter verleiht. <\/p>\n<p data-start=\"506\" data-end=\"874\">Von leuchtend kirschroter Farbe mit violetten Reflexen, erinnert sein Aroma an eine Kombination aus frischen roten Fr\u00fcchten, wilden Gew\u00fcrzen und leichten mineralischen Noten, die den Granitboden widerspiegeln, auf dem seine Reben wachsen. Am Gaumen ist er lebhaft und ausdrucksstark, mit erfrischender S\u00e4ure, eleganten Tanninen und einem langen Abgang mit Ankl\u00e4ngen an aromatische Kr\u00e4uter und balsamische Noten. <\/p>","protected":false},"excerpt":{"rendered":"<p>Pen\u00ednsula Vino Tinto de Monta\u00f1a 75cl, exportiert nach ganz Europa.<\/p>\n","protected":false},"featured_media":18280,"comment_status":"open","ping_status":"closed","template":"","meta":{"site-sidebar-layout":"default","site-content-layout":"","ast-site-content-layout":"default","site-content-style":"default","site-sidebar-style":"default","ast-global-header-display":"","ast-banner-title-visibility":"","ast-main-header-display":"","ast-hfb-above-header-display":"","ast-hfb-below-header-display":"","ast-hfb-mobile-header-display":"","site-post-title":"","ast-breadcrumbs-content":"","ast-featured-img":"","footer-sml-layout":"","ast-disable-related-posts":"","theme-transparent-header-meta":"default","adv-header-id-meta":"","stick-header-meta":"","header-above-stick-meta":"","header-main-stick-meta":"","header-below-stick-meta":"","astra-migrate-meta-layouts":"default","ast-page-background-enabled":"default","ast-page-background-meta":{"desktop":{"background-color":"var(--ast-global-color-4)","background-image":"","background-repeat":"repeat","background-position":"center center","background-size":"auto","background-attachment":"scroll","background-type":"","background-media":"","overlay-type":"","overlay-color":"","overlay-opacity":"","overlay-gradient":""},"tablet":{"background-color":"","background-image":"","background-repeat":"repeat","background-position":"center center","background-size":"auto","background-attachment":"scroll","background-type":"","background-media":"","overlay-type":"","overlay-color":"","overlay-opacity":"","overlay-gradient":""},"mobile":{"background-color":"","background-image":"","background-repeat":"repeat","background-position":"center center","background-size":"auto","background-attachment":"scroll","background-type":"","background-media":"","overlay-type":"","overlay-color":"","overlay-opacity":"","overlay-gradient":""}},"ast-content-background-meta":{"desktop":{"background-color":"var(--ast-global-color-5)","background-image":"","background-repeat":"repeat","background-position":"center center","background-size":"auto","background-attachment":"scroll","background-type":"","background-media":"","overlay-type":"","overlay-color":"","overlay-opacity":"","overlay-gradient":""},"tablet":{"background-color":"var(--ast-global-color-5)","background-image":"","background-repeat":"repeat","background-position":"center center","background-size":"auto","background-attachment":"scroll","background-type":"","background-media":"","overlay-type":"","overlay-color":"","overlay-opacity":"","overlay-gradient":""},"mobile":{"background-color":"var(--ast-global-color-5)","background-image":"","background-repeat":"repeat","background-position":"center center","background-size":"auto","background-attachment":"scroll","background-type":"","background-media":"","overlay-type":"","overlay-color":"","overlay-opacity":"","overlay-gradient":""}}},"product_brand":[1349],"product_cat":[343],"product_tag":[],"class_list":{"0":"post-18321","1":"product","2":"type-product","3":"status-publish","4":"has-post-thumbnail","6":"product_brand-peninsula-vinicultores","7":"product_cat-rotwein","8":"desktop-align-left","9":"tablet-align-left","10":"mobile-align-left","12":"first","13":"instock","14":"taxable","15":"shipping-taxable","16":"purchasable","17":"product-type-simple"},"_links":{"self":[{"href":"https:\/\/andalubox.com\/de\/wp-json\/wp\/v2\/product\/18321","targetHints":{"allow":["GET"]}}],"collection":[{"href":"https:\/\/andalubox.com\/de\/wp-json\/wp\/v2\/product"}],"about":[{"href":"https:\/\/andalubox.com\/de\/wp-json\/wp\/v2\/types\/product"}],"replies":[{"embeddable":true,"href":"https:\/\/andalubox.com\/de\/wp-json\/wp\/v2\/comments?post=18321"}],"wp:featuredmedia":[{"embeddable":true,"href":"https:\/\/andalubox.com\/de\/wp-json\/wp\/v2\/media\/18280"}],"wp:attachment":[{"href":"https:\/\/andalubox.com\/de\/wp-json\/wp\/v2\/media?parent=18321"}],"wp:term":[{"taxonomy":"product_brand","embeddable":true,"href":"https:\/\/andalubox.com\/de\/wp-json\/wp\/v2\/product_brand?post=18321"},{"taxonomy":"product_cat","embeddable":true,"href":"https:\/\/andalubox.com\/de\/wp-json\/wp\/v2\/product_cat?post=18321"},{"taxonomy":"product_tag","embeddable":true,"href":"https:\/\/andalubox.com\/de\/wp-json\/wp\/v2\/product_tag?post=18321"}],"curies":[{"name":"wp","href":"https:\/\/api.w.org\/{rel}","templated":true}]}}