{"id":18314,"date":"2025-02-19T15:22:28","date_gmt":"2025-02-19T14:22:28","guid":{"rendered":"https:\/\/andalubox.com\/producto-andaluz\/novilunio-godello-75-cl\/"},"modified":"2025-09-17T10:33:17","modified_gmt":"2025-09-17T08:33:17","slug":"novilunio-godello-75-cl","status":"publish","type":"product","link":"https:\/\/andalubox.com\/de\/producto-andaluz\/novilunio-godello-75-cl\/","title":{"rendered":"Novilunio Wei\u00dfwein 100% Godello D.O.P. Valdeorras 75cl"},"content":{"rendered":"<p data-start=\"29\" data-end=\"388\"><strong data-start=\"29\" data-end=\"61\">Novilunio Wei\u00dfwein 100% Godello D.O.P. Valdeorras 75cl.<\/strong><\/p>\n<p data-start=\"29\" data-end=\"388\">Novilunio ist ein Wei\u00dfwein aus der <strong data-start=\"86\" data-end=\"123\">Herkunftsbezeichnung Valdeorras<\/strong>, der <strong data-start=\"139\" data-end=\"155\">zu 100% aus Godello<\/strong>, einer der renommiertesten Rebsorten Galiciens, hergestellt wird. Dieser Wein spiegelt den Charakter des Terroirs von Valdeorras wider, wo die Kombination aus mineralischen B\u00f6den und dem atlantischen Klima ausdrucksstarke, frische Weine mit gro\u00dfer Struktur hervorbringt. <\/p>\n<p data-start=\"390\" data-end=\"773\"><strong data-start=\"393\" data-end=\"440\">Goldgelb mit gr\u00fcnlichen Reflexen<\/strong> zeichnet sich dieser Godello durch seine <strong data-start=\"470\" data-end=\"494\">aromatische Intensit\u00e4t<\/strong> aus, mit Noten von <strong data-start=\"509\" data-end=\"598\">wei\u00dfen Fr\u00fcchten wie Birne und Apfel, Zitrusfr\u00fcchten, wei\u00dfen Blumen und einem subtilen mineralischen Hintergrund<\/strong>, der an nassen Stein erinnert <strong data-start=\"509\" data-end=\"598\">.<\/strong> Am Gaumen ist er <strong data-start=\"644\" data-end=\"677\">geschmeidig, frisch und ausgewogen<\/strong>, mit einer lebendigen S\u00e4ure und einem langen Abgang, der einen Hauch von reifen Fr\u00fcchten und salzigen Noten hinterl\u00e4sst. <\/p>\n<p data-start=\"390\" data-end=\"773\"><strong>Sorte: <\/strong>100% Godello.<br><strong>Appellation: <\/strong>D.O. Valdeorras.<br><strong>Format: <\/strong>75 cl<br><strong>Alkoholgehalt:<\/strong> 13,5\u00ba.<br><strong> <\/strong><br><strong><u>Verkostungsnotiz<\/u><\/strong><br><strong>Erscheinung: <\/strong>Helle, blasse Zitronenfarbe mit st\u00e4hlernen Reflexen und einer mittelstarken Robe.<br><strong>Nase:<\/strong> Sein Aroma hat einen ausgepr\u00e4gt fruchtigen Charakter mit Zitrusfr\u00fcchten und gr\u00fcnem Apfel, Banane, Pflaumen, Grapefruit und einem leicht blumigen Hintergrund.<br><strong>Gaumen: <\/strong>Erfrischend, mit mineralischer S\u00e4ure und hoher Intensit\u00e4t im Mund, schmackhaft, warm, mit einer frischen S\u00e4ure und einem langen Abgang.<br><strong>Passt zu: <\/strong>Mollusken und Meeresfr\u00fcchten, auch perfekt zu leichten Tapas und Salaten.<br><strong>Service Temp:   <\/strong>10\u00baC &#8211; 12\u00baC.<\/p>","protected":false},"excerpt":{"rendered":"<p>Novilunio Wei\u00dfwein 100% Godello D.O.P. Valdeorras 75cl<\/p>\n","protected":false},"featured_media":18242,"comment_status":"open","ping_status":"closed","template":"","meta":{"site-sidebar-layout":"default","site-content-layout":"","ast-site-content-layout":"default","site-content-style":"default","site-sidebar-style":"default","ast-global-header-display":"","ast-banner-title-visibility":"","ast-main-header-display":"","ast-hfb-above-header-display":"","ast-hfb-below-header-display":"","ast-hfb-mobile-header-display":"","site-post-title":"","ast-breadcrumbs-content":"","ast-featured-img":"","footer-sml-layout":"","ast-disable-related-posts":"","theme-transparent-header-meta":"default","adv-header-id-meta":"","stick-header-meta":"","header-above-stick-meta":"","header-main-stick-meta":"","header-below-stick-meta":"","astra-migrate-meta-layouts":"default","ast-page-background-enabled":"default","ast-page-background-meta":{"desktop":{"background-color":"var(--ast-global-color-4)","background-image":"","background-repeat":"repeat","background-position":"center center","background-size":"auto","background-attachment":"scroll","background-type":"","background-media":"","overlay-type":"","overlay-color":"","overlay-opacity":"","overlay-gradient":""},"tablet":{"background-color":"","background-image":"","background-repeat":"repeat","background-position":"center center","background-size":"auto","background-attachment":"scroll","background-type":"","background-media":"","overlay-type":"","overlay-color":"","overlay-opacity":"","overlay-gradient":""},"mobile":{"background-color":"","background-image":"","background-repeat":"repeat","background-position":"center center","background-size":"auto","background-attachment":"scroll","background-type":"","background-media":"","overlay-type":"","overlay-color":"","overlay-opacity":"","overlay-gradient":""}},"ast-content-background-meta":{"desktop":{"background-color":"var(--ast-global-color-5)","background-image":"","background-repeat":"repeat","background-position":"center center","background-size":"auto","background-attachment":"scroll","background-type":"","background-media":"","overlay-type":"","overlay-color":"","overlay-opacity":"","overlay-gradient":""},"tablet":{"background-color":"var(--ast-global-color-5)","background-image":"","background-repeat":"repeat","background-position":"center center","background-size":"auto","background-attachment":"scroll","background-type":"","background-media":"","overlay-type":"","overlay-color":"","overlay-opacity":"","overlay-gradient":""},"mobile":{"background-color":"var(--ast-global-color-5)","background-image":"","background-repeat":"repeat","background-position":"center center","background-size":"auto","background-attachment":"scroll","background-type":"","background-media":"","overlay-type":"","overlay-color":"","overlay-opacity":"","overlay-gradient":""}}},"product_brand":[1355],"product_cat":[342],"product_tag":[1015],"class_list":{"0":"post-18314","1":"product","2":"type-product","3":"status-publish","4":"has-post-thumbnail","6":"product_brand-bodegas-roandi","7":"product_cat-weiswein","8":"product_tag-novilunio-de","9":"desktop-align-left","10":"tablet-align-left","11":"mobile-align-left","13":"first","14":"instock","15":"taxable","16":"shipping-taxable","17":"purchasable","18":"product-type-simple"},"_links":{"self":[{"href":"https:\/\/andalubox.com\/de\/wp-json\/wp\/v2\/product\/18314","targetHints":{"allow":["GET"]}}],"collection":[{"href":"https:\/\/andalubox.com\/de\/wp-json\/wp\/v2\/product"}],"about":[{"href":"https:\/\/andalubox.com\/de\/wp-json\/wp\/v2\/types\/product"}],"replies":[{"embeddable":true,"href":"https:\/\/andalubox.com\/de\/wp-json\/wp\/v2\/comments?post=18314"}],"wp:featuredmedia":[{"embeddable":true,"href":"https:\/\/andalubox.com\/de\/wp-json\/wp\/v2\/media\/18242"}],"wp:attachment":[{"href":"https:\/\/andalubox.com\/de\/wp-json\/wp\/v2\/media?parent=18314"}],"wp:term":[{"taxonomy":"product_brand","embeddable":true,"href":"https:\/\/andalubox.com\/de\/wp-json\/wp\/v2\/product_brand?post=18314"},{"taxonomy":"product_cat","embeddable":true,"href":"https:\/\/andalubox.com\/de\/wp-json\/wp\/v2\/product_cat?post=18314"},{"taxonomy":"product_tag","embeddable":true,"href":"https:\/\/andalubox.com\/de\/wp-json\/wp\/v2\/product_tag?post=18314"}],"curies":[{"name":"wp","href":"https:\/\/api.w.org\/{rel}","templated":true}]}}