{"id":18306,"date":"2025-02-19T12:52:32","date_gmt":"2025-02-19T11:52:32","guid":{"rendered":"https:\/\/andalubox.com\/producto-andaluz\/die-esplanade-olive-gefuellt-mit-orange-lt-150-g\/"},"modified":"2025-08-19T20:55:31","modified_gmt":"2025-08-19T18:55:31","slug":"die-esplanade-olive-gefuellt-mit-orange-lt-150-g","status":"publish","type":"product","link":"https:\/\/andalubox.com\/de\/producto-andaluz\/die-esplanade-olive-gefuellt-mit-orange-lt-150-g\/","title":{"rendered":"La Explanada Spanische Oliven gef\u00fcllt mit Orange, 150 g"},"content":{"rendered":"<p data-start=\"29\" data-end=\"377\">La Explanada Spanische Oliven mit Orangenf\u00fcllung, 150 g<br>Die spanischen <strong data-start=\"70\" data-end=\"94\">Gourmet-Oliven<\/strong> <strong data-start=\"33\" data-end=\"66\">mit Orangenf\u00fcllung<\/strong> von <strong data-start=\"70\" data-end=\"94\">La Explanada<\/strong> sind eine innovative Geschmacksverschmelzung, die die salzige Intensit\u00e4t der gr\u00fcnen Olive mit der Zitrusfrische der Orange verbindet. Eine \u00fcberraschende Kombination, die ein <strong data-start=\"268\" data-end=\"330\">perfektes Gleichgewicht zwischen S\u00fc\u00dfe, S\u00e4ure und einer salzigen Note<\/strong> bietet und ein einzigartiges gastronomisches Erlebnis schafft. <\/p>\n<p data-start=\"379\" data-end=\"695\">Jede Olive wurde sorgf\u00e4ltig ausgew\u00e4hlt, um eine feste, fleischige Textur zu gew\u00e4hrleisten, w\u00e4hrend die Orangenf\u00fcllung f\u00fcr einen Hauch von Frische und ein unverwechselbares Aroma sorgt. Ihr Geschmacksprofil macht sie zu einer raffinierten und andersartigen Vorspeise, ideal f\u00fcr diejenigen, die etwas Besonderes bei Tisch suchen. <\/p>","protected":false},"excerpt":{"rendered":"<p>La Explanada Spanische Oliven mit Orangenf\u00fcllung, 150 g, wird in ganz Europa versandt.<\/p>\n","protected":false},"featured_media":18216,"comment_status":"open","ping_status":"closed","template":"","meta":{"site-sidebar-layout":"default","site-content-layout":"","ast-site-content-layout":"default","site-content-style":"default","site-sidebar-style":"default","ast-global-header-display":"","ast-banner-title-visibility":"","ast-main-header-display":"","ast-hfb-above-header-display":"","ast-hfb-below-header-display":"","ast-hfb-mobile-header-display":"","site-post-title":"","ast-breadcrumbs-content":"","ast-featured-img":"","footer-sml-layout":"","ast-disable-related-posts":"","theme-transparent-header-meta":"default","adv-header-id-meta":"","stick-header-meta":"","header-above-stick-meta":"","header-main-stick-meta":"","header-below-stick-meta":"","astra-migrate-meta-layouts":"default","ast-page-background-enabled":"default","ast-page-background-meta":{"desktop":{"background-color":"var(--ast-global-color-4)","background-image":"","background-repeat":"repeat","background-position":"center center","background-size":"auto","background-attachment":"scroll","background-type":"","background-media":"","overlay-type":"","overlay-color":"","overlay-opacity":"","overlay-gradient":""},"tablet":{"background-color":"","background-image":"","background-repeat":"repeat","background-position":"center center","background-size":"auto","background-attachment":"scroll","background-type":"","background-media":"","overlay-type":"","overlay-color":"","overlay-opacity":"","overlay-gradient":""},"mobile":{"background-color":"","background-image":"","background-repeat":"repeat","background-position":"center center","background-size":"auto","background-attachment":"scroll","background-type":"","background-media":"","overlay-type":"","overlay-color":"","overlay-opacity":"","overlay-gradient":""}},"ast-content-background-meta":{"desktop":{"background-color":"var(--ast-global-color-5)","background-image":"","background-repeat":"repeat","background-position":"center center","background-size":"auto","background-attachment":"scroll","background-type":"","background-media":"","overlay-type":"","overlay-color":"","overlay-opacity":"","overlay-gradient":""},"tablet":{"background-color":"var(--ast-global-color-5)","background-image":"","background-repeat":"repeat","background-position":"center center","background-size":"auto","background-attachment":"scroll","background-type":"","background-media":"","overlay-type":"","overlay-color":"","overlay-opacity":"","overlay-gradient":""},"mobile":{"background-color":"var(--ast-global-color-5)","background-image":"","background-repeat":"repeat","background-position":"center center","background-size":"auto","background-attachment":"scroll","background-type":"","background-media":"","overlay-type":"","overlay-color":"","overlay-opacity":"","overlay-gradient":""}}},"product_brand":[1348],"product_cat":[1528,15],"product_tag":[],"class_list":{"0":"post-18306","1":"product","2":"type-product","3":"status-publish","4":"has-post-thumbnail","6":"product_brand-la-explanada","7":"product_cat-aceitunas-y-aperitivos-vegetales","8":"product_cat-sin-categorizar","9":"desktop-align-left","10":"tablet-align-left","11":"mobile-align-left","13":"first","14":"instock","15":"taxable","16":"shipping-taxable","17":"purchasable","18":"product-type-simple"},"_links":{"self":[{"href":"https:\/\/andalubox.com\/de\/wp-json\/wp\/v2\/product\/18306","targetHints":{"allow":["GET"]}}],"collection":[{"href":"https:\/\/andalubox.com\/de\/wp-json\/wp\/v2\/product"}],"about":[{"href":"https:\/\/andalubox.com\/de\/wp-json\/wp\/v2\/types\/product"}],"replies":[{"embeddable":true,"href":"https:\/\/andalubox.com\/de\/wp-json\/wp\/v2\/comments?post=18306"}],"wp:featuredmedia":[{"embeddable":true,"href":"https:\/\/andalubox.com\/de\/wp-json\/wp\/v2\/media\/18216"}],"wp:attachment":[{"href":"https:\/\/andalubox.com\/de\/wp-json\/wp\/v2\/media?parent=18306"}],"wp:term":[{"taxonomy":"product_brand","embeddable":true,"href":"https:\/\/andalubox.com\/de\/wp-json\/wp\/v2\/product_brand?post=18306"},{"taxonomy":"product_cat","embeddable":true,"href":"https:\/\/andalubox.com\/de\/wp-json\/wp\/v2\/product_cat?post=18306"},{"taxonomy":"product_tag","embeddable":true,"href":"https:\/\/andalubox.com\/de\/wp-json\/wp\/v2\/product_tag?post=18306"}],"curies":[{"name":"wp","href":"https:\/\/api.w.org\/{rel}","templated":true}]}}