{"id":18297,"date":"2025-02-19T12:42:12","date_gmt":"2025-02-19T11:42:12","guid":{"rendered":"https:\/\/andalubox.com\/producto-andaluz\/la-explanada-oliven-gefuellt-mit-trueffel-lt-150-g\/"},"modified":"2025-08-19T20:55:31","modified_gmt":"2025-08-19T18:55:31","slug":"la-explanada-oliven-gefuellt-mit-trueffel-lt-150-g","status":"publish","type":"product","link":"https:\/\/andalubox.com\/de\/producto-andaluz\/la-explanada-oliven-gefuellt-mit-trueffel-lt-150-g\/","title":{"rendered":"La Explanada Spanische Oliven, gef\u00fcllt mit Tr\u00fcffel, 150g"},"content":{"rendered":"<p data-start=\"29\" data-end=\"437\">La Explanada Spanische Oliven gef\u00fcllt mit Tr\u00fcffel, 150g.<\/p>\n<p data-start=\"29\" data-end=\"437\"><strong data-start=\"68\" data-end=\"92\">La Explanada Gourmet<\/strong> <strong data-start=\"33\" data-end=\"64\">Truffle Stuffed Olives<\/strong> sind ein exklusives Produkt, das die Tradition der Olive mit der Raffinesse der Tr\u00fcffel verbindet und einen raffinierten Snack voller Geschmack bietet. Diese hochwertigen gr\u00fcnen Oliven wurden sorgf\u00e4ltig ausgew\u00e4hlt und mit einer weichen und k\u00f6stlichen Tr\u00fcffelpaste gef\u00fcllt, die ihnen ein <strong data-start=\"389\" data-end=\"434\">intensives Aroma und einen einzigartigen und eleganten Geschmack<\/strong> verleiht. <\/p>\n<p data-start=\"439\" data-end=\"761\">Mit ihrer festen und fleischigen Textur zeichnen sich diese Oliven durch ihr perfektes Gleichgewicht zwischen der <strong data-start=\"528\" data-end=\"567\">Sanftheit und Salzigkeit der Olive<\/strong> und der aromatischen Intensit\u00e4t der <strong data-start=\"600\" data-end=\"615\">schwarzen Tr\u00fcffel<\/strong> aus, einer in der Haute Cuisine sehr gesch\u00e4tzten Zutat. Ihre Umami-Note macht sie zur idealen Wahl f\u00fcr Liebhaber von Gourmet-Aromen. <\/p>","protected":false},"excerpt":{"rendered":"<p>La Explanada Spanische Oliven gef\u00fcllt mit Tr\u00fcffel, 150g f\u00fcr den Export nach Europa.<\/p>\n","protected":false},"featured_media":18190,"comment_status":"open","ping_status":"closed","template":"","meta":{"site-sidebar-layout":"default","site-content-layout":"","ast-site-content-layout":"default","site-content-style":"default","site-sidebar-style":"default","ast-global-header-display":"","ast-banner-title-visibility":"","ast-main-header-display":"","ast-hfb-above-header-display":"","ast-hfb-below-header-display":"","ast-hfb-mobile-header-display":"","site-post-title":"","ast-breadcrumbs-content":"","ast-featured-img":"","footer-sml-layout":"","ast-disable-related-posts":"","theme-transparent-header-meta":"default","adv-header-id-meta":"","stick-header-meta":"","header-above-stick-meta":"","header-main-stick-meta":"","header-below-stick-meta":"","astra-migrate-meta-layouts":"default","ast-page-background-enabled":"default","ast-page-background-meta":{"desktop":{"background-color":"var(--ast-global-color-4)","background-image":"","background-repeat":"repeat","background-position":"center center","background-size":"auto","background-attachment":"scroll","background-type":"","background-media":"","overlay-type":"","overlay-color":"","overlay-opacity":"","overlay-gradient":""},"tablet":{"background-color":"","background-image":"","background-repeat":"repeat","background-position":"center center","background-size":"auto","background-attachment":"scroll","background-type":"","background-media":"","overlay-type":"","overlay-color":"","overlay-opacity":"","overlay-gradient":""},"mobile":{"background-color":"","background-image":"","background-repeat":"repeat","background-position":"center center","background-size":"auto","background-attachment":"scroll","background-type":"","background-media":"","overlay-type":"","overlay-color":"","overlay-opacity":"","overlay-gradient":""}},"ast-content-background-meta":{"desktop":{"background-color":"var(--ast-global-color-5)","background-image":"","background-repeat":"repeat","background-position":"center center","background-size":"auto","background-attachment":"scroll","background-type":"","background-media":"","overlay-type":"","overlay-color":"","overlay-opacity":"","overlay-gradient":""},"tablet":{"background-color":"var(--ast-global-color-5)","background-image":"","background-repeat":"repeat","background-position":"center center","background-size":"auto","background-attachment":"scroll","background-type":"","background-media":"","overlay-type":"","overlay-color":"","overlay-opacity":"","overlay-gradient":""},"mobile":{"background-color":"var(--ast-global-color-5)","background-image":"","background-repeat":"repeat","background-position":"center center","background-size":"auto","background-attachment":"scroll","background-type":"","background-media":"","overlay-type":"","overlay-color":"","overlay-opacity":"","overlay-gradient":""}}},"product_brand":[1348],"product_cat":[15],"product_tag":[],"class_list":{"0":"post-18297","1":"product","2":"type-product","3":"status-publish","4":"has-post-thumbnail","6":"product_brand-la-explanada","7":"product_cat-sin-categorizar","8":"desktop-align-left","9":"tablet-align-left","10":"mobile-align-left","12":"first","13":"outofstock","14":"taxable","15":"shipping-taxable","16":"purchasable","17":"product-type-simple"},"_links":{"self":[{"href":"https:\/\/andalubox.com\/de\/wp-json\/wp\/v2\/product\/18297","targetHints":{"allow":["GET"]}}],"collection":[{"href":"https:\/\/andalubox.com\/de\/wp-json\/wp\/v2\/product"}],"about":[{"href":"https:\/\/andalubox.com\/de\/wp-json\/wp\/v2\/types\/product"}],"replies":[{"embeddable":true,"href":"https:\/\/andalubox.com\/de\/wp-json\/wp\/v2\/comments?post=18297"}],"wp:featuredmedia":[{"embeddable":true,"href":"https:\/\/andalubox.com\/de\/wp-json\/wp\/v2\/media\/18190"}],"wp:attachment":[{"href":"https:\/\/andalubox.com\/de\/wp-json\/wp\/v2\/media?parent=18297"}],"wp:term":[{"taxonomy":"product_brand","embeddable":true,"href":"https:\/\/andalubox.com\/de\/wp-json\/wp\/v2\/product_brand?post=18297"},{"taxonomy":"product_cat","embeddable":true,"href":"https:\/\/andalubox.com\/de\/wp-json\/wp\/v2\/product_cat?post=18297"},{"taxonomy":"product_tag","embeddable":true,"href":"https:\/\/andalubox.com\/de\/wp-json\/wp\/v2\/product_tag?post=18297"}],"curies":[{"name":"wp","href":"https:\/\/api.w.org\/{rel}","templated":true}]}}