{"id":18096,"date":"2025-02-18T17:09:19","date_gmt":"2025-02-18T16:09:19","guid":{"rendered":"https:\/\/andalubox.com\/producto-andaluz\/lustau-amontillado-los-arcos-do-jerez-sherry-75-cl\/"},"modified":"2025-08-02T20:18:22","modified_gmt":"2025-08-02T18:18:22","slug":"lustau-amontillado-los-arcos-do-jerez-sherry-75-cl","status":"publish","type":"product","link":"https:\/\/andalubox.com\/de\/producto-andaluz\/lustau-amontillado-los-arcos-do-jerez-sherry-75-cl\/","title":{"rendered":"Lustau Amontillado Los Arcos DO Jerez\/Sherry, 75 cl"},"content":{"rendered":"<p data-start=\"40\" data-end=\"475\">Lustau Amontillado Los Arcos DO Jerez\/Sherry, 75 cl<\/p>\n<p data-start=\"40\" data-end=\"475\">Der <strong data-start=\"43\" data-end=\"68\">Amontillado Los Arcos<\/strong> von <strong data-start=\"72\" data-end=\"90\">Bodegas Lustau<\/strong> ist ein trockener Lik\u00f6rwein, der aus <strong data-start=\"136\" data-end=\"148\">Palomino-Trauben<\/strong> hergestellt wird und durch die <strong data-start=\"167\" data-end=\"212\">Herkunftsbezeichnung Jerez-X\u00e9r\u00e8s-Sherry<\/strong> gesch\u00fctzt ist <strong data-start=\"167\" data-end=\"212\">.<\/strong> Dieser Amontillado wird in der <strong data-start=\"246\" data-end=\"275\">Bodega Emperatriz Eugenia<\/strong> in <strong data-start=\"279\" data-end=\"303\">Jerez de la Frontera<\/strong> nach einem Reifeprozess gereift, der eine Kombination aus Zeitr\u00e4umen unter &#8220;flor&#8221; und Sauerstoffeinwirkung ist, was ihm seinen unverwechselbaren Charakter verleiht. <\/p>\n<p data-start=\"477\" data-end=\"495\"><strong data-start=\"477\" data-end=\"495\">Verkostungsnotizen:<\/strong><\/p>\n<ul data-start=\"496\" data-end=\"700\">\n\t<li data-start=\"496\" data-end=\"525\"><strong data-start=\"498\" data-end=\"508\">Farbe:<\/strong> Helles Bernstein.<\/li>\n\t<li data-start=\"526\" data-end=\"576\"><strong data-start=\"528\" data-end=\"538\">Aroma:<\/strong> Intensive Aromen von ger\u00f6steten Haseln\u00fcssen.<\/li>\n\t<li data-start=\"577\" data-end=\"700\"><strong data-start=\"579\" data-end=\"589\">Geschmack:<\/strong> Leicht, weich und rund am Gaumen, mit einem langen, anhaltenden Abgang.<\/li>\n<\/ul>\n<p data-start=\"702\" data-end=\"999\"><strong data-start=\"702\" data-end=\"715\">Gastronomische Kombinationen:<\/strong> Dieser Amontillado ist vielseitig und passt perfekt zu Tapas, ger\u00e4uchertem K\u00e4se, N\u00fcssen, Oliven, Br\u00fchen, Pilzrisotto und w\u00fcrzigen Gerichten der indischen K\u00fcche. Es wird empfohlen, ihn zwischen 13 und 14\u00b0C zu servieren, damit er seine Qualit\u00e4ten voll entfalten kann. <\/p>","protected":false},"excerpt":{"rendered":"<p>Lustau Amontillado Los Arcos DO Jerez\/Sherry, 75 cl f\u00fcr den Export nach Europa.<\/p>\n","protected":false},"featured_media":18091,"comment_status":"open","ping_status":"closed","template":"","meta":{"site-sidebar-layout":"default","site-content-layout":"","ast-site-content-layout":"default","site-content-style":"default","site-sidebar-style":"default","ast-global-header-display":"","ast-banner-title-visibility":"","ast-main-header-display":"","ast-hfb-above-header-display":"","ast-hfb-below-header-display":"","ast-hfb-mobile-header-display":"","site-post-title":"","ast-breadcrumbs-content":"","ast-featured-img":"","footer-sml-layout":"","ast-disable-related-posts":"","theme-transparent-header-meta":"default","adv-header-id-meta":"","stick-header-meta":"","header-above-stick-meta":"","header-main-stick-meta":"","header-below-stick-meta":"","astra-migrate-meta-layouts":"default","ast-page-background-enabled":"default","ast-page-background-meta":{"desktop":{"background-color":"var(--ast-global-color-4)","background-image":"","background-repeat":"repeat","background-position":"center center","background-size":"auto","background-attachment":"scroll","background-type":"","background-media":"","overlay-type":"","overlay-color":"","overlay-opacity":"","overlay-gradient":""},"tablet":{"background-color":"","background-image":"","background-repeat":"repeat","background-position":"center center","background-size":"auto","background-attachment":"scroll","background-type":"","background-media":"","overlay-type":"","overlay-color":"","overlay-opacity":"","overlay-gradient":""},"mobile":{"background-color":"","background-image":"","background-repeat":"repeat","background-position":"center center","background-size":"auto","background-attachment":"scroll","background-type":"","background-media":"","overlay-type":"","overlay-color":"","overlay-opacity":"","overlay-gradient":""}},"ast-content-background-meta":{"desktop":{"background-color":"var(--ast-global-color-5)","background-image":"","background-repeat":"repeat","background-position":"center center","background-size":"auto","background-attachment":"scroll","background-type":"","background-media":"","overlay-type":"","overlay-color":"","overlay-opacity":"","overlay-gradient":""},"tablet":{"background-color":"var(--ast-global-color-5)","background-image":"","background-repeat":"repeat","background-position":"center center","background-size":"auto","background-attachment":"scroll","background-type":"","background-media":"","overlay-type":"","overlay-color":"","overlay-opacity":"","overlay-gradient":""},"mobile":{"background-color":"var(--ast-global-color-5)","background-image":"","background-repeat":"repeat","background-position":"center center","background-size":"auto","background-attachment":"scroll","background-type":"","background-media":"","overlay-type":"","overlay-color":"","overlay-opacity":"","overlay-gradient":""}}},"product_brand":[],"product_cat":[1747],"product_tag":[],"class_list":{"0":"post-18096","1":"product","2":"type-product","3":"status-publish","4":"has-post-thumbnail","6":"product_cat-generosos-de","7":"desktop-align-left","8":"tablet-align-left","9":"mobile-align-left","11":"first","12":"outofstock","13":"taxable","14":"shipping-taxable","15":"purchasable","16":"product-type-simple"},"_links":{"self":[{"href":"https:\/\/andalubox.com\/de\/wp-json\/wp\/v2\/product\/18096","targetHints":{"allow":["GET"]}}],"collection":[{"href":"https:\/\/andalubox.com\/de\/wp-json\/wp\/v2\/product"}],"about":[{"href":"https:\/\/andalubox.com\/de\/wp-json\/wp\/v2\/types\/product"}],"replies":[{"embeddable":true,"href":"https:\/\/andalubox.com\/de\/wp-json\/wp\/v2\/comments?post=18096"}],"wp:featuredmedia":[{"embeddable":true,"href":"https:\/\/andalubox.com\/de\/wp-json\/wp\/v2\/media\/18091"}],"wp:attachment":[{"href":"https:\/\/andalubox.com\/de\/wp-json\/wp\/v2\/media?parent=18096"}],"wp:term":[{"taxonomy":"product_brand","embeddable":true,"href":"https:\/\/andalubox.com\/de\/wp-json\/wp\/v2\/product_brand?post=18096"},{"taxonomy":"product_cat","embeddable":true,"href":"https:\/\/andalubox.com\/de\/wp-json\/wp\/v2\/product_cat?post=18096"},{"taxonomy":"product_tag","embeddable":true,"href":"https:\/\/andalubox.com\/de\/wp-json\/wp\/v2\/product_tag?post=18096"}],"curies":[{"name":"wp","href":"https:\/\/api.w.org\/{rel}","templated":true}]}}