{"id":18071,"date":"2025-02-18T16:28:47","date_gmt":"2025-02-18T15:28:47","guid":{"rendered":"https:\/\/andalubox.com\/producto-andaluz\/lustau-almacenista-manzanilla-pasada-manuel-cuevas-50-cl\/"},"modified":"2025-08-02T20:19:42","modified_gmt":"2025-08-02T18:19:42","slug":"lustau-almacenista-manzanilla-pasada-manuel-cuevas-50-cl","status":"publish","type":"product","link":"https:\/\/andalubox.com\/de\/producto-andaluz\/lustau-almacenista-manzanilla-pasada-manuel-cuevas-50-cl\/","title":{"rendered":"Lustau Almacenista Manzanilla Pasada Manuel Cuevas, 50 cl"},"content":{"rendered":"<p>Lustau Almacenista Manzanilla Pasada Manuel Cuevas, 50 cl<\/p>\n<p>Manzanilla Pasada de Sanl\u00facar &#8211; Almacenista Manuel Cuevas Jurado ist ein raffinierter Ausdruck der gespriteten Weine von Bodegas Lustau, der in Zusammenarbeit mit Almacenista Manuel Cuevas Jurado hergestellt wird. Dieser Wein wird in der historischen Calle Trabajadero in Sanl\u00facar de Barrameda unter der Herkunftsbezeichnung Manzanilla-Sanl\u00facar de Barrameda hergestellt. <\/p>\n<h2>Ausarbeitung:<\/h2>\n<p><strong>Rebsorte:<\/strong> 100% Palomino Fino.<br><strong>Reifung:<\/strong> 7 Jahre lang unter einem Flor-Schleier in einer Solera aus 80 F\u00e4ssern gereift. Dieser Prozess wird in den Kellern von Manuel Cuevas Jurado durchgef\u00fchrt, wo das Mikroklima von Sanl\u00facar, das von der Meeresbrise beeinflusst wird, dem Wein seine einzigartigen Eigenschaften verleiht. <\/p>\n<p><strong>Verkostungsnotizen:<\/strong><br><span style=\"font-size: 16px;\"><strong><br><br>F<strong>arbe:<\/strong> Strohgelb.<\/strong> Aroma<span style=\"font-size: 16px;\"><strong>:<\/strong> Zarte Noten von gr\u00fcnem Apfel und der charakteristische Hauch von Meeresbrise.<\/span> Geschmack<strong>:<\/strong> Trocken, frisch und leicht, mit guter Struktur und erfrischender S\u00e4ure.<\/span><br><strong>Gastronomische Kombinationen:<\/strong> Ideal als Aperitif und perfekt zu Tapas wie Mandeln und Oliven, frischen Meeresfr\u00fcchten, Austern und wei\u00dfem Fisch. Es wird empfohlen, ihn zwischen 7 und 9\u00b0C zu servieren, damit er seine Qualit\u00e4ten voll entfalten kann. <\/p>","protected":false},"excerpt":{"rendered":"<p>Lustau Almacenista Manzanilla Pasada Manuel Cuevas, 50 cl f\u00fcr den Export nach Europa.<\/p>\n","protected":false},"featured_media":18065,"comment_status":"open","ping_status":"closed","template":"","meta":{"site-sidebar-layout":"default","site-content-layout":"","ast-site-content-layout":"default","site-content-style":"default","site-sidebar-style":"default","ast-global-header-display":"","ast-banner-title-visibility":"","ast-main-header-display":"","ast-hfb-above-header-display":"","ast-hfb-below-header-display":"","ast-hfb-mobile-header-display":"","site-post-title":"","ast-breadcrumbs-content":"","ast-featured-img":"","footer-sml-layout":"","ast-disable-related-posts":"","theme-transparent-header-meta":"default","adv-header-id-meta":"","stick-header-meta":"","header-above-stick-meta":"","header-main-stick-meta":"","header-below-stick-meta":"","astra-migrate-meta-layouts":"default","ast-page-background-enabled":"default","ast-page-background-meta":{"desktop":{"background-color":"var(--ast-global-color-4)","background-image":"","background-repeat":"repeat","background-position":"center center","background-size":"auto","background-attachment":"scroll","background-type":"","background-media":"","overlay-type":"","overlay-color":"","overlay-opacity":"","overlay-gradient":""},"tablet":{"background-color":"","background-image":"","background-repeat":"repeat","background-position":"center center","background-size":"auto","background-attachment":"scroll","background-type":"","background-media":"","overlay-type":"","overlay-color":"","overlay-opacity":"","overlay-gradient":""},"mobile":{"background-color":"","background-image":"","background-repeat":"repeat","background-position":"center center","background-size":"auto","background-attachment":"scroll","background-type":"","background-media":"","overlay-type":"","overlay-color":"","overlay-opacity":"","overlay-gradient":""}},"ast-content-background-meta":{"desktop":{"background-color":"var(--ast-global-color-5)","background-image":"","background-repeat":"repeat","background-position":"center center","background-size":"auto","background-attachment":"scroll","background-type":"","background-media":"","overlay-type":"","overlay-color":"","overlay-opacity":"","overlay-gradient":""},"tablet":{"background-color":"var(--ast-global-color-5)","background-image":"","background-repeat":"repeat","background-position":"center center","background-size":"auto","background-attachment":"scroll","background-type":"","background-media":"","overlay-type":"","overlay-color":"","overlay-opacity":"","overlay-gradient":""},"mobile":{"background-color":"var(--ast-global-color-5)","background-image":"","background-repeat":"repeat","background-position":"center center","background-size":"auto","background-attachment":"scroll","background-type":"","background-media":"","overlay-type":"","overlay-color":"","overlay-opacity":"","overlay-gradient":""}}},"product_brand":[1179],"product_cat":[15],"product_tag":[],"class_list":{"0":"post-18071","1":"product","2":"type-product","3":"status-publish","4":"has-post-thumbnail","6":"product_brand-lustau","7":"product_cat-sin-categorizar","8":"desktop-align-left","9":"tablet-align-left","10":"mobile-align-left","12":"first","13":"instock","14":"taxable","15":"shipping-taxable","16":"purchasable","17":"product-type-simple"},"_links":{"self":[{"href":"https:\/\/andalubox.com\/de\/wp-json\/wp\/v2\/product\/18071","targetHints":{"allow":["GET"]}}],"collection":[{"href":"https:\/\/andalubox.com\/de\/wp-json\/wp\/v2\/product"}],"about":[{"href":"https:\/\/andalubox.com\/de\/wp-json\/wp\/v2\/types\/product"}],"replies":[{"embeddable":true,"href":"https:\/\/andalubox.com\/de\/wp-json\/wp\/v2\/comments?post=18071"}],"wp:featuredmedia":[{"embeddable":true,"href":"https:\/\/andalubox.com\/de\/wp-json\/wp\/v2\/media\/18065"}],"wp:attachment":[{"href":"https:\/\/andalubox.com\/de\/wp-json\/wp\/v2\/media?parent=18071"}],"wp:term":[{"taxonomy":"product_brand","embeddable":true,"href":"https:\/\/andalubox.com\/de\/wp-json\/wp\/v2\/product_brand?post=18071"},{"taxonomy":"product_cat","embeddable":true,"href":"https:\/\/andalubox.com\/de\/wp-json\/wp\/v2\/product_cat?post=18071"},{"taxonomy":"product_tag","embeddable":true,"href":"https:\/\/andalubox.com\/de\/wp-json\/wp\/v2\/product_tag?post=18071"}],"curies":[{"name":"wp","href":"https:\/\/api.w.org\/{rel}","templated":true}]}}