{"id":18046,"date":"2025-02-18T15:54:09","date_gmt":"2025-02-18T14:54:09","guid":{"rendered":"https:\/\/andalubox.com\/producto-andaluz\/tintilla-de-rota-suess-gonzalez-byass-sherry-50-cl\/"},"modified":"2026-01-27T15:29:09","modified_gmt":"2026-01-27T14:29:09","slug":"tintilla-de-rota-suess-gonzalez-byass-sherry-50-cl","status":"publish","type":"product","link":"https:\/\/andalubox.com\/de\/producto-andaluz\/tintilla-de-rota-suess-gonzalez-byass-sherry-50-cl\/","title":{"rendered":"Finca de Moncloa Tintilla de Rota S\u00fc\u00dfer Rotwein Gonz\u00e1lez Byass Jerez 50cl"},"content":{"rendered":"<h3 class=\"info-title\"><span style=\"font-size: 12pt;\">Finca de Moncloa Tintilla de Rota S\u00fc\u00dfer Rotwein Gonz\u00e1lez Byass Jerez 50cl<\/span><\/h3>\n<div id=\"chat-history\" class=\"chat-history-scroll-container\">\n<div id=\"93a0121c2c7d3620\" class=\"conversation-container message-actions-hover-boundary ng-star-inserted\">\n<div class=\"response-container ng-tns-c2903524867-115 response-container-with-gpi ng-star-inserted response-container-has-multiple-responses\">\n<div class=\"presented-response-container ng-tns-c2903524867-115\">\n<div class=\"response-container-content ng-tns-c2903524867-115\">\n<div class=\"response-content ng-tns-c2903524867-115\">\n<div id=\"model-response-message-contentr_93a0121c2c7d3620\" class=\"markdown markdown-main-panel enable-updated-hr-color\" dir=\"ltr\">\n<p>Finca Moncloa Tintilla de Rota ist ein s\u00fc\u00dfer und einzigartiger Rotwein, ein Beispiel f\u00fcr die Vielseitigkeit der <b>Tintilla de Rota-Traube<\/b> und die Meisterschaft des Weinguts <b>Gonz\u00e1lez Byass<\/b>. Dieser Wein ist kein angereicherter Wein im Stil der Jerez-Weine, sondern ein nat\u00fcrlicher S\u00fc\u00dfwein, der aus \u00fcberreifen Trauben hergestellt wird, was ihm eine au\u00dfergew\u00f6hnliche S\u00fc\u00dfe und Konzentration verleiht. <\/p>\n<h4>Hauptmerkmale<\/h4>\n<ul>\n\t<li>\n<p><b>Art des Weins:<\/b> S\u00fc\u00dfer Rotwein.<\/p>\n<\/li>\n\t<li>\n<p><b>Ursprungsbezeichnung:<\/b> V.T. (Vino de la Tierra) de C\u00e1diz.<\/p>\n<\/li>\n\t<li>\n<p><b>Traube:<\/b> 100% Tintilla de Rota.<\/p>\n<\/li>\n\t<li>\n<p><b>Ausarbeitung:<\/b> Die Trauben stammen vom Weinberg Finca Moncloa, der in der Sierra de C\u00e1diz liegt. Die Trauben werden sehr reif geerntet und oft in der Sonne getrocknet, um den Zucker und die Aromen zu konzentrieren. Die G\u00e4rung wird auf nat\u00fcrliche Weise gestoppt, so dass eine hohe Konzentration an Restzucker zur\u00fcckbleibt.  <\/p>\n<\/li>\n\t<li>\n<p><b>Ausbau:<\/b> Der Wein wird f\u00fcr eine kurze Zeit in franz\u00f6sischen Eichenf\u00e4ssern gelagert, um die Komplexit\u00e4t zu erh\u00f6hen.<\/p>\n<\/li>\n\t<li>\n<p><b>Farbe:<\/b> Dunkelkirschrot, sehr konzentriert, mit violetten Reflexen.<\/p>\n<\/li>\n<\/ul>\n<h4>Verkostungsnotizen<\/h4>\n<ul>\n\t<li>\n<p><b>Geruch (Aroma):<\/b> Sehr intensiv und komplex. Aromen von kandierten roten Fr\u00fcchten (Kirsche, Erdbeere), Pflaumen und Noten von getrockneten Blumen (Veilchen), s\u00fc\u00dfen Gew\u00fcrzen und einem subtilen Hauch von Schokolade und Kakao. <\/p>\n<\/li>\n\t<li>\n<p><b>Gaumen:<\/b> S\u00fc\u00df und konzentriert, aber nicht s\u00fc\u00dflich. Die S\u00fc\u00dfe wird durch eine lebendige S\u00e4ure ausgeglichen, die ihn frisch und lang anhaltend macht. Reife Fruchtaromen mischen sich mit einem Hauch von Gew\u00fcrzen und einem sehr anhaltenden Abgang, der zum Weitertrinken einl\u00e4dt.  <\/p>\n<\/li>\n<\/ul>\n<h4>Paarung<\/h4>\n<p>Dieser Wein ist ein idealer Begleiter f\u00fcr den Abschluss einer Mahlzeit und passt perfekt zu einer Vielzahl von Desserts:<\/p>\n<ul>\n\t<li>\n<p><b>Schokoladendesserts:<\/b> Kuchen, Tr\u00fcffel oder Bonbons aus dunkler Schokolade.<\/p>\n<\/li>\n\t<li>\n<p><b>Obst:<\/b> Rote Obsttorten oder Desserts mit Pflaumen und Kirschen.<\/p>\n<\/li>\n\t<li>\n<p><b>K\u00e4se:<\/b> Blauschimmelk\u00e4se (wie Roquefort oder Stilton) oder gereifter K\u00e4se.<\/p>\n<\/li>\n<\/ul>\n<h4>Service Temperatur<\/h4>\n<p>Um seine Komplexit\u00e4t und S\u00fc\u00dfe voll genie\u00dfen zu k\u00f6nnen, wird empfohlen, ihn leicht gek\u00fchlt zu servieren, zwischen <b>10\u00b0C und 12\u00b0C<\/b>.<\/p>\n<\/div>\n<\/div>\n<\/div>\n<\/div>\n<\/div>\n<\/div>\n<\/div>","protected":false},"excerpt":{"rendered":"<p><strong data-start=\"1416\" data-end=\"1436\">Die Tintilla de Rota<\/strong> ist eine einheimische Rebsorte aus C\u00e1diz, aus der intensive, ausgewogene Rotweine mit gro\u00dfer Pers\u00f6nlichkeit entstehen. Mit Aromen von schwarzen Fr\u00fcchten, Gew\u00fcrzen und mineralischen Noten zeichnen sich diese Weine durch ihre Frische und Eleganz aus.<\/p>\n","protected":false},"featured_media":18043,"comment_status":"open","ping_status":"closed","template":"","meta":{"site-sidebar-layout":"default","site-content-layout":"","ast-site-content-layout":"default","site-content-style":"default","site-sidebar-style":"default","ast-global-header-display":"","ast-banner-title-visibility":"","ast-main-header-display":"","ast-hfb-above-header-display":"","ast-hfb-below-header-display":"","ast-hfb-mobile-header-display":"","site-post-title":"","ast-breadcrumbs-content":"","ast-featured-img":"","footer-sml-layout":"","ast-disable-related-posts":"","theme-transparent-header-meta":"default","adv-header-id-meta":"","stick-header-meta":"","header-above-stick-meta":"","header-main-stick-meta":"","header-below-stick-meta":"","astra-migrate-meta-layouts":"default","ast-page-background-enabled":"default","ast-page-background-meta":{"desktop":{"background-color":"var(--ast-global-color-4)","background-image":"","background-repeat":"repeat","background-position":"center center","background-size":"auto","background-attachment":"scroll","background-type":"","background-media":"","overlay-type":"","overlay-color":"","overlay-opacity":"","overlay-gradient":""},"tablet":{"background-color":"","background-image":"","background-repeat":"repeat","background-position":"center center","background-size":"auto","background-attachment":"scroll","background-type":"","background-media":"","overlay-type":"","overlay-color":"","overlay-opacity":"","overlay-gradient":""},"mobile":{"background-color":"","background-image":"","background-repeat":"repeat","background-position":"center center","background-size":"auto","background-attachment":"scroll","background-type":"","background-media":"","overlay-type":"","overlay-color":"","overlay-opacity":"","overlay-gradient":""}},"ast-content-background-meta":{"desktop":{"background-color":"var(--ast-global-color-5)","background-image":"","background-repeat":"repeat","background-position":"center center","background-size":"auto","background-attachment":"scroll","background-type":"","background-media":"","overlay-type":"","overlay-color":"","overlay-opacity":"","overlay-gradient":""},"tablet":{"background-color":"var(--ast-global-color-5)","background-image":"","background-repeat":"repeat","background-position":"center center","background-size":"auto","background-attachment":"scroll","background-type":"","background-media":"","overlay-type":"","overlay-color":"","overlay-opacity":"","overlay-gradient":""},"mobile":{"background-color":"var(--ast-global-color-5)","background-image":"","background-repeat":"repeat","background-position":"center center","background-size":"auto","background-attachment":"scroll","background-type":"","background-media":"","overlay-type":"","overlay-color":"","overlay-opacity":"","overlay-gradient":""}}},"product_brand":[1352],"product_cat":[343],"product_tag":[],"class_list":{"0":"post-18046","1":"product","2":"type-product","3":"status-publish","4":"has-post-thumbnail","6":"product_brand-finca-moncloa","7":"product_cat-rotwein","8":"desktop-align-left","9":"tablet-align-left","10":"mobile-align-left","12":"first","13":"instock","14":"taxable","15":"shipping-taxable","16":"purchasable","17":"product-type-simple"},"_links":{"self":[{"href":"https:\/\/andalubox.com\/de\/wp-json\/wp\/v2\/product\/18046","targetHints":{"allow":["GET"]}}],"collection":[{"href":"https:\/\/andalubox.com\/de\/wp-json\/wp\/v2\/product"}],"about":[{"href":"https:\/\/andalubox.com\/de\/wp-json\/wp\/v2\/types\/product"}],"replies":[{"embeddable":true,"href":"https:\/\/andalubox.com\/de\/wp-json\/wp\/v2\/comments?post=18046"}],"wp:featuredmedia":[{"embeddable":true,"href":"https:\/\/andalubox.com\/de\/wp-json\/wp\/v2\/media\/18043"}],"wp:attachment":[{"href":"https:\/\/andalubox.com\/de\/wp-json\/wp\/v2\/media?parent=18046"}],"wp:term":[{"taxonomy":"product_brand","embeddable":true,"href":"https:\/\/andalubox.com\/de\/wp-json\/wp\/v2\/product_brand?post=18046"},{"taxonomy":"product_cat","embeddable":true,"href":"https:\/\/andalubox.com\/de\/wp-json\/wp\/v2\/product_cat?post=18046"},{"taxonomy":"product_tag","embeddable":true,"href":"https:\/\/andalubox.com\/de\/wp-json\/wp\/v2\/product_tag?post=18046"}],"curies":[{"name":"wp","href":"https:\/\/api.w.org\/{rel}","templated":true}]}}