{"id":18022,"date":"2025-02-18T15:33:50","date_gmt":"2025-02-18T14:33:50","guid":{"rendered":"https:\/\/andalubox.com\/producto-andaluz\/tio-pepe-fino-una-palma-d-o-p-jerez-50-cl\/"},"modified":"2025-08-02T20:21:36","modified_gmt":"2025-08-02T18:21:36","slug":"tio-pepe-fino-una-palma-d-o-p-jerez-50-cl","status":"publish","type":"product","link":"https:\/\/andalubox.com\/de\/producto-andaluz\/tio-pepe-fino-una-palma-d-o-p-jerez-50-cl\/","title":{"rendered":"T\u00edo Pepe Fino en Rama D.O.P. Jerez, 50cl"},"content":{"rendered":"<p data-start=\"64\" data-end=\"487\">T\u00edo Pepe Fino en Rama D.O.P. Jerez, 50cl<\/p>\n<p data-start=\"64\" data-end=\"487\">Wir von <strong data-start=\"67\" data-end=\"79\">Andalubox<\/strong> sind stolz darauf, Ihnen <strong data-start=\"107\" data-end=\"120\">Una Palma<\/strong> vorstellen zu k\u00f6nnen, einen au\u00dfergew\u00f6hnlichen T\u00edo Pepe Fino, der die reinste Essenz unserer Weinberge in den L\u00e4ndereien <strong data-start=\"210\" data-end=\"224\">Macharnudo<\/strong> und <strong data-start=\"227\" data-end=\"240\">Carrascal<\/strong> widerspiegelt. Dieser Wein wurde <strong data-start=\"294\" data-end=\"304\">6 Jahre<\/strong> lang sorgf\u00e4ltig biologisch nach dem traditionellen System der Criaderas und Soleras ausgebaut. Von insgesamt 139 F\u00e4ssern haben wir drei sorgf\u00e4ltig ausgew\u00e4hlt, um Ihnen dieses \u00f6nologische Juwel anbieten zu k\u00f6nnen.  <\/p>\n<p data-start=\"489\" data-end=\"505\"><strong data-start=\"489\" data-end=\"505\">Ausarbeitung:<\/strong><\/p>\n<ul data-start=\"506\" data-end=\"579\">\n\t<li data-start=\"506\" data-end=\"540\"><strong data-start=\"508\" data-end=\"521\">Sorte:<\/strong> 100% Palomino Fino<\/li>\n\t<li data-start=\"541\" data-end=\"579\"><strong data-start=\"543\" data-end=\"568\">Alkoholgehalt:<\/strong> 15,5% vol.<\/li>\n<\/ul>\n<p data-start=\"581\" data-end=\"598\"><strong data-start=\"581\" data-end=\"598\">Verkostungsnotiz:<\/strong><\/p>\n<ul data-start=\"599\" data-end=\"1056\">\n\t<li data-start=\"599\" data-end=\"711\"><strong data-start=\"601\" data-end=\"611\">Aussehen:<\/strong> Strohgelbe Farbe mit goldenen Reflexen, sauber und leuchtend, mit einem leichten Riss.<\/li>\n\t<li data-start=\"712\" data-end=\"838\"><strong data-start=\"714\" data-end=\"724\">Aroma:<\/strong> Intensive und scharfe Nase, mit Noten von Blumenschleier, Kreide, getrockneten Fr\u00fcchten und Zitrusfr\u00fcchten, salzigen und mineralischen Nuancen.<\/li>\n\t<li data-start=\"839\" data-end=\"1056\"><strong data-start=\"841\" data-end=\"853\">Geschmack:<\/strong> Im Mund ist er frisch, salzig und schmackhaft. Sein Abgang ist anhaltend und ausgewogen und hinterl\u00e4sst Noten von Salz, Haseln\u00fcssen, Hefe, gr\u00fcnen Oliven und Zitrone, die in einem trockenen und leicht bitteren Nachgeschmack gipfeln. <\/li>\n<\/ul>\n<p data-start=\"1058\" data-end=\"1363\"><strong data-start=\"1058\" data-end=\"1071\">Gastronomische Kombinationen:<\/strong> <strong data-start=\"1072\" data-end=\"1085\">Una Palma<\/strong> ist ein au\u00dfergew\u00f6hnlicher Aperitif, der auch perfekt zu Fischeint\u00f6pfen, Reisgerichten und Pasta passt. Er unterstreicht auch die Aromen der asiatischen K\u00fcche, die heute in der ganzen Welt gesch\u00e4tzt wird. Es wird empfohlen, ihn gek\u00fchlt in einem feinen Kristallglas zu servieren, um seine Qualit\u00e4ten voll zur Geltung zu bringen.  <\/p>","protected":false},"excerpt":{"rendered":"<p>T\u00edo Pepe Fino en Rama D.O.P. Jerez, 50cl f\u00fcr den Export nach Europa.<\/p>\n","protected":false},"featured_media":18017,"comment_status":"open","ping_status":"closed","template":"","meta":{"site-sidebar-layout":"default","site-content-layout":"","ast-site-content-layout":"default","site-content-style":"default","site-sidebar-style":"default","ast-global-header-display":"","ast-banner-title-visibility":"","ast-main-header-display":"","ast-hfb-above-header-display":"","ast-hfb-below-header-display":"","ast-hfb-mobile-header-display":"","site-post-title":"","ast-breadcrumbs-content":"","ast-featured-img":"","footer-sml-layout":"","ast-disable-related-posts":"","theme-transparent-header-meta":"default","adv-header-id-meta":"","stick-header-meta":"","header-above-stick-meta":"","header-main-stick-meta":"","header-below-stick-meta":"","astra-migrate-meta-layouts":"default","ast-page-background-enabled":"default","ast-page-background-meta":{"desktop":{"background-color":"var(--ast-global-color-4)","background-image":"","background-repeat":"repeat","background-position":"center center","background-size":"auto","background-attachment":"scroll","background-type":"","background-media":"","overlay-type":"","overlay-color":"","overlay-opacity":"","overlay-gradient":""},"tablet":{"background-color":"","background-image":"","background-repeat":"repeat","background-position":"center center","background-size":"auto","background-attachment":"scroll","background-type":"","background-media":"","overlay-type":"","overlay-color":"","overlay-opacity":"","overlay-gradient":""},"mobile":{"background-color":"","background-image":"","background-repeat":"repeat","background-position":"center center","background-size":"auto","background-attachment":"scroll","background-type":"","background-media":"","overlay-type":"","overlay-color":"","overlay-opacity":"","overlay-gradient":""}},"ast-content-background-meta":{"desktop":{"background-color":"var(--ast-global-color-5)","background-image":"","background-repeat":"repeat","background-position":"center center","background-size":"auto","background-attachment":"scroll","background-type":"","background-media":"","overlay-type":"","overlay-color":"","overlay-opacity":"","overlay-gradient":""},"tablet":{"background-color":"var(--ast-global-color-5)","background-image":"","background-repeat":"repeat","background-position":"center center","background-size":"auto","background-attachment":"scroll","background-type":"","background-media":"","overlay-type":"","overlay-color":"","overlay-opacity":"","overlay-gradient":""},"mobile":{"background-color":"var(--ast-global-color-5)","background-image":"","background-repeat":"repeat","background-position":"center center","background-size":"auto","background-attachment":"scroll","background-type":"","background-media":"","overlay-type":"","overlay-color":"","overlay-opacity":"","overlay-gradient":""}}},"product_brand":[1351],"product_cat":[15],"product_tag":[],"class_list":{"0":"post-18022","1":"product","2":"type-product","3":"status-publish","4":"has-post-thumbnail","6":"product_brand-gonzalez-byass","7":"product_cat-sin-categorizar","8":"desktop-align-left","9":"tablet-align-left","10":"mobile-align-left","12":"first","13":"instock","14":"taxable","15":"shipping-taxable","16":"purchasable","17":"product-type-simple"},"_links":{"self":[{"href":"https:\/\/andalubox.com\/de\/wp-json\/wp\/v2\/product\/18022","targetHints":{"allow":["GET"]}}],"collection":[{"href":"https:\/\/andalubox.com\/de\/wp-json\/wp\/v2\/product"}],"about":[{"href":"https:\/\/andalubox.com\/de\/wp-json\/wp\/v2\/types\/product"}],"replies":[{"embeddable":true,"href":"https:\/\/andalubox.com\/de\/wp-json\/wp\/v2\/comments?post=18022"}],"wp:featuredmedia":[{"embeddable":true,"href":"https:\/\/andalubox.com\/de\/wp-json\/wp\/v2\/media\/18017"}],"wp:attachment":[{"href":"https:\/\/andalubox.com\/de\/wp-json\/wp\/v2\/media?parent=18022"}],"wp:term":[{"taxonomy":"product_brand","embeddable":true,"href":"https:\/\/andalubox.com\/de\/wp-json\/wp\/v2\/product_brand?post=18022"},{"taxonomy":"product_cat","embeddable":true,"href":"https:\/\/andalubox.com\/de\/wp-json\/wp\/v2\/product_cat?post=18022"},{"taxonomy":"product_tag","embeddable":true,"href":"https:\/\/andalubox.com\/de\/wp-json\/wp\/v2\/product_tag?post=18022"}],"curies":[{"name":"wp","href":"https:\/\/api.w.org\/{rel}","templated":true}]}}