{"id":17980,"date":"2025-02-18T15:06:48","date_gmt":"2025-02-18T14:06:48","guid":{"rendered":"https:\/\/andalubox.com\/producto-andaluz\/benamiel-brombeerkonfituere-sierra-de-grazalema-cadiz-t-280-g\/"},"modified":"2025-09-23T10:32:04","modified_gmt":"2025-09-23T08:32:04","slug":"benamiel-brombeerkonfituere-sierra-de-grazalema-cadiz-t-280-g","status":"publish","type":"product","link":"https:\/\/andalubox.com\/de\/producto-andaluz\/benamiel-brombeerkonfituere-sierra-de-grazalema-cadiz-t-280-g\/","title":{"rendered":"Benamiel Brombeerkonfit\u00fcre aus der Sierra de Grazalema C\u00e1diz, 280g"},"content":{"rendered":"<h3><span style=\"font-size: 12pt;\">Benamiel Brombeerkonfit\u00fcre aus der Sierra de Grazalema, 280g<\/span><\/h3>\n<p data-start=\"25\" data-end=\"431\">Bei <strong data-start=\"28\" data-end=\"40\">Benamiel<\/strong> ist es unsere Leidenschaft, die besten nat\u00fcrlichen Zutaten in Qualit\u00e4tsprodukte zu verwandeln. Unsere <strong data-start=\"135\" data-end=\"156\">Brombeermarmelade<\/strong> ist eine authentische handwerkliche Delikatesse, die aus handgepfl\u00fcckten Brombeeren in ihrem optimalen Reifezustand hergestellt wird. Mit ihrem intensiven und ausgewogenen Geschmack f\u00e4ngt diese Konfit\u00fcre die wilde Essenz der <strong data-start=\"353\" data-end=\"376\">Sierra de Grazalema<\/strong> ein und bietet mit jedem L\u00f6ffel ein einzigartiges Erlebnis.  <\/p>\n<p data-start=\"433\" data-end=\"790\">Wir stellen unsere Konfit\u00fcre nach traditionellen Methoden her, ohne Konservierungsstoffe oder k\u00fcnstliche Zus\u00e4tze, um die Reinheit und Frische der Brombeeren zu bewahren. Die weiche und leicht faserige Textur konserviert kleine Fruchtst\u00fccke und sorgt f\u00fcr ein nat\u00fcrliches Gef\u00fchl und eine S\u00fc\u00dfe, die mit einer f\u00fcr Brombeeren charakteristischen leichten S\u00e4urenote subtil ausgeglichen wird. <\/p>\n<p>Die Brombeermarmelade von <b>Benamiel<\/b> ist ein handwerkliches Produkt, das die wilde Essenz der <b>Sierra de Grazalema<\/b>, einer nat\u00fcrlichen Enklave in der Provinz C\u00e1diz, einf\u00e4ngt. Hergestellt aus Brombeeren, die in dieser Region gepfl\u00fcckt werden, zeichnet sie sich durch ihren intensiven Geschmack, ihre s\u00e4uerliche Note und ihre Authentizit\u00e4t aus, ohne Konservierungsstoffe oder k\u00fcnstliche Zus\u00e4tze. <\/p>\n<h4>Hauptmerkmale<\/h4>\n<ul>\n\t<li>\n<p><b>Zutaten:<\/b> Brombeeren aus der Sierra de Grazalema und Zucker. Sein reines und nat\u00fcrliches Aroma verdankt er der hohen Konzentration an Fr\u00fcchten, die den Geschmack der Brombeeren in den Vordergrund stellt. <\/p>\n<\/li>\n\t<li>\n<p><b>Textur:<\/b> Seine Textur ist weich, geschmeidig und mit den charakteristischen Kernen der Frucht, was ihm eine rustikale Note und ein sehr angenehmes sensorisches Erlebnis verleiht.<\/p>\n<\/li>\n\t<li>\n<p><b>Geschmack:<\/b> Sie hat eine perfekte Balance zwischen S\u00fc\u00dfe und S\u00e4ure. Der intensive Geschmack von wilden Brombeeren wird durch eine s\u00e4uerliche Note erg\u00e4nzt, die sie komplexer und weniger s\u00fc\u00dflich als andere Konfit\u00fcren macht. <\/p>\n<\/li>\n<\/ul>\n<h4>Speisekombinationen und kulinarische Verwendungen<\/h4>\n<p>Benamiel Brombeermarmelade ist sehr vielseitig und kann sowohl in s\u00fc\u00dfen als auch in herzhaften Rezepten verwendet werden.<\/p>\n<ul>\n\t<li>\n<p><b>Zu K\u00e4se:<\/b> Er passt hervorragend zu <b>Frischk\u00e4se<\/b>, H\u00fcttenk\u00e4se, Ziegenk\u00e4se oder mittelreifem K\u00e4se. Die S\u00e4ure der Konfit\u00fcre kontrastiert und verst\u00e4rkt den Geschmack der Milchprodukte. <\/p>\n<\/li>\n\t<li>\n<p><b>Zum Fr\u00fchst\u00fcck und f\u00fcr Desserts:<\/b> Ideal zum Bestreichen von Toast, rustikalem Brot, Pfannkuchen, Crepes oder als Beilage zu Naturjoghurts.<\/p>\n<\/li>\n\t<li>\n<p><b>In der herzhaften K\u00fcche:<\/b> Er kann verwendet werden, um Saucen f\u00fcr Wild, Ente oder Schweinefleisch eine s\u00fc\u00df-saure Note zu verleihen.<\/p>\n<\/li>\n\t<li>\n<p><b>In der Konditorei:<\/b> Er dient als F\u00fcllung oder Belag f\u00fcr K\u00e4sekuchen, Biskuitkuchen und Muffins.<\/p>\n<\/li>\n<\/ul>\n<h4>Ursprung<\/h4>\n<p>Die Fr\u00fcchte f\u00fcr diese Konfit\u00fcre stammen aus der Sierra de Grazalema, einem Naturpark mit einem einzigartigen Mikroklima, das das Wachstum von gro\u00dfartig schmeckenden Fr\u00fcchten beg\u00fcnstigt. Die handwerkliche Herstellung von Benamiel zielt darauf ab, diese Qualit\u00e4t zu erhalten, so dass jedes Glas ein kleines St\u00fcck der Landschaft von C\u00e1diz ist. <\/p>","protected":false},"excerpt":{"rendered":"<p>Wir von <strong data-start=\"1203\" data-end=\"1215\">Benamiel<\/strong> bringen den authentischen Geschmack von Brombeeren auf Ihren Tisch mit unserer <strong data-start=\"1278\" data-end=\"1299\">Brombeermarmelade<\/strong>, die aus ausgew\u00e4hlten Fr\u00fcchten aus der <strong data-start=\"1355\" data-end=\"1378\">Sierra de Grazalema<\/strong> handgefertigt wird. Ohne Konservierungs- oder Zusatzstoffe ist sie perfekt f\u00fcr Toasts, Desserts und Gourmet-Rezepte. <\/p>\n","protected":false},"featured_media":17970,"comment_status":"open","ping_status":"closed","template":"","meta":{"site-sidebar-layout":"default","site-content-layout":"","ast-site-content-layout":"default","site-content-style":"default","site-sidebar-style":"default","ast-global-header-display":"","ast-banner-title-visibility":"","ast-main-header-display":"","ast-hfb-above-header-display":"","ast-hfb-below-header-display":"","ast-hfb-mobile-header-display":"","site-post-title":"","ast-breadcrumbs-content":"","ast-featured-img":"","footer-sml-layout":"","ast-disable-related-posts":"","theme-transparent-header-meta":"default","adv-header-id-meta":"","stick-header-meta":"","header-above-stick-meta":"","header-main-stick-meta":"","header-below-stick-meta":"","astra-migrate-meta-layouts":"default","ast-page-background-enabled":"default","ast-page-background-meta":{"desktop":{"background-color":"var(--ast-global-color-4)","background-image":"","background-repeat":"repeat","background-position":"center center","background-size":"auto","background-attachment":"scroll","background-type":"","background-media":"","overlay-type":"","overlay-color":"","overlay-opacity":"","overlay-gradient":""},"tablet":{"background-color":"","background-image":"","background-repeat":"repeat","background-position":"center center","background-size":"auto","background-attachment":"scroll","background-type":"","background-media":"","overlay-type":"","overlay-color":"","overlay-opacity":"","overlay-gradient":""},"mobile":{"background-color":"","background-image":"","background-repeat":"repeat","background-position":"center center","background-size":"auto","background-attachment":"scroll","background-type":"","background-media":"","overlay-type":"","overlay-color":"","overlay-opacity":"","overlay-gradient":""}},"ast-content-background-meta":{"desktop":{"background-color":"var(--ast-global-color-5)","background-image":"","background-repeat":"repeat","background-position":"center center","background-size":"auto","background-attachment":"scroll","background-type":"","background-media":"","overlay-type":"","overlay-color":"","overlay-opacity":"","overlay-gradient":""},"tablet":{"background-color":"var(--ast-global-color-5)","background-image":"","background-repeat":"repeat","background-position":"center center","background-size":"auto","background-attachment":"scroll","background-type":"","background-media":"","overlay-type":"","overlay-color":"","overlay-opacity":"","overlay-gradient":""},"mobile":{"background-color":"var(--ast-global-color-5)","background-image":"","background-repeat":"repeat","background-position":"center center","background-size":"auto","background-attachment":"scroll","background-type":"","background-media":"","overlay-type":"","overlay-color":"","overlay-opacity":"","overlay-gradient":""}}},"product_brand":[1372],"product_cat":[15],"product_tag":[],"class_list":{"0":"post-17980","1":"product","2":"type-product","3":"status-publish","4":"has-post-thumbnail","6":"product_brand-benamiel","7":"product_cat-sin-categorizar","8":"desktop-align-left","9":"tablet-align-left","10":"mobile-align-left","12":"first","13":"instock","14":"taxable","15":"shipping-taxable","16":"purchasable","17":"product-type-simple"},"_links":{"self":[{"href":"https:\/\/andalubox.com\/de\/wp-json\/wp\/v2\/product\/17980","targetHints":{"allow":["GET"]}}],"collection":[{"href":"https:\/\/andalubox.com\/de\/wp-json\/wp\/v2\/product"}],"about":[{"href":"https:\/\/andalubox.com\/de\/wp-json\/wp\/v2\/types\/product"}],"replies":[{"embeddable":true,"href":"https:\/\/andalubox.com\/de\/wp-json\/wp\/v2\/comments?post=17980"}],"wp:featuredmedia":[{"embeddable":true,"href":"https:\/\/andalubox.com\/de\/wp-json\/wp\/v2\/media\/17970"}],"wp:attachment":[{"href":"https:\/\/andalubox.com\/de\/wp-json\/wp\/v2\/media?parent=17980"}],"wp:term":[{"taxonomy":"product_brand","embeddable":true,"href":"https:\/\/andalubox.com\/de\/wp-json\/wp\/v2\/product_brand?post=17980"},{"taxonomy":"product_cat","embeddable":true,"href":"https:\/\/andalubox.com\/de\/wp-json\/wp\/v2\/product_cat?post=17980"},{"taxonomy":"product_tag","embeddable":true,"href":"https:\/\/andalubox.com\/de\/wp-json\/wp\/v2\/product_tag?post=17980"}],"curies":[{"name":"wp","href":"https:\/\/api.w.org\/{rel}","templated":true}]}}