{"id":17936,"date":"2025-02-18T12:43:00","date_gmt":"2025-02-18T11:43:00","guid":{"rendered":"https:\/\/andalubox.com\/producto-andaluz\/benamiel-honig-mit-walnuessen-aus-der-sierra-de-grazalema-cadiz-t-280-g\/"},"modified":"2026-01-27T16:42:48","modified_gmt":"2026-01-27T15:42:48","slug":"benamiel-honig-mit-walnuessen-aus-der-sierra-de-grazalema-cadiz-t-280-g","status":"publish","type":"product","link":"https:\/\/andalubox.com\/de\/producto-andaluz\/benamiel-honig-mit-walnuessen-aus-der-sierra-de-grazalema-cadiz-t-280-g\/","title":{"rendered":"Benamiel Honig mit Waln\u00fcssen aus der Sierra de Grazalema C\u00e1diz, 280g"},"content":{"rendered":"<p>Benamiel Honig mit Waln\u00fcssen aus der Sierra de Grazalema C\u00e1diz, 280g<\/p>\n<p>Die Marke <strong data-start=\"85\" data-end=\"97\">Benamiel<\/strong> stammt aus der <strong data-start=\"116\" data-end=\"139\">Sierra de Grazalema<\/strong>, einem Gebiet, das f\u00fcr seine Artenvielfalt und die Qualit\u00e4t seiner Naturprodukte bekannt ist. Es handelt sich um eine exquisite und <strong data-start=\"263\" data-end=\"279\">100% nat\u00fcrliche<\/strong> Kombination, bei der der reine Bienenhonig als nat\u00fcrliches Konservierungsmittel f\u00fcr die N\u00fcsse fungiert, so dass sie ihre Frische und ihren Geschmack bewahren, w\u00e4hrend sie mit der S\u00fc\u00dfe des Honigs impr\u00e4gniert werden. <br><br><strong data-start=\"1101\" data-end=\"1129\">Benamiel Honig mit Waln\u00fcssen<\/strong> ist ein hochwertiges Gourmet-Produkt, handgemacht und ohne Zusatzstoffe, perfekt f\u00fcr Liebhaber von authentischem und gesundem Geschmack.<\/p>\n<p>Honig mit Waln\u00fcssen der Marke <b>Benamiel<\/b> ist ein handwerklich hergestelltes Produkt, das die nat\u00fcrliche S\u00fc\u00dfe des Honigs aus der <b>Sierra de Grazalema<\/b> mit der unverwechselbaren Textur und dem Geschmack von Waln\u00fcssen verbindet. Dieses Produkt ist nicht nur eine Delikatesse, sondern auch eine Quelle von Energie und N\u00e4hrstoffen. <\/p>\n<h4>Hauptmerkmale<\/h4>\n<ul>\n\t<li>\n<p><b>Zutaten:<\/b> Reiner Honig aus der Sierra de Grazalema (normalerweise aus tausend Bl\u00fcten) und ganze oder gehackte Waln\u00fcsse.<\/p>\n<\/li>\n\t<li>\n<p><b>Herkunft:<\/b> Der Honig stammt von Bienenst\u00f6cken aus der Sierra de Grazalema, einer nat\u00fcrlichen Umgebung mit einer gro\u00dfen Vielfalt an Wildpflanzen. Die N\u00fcsse hingegen werden sorgf\u00e4ltig ausgew\u00e4hlt, um sicherzustellen, dass sie von h\u00f6chster Qualit\u00e4t sind und ihren Geschmack und ihre Knusprigkeit liefern. <\/p>\n<\/li>\n\t<li>\n<p><b>Geschmack:<\/b> Der Honig hat einen blumigen und s\u00fc\u00dfen Geschmack, mit Nuancen, die je nach Jahreszeit variieren. Die N\u00fcsse mit ihrem erdigen Geschmack und ihrer leichten Bitterkeit gleichen die S\u00fc\u00dfe des Honigs perfekt aus und ergeben eine harmonische und k\u00f6stliche Kombination. <\/p>\n<\/li>\n\t<li>\n<p><b>Textur:<\/b> Es handelt sich um eine dichte, dickfl\u00fcssige Mischung, bei der die N\u00fcsse in den Honig eintauchen, was ihr eine knackige Textur verleiht, die im Kontrast zur Geschmeidigkeit der goldenen Fl\u00fcssigkeit steht.<\/p>\n<\/li>\n<\/ul>\n<h4>Speisekombinationen und kulinarische Verwendungen<\/h4>\n<p>Nussiger Honig ist ein vielseitiges Produkt, das auf viele Arten genossen werden kann.<\/p>\n<ul>\n\t<li>\n<p><b>Mit K\u00e4se:<\/b> Dies ist eine klassische und k\u00f6stliche Kombination. Er passt besonders gut zu <b>reifen K\u00e4sesorten<\/b>, Blauschimmelk\u00e4se und Ziegenk\u00e4se, da die S\u00fc\u00dfe des Honigs und das Aroma der Waln\u00fcsse die intensiven Aromen des K\u00e4ses verst\u00e4rken. <\/p>\n<\/li>\n\t<li>\n<p><b>Zum Fr\u00fchst\u00fcck und f\u00fcr Desserts:<\/b> Ideal als Brotaufstrich auf Toast, Pfannkuchen oder als Beilage zu Naturjoghurt und Vanilleeis, um dem Ganzen einen Hauch von Geschmack und Textur zu verleihen.<\/p>\n<\/li>\n\t<li>\n<p><b>In der herzhaften K\u00fcche:<\/b> Er kann zum Glasieren von Schweine- oder Entenfleisch verwendet werden, oder um Ziegenk\u00e4sesalaten eine s\u00fc\u00df-saure Note zu verleihen.<\/p>\n<\/li>\n<\/ul>","protected":false},"excerpt":{"rendered":"<p><strong data-start=\"1311\" data-end=\"1339\">Benamiel Honig mit Waln\u00fcssen<\/strong> ist eine k\u00f6stliche <strong data-start=\"1369\" data-end=\"1385\">100% nat\u00fcrliche<\/strong> Kombination aus reinem Honig und ganzen Waln\u00fcssen aus der <strong data-start=\"1422\" data-end=\"1445\">Sierra de Grazalema<\/strong>. Er ist ideal f\u00fcr sich allein oder als Beilage zu Desserts und Gourmetgerichten und zeichnet sich durch seinen authentischen Geschmack und seinen hohen N\u00e4hrwert aus. <\/p>\n","protected":false},"featured_media":17935,"comment_status":"open","ping_status":"closed","template":"","meta":{"site-sidebar-layout":"default","site-content-layout":"","ast-site-content-layout":"default","site-content-style":"default","site-sidebar-style":"default","ast-global-header-display":"","ast-banner-title-visibility":"","ast-main-header-display":"","ast-hfb-above-header-display":"","ast-hfb-below-header-display":"","ast-hfb-mobile-header-display":"","site-post-title":"","ast-breadcrumbs-content":"","ast-featured-img":"","footer-sml-layout":"","ast-disable-related-posts":"","theme-transparent-header-meta":"default","adv-header-id-meta":"","stick-header-meta":"","header-above-stick-meta":"","header-main-stick-meta":"","header-below-stick-meta":"","astra-migrate-meta-layouts":"default","ast-page-background-enabled":"default","ast-page-background-meta":{"desktop":{"background-color":"var(--ast-global-color-4)","background-image":"","background-repeat":"repeat","background-position":"center center","background-size":"auto","background-attachment":"scroll","background-type":"","background-media":"","overlay-type":"","overlay-color":"","overlay-opacity":"","overlay-gradient":""},"tablet":{"background-color":"","background-image":"","background-repeat":"repeat","background-position":"center center","background-size":"auto","background-attachment":"scroll","background-type":"","background-media":"","overlay-type":"","overlay-color":"","overlay-opacity":"","overlay-gradient":""},"mobile":{"background-color":"","background-image":"","background-repeat":"repeat","background-position":"center center","background-size":"auto","background-attachment":"scroll","background-type":"","background-media":"","overlay-type":"","overlay-color":"","overlay-opacity":"","overlay-gradient":""}},"ast-content-background-meta":{"desktop":{"background-color":"var(--ast-global-color-5)","background-image":"","background-repeat":"repeat","background-position":"center center","background-size":"auto","background-attachment":"scroll","background-type":"","background-media":"","overlay-type":"","overlay-color":"","overlay-opacity":"","overlay-gradient":""},"tablet":{"background-color":"var(--ast-global-color-5)","background-image":"","background-repeat":"repeat","background-position":"center center","background-size":"auto","background-attachment":"scroll","background-type":"","background-media":"","overlay-type":"","overlay-color":"","overlay-opacity":"","overlay-gradient":""},"mobile":{"background-color":"var(--ast-global-color-5)","background-image":"","background-repeat":"repeat","background-position":"center center","background-size":"auto","background-attachment":"scroll","background-type":"","background-media":"","overlay-type":"","overlay-color":"","overlay-opacity":"","overlay-gradient":""}}},"product_brand":[1372],"product_cat":[15],"product_tag":[],"class_list":{"0":"post-17936","1":"product","2":"type-product","3":"status-publish","4":"has-post-thumbnail","6":"product_brand-benamiel","7":"product_cat-sin-categorizar","8":"desktop-align-left","9":"tablet-align-left","10":"mobile-align-left","12":"first","13":"instock","14":"taxable","15":"shipping-taxable","16":"purchasable","17":"product-type-simple"},"_links":{"self":[{"href":"https:\/\/andalubox.com\/de\/wp-json\/wp\/v2\/product\/17936","targetHints":{"allow":["GET"]}}],"collection":[{"href":"https:\/\/andalubox.com\/de\/wp-json\/wp\/v2\/product"}],"about":[{"href":"https:\/\/andalubox.com\/de\/wp-json\/wp\/v2\/types\/product"}],"replies":[{"embeddable":true,"href":"https:\/\/andalubox.com\/de\/wp-json\/wp\/v2\/comments?post=17936"}],"wp:featuredmedia":[{"embeddable":true,"href":"https:\/\/andalubox.com\/de\/wp-json\/wp\/v2\/media\/17935"}],"wp:attachment":[{"href":"https:\/\/andalubox.com\/de\/wp-json\/wp\/v2\/media?parent=17936"}],"wp:term":[{"taxonomy":"product_brand","embeddable":true,"href":"https:\/\/andalubox.com\/de\/wp-json\/wp\/v2\/product_brand?post=17936"},{"taxonomy":"product_cat","embeddable":true,"href":"https:\/\/andalubox.com\/de\/wp-json\/wp\/v2\/product_cat?post=17936"},{"taxonomy":"product_tag","embeddable":true,"href":"https:\/\/andalubox.com\/de\/wp-json\/wp\/v2\/product_tag?post=17936"}],"curies":[{"name":"wp","href":"https:\/\/api.w.org\/{rel}","templated":true}]}}