{"id":17447,"date":"2025-01-29T10:44:25","date_gmt":"2025-01-29T09:44:25","guid":{"rendered":"https:\/\/andalubox.com\/producto-andaluz\/macan-classic-rothschildvega-sicilia-jahrgang-2020-75-cl\/"},"modified":"2026-01-27T16:42:50","modified_gmt":"2026-01-27T15:42:50","slug":"macan-classic-rothschildvega-sicilia-jahrgang-2020-75-cl","status":"publish","type":"product","link":"https:\/\/andalubox.com\/de\/producto-andaluz\/macan-classic-rothschildvega-sicilia-jahrgang-2020-75-cl\/","title":{"rendered":"Mac\u00e1n Classic Rothschild &amp; Vega Sicilia Vintage 2020 75cl"},"content":{"rendered":"<div id=\"chat-history\" class=\"chat-history-scroll-container\">\n<div id=\"92e0d0f65d47d8fc\" class=\"conversation-container message-actions-hover-boundary ng-star-inserted\">\n<div class=\"response-container ng-tns-c2903524867-161 response-container-with-gpi ng-star-inserted response-container-has-multiple-responses\">\n<div class=\"presented-response-container ng-tns-c2903524867-161\">\n<div class=\"response-container-content ng-tns-c2903524867-161\">\n<div class=\"response-content ng-tns-c2903524867-161\">\n<div id=\"model-response-message-contentr_92e0d0f65d47d8fc\" class=\"markdown markdown-main-panel enable-updated-hr-color\" dir=\"ltr\">\n<h3><span style=\"font-size: 12pt;\">Mac\u00e1n Classic Rothschild &amp; Vega Sicilia Jahrgang 2020, 75cl<\/span><\/h3>\n<p>Mac\u00e1n Cl\u00e1sico ist ein Rotwein, der aus einer einzigartigen Partnerschaft zwischen zwei Giganten der Weinwelt entstanden ist: dem spanischen Weingut <b>Vega Sicilia<\/b> und dem franz\u00f6sischen Weingut <b>Baron Benjamin de Rothschild<\/b>. Dieses Projekt, bekannt als &#8220;Bodegas Benjamin de Rothschild &amp; Vega Sicilia&#8221;, liegt in der Denominaci\u00f3n de Origen Calificada (DOCa) Rioja. Der Mac\u00e1n Cl\u00e1sico, in seinem Jahrgang 2020, ist der direkteste und zug\u00e4nglichste Ausdruck dieses Terroirs.  <\/p>\n<h4>Hauptmerkmale<\/h4>\n<ul>\n\t<li>\n<p><b>Weintyp:<\/b> Crianza-Rotwein.<\/p>\n<\/li>\n\t<li>\n<p><b>Ursprungsbezeichnung:<\/b> D.O.C.a. Rioja.<\/p>\n<\/li>\n\t<li>\n<p><b>Traube:<\/b> 100% Tempranillo. Die Trauben stammen von Weinbergen in der Rioja Alavesa, die sich durch ihre lehmig-kalkigen B\u00f6den und ihr Mikroklima auszeichnet. <\/p>\n<\/li>\n\t<li>\n<p><b>Jahrgang:<\/b> 2020.<\/p>\n<\/li>\n\t<li>\n<p><b>Ausbau:<\/b> Der Wein wird 12-15 Monate lang in franz\u00f6sischen Eichenf\u00e4ssern (50% neue F\u00e4sser und 50% F\u00e4sser aus zweiter Hand) ausgebaut. Dieser Prozess zielt darauf ab, das Holz auf subtile Weise zu integrieren und die Frucht und den Charakter der Trauben zu respektieren. <\/p>\n<\/li>\n\t<li>\n<p><b>Farbe:<\/b> Intensives, leuchtendes Kirschrot mit violetten T\u00f6nen.<\/p>\n<\/li>\n<\/ul>\n<h4>Verkostungsnotizen<\/h4>\n<ul>\n\t<li>\n<p><b>Bouquet (Aroma):<\/b> Ein sehr aromatischer und eleganter Wein. Er vereint Noten von roten und schwarzen Fr\u00fcchten (Erdbeere, Kirsche, Brombeere, Pflaume) mit Ankl\u00e4ngen von s\u00fc\u00dfen Gew\u00fcrzen, Kakao, Tabak und einem mineralischen Hintergrund. <\/p>\n<\/li>\n\t<li>\n<p><b>Gaumen (Geschmack):<\/b> Am Gaumen ist er frisch, ausgewogen und mit lebendiger S\u00e4ure. Es ist ein mittelkr\u00e4ftiger Wein mit weichen, eleganten Tanninen. Die Fruchtaromen best\u00e4tigen sich am Gaumen, und der Abgang ist lang und anhaltend.  <\/p>\n<\/li>\n<\/ul>\n<h4>Paarung<\/h4>\n<p>Der Mac\u00e1n Cl\u00e1sico ist ein vielseitiger Wein, der gut zu einer Vielzahl von Gerichten passt. Er ist ideal f\u00fcr: <\/p>\n<ul>\n\t<li>\n<p><b>Fleisch:<\/b> Gegrilltes oder gegrilltes rotes Fleisch, Braten und Eint\u00f6pfe.<\/p>\n<\/li>\n\t<li>\n<p><b>Reisgerichte:<\/b> Passt sehr gut zu Reisgerichten mit Fleisch oder Pilzen.<\/p>\n<\/li>\n\t<li>\n<p><b>K\u00e4sesorten:<\/b> Mittelreife K\u00e4sesorten.<\/p>\n<\/li>\n<\/ul>\n<h4>Service Temperatur<\/h4>\n<p>Um seine Qualit\u00e4ten voll zu genie\u00dfen, wird empfohlen, ihn zwischen <b>16\u00b0C und 18\u00b0C<\/b> zu servieren. Der Wein kann etwa 30 Minuten vor dem Servieren dekantiert werden, damit er l\u00fcften kann und seine Aromen besser zum Ausdruck kommen. <\/p>\n<\/div>\n<\/div>\n<\/div>\n<\/div>\n<\/div>\n<\/div>\n<\/div>","protected":false},"excerpt":{"rendered":"<p>Der kleine Bruder von Mac\u00e1n ist<strong> Vega Sicilias<\/strong> Verweis auf die gro\u00dfen Weine der D.O.Ca. Dieser Jahrgang 2020 <strong> <\/strong>bietet einen<strong> fr\u00f6hlicheren, lebendigeren und lustigeren <\/strong>Ausdruck als fr\u00fchere Jahrg\u00e4nge. Es handelt sich um einen Wein, der allm\u00e4hlich<strong> seinen Stil festigt<\/strong>, der mit dem Gebiet der Rioja sonserrana verbunden ist, das von den Ausl\u00e4ufern der kantabrischen Gebirgskette aus eine jahrhundertelange Weinbautradition und -kultur angesammelt hat.   <\/p>\n","protected":false},"featured_media":17444,"template":"","meta":{"site-sidebar-layout":"default","site-content-layout":"","ast-site-content-layout":"default","site-content-style":"default","site-sidebar-style":"default","ast-global-header-display":"","ast-banner-title-visibility":"","ast-main-header-display":"","ast-hfb-above-header-display":"","ast-hfb-below-header-display":"","ast-hfb-mobile-header-display":"","site-post-title":"","ast-breadcrumbs-content":"","ast-featured-img":"","footer-sml-layout":"","ast-disable-related-posts":"","theme-transparent-header-meta":"default","adv-header-id-meta":"","stick-header-meta":"","header-above-stick-meta":"","header-main-stick-meta":"","header-below-stick-meta":"","astra-migrate-meta-layouts":"default","ast-page-background-enabled":"default","ast-page-background-meta":{"desktop":{"background-color":"var(--ast-global-color-4)","background-image":"","background-repeat":"repeat","background-position":"center center","background-size":"auto","background-attachment":"scroll","background-type":"","background-media":"","overlay-type":"","overlay-color":"","overlay-opacity":"","overlay-gradient":""},"tablet":{"background-color":"","background-image":"","background-repeat":"repeat","background-position":"center center","background-size":"auto","background-attachment":"scroll","background-type":"","background-media":"","overlay-type":"","overlay-color":"","overlay-opacity":"","overlay-gradient":""},"mobile":{"background-color":"","background-image":"","background-repeat":"repeat","background-position":"center center","background-size":"auto","background-attachment":"scroll","background-type":"","background-media":"","overlay-type":"","overlay-color":"","overlay-opacity":"","overlay-gradient":""}},"ast-content-background-meta":{"desktop":{"background-color":"var(--ast-global-color-5)","background-image":"","background-repeat":"repeat","background-position":"center center","background-size":"auto","background-attachment":"scroll","background-type":"","background-media":"","overlay-type":"","overlay-color":"","overlay-opacity":"","overlay-gradient":""},"tablet":{"background-color":"var(--ast-global-color-5)","background-image":"","background-repeat":"repeat","background-position":"center center","background-size":"auto","background-attachment":"scroll","background-type":"","background-media":"","overlay-type":"","overlay-color":"","overlay-opacity":"","overlay-gradient":""},"mobile":{"background-color":"var(--ast-global-color-5)","background-image":"","background-repeat":"repeat","background-position":"center center","background-size":"auto","background-attachment":"scroll","background-type":"","background-media":"","overlay-type":"","overlay-color":"","overlay-opacity":"","overlay-gradient":""}}},"product_brand":[1370],"product_cat":[418,358,343],"product_tag":[],"class_list":{"0":"post-17447","1":"product","2":"type-product","3":"status-publish","4":"has-post-thumbnail","6":"product_brand-macan","7":"product_cat-andalubox-exklusiv","8":"product_cat-nachrichten","9":"product_cat-rotwein","10":"desktop-align-left","11":"tablet-align-left","12":"mobile-align-left","14":"first","15":"instock","16":"taxable","17":"shipping-taxable","18":"purchasable","19":"product-type-simple"},"_links":{"self":[{"href":"https:\/\/andalubox.com\/de\/wp-json\/wp\/v2\/product\/17447","targetHints":{"allow":["GET"]}}],"collection":[{"href":"https:\/\/andalubox.com\/de\/wp-json\/wp\/v2\/product"}],"about":[{"href":"https:\/\/andalubox.com\/de\/wp-json\/wp\/v2\/types\/product"}],"wp:featuredmedia":[{"embeddable":true,"href":"https:\/\/andalubox.com\/de\/wp-json\/wp\/v2\/media\/17444"}],"wp:attachment":[{"href":"https:\/\/andalubox.com\/de\/wp-json\/wp\/v2\/media?parent=17447"}],"wp:term":[{"taxonomy":"product_brand","embeddable":true,"href":"https:\/\/andalubox.com\/de\/wp-json\/wp\/v2\/product_brand?post=17447"},{"taxonomy":"product_cat","embeddable":true,"href":"https:\/\/andalubox.com\/de\/wp-json\/wp\/v2\/product_cat?post=17447"},{"taxonomy":"product_tag","embeddable":true,"href":"https:\/\/andalubox.com\/de\/wp-json\/wp\/v2\/product_tag?post=17447"}],"curies":[{"name":"wp","href":"https:\/\/api.w.org\/{rel}","templated":true}]}}