{"id":17266,"date":"2025-01-17T14:59:59","date_gmt":"2025-01-17T13:59:59","guid":{"rendered":"https:\/\/andalubox.com\/producto-andaluz\/antequera-blume-und-fliesen-aus-malaga-in-einer-schachtel-von-225-gr\/"},"modified":"2025-09-23T22:06:00","modified_gmt":"2025-09-23T20:06:00","slug":"antequera-blume-und-fliesen-aus-malaga-in-einer-schachtel-von-225-gr","status":"publish","type":"product","link":"https:\/\/andalubox.com\/de\/producto-andaluz\/antequera-blume-und-fliesen-aus-malaga-in-einer-schachtel-von-225-gr\/","title":{"rendered":"Flor de Antequera Tejas Malague\u00f1as Kiste 225g"},"content":{"rendered":"<p>Flor de Antequera Tejas Malague\u00f1as Kiste 225g<\/p>\n<p>Tejas, die in einer praktischen Blisterpackung von 225 Gramm angeboten werden, sind das Ergebnis eines sorgf\u00e4ltigen handwerklichen Verfahrens, bei dem Mehl, Zucker und ausgew\u00e4hlte Mandeln zu einem knusprigen und zarten Snack verarbeitet werden. Diese goldenen Bl\u00e4tter mit leicht gew\u00f6lbten R\u00e4ndern sind Teil der spanischen S\u00fc\u00dfwarentradition und erinnern an die W\u00e4rme von hausgemachten Rezepten und die Liebe zu kleinen Details. <\/p>\n<p>Der vorherrschende Mandelgeschmack, der durch die subtile S\u00fc\u00dfe des Karamells noch verst\u00e4rkt wird, schmilzt bei jedem Bissen mit einer leichten und kr\u00fcmeligen Textur, die zum Wiederholen einl\u00e4dt. Dank ihres Formats bleiben diese Tejas frisch und k\u00f6nnen jederzeit genossen werden, ob zu einer Tasse Kaffee oder als Kr\u00f6nung eines aufwendigen Desserts. Mit jedem Knuspern k\u00f6nnen Sie das Engagement von Uni\u00f3nMels f\u00fcr ein Qualit\u00e4tsprodukt sch\u00e4tzen, das die Essenz der traditionellen S\u00fc\u00dfwaren wieder aufleben l\u00e4sst.  <\/p>\n<p>&nbsp;<\/p>\n<p>&nbsp;<\/p>","protected":false},"excerpt":{"rendered":"<p>UnionMels Tejas sind knusprige Bonbons, die auf traditionelle Weise mit einer ausgewogenen Mischung aus hochwertigen Zutaten hergestellt werden. Ihre feine Textur und der angenehme Mandelgeschmack machen sie zu einer perfekten Erg\u00e4nzung zu Kaffee oder Tee, aber auch zu einer k\u00f6stlichen s\u00fc\u00dfen Leckerei f\u00fcr jede Tageszeit. <\/p>\n","protected":false},"featured_media":30253,"comment_status":"open","ping_status":"closed","template":"","meta":{"site-sidebar-layout":"default","site-content-layout":"","ast-site-content-layout":"default","site-content-style":"default","site-sidebar-style":"default","ast-global-header-display":"","ast-banner-title-visibility":"","ast-main-header-display":"","ast-hfb-above-header-display":"","ast-hfb-below-header-display":"","ast-hfb-mobile-header-display":"","site-post-title":"","ast-breadcrumbs-content":"","ast-featured-img":"","footer-sml-layout":"","ast-disable-related-posts":"","theme-transparent-header-meta":"default","adv-header-id-meta":"","stick-header-meta":"","header-above-stick-meta":"","header-main-stick-meta":"","header-below-stick-meta":"","astra-migrate-meta-layouts":"default","ast-page-background-enabled":"default","ast-page-background-meta":{"desktop":{"background-color":"var(--ast-global-color-4)","background-image":"","background-repeat":"repeat","background-position":"center center","background-size":"auto","background-attachment":"scroll","background-type":"","background-media":"","overlay-type":"","overlay-color":"","overlay-opacity":"","overlay-gradient":""},"tablet":{"background-color":"","background-image":"","background-repeat":"repeat","background-position":"center center","background-size":"auto","background-attachment":"scroll","background-type":"","background-media":"","overlay-type":"","overlay-color":"","overlay-opacity":"","overlay-gradient":""},"mobile":{"background-color":"","background-image":"","background-repeat":"repeat","background-position":"center center","background-size":"auto","background-attachment":"scroll","background-type":"","background-media":"","overlay-type":"","overlay-color":"","overlay-opacity":"","overlay-gradient":""}},"ast-content-background-meta":{"desktop":{"background-color":"var(--ast-global-color-5)","background-image":"","background-repeat":"repeat","background-position":"center center","background-size":"auto","background-attachment":"scroll","background-type":"","background-media":"","overlay-type":"","overlay-color":"","overlay-opacity":"","overlay-gradient":""},"tablet":{"background-color":"var(--ast-global-color-5)","background-image":"","background-repeat":"repeat","background-position":"center center","background-size":"auto","background-attachment":"scroll","background-type":"","background-media":"","overlay-type":"","overlay-color":"","overlay-opacity":"","overlay-gradient":""},"mobile":{"background-color":"var(--ast-global-color-5)","background-image":"","background-repeat":"repeat","background-position":"center center","background-size":"auto","background-attachment":"scroll","background-type":"","background-media":"","overlay-type":"","overlay-color":"","overlay-opacity":"","overlay-gradient":""}}},"product_brand":[1143],"product_cat":[],"product_tag":[],"class_list":{"0":"post-17266","1":"product","2":"type-product","3":"status-publish","4":"has-post-thumbnail","6":"product_brand-flor-de-antequera","7":"desktop-align-left","8":"tablet-align-left","9":"mobile-align-left","11":"first","12":"outofstock","13":"taxable","14":"shipping-taxable","15":"purchasable","16":"product-type-simple"},"_links":{"self":[{"href":"https:\/\/andalubox.com\/de\/wp-json\/wp\/v2\/product\/17266","targetHints":{"allow":["GET"]}}],"collection":[{"href":"https:\/\/andalubox.com\/de\/wp-json\/wp\/v2\/product"}],"about":[{"href":"https:\/\/andalubox.com\/de\/wp-json\/wp\/v2\/types\/product"}],"replies":[{"embeddable":true,"href":"https:\/\/andalubox.com\/de\/wp-json\/wp\/v2\/comments?post=17266"}],"wp:featuredmedia":[{"embeddable":true,"href":"https:\/\/andalubox.com\/de\/wp-json\/wp\/v2\/media\/30253"}],"wp:attachment":[{"href":"https:\/\/andalubox.com\/de\/wp-json\/wp\/v2\/media?parent=17266"}],"wp:term":[{"taxonomy":"product_brand","embeddable":true,"href":"https:\/\/andalubox.com\/de\/wp-json\/wp\/v2\/product_brand?post=17266"},{"taxonomy":"product_cat","embeddable":true,"href":"https:\/\/andalubox.com\/de\/wp-json\/wp\/v2\/product_cat?post=17266"},{"taxonomy":"product_tag","embeddable":true,"href":"https:\/\/andalubox.com\/de\/wp-json\/wp\/v2\/product_tag?post=17266"}],"curies":[{"name":"wp","href":"https:\/\/api.w.org\/{rel}","templated":true}]}}