{"id":17221,"date":"2025-01-17T12:41:12","date_gmt":"2025-01-17T11:41:12","guid":{"rendered":"https:\/\/andalubox.com\/producto-andaluz\/porto-muinos-seetang-salat-in-bio-olivenoel-dose-120g\/"},"modified":"2026-01-27T16:42:55","modified_gmt":"2026-01-27T15:42:55","slug":"porto-muinos-seetang-salat-in-bio-olivenoel-dose-120g","status":"publish","type":"product","link":"https:\/\/andalubox.com\/de\/producto-andaluz\/porto-muinos-seetang-salat-in-bio-olivenoel-dose-120g\/","title":{"rendered":"Porto Mui\u00f1os Seetang-Salat in Bio-Oliven\u00f6l 120g"},"content":{"rendered":"<p>Porto Mui\u00f1os Seetang-Salat in Bio-Oliven\u00f6l 120g kombiniert den Reichtum der Meeressch\u00e4tze der galicischen K\u00fcste mit der Sanftheit von Bio-Oliven\u00f6l extra vergine. Jede Alge &#8211; ausgew\u00e4hlt nach ihrem Geschmack und ihrer Beschaffenheit &#8211; wird sorgf\u00e4ltig gereinigt und zubereitet, um ihre nahrhaften Eigenschaften und ihre charakteristische Meeresnote zu erhalten. In Kombination mit dem Bio-Oliven\u00f6l ergibt sich ein Salat mit ausgewogenen Nuancen, bei dem die salzigen Noten der Algen mit dem fruchtigen und delikaten Geschmack des \u00d6ls harmonieren.  <\/p>\n<p>Porto Mui\u00f1os Meeresalgen-Salat in Bio-Oliven\u00f6l 120g ist eine Kombination aus drei verschiedenen Meeresalgen, die ihm eine Vielfalt an Texturen und Aromen verleiht:<\/p>\n<ul>\n\t<li>\n<p><b>Verwendete Algen:<\/b><\/p>\n<ol start=\"1\">\n\t<li>\n<p><b>Wakame<\/b><i>(Undaria pinnatifida<\/i>): Sorgt f\u00fcr Geschmeidigkeit.<\/p>\n<\/li>\n\t<li>\n<p><b>Kombu<\/b><i>(Laminaria spp.<\/i> oder <i>Ochroleuca<\/i>): Liefert einen intensiven Geschmack und eine fleischigere Textur.<\/p>\n<\/li>\n\t<li>\n<p><b>Meeresspaghetti<\/b><i>(Himanthalia elongata<\/i>): Bietet eine knusprige und l\u00e4ngliche Textur.<\/p>\n<\/li>\n<\/ol>\n<\/li>\n\t<li>\n<p><b>Dressing:<\/b> Das Dressing ist einfach und besteht haupts\u00e4chlich aus <b>nativem Oliven\u00f6l extra<\/b> (zusammen mit Sonnenblumen\u00f6l und Meersalz in der Abdeckfl\u00fcssigkeit), um den Geschmack der Meeresfr\u00fcchte zu mildern und den direkten Verzehr zu erleichtern.<\/p>\n<\/li>\n\t<li>\n<p><b>Zertifizierung:<\/b> Das Produkt ist <b>BIO\/Organisch<\/b> zertifiziert <b>(<\/b><b>ES-ECO-022-GA<\/b>), was garantiert, dass die Meeresalgen und das Oliven\u00f6l aus biologischem Anbau\/Produktion stammen.<\/p>\n<\/li>\n\t<li>\n<p><b>Format:<\/b> Verpackt in einer <b>Dose<\/b> <b>mit 120 g<\/b> Nettogewicht (Abtropfgewicht ca. 90 g).<\/p>\n<\/li>\n<\/ul>","protected":false},"excerpt":{"rendered":"<p>Porto Mui\u00f1os Algensalat in Bio-Oliven\u00f6l 120g vereint verschiedene biologisch angebaute Algen mit Bio-Oliven\u00f6l extra vergine. Das Ergebnis ist ein ausgewogener, frischer und n\u00e4hrstoffreicher Snack, ideal als Vorspeise oder um verschiedenen Gerichten eine originelle Note zu verleihen. <\/p>\n","protected":false},"featured_media":31526,"comment_status":"open","ping_status":"closed","template":"","meta":{"site-sidebar-layout":"default","site-content-layout":"","ast-site-content-layout":"default","site-content-style":"default","site-sidebar-style":"default","ast-global-header-display":"","ast-banner-title-visibility":"","ast-main-header-display":"","ast-hfb-above-header-display":"","ast-hfb-below-header-display":"","ast-hfb-mobile-header-display":"","site-post-title":"","ast-breadcrumbs-content":"","ast-featured-img":"","footer-sml-layout":"","ast-disable-related-posts":"","theme-transparent-header-meta":"default","adv-header-id-meta":"","stick-header-meta":"","header-above-stick-meta":"","header-main-stick-meta":"","header-below-stick-meta":"","astra-migrate-meta-layouts":"default","ast-page-background-enabled":"default","ast-page-background-meta":{"desktop":{"background-color":"var(--ast-global-color-4)","background-image":"","background-repeat":"repeat","background-position":"center center","background-size":"auto","background-attachment":"scroll","background-type":"","background-media":"","overlay-type":"","overlay-color":"","overlay-opacity":"","overlay-gradient":""},"tablet":{"background-color":"","background-image":"","background-repeat":"repeat","background-position":"center center","background-size":"auto","background-attachment":"scroll","background-type":"","background-media":"","overlay-type":"","overlay-color":"","overlay-opacity":"","overlay-gradient":""},"mobile":{"background-color":"","background-image":"","background-repeat":"repeat","background-position":"center center","background-size":"auto","background-attachment":"scroll","background-type":"","background-media":"","overlay-type":"","overlay-color":"","overlay-opacity":"","overlay-gradient":""}},"ast-content-background-meta":{"desktop":{"background-color":"var(--ast-global-color-5)","background-image":"","background-repeat":"repeat","background-position":"center center","background-size":"auto","background-attachment":"scroll","background-type":"","background-media":"","overlay-type":"","overlay-color":"","overlay-opacity":"","overlay-gradient":""},"tablet":{"background-color":"var(--ast-global-color-5)","background-image":"","background-repeat":"repeat","background-position":"center center","background-size":"auto","background-attachment":"scroll","background-type":"","background-media":"","overlay-type":"","overlay-color":"","overlay-opacity":"","overlay-gradient":""},"mobile":{"background-color":"var(--ast-global-color-5)","background-image":"","background-repeat":"repeat","background-position":"center center","background-size":"auto","background-attachment":"scroll","background-type":"","background-media":"","overlay-type":"","overlay-color":"","overlay-opacity":"","overlay-gradient":""}}},"product_brand":[1367],"product_cat":[],"product_tag":[],"class_list":{"0":"post-17221","1":"product","2":"type-product","3":"status-publish","4":"has-post-thumbnail","6":"product_brand-porto-muinos","7":"desktop-align-left","8":"tablet-align-left","9":"mobile-align-left","11":"first","12":"instock","13":"taxable","14":"shipping-taxable","15":"purchasable","16":"product-type-simple"},"_links":{"self":[{"href":"https:\/\/andalubox.com\/de\/wp-json\/wp\/v2\/product\/17221","targetHints":{"allow":["GET"]}}],"collection":[{"href":"https:\/\/andalubox.com\/de\/wp-json\/wp\/v2\/product"}],"about":[{"href":"https:\/\/andalubox.com\/de\/wp-json\/wp\/v2\/types\/product"}],"replies":[{"embeddable":true,"href":"https:\/\/andalubox.com\/de\/wp-json\/wp\/v2\/comments?post=17221"}],"wp:featuredmedia":[{"embeddable":true,"href":"https:\/\/andalubox.com\/de\/wp-json\/wp\/v2\/media\/31526"}],"wp:attachment":[{"href":"https:\/\/andalubox.com\/de\/wp-json\/wp\/v2\/media?parent=17221"}],"wp:term":[{"taxonomy":"product_brand","embeddable":true,"href":"https:\/\/andalubox.com\/de\/wp-json\/wp\/v2\/product_brand?post=17221"},{"taxonomy":"product_cat","embeddable":true,"href":"https:\/\/andalubox.com\/de\/wp-json\/wp\/v2\/product_cat?post=17221"},{"taxonomy":"product_tag","embeddable":true,"href":"https:\/\/andalubox.com\/de\/wp-json\/wp\/v2\/product_tag?post=17221"}],"curies":[{"name":"wp","href":"https:\/\/api.w.org\/{rel}","templated":true}]}}