{"id":15802,"date":"2024-12-13T11:17:53","date_gmt":"2024-12-13T10:17:53","guid":{"rendered":"https:\/\/andalubox.com\/producto-andaluz\/vina-tondonia-reserva-rot-75-cl\/"},"modified":"2026-01-27T16:42:42","modified_gmt":"2026-01-27T15:42:42","slug":"vina-tondonia-reserva-rot-75-cl","status":"publish","type":"product","link":"https:\/\/andalubox.com\/de\/producto-andaluz\/vina-tondonia-reserva-rot-75-cl\/","title":{"rendered":"Vi\u00f1a Tondonia Reserva Rotwein D.O.P. Rioja 75cl"},"content":{"rendered":"<p>Vi\u00f1a Tondonia Tinto Reserva ist ein ikonischer Wein der Rioja D.O.Ca. Rioja, hergestellt von den renommierten Bodegas R. L\u00f3pez de Heredia, einem der \u00e4ltesten und traditionsreichsten Weing\u00fcter der Region. Dieser Wein ist ein getreues Abbild des klassischen Rioja-Stils.  <\/p>\n<h3>Merkmale und Produktion<\/h3>\n<ul>\n\t<li>\n<p><b>Rebsorten<\/b>: Er wird aus einer Mischung von Trauben aus den eigenen Weinbergen hergestellt, haupts\u00e4chlich Tempranillo (75%), erg\u00e4nzt durch Garnacha (15%), Graciano und Mazuelo (10%).<\/p>\n<\/li>\n\t<li>\n<p><b>Lange Reifung<\/b>: Eine der Besonderheiten dieses Weins ist seine lange Reifung. Er verbringt mindestens 6 Jahre in F\u00e4ssern aus amerikanischer Eiche in den unterirdischen Kellern des Hauses, wo er zweimal im Jahr umgef\u00fcllt wird. Anschlie\u00dfend wird er ungefiltert in Flaschen abgef\u00fcllt und verfeinert sich in der Flasche weiter.  <\/p>\n<\/li>\n\t<li>\n<p><b>Verkostungsnotizen<\/b>:<\/p>\n<ul>\n\t<li>\n<p><b>Aussehen<\/b>: Er hat eine leuchtend rubinrote Farbe mit leichten ziegelroten Reflexen, die charakteristisch f\u00fcr Weine sind, die lange gelagert wurden.<\/p>\n<\/li>\n\t<li>\n<p><b>Bouquet<\/b>: Das Bouquet ist sehr fein und komplex, mit Aromen, die frische, r\u00f6stige, w\u00fcrzige (Vanille) und reife Fruchtnoten vereinen. Es ist ein elegantes und anhaltendes Bouquet. <\/p>\n<\/li>\n\t<li>\n<p><b>Geschmack<\/b>: Am Gaumen ist er ein sehr trockener, weicher und runder Wein mit geschliffenen Tanninen und einer ausgewogenen S\u00e4ure, die ihm gro\u00dfe Frische verleiht. Er ist seidig, gut entwickelt und hat einen langen Abgang. <\/p>\n<\/li>\n<\/ul>\n<\/li>\n<\/ul>\n<h3>Pairing und Service<\/h3>\n<p>Er ist ein vielseitiger Wein, der sehr gut zu einer Vielzahl von Gerichten passt. Er wird empfohlen zu: <\/p>\n<ul>\n\t<li>\n<p>Rotes und wei\u00dfes Fleisch, Braten, Eint\u00f6pfe.<\/p>\n<\/li>\n\t<li>\n<p>Gep\u00f6kelte Wurst- und K\u00e4sesorten.<\/p>\n<\/li>\n\t<li>\n<p>Reis- und Nudelgerichte mit intensiven So\u00dfen.<\/p>\n<\/li>\n\t<li>\n<p>Gerichte mit Kr\u00e4utern und Pilzen.<\/p>\n<\/li>\n<\/ul>\n<p>Es ist ratsam, ihn bei einer Temperatur zwischen 18\u00ba und 20\u00ba C zu servieren, um seine ganze Komplexit\u00e4t zu genie\u00dfen.<\/p>\n<h3>Danksagung<\/h3>\n<p>Vi\u00f1a Tondonia Reserva ist ein Wein, der von Kritikern und Liebhabern klassischer Rioja-Weine sehr gesch\u00e4tzt wird. Er erh\u00e4lt regelm\u00e4\u00dfig hohe Bewertungen in renommierten F\u00fchrern wie Robert Parker oder dem Pe\u00f1\u00edn Guide, was ihn zu einer unverzichtbaren Referenz in der Appellation macht. <\/p>","protected":false},"excerpt":{"rendered":"<p>Vi\u00f1a Tondonia Reserva ist ein ikonischer Rotwein aus der DOCa Rioja, der aus ausgew\u00e4hlten Trauben hergestellt und traditionell in Eichenf\u00e4ssern ausgebaut wird. Er zeichnet sich durch seine aromatische Komplexit\u00e4t, seine eleganten Nuancen von reifen Fr\u00fcchten, Gew\u00fcrzen und Leder sowie durch seinen anhaltenden und harmonischen Geschmack aus. <\/p>\n","protected":false},"featured_media":15801,"comment_status":"open","ping_status":"closed","template":"","meta":{"site-sidebar-layout":"default","site-content-layout":"","ast-site-content-layout":"default","site-content-style":"default","site-sidebar-style":"default","ast-global-header-display":"","ast-banner-title-visibility":"","ast-main-header-display":"","ast-hfb-above-header-display":"","ast-hfb-below-header-display":"","ast-hfb-mobile-header-display":"","site-post-title":"","ast-breadcrumbs-content":"","ast-featured-img":"","footer-sml-layout":"","ast-disable-related-posts":"","theme-transparent-header-meta":"default","adv-header-id-meta":"","stick-header-meta":"","header-above-stick-meta":"","header-main-stick-meta":"","header-below-stick-meta":"","astra-migrate-meta-layouts":"default","ast-page-background-enabled":"default","ast-page-background-meta":{"desktop":{"background-color":"var(--ast-global-color-4)","background-image":"","background-repeat":"repeat","background-position":"center center","background-size":"auto","background-attachment":"scroll","background-type":"","background-media":"","overlay-type":"","overlay-color":"","overlay-opacity":"","overlay-gradient":""},"tablet":{"background-color":"","background-image":"","background-repeat":"repeat","background-position":"center center","background-size":"auto","background-attachment":"scroll","background-type":"","background-media":"","overlay-type":"","overlay-color":"","overlay-opacity":"","overlay-gradient":""},"mobile":{"background-color":"","background-image":"","background-repeat":"repeat","background-position":"center center","background-size":"auto","background-attachment":"scroll","background-type":"","background-media":"","overlay-type":"","overlay-color":"","overlay-opacity":"","overlay-gradient":""}},"ast-content-background-meta":{"desktop":{"background-color":"var(--ast-global-color-5)","background-image":"","background-repeat":"repeat","background-position":"center center","background-size":"auto","background-attachment":"scroll","background-type":"","background-media":"","overlay-type":"","overlay-color":"","overlay-opacity":"","overlay-gradient":""},"tablet":{"background-color":"var(--ast-global-color-5)","background-image":"","background-repeat":"repeat","background-position":"center center","background-size":"auto","background-attachment":"scroll","background-type":"","background-media":"","overlay-type":"","overlay-color":"","overlay-opacity":"","overlay-gradient":""},"mobile":{"background-color":"var(--ast-global-color-5)","background-image":"","background-repeat":"repeat","background-position":"center center","background-size":"auto","background-attachment":"scroll","background-type":"","background-media":"","overlay-type":"","overlay-color":"","overlay-opacity":"","overlay-gradient":""}}},"product_brand":[],"product_cat":[418,343],"product_tag":[],"class_list":{"0":"post-15802","1":"product","2":"type-product","3":"status-publish","4":"has-post-thumbnail","6":"product_cat-andalubox-exklusiv","7":"product_cat-rotwein","8":"desktop-align-left","9":"tablet-align-left","10":"mobile-align-left","12":"first","13":"instock","14":"taxable","15":"shipping-taxable","16":"purchasable","17":"product-type-simple"},"_links":{"self":[{"href":"https:\/\/andalubox.com\/de\/wp-json\/wp\/v2\/product\/15802","targetHints":{"allow":["GET"]}}],"collection":[{"href":"https:\/\/andalubox.com\/de\/wp-json\/wp\/v2\/product"}],"about":[{"href":"https:\/\/andalubox.com\/de\/wp-json\/wp\/v2\/types\/product"}],"replies":[{"embeddable":true,"href":"https:\/\/andalubox.com\/de\/wp-json\/wp\/v2\/comments?post=15802"}],"wp:featuredmedia":[{"embeddable":true,"href":"https:\/\/andalubox.com\/de\/wp-json\/wp\/v2\/media\/15801"}],"wp:attachment":[{"href":"https:\/\/andalubox.com\/de\/wp-json\/wp\/v2\/media?parent=15802"}],"wp:term":[{"taxonomy":"product_brand","embeddable":true,"href":"https:\/\/andalubox.com\/de\/wp-json\/wp\/v2\/product_brand?post=15802"},{"taxonomy":"product_cat","embeddable":true,"href":"https:\/\/andalubox.com\/de\/wp-json\/wp\/v2\/product_cat?post=15802"},{"taxonomy":"product_tag","embeddable":true,"href":"https:\/\/andalubox.com\/de\/wp-json\/wp\/v2\/product_tag?post=15802"}],"curies":[{"name":"wp","href":"https:\/\/api.w.org\/{rel}","templated":true}]}}