{"id":15785,"date":"2024-12-13T10:44:19","date_gmt":"2024-12-13T09:44:19","guid":{"rendered":"https:\/\/andalubox.com\/producto-andaluz\/aromas-de-medina-mantecado-andaluz-de-kinder-1-2-kg\/"},"modified":"2025-06-13T20:19:36","modified_gmt":"2025-06-13T18:19:36","slug":"aromas-de-medina-mantecado-andaluz-de-kinder-1-2-kg","status":"publish","type":"product","link":"https:\/\/andalubox.com\/de\/producto-andaluz\/aromas-de-medina-mantecado-andaluz-de-kinder-1-2-kg\/","title":{"rendered":"Aromas de Medina Mantecado Andaluz de Kinder, 500g"},"content":{"rendered":"<p>Die Kinder Mantecados von der B\u00e4ckerei und Konditorei Pepe el Soldao verbinden die authentischste Tradition mit einem Hauch von Modernit\u00e4t. Auf der Grundlage des handwerklichen Rezepts der andalusischen Mantecados stellen wir einen weichen und delikaten Teig her, der mit der samtigen Textur von feiner Butter und hochwertigem Mehl angereichert ist. Der eigentliche Protagonist ist die Kinderschokolade mit ihrem charakteristischen Milchgeschmack und ihrer ausgewogenen S\u00fc\u00dfe, die sich in jedem Bissen wiederfindet und ein ebenso s\u00fc\u00dfes wie beruhigendes Geschmackserlebnis bietet. Diese Mantecados sind ideal, um Ihren Weihnachtstischen eine einzigartige Note zu verleihen, um sie mit Familie und Freunden zu teilen oder einfach, um sich selbst jederzeit zu verw\u00f6hnen. Sie laden Sie ein, Weihnachten aus einer modernen Perspektive zu genie\u00dfen, ohne dabei die Essenz der Tradition zu verlieren.   <\/p>","protected":false},"excerpt":{"rendered":"<p>Genie\u00dfen Sie die innovativste Version eines Weihnachtsklassikers mit unserem Kinder-M\u00fcrbegeb\u00e4ck: weich, cremig und mit dem unverwechselbaren Kinder-Milchschokoladengeschmack, ideal, um Ihre ganz besonderen Momente zu vers\u00fc\u00dfen.<\/p>\n","protected":false},"featured_media":15783,"comment_status":"open","ping_status":"closed","template":"","meta":{"site-sidebar-layout":"default","site-content-layout":"","ast-site-content-layout":"default","site-content-style":"default","site-sidebar-style":"default","ast-global-header-display":"","ast-banner-title-visibility":"","ast-main-header-display":"","ast-hfb-above-header-display":"","ast-hfb-below-header-display":"","ast-hfb-mobile-header-display":"","site-post-title":"","ast-breadcrumbs-content":"","ast-featured-img":"","footer-sml-layout":"","ast-disable-related-posts":"","theme-transparent-header-meta":"default","adv-header-id-meta":"","stick-header-meta":"","header-above-stick-meta":"","header-main-stick-meta":"","header-below-stick-meta":"","astra-migrate-meta-layouts":"default","ast-page-background-enabled":"default","ast-page-background-meta":{"desktop":{"background-color":"var(--ast-global-color-4)","background-image":"","background-repeat":"repeat","background-position":"center center","background-size":"auto","background-attachment":"scroll","background-type":"","background-media":"","overlay-type":"","overlay-color":"","overlay-opacity":"","overlay-gradient":""},"tablet":{"background-color":"","background-image":"","background-repeat":"repeat","background-position":"center center","background-size":"auto","background-attachment":"scroll","background-type":"","background-media":"","overlay-type":"","overlay-color":"","overlay-opacity":"","overlay-gradient":""},"mobile":{"background-color":"","background-image":"","background-repeat":"repeat","background-position":"center center","background-size":"auto","background-attachment":"scroll","background-type":"","background-media":"","overlay-type":"","overlay-color":"","overlay-opacity":"","overlay-gradient":""}},"ast-content-background-meta":{"desktop":{"background-color":"var(--ast-global-color-5)","background-image":"","background-repeat":"repeat","background-position":"center center","background-size":"auto","background-attachment":"scroll","background-type":"","background-media":"","overlay-type":"","overlay-color":"","overlay-opacity":"","overlay-gradient":""},"tablet":{"background-color":"var(--ast-global-color-5)","background-image":"","background-repeat":"repeat","background-position":"center center","background-size":"auto","background-attachment":"scroll","background-type":"","background-media":"","overlay-type":"","overlay-color":"","overlay-opacity":"","overlay-gradient":""},"mobile":{"background-color":"var(--ast-global-color-5)","background-image":"","background-repeat":"repeat","background-position":"center center","background-size":"auto","background-attachment":"scroll","background-type":"","background-media":"","overlay-type":"","overlay-color":"","overlay-opacity":"","overlay-gradient":""}}},"product_brand":[1384],"product_cat":[15],"product_tag":[],"class_list":{"0":"post-15785","1":"product","2":"type-product","3":"status-publish","4":"has-post-thumbnail","6":"product_brand-aromas-de-medina","7":"product_cat-sin-categorizar","8":"desktop-align-left","9":"tablet-align-left","10":"mobile-align-left","12":"first","13":"outofstock","14":"taxable","15":"shipping-taxable","16":"purchasable","17":"product-type-simple"},"_links":{"self":[{"href":"https:\/\/andalubox.com\/de\/wp-json\/wp\/v2\/product\/15785","targetHints":{"allow":["GET"]}}],"collection":[{"href":"https:\/\/andalubox.com\/de\/wp-json\/wp\/v2\/product"}],"about":[{"href":"https:\/\/andalubox.com\/de\/wp-json\/wp\/v2\/types\/product"}],"replies":[{"embeddable":true,"href":"https:\/\/andalubox.com\/de\/wp-json\/wp\/v2\/comments?post=15785"}],"wp:featuredmedia":[{"embeddable":true,"href":"https:\/\/andalubox.com\/de\/wp-json\/wp\/v2\/media\/15783"}],"wp:attachment":[{"href":"https:\/\/andalubox.com\/de\/wp-json\/wp\/v2\/media?parent=15785"}],"wp:term":[{"taxonomy":"product_brand","embeddable":true,"href":"https:\/\/andalubox.com\/de\/wp-json\/wp\/v2\/product_brand?post=15785"},{"taxonomy":"product_cat","embeddable":true,"href":"https:\/\/andalubox.com\/de\/wp-json\/wp\/v2\/product_cat?post=15785"},{"taxonomy":"product_tag","embeddable":true,"href":"https:\/\/andalubox.com\/de\/wp-json\/wp\/v2\/product_tag?post=15785"}],"curies":[{"name":"wp","href":"https:\/\/api.w.org\/{rel}","templated":true}]}}