{"id":15661,"date":"2024-12-02T18:19:45","date_gmt":"2024-12-02T17:19:45","guid":{"rendered":"https:\/\/andalubox.com\/producto-andaluz\/double-twelve-rot-rund-75-cl\/"},"modified":"2025-09-24T10:19:00","modified_gmt":"2025-09-24T08:19:00","slug":"double-twelve-rot-rund-75-cl","status":"publish","type":"product","link":"https:\/\/andalubox.com\/de\/producto-andaluz\/double-twelve-rot-rund-75-cl\/","title":{"rendered":"Double Twelve Ronda Rotwein 75cl"},"content":{"rendered":"<p class=\"first-token\">Doble Doce Tinto de Ronda ist ein junger und frischer Ausdruck der D.O. &#8220;Sierras de M\u00e1laga&#8221;, hergestellt von der Weinkellerei Los Frutales de la Serran\u00eda. Dieser Wein ist ein getreues Spiegelbild der einzigartigen Eigenschaften der Weinberge der Serran\u00eda de Ronda, einer aufstrebenden Region, die f\u00fcr ihre H\u00f6henlage und ihre besonderen B\u00f6den bekannt ist. <\/p>\n<h3 class=\"\">Merkmale und Produktion<\/h3>\n<ul>\n\t<li class=\"animating\">\n<p><b>Rebsorte<\/b>: Er wird haupts\u00e4chlich aus der Rebsorte <b>Syrah<\/b> hergestellt, die f\u00fcr ihre F\u00e4higkeit bekannt ist, Weine mit viel Farbe, intensiven Aromen und einer bemerkenswerten Struktur zu erzeugen.<\/p>\n<\/li>\n\t<li>\n<p><b>Weinlese<\/b>: Die Trauben werden nachts von Hand geerntet, wobei die niedrigen Nachttemperaturen genutzt werden, um die Aromen und die Frische der Trauben zu erhalten.<\/p>\n<\/li>\n\t<li>\n<p><b>Ausbau<\/b>: Im Gegensatz zu gealterten Weinen ist dies ein &#8220;junger&#8221; Rotwein, der nicht in Eichenf\u00e4ssern ausgebaut wurde. Dadurch beh\u00e4lt der Wein seinen fruchtigen und urspr\u00fcnglichen Charakter und zeigt die Essenz der Traube und des Terroirs. <\/p>\n<\/li>\n<\/ul>\n<h3>Verkostungsnotizen<\/h3>\n<ul>\n\t<li>\n<p><b>Aussehen<\/b>: Er hat eine sehr intensive und leuchtende kirschrote Farbe mit violetten Schattierungen, die auf seine Jugend hinweisen.<\/p>\n<\/li>\n\t<li>\n<p><b>Bouquet<\/b>: Das Bouquet ist sehr kr\u00e4ftig und fruchtig. Aromen von roten und schwarzen Fr\u00fcchten (Kirsche, Brombeere und Heidelbeere) stechen hervor, mit subtilen w\u00fcrzigen und blumigen Noten, die f\u00fcr Komplexit\u00e4t sorgen. <\/p>\n<\/li>\n\t<li>\n<p><b>Gaumen<\/b>: Im Mund ist er ein Wein mit guter Struktur, aber gleichzeitig sehr frisch und leicht. Er ist schmackhaft, mit weichen Tanninen und einem langen, fruchtigen Abgang. <\/p>\n<\/li>\n<\/ul>\n<h3>Pairing und Service<\/h3>\n<p>Er ist ein sehr vielseitiger Wein, der perfekt zu einer Vielzahl von Gerichten passt. Seine Frische und sein fruchtiger Geschmack machen ihn ideal f\u00fcr: <\/p>\n<ul>\n\t<li>\n<p>Gegrillte rote Fleischsorten und leichte Braten.<\/p>\n<\/li>\n\t<li>\n<p>Wurstwaren und leicht ger\u00e4ucherte K\u00e4sesorten.<\/p>\n<\/li>\n\t<li>\n<p>Nudelgerichte mit Tomatensaucen.<\/p>\n<\/li>\n\t<li>\n<p>Tapas und Snacks.<\/p>\n<\/li>\n<\/ul>\n<p>Wir empfehlen, ihn bei einer Temperatur zwischen 14\u00ba und 16\u00ba C zu servieren, um seine ganze Frische und seinen fruchtigen Charakter zu genie\u00dfen. Er ist eine ausgezeichnete Wahl, um ihn zu jeder Gelegenheit zu genie\u00dfen. <\/p>","protected":false},"excerpt":{"rendered":"<div class=\"short-description\">\n<p>Probieren Sie Chinchilla Doble Doce, Ihren Premium-Rotwein aus den Sierras de M\u00e1laga.  <span style=\"font-size: 16px;\">Chinchilla Doble Doce ist ein fantastischer Premium-Rotwein aus den Sierras de M\u00e1laga mit einem Alkoholgehalt von 15% aus Spanien, zweifellos einer der besten in dieser Kategorie.<\/span><\/p>\n<\/div>\n","protected":false},"featured_media":15660,"comment_status":"open","ping_status":"closed","template":"","meta":{"site-sidebar-layout":"default","site-content-layout":"","ast-site-content-layout":"default","site-content-style":"default","site-sidebar-style":"default","ast-global-header-display":"","ast-banner-title-visibility":"","ast-main-header-display":"","ast-hfb-above-header-display":"","ast-hfb-below-header-display":"","ast-hfb-mobile-header-display":"","site-post-title":"","ast-breadcrumbs-content":"","ast-featured-img":"","footer-sml-layout":"","ast-disable-related-posts":"","theme-transparent-header-meta":"default","adv-header-id-meta":"","stick-header-meta":"","header-above-stick-meta":"","header-main-stick-meta":"","header-below-stick-meta":"","astra-migrate-meta-layouts":"default","ast-page-background-enabled":"default","ast-page-background-meta":{"desktop":{"background-color":"var(--ast-global-color-4)","background-image":"","background-repeat":"repeat","background-position":"center center","background-size":"auto","background-attachment":"scroll","background-type":"","background-media":"","overlay-type":"","overlay-color":"","overlay-opacity":"","overlay-gradient":""},"tablet":{"background-color":"","background-image":"","background-repeat":"repeat","background-position":"center center","background-size":"auto","background-attachment":"scroll","background-type":"","background-media":"","overlay-type":"","overlay-color":"","overlay-opacity":"","overlay-gradient":""},"mobile":{"background-color":"","background-image":"","background-repeat":"repeat","background-position":"center center","background-size":"auto","background-attachment":"scroll","background-type":"","background-media":"","overlay-type":"","overlay-color":"","overlay-opacity":"","overlay-gradient":""}},"ast-content-background-meta":{"desktop":{"background-color":"var(--ast-global-color-5)","background-image":"","background-repeat":"repeat","background-position":"center center","background-size":"auto","background-attachment":"scroll","background-type":"","background-media":"","overlay-type":"","overlay-color":"","overlay-opacity":"","overlay-gradient":""},"tablet":{"background-color":"var(--ast-global-color-5)","background-image":"","background-repeat":"repeat","background-position":"center center","background-size":"auto","background-attachment":"scroll","background-type":"","background-media":"","overlay-type":"","overlay-color":"","overlay-opacity":"","overlay-gradient":""},"mobile":{"background-color":"var(--ast-global-color-5)","background-image":"","background-repeat":"repeat","background-position":"center center","background-size":"auto","background-attachment":"scroll","background-type":"","background-media":"","overlay-type":"","overlay-color":"","overlay-opacity":"","overlay-gradient":""}}},"product_brand":[1383],"product_cat":[343],"product_tag":[],"class_list":{"0":"post-15661","1":"product","2":"type-product","3":"status-publish","4":"has-post-thumbnail","6":"product_brand-bodega-dona-felisa","7":"product_cat-rotwein","8":"desktop-align-left","9":"tablet-align-left","10":"mobile-align-left","12":"first","13":"instock","14":"taxable","15":"shipping-taxable","16":"purchasable","17":"product-type-simple"},"_links":{"self":[{"href":"https:\/\/andalubox.com\/de\/wp-json\/wp\/v2\/product\/15661","targetHints":{"allow":["GET"]}}],"collection":[{"href":"https:\/\/andalubox.com\/de\/wp-json\/wp\/v2\/product"}],"about":[{"href":"https:\/\/andalubox.com\/de\/wp-json\/wp\/v2\/types\/product"}],"replies":[{"embeddable":true,"href":"https:\/\/andalubox.com\/de\/wp-json\/wp\/v2\/comments?post=15661"}],"wp:featuredmedia":[{"embeddable":true,"href":"https:\/\/andalubox.com\/de\/wp-json\/wp\/v2\/media\/15660"}],"wp:attachment":[{"href":"https:\/\/andalubox.com\/de\/wp-json\/wp\/v2\/media?parent=15661"}],"wp:term":[{"taxonomy":"product_brand","embeddable":true,"href":"https:\/\/andalubox.com\/de\/wp-json\/wp\/v2\/product_brand?post=15661"},{"taxonomy":"product_cat","embeddable":true,"href":"https:\/\/andalubox.com\/de\/wp-json\/wp\/v2\/product_cat?post=15661"},{"taxonomy":"product_tag","embeddable":true,"href":"https:\/\/andalubox.com\/de\/wp-json\/wp\/v2\/product_tag?post=15661"}],"curies":[{"name":"wp","href":"https:\/\/api.w.org\/{rel}","templated":true}]}}