{"id":15645,"date":"2024-12-02T18:11:10","date_gmt":"2024-12-02T17:11:10","guid":{"rendered":"https:\/\/andalubox.com\/producto-andaluz\/peninsula-apostate-wein-aus-spanien-75-cl\/"},"modified":"2025-09-02T21:20:46","modified_gmt":"2025-09-02T19:20:46","slug":"peninsula-apostate-wein-aus-spanien-75-cl","status":"publish","type":"product","link":"https:\/\/andalubox.com\/de\/producto-andaluz\/peninsula-apostate-wein-aus-spanien-75-cl\/","title":{"rendered":"Pen\u00ednsula Ap\u00f3stata Rotwein aus Spanien 75cl"},"content":{"rendered":"<p>Pen\u00ednsula Ap\u00f3stata Rotwein aus Spanien 75cl<\/p>\n<p>Pen\u00ednsula Ap\u00f3stata Vino Tinto de Espa\u00f1a 75 cl ist ein Rotwein, der von Pen\u00ednsula Vinicultores in Spanien hergestellt wird. Er besteht zu 100% aus Tempranillo-Trauben von alten Rebst\u00f6cken aus verschiedenen Regionen von Castilla y Le\u00f3n, wie Morales de Toro (Zamora), Cigales (Valladolid) und Valtiendas (Segovia).<\/p>\n<p>Dieser Wein geh\u00f6rt zu keiner bestimmten Herkunftsbezeichnung (D.O.), was einen einzigartigen Ausdruck des Tempranillo in verschiedenen Terroirs erm\u00f6glicht. Seine 12-monatige Reifung in franz\u00f6sischen und amerikanischen Eichenf\u00e4ssern ergibt einen k\u00f6rperreichen, intensiven und duftenden Wein. <\/p>\n<p>Verkostungsnotizen:<\/p>\n<ul>\n\t<li>Erscheinung: Intensives Kirschrot mit granatroten Reflexen und z\u00e4hfl\u00fcssigen Tr\u00e4nen.<\/li>\n\t<li>Nase: Intensiv und sauber, mit Aromen von schwarzen und blauen Fr\u00fcchten, Gew\u00fcrzen und weichen R\u00f6stnoten vom Fassausbau.<\/li>\n\t<li>Gaumen: Saftig, lebhaft und gut strukturiert, mit feinen, muskul\u00f6sen Tanninen, einem s\u00fc\u00dfen Einstieg und fruchtigen Nuancen, mit einem trockenen, robusten Abgang.<\/li>\n\t<li>Alkoholgehalt: 14,6 % vol.<\/li>\n\t<li>Serviertemperatur: Empfohlen bei 16 \u00b0C.<\/li>\n\t<li>Begleitende Speisen: Ideal zu gegrilltem Fleisch (vor allem Lamm), Pasta, Migas, gegrillten Lammkoteletts, Kanincheneintopf oder gereiftem K\u00e4se.<\/li>\n<\/ul>\n<p>Details zur Weinherstellung: Rebsorte: 100% Tempranillo (auch bekannt als Tinta de Toro, Tinto Fino oder Cencibel).<br>Weinlese: Manuell, von alten Rebst\u00f6cken in gro\u00dfer H\u00f6he mit unterschiedlichen B\u00f6den und kontinentalem Klimaeinfluss.<br>Alterungspotenzial: Er kann mindestens f\u00fcnf Jahre reifen.<\/p>","protected":false},"excerpt":{"rendered":"<p>Pen\u00ednsula Ap\u00f3stata Rotwein aus Spanien 75cl, Sendungen nach ganz Europa.<\/p>\n<p>&nbsp;<\/p>\n","protected":false},"featured_media":15642,"comment_status":"open","ping_status":"closed","template":"","meta":{"site-sidebar-layout":"default","site-content-layout":"","ast-site-content-layout":"default","site-content-style":"default","site-sidebar-style":"default","ast-global-header-display":"","ast-banner-title-visibility":"","ast-main-header-display":"","ast-hfb-above-header-display":"","ast-hfb-below-header-display":"","ast-hfb-mobile-header-display":"","site-post-title":"","ast-breadcrumbs-content":"","ast-featured-img":"","footer-sml-layout":"","ast-disable-related-posts":"","theme-transparent-header-meta":"default","adv-header-id-meta":"","stick-header-meta":"","header-above-stick-meta":"","header-main-stick-meta":"","header-below-stick-meta":"","astra-migrate-meta-layouts":"default","ast-page-background-enabled":"default","ast-page-background-meta":{"desktop":{"background-color":"var(--ast-global-color-4)","background-image":"","background-repeat":"repeat","background-position":"center center","background-size":"auto","background-attachment":"scroll","background-type":"","background-media":"","overlay-type":"","overlay-color":"","overlay-opacity":"","overlay-gradient":""},"tablet":{"background-color":"","background-image":"","background-repeat":"repeat","background-position":"center center","background-size":"auto","background-attachment":"scroll","background-type":"","background-media":"","overlay-type":"","overlay-color":"","overlay-opacity":"","overlay-gradient":""},"mobile":{"background-color":"","background-image":"","background-repeat":"repeat","background-position":"center center","background-size":"auto","background-attachment":"scroll","background-type":"","background-media":"","overlay-type":"","overlay-color":"","overlay-opacity":"","overlay-gradient":""}},"ast-content-background-meta":{"desktop":{"background-color":"var(--ast-global-color-5)","background-image":"","background-repeat":"repeat","background-position":"center center","background-size":"auto","background-attachment":"scroll","background-type":"","background-media":"","overlay-type":"","overlay-color":"","overlay-opacity":"","overlay-gradient":""},"tablet":{"background-color":"var(--ast-global-color-5)","background-image":"","background-repeat":"repeat","background-position":"center center","background-size":"auto","background-attachment":"scroll","background-type":"","background-media":"","overlay-type":"","overlay-color":"","overlay-opacity":"","overlay-gradient":""},"mobile":{"background-color":"var(--ast-global-color-5)","background-image":"","background-repeat":"repeat","background-position":"center center","background-size":"auto","background-attachment":"scroll","background-type":"","background-media":"","overlay-type":"","overlay-color":"","overlay-opacity":"","overlay-gradient":""}}},"product_brand":[1349],"product_cat":[343],"product_tag":[],"class_list":{"0":"post-15645","1":"product","2":"type-product","3":"status-publish","4":"has-post-thumbnail","6":"product_brand-peninsula-vinicultores","7":"product_cat-rotwein","8":"desktop-align-left","9":"tablet-align-left","10":"mobile-align-left","12":"first","13":"instock","14":"taxable","15":"shipping-taxable","16":"purchasable","17":"product-type-simple"},"_links":{"self":[{"href":"https:\/\/andalubox.com\/de\/wp-json\/wp\/v2\/product\/15645","targetHints":{"allow":["GET"]}}],"collection":[{"href":"https:\/\/andalubox.com\/de\/wp-json\/wp\/v2\/product"}],"about":[{"href":"https:\/\/andalubox.com\/de\/wp-json\/wp\/v2\/types\/product"}],"replies":[{"embeddable":true,"href":"https:\/\/andalubox.com\/de\/wp-json\/wp\/v2\/comments?post=15645"}],"wp:featuredmedia":[{"embeddable":true,"href":"https:\/\/andalubox.com\/de\/wp-json\/wp\/v2\/media\/15642"}],"wp:attachment":[{"href":"https:\/\/andalubox.com\/de\/wp-json\/wp\/v2\/media?parent=15645"}],"wp:term":[{"taxonomy":"product_brand","embeddable":true,"href":"https:\/\/andalubox.com\/de\/wp-json\/wp\/v2\/product_brand?post=15645"},{"taxonomy":"product_cat","embeddable":true,"href":"https:\/\/andalubox.com\/de\/wp-json\/wp\/v2\/product_cat?post=15645"},{"taxonomy":"product_tag","embeddable":true,"href":"https:\/\/andalubox.com\/de\/wp-json\/wp\/v2\/product_tag?post=15645"}],"curies":[{"name":"wp","href":"https:\/\/api.w.org\/{rel}","templated":true}]}}