{"id":15543,"date":"2024-11-22T09:26:40","date_gmt":"2024-11-22T08:26:40","guid":{"rendered":"https:\/\/andalubox.com\/producto-andaluz\/biobetica-primer-pistazie-und-kakao-creme-andalusisch-200g\/"},"modified":"2026-01-27T17:37:03","modified_gmt":"2026-01-27T16:37:03","slug":"biobetica-primer-pistazie-und-kakao-creme-andalusisch-200g","status":"publish","type":"product","link":"https:\/\/andalubox.com\/de\/producto-andaluz\/biobetica-primer-pistazie-und-kakao-creme-andalusisch-200g\/","title":{"rendered":"Biobetica Andalusische Pistazien &amp; Kakao Creme 200g"},"content":{"rendered":"<p>Die Pistazien- und Kakaocreme von Biobetica ist eine k\u00f6stliche und gesunde Alternative zu herk\u00f6mmlichen Brotaufstrichen. Es handelt sich um ein andalusisches Produkt, das sich durch seine hochwertigen Zutaten und sein Engagement f\u00fcr den biologischen Anbau auszeichnet. <\/p>\n<h3>Merkmale und Produktion<\/h3>\n<ul>\n\t<li>\n<p><b>Hochwertige Zutaten<\/b>: Die Hauptzutat ist <b>Pistazie<\/b>, die f\u00fcr einen einzigartigen Geschmack und eine cremige Textur sorgt. Sie wird mit <b>Kakaopulver<\/b> kombiniert, um ein reichhaltiges und ausgewogenes Geschmacksprofil zu erhalten. <\/p>\n<\/li>\n\t<li>\n<p><b>Biologischer Anbau<\/b>: Biobetica verwendet Zutaten aus biologischem Anbau, was garantiert, dass beim Anbau keine Pestizide oder chemischen D\u00fcngemittel verwendet wurden.<\/p>\n<\/li>\n\t<li>\n<p><b>Kein Zuckerzusatz<\/b>: Im Gegensatz zu anderen Cremes enth\u00e4lt diese Version keinen zugesetzten raffinierten Zucker. Ihre S\u00fc\u00dfe kommt von nat\u00fcrlichen Zutaten wie Datteln. <\/p>\n<\/li>\n\t<li>\n<p><b>Ohne Zusatzstoffe<\/b>: Es enth\u00e4lt kein Palm\u00f6l und keine k\u00fcnstlichen Konservierungsstoffe, was es zu einer ges\u00fcnderen und nat\u00fcrlicheren Wahl macht.<\/p>\n<\/li>\n<\/ul>\n<h3>Ern\u00e4hrungsphysiologische Vorteile<\/h3>\n<ul>\n\t<li>\n<p><b>Gesunde Fette<\/b>: Pistazien sind reich an einfach und mehrfach unges\u00e4ttigten Fetten, die der kardiovaskul\u00e4ren Gesundheit f\u00f6rderlich sind.<\/p>\n<\/li>\n\t<li>\n<p><b>Eiwei\u00df und Ballaststoffe<\/b>: Es liefert eine gute Menge an Eiwei\u00df und Ballaststoffen, die zu einem S\u00e4ttigungsgef\u00fchl beitragen und die Darmt\u00e4tigkeit verbessern.<\/p>\n<\/li>\n\t<li>\n<p><b>Antioxidantien<\/b>: Kakao ist eine Quelle nat\u00fcrlicher Antioxidantien, die helfen, Sch\u00e4den durch freie Radikale zu bek\u00e4mpfen.<\/p>\n<\/li>\n<\/ul>\n<h3>Verwendung und Paarung<\/h3>\n<p>Diese Pistazien-Kakao-Creme ist sehr vielseitig. Sie k\u00f6nnen sie verwenden f\u00fcr: <\/p>\n<ul>\n\t<li>\n<p><b>Als Brotaufstrich auf Toast oder Pfannkuchen<\/b>: Ein leckeres und nahrhaftes Fr\u00fchst\u00fcck oder ein Snack.<\/p>\n<\/li>\n\t<li>\n<p><b>Als Backzutat<\/b>: F\u00fcr F\u00fcllungen, Toppings oder als Basis f\u00fcr Desserts.<\/p>\n<\/li>\n\t<li>\n<p><b>Mit Obst servieren<\/b>: Passt sehr gut zu Bananen, Erdbeeren oder \u00c4pfeln.<\/p>\n<\/li>\n<\/ul>\n<p>Kurzum, die Pistazien- und Kakaocreme von Biobetica ist eine ausgezeichnete Wahl f\u00fcr alle, die ein schmackhaftes, biologisches und zusatzstofffreies Produkt suchen.<\/p>","protected":false},"excerpt":{"rendered":"<p>Genie\u00dfen Sie eine Bio-Creme mit 23% Pistazien und nativem Oliven\u00f6l extra. Glutenfrei, vegan und perfekt f\u00fcr Ihre Gesundheit.<\/p>\n","protected":false},"featured_media":15540,"comment_status":"open","ping_status":"closed","template":"","meta":{"site-sidebar-layout":"default","site-content-layout":"","ast-site-content-layout":"default","site-content-style":"default","site-sidebar-style":"default","ast-global-header-display":"","ast-banner-title-visibility":"","ast-main-header-display":"","ast-hfb-above-header-display":"","ast-hfb-below-header-display":"","ast-hfb-mobile-header-display":"","site-post-title":"","ast-breadcrumbs-content":"","ast-featured-img":"","footer-sml-layout":"","ast-disable-related-posts":"","theme-transparent-header-meta":"default","adv-header-id-meta":"","stick-header-meta":"","header-above-stick-meta":"","header-main-stick-meta":"","header-below-stick-meta":"","astra-migrate-meta-layouts":"default","ast-page-background-enabled":"default","ast-page-background-meta":{"desktop":{"background-color":"var(--ast-global-color-4)","background-image":"","background-repeat":"repeat","background-position":"center center","background-size":"auto","background-attachment":"scroll","background-type":"","background-media":"","overlay-type":"","overlay-color":"","overlay-opacity":"","overlay-gradient":""},"tablet":{"background-color":"","background-image":"","background-repeat":"repeat","background-position":"center center","background-size":"auto","background-attachment":"scroll","background-type":"","background-media":"","overlay-type":"","overlay-color":"","overlay-opacity":"","overlay-gradient":""},"mobile":{"background-color":"","background-image":"","background-repeat":"repeat","background-position":"center center","background-size":"auto","background-attachment":"scroll","background-type":"","background-media":"","overlay-type":"","overlay-color":"","overlay-opacity":"","overlay-gradient":""}},"ast-content-background-meta":{"desktop":{"background-color":"var(--ast-global-color-5)","background-image":"","background-repeat":"repeat","background-position":"center center","background-size":"auto","background-attachment":"scroll","background-type":"","background-media":"","overlay-type":"","overlay-color":"","overlay-opacity":"","overlay-gradient":""},"tablet":{"background-color":"var(--ast-global-color-5)","background-image":"","background-repeat":"repeat","background-position":"center center","background-size":"auto","background-attachment":"scroll","background-type":"","background-media":"","overlay-type":"","overlay-color":"","overlay-opacity":"","overlay-gradient":""},"mobile":{"background-color":"var(--ast-global-color-5)","background-image":"","background-repeat":"repeat","background-position":"center center","background-size":"auto","background-attachment":"scroll","background-type":"","background-media":"","overlay-type":"","overlay-color":"","overlay-opacity":"","overlay-gradient":""}}},"product_brand":[1317],"product_cat":[15],"product_tag":[],"class_list":{"0":"post-15543","1":"product","2":"type-product","3":"status-publish","4":"has-post-thumbnail","6":"product_brand-biobetica","7":"product_cat-sin-categorizar","8":"desktop-align-left","9":"tablet-align-left","10":"mobile-align-left","12":"first","13":"instock","14":"taxable","15":"shipping-taxable","16":"purchasable","17":"product-type-simple"},"_links":{"self":[{"href":"https:\/\/andalubox.com\/de\/wp-json\/wp\/v2\/product\/15543","targetHints":{"allow":["GET"]}}],"collection":[{"href":"https:\/\/andalubox.com\/de\/wp-json\/wp\/v2\/product"}],"about":[{"href":"https:\/\/andalubox.com\/de\/wp-json\/wp\/v2\/types\/product"}],"replies":[{"embeddable":true,"href":"https:\/\/andalubox.com\/de\/wp-json\/wp\/v2\/comments?post=15543"}],"wp:featuredmedia":[{"embeddable":true,"href":"https:\/\/andalubox.com\/de\/wp-json\/wp\/v2\/media\/15540"}],"wp:attachment":[{"href":"https:\/\/andalubox.com\/de\/wp-json\/wp\/v2\/media?parent=15543"}],"wp:term":[{"taxonomy":"product_brand","embeddable":true,"href":"https:\/\/andalubox.com\/de\/wp-json\/wp\/v2\/product_brand?post=15543"},{"taxonomy":"product_cat","embeddable":true,"href":"https:\/\/andalubox.com\/de\/wp-json\/wp\/v2\/product_cat?post=15543"},{"taxonomy":"product_tag","embeddable":true,"href":"https:\/\/andalubox.com\/de\/wp-json\/wp\/v2\/product_tag?post=15543"}],"curies":[{"name":"wp","href":"https:\/\/api.w.org\/{rel}","templated":true}]}}