{"id":15525,"date":"2024-11-21T16:25:33","date_gmt":"2024-11-21T15:25:33","guid":{"rendered":"https:\/\/andalubox.com\/producto-andaluz\/geraeucherter-thunfisch-in-oel-el-rey-de-oros170g\/"},"modified":"2026-01-27T17:36:53","modified_gmt":"2026-01-27T16:36:53","slug":"geraeucherter-thunfisch-in-oel-el-rey-de-oros170g","status":"publish","type":"product","link":"https:\/\/andalubox.com\/de\/producto-andaluz\/geraeucherter-thunfisch-in-oel-el-rey-de-oros170g\/","title":{"rendered":"EL Rey de Oros Ger\u00e4ucherter Almadraba Thunfisch in Sonnenblumen\u00f6l 170g"},"content":{"rendered":"<p><strong>Exklusiver Versand auf das spanische Festland, die Balearen und Frankreich.<\/strong><\/p>\n<p><strong>King of Golds Ger\u00e4ucherter Thunfisch in \u00d6l<\/strong> ist eine Delikatesse, die das kulinarische Erlebnis auf eine neue Ebene hebt. Er wird aus sorgf\u00e4ltig ausgew\u00e4hltem Gelbflossen-Thunfisch hergestellt, dessen handwerkliche R\u00e4ucherung mit Edelh\u00f6lzern seinen tiefen Geschmack und seine zarte, feste Textur hervorhebt. Dieses Verfahren, kombiniert mit der Sanftheit von raffiniertem Sonnenblumen\u00f6l, garantiert ein Gourmetprodukt, das sich sowohl durch seine Qualit\u00e4t als auch durch seine Vielseitigkeit auszeichnet.  <\/p>\n<p>Dieser ger\u00e4ucherte Thunfisch eignet sich perfekt als Vorspeise, in frischen Salaten oder als Zutat in raffinierten Rezepten und verwandelt jedes Gericht in eine raffinierte Kreation. Er ist au\u00dferdem eine nat\u00fcrliche Quelle f\u00fcr hochwertiges Eiwei\u00df, Omega-3-Fetts\u00e4uren, Selen und B-Vitamine, die sich positiv auf die kardiovaskul\u00e4re Gesundheit, die Gesundheit des Gehirns und das allgemeine Wohlbefinden auswirken. <\/p>\n<p><strong>Rey de Oros<\/strong>, ein Synonym f\u00fcr Tradition und Exzellenz, garantiert dank seines sorgf\u00e4ltigen Produktionsprozesses und seines Engagements f\u00fcr Qualit\u00e4t ein kulinarisches Erlebnis der Extraklasse. Entdecken Sie diese und andere Gourmet-Delikatessen in unserem Online-Shop und verwandeln Sie Ihre K\u00fcche mit einzigartigen Aromen. <br><br><strong>Muss k\u00fchl gehalten werden<\/strong><\/p>","protected":false},"excerpt":{"rendered":"<p>King of Golds Ger\u00e4ucherter Thunfisch in \u00d6l kombiniert den einzigartigen Geschmack des handwerklichen R\u00e4ucherns mit der Sanftheit von raffiniertem Sonnenblumen\u00f6l. Ein vielseitiges und gesundes Gourmetprodukt, ideal zum Verfeinern Ihrer Gerichte. <\/p>\n","protected":false},"featured_media":29985,"comment_status":"open","ping_status":"closed","template":"","meta":{"site-sidebar-layout":"default","site-content-layout":"","ast-site-content-layout":"default","site-content-style":"default","site-sidebar-style":"default","ast-global-header-display":"","ast-banner-title-visibility":"","ast-main-header-display":"","ast-hfb-above-header-display":"","ast-hfb-below-header-display":"","ast-hfb-mobile-header-display":"","site-post-title":"","ast-breadcrumbs-content":"","ast-featured-img":"","footer-sml-layout":"","ast-disable-related-posts":"","theme-transparent-header-meta":"default","adv-header-id-meta":"","stick-header-meta":"","header-above-stick-meta":"","header-main-stick-meta":"","header-below-stick-meta":"","astra-migrate-meta-layouts":"default","ast-page-background-enabled":"default","ast-page-background-meta":{"desktop":{"background-color":"var(--ast-global-color-4)","background-image":"","background-repeat":"repeat","background-position":"center center","background-size":"auto","background-attachment":"scroll","background-type":"","background-media":"","overlay-type":"","overlay-color":"","overlay-opacity":"","overlay-gradient":""},"tablet":{"background-color":"","background-image":"","background-repeat":"repeat","background-position":"center center","background-size":"auto","background-attachment":"scroll","background-type":"","background-media":"","overlay-type":"","overlay-color":"","overlay-opacity":"","overlay-gradient":""},"mobile":{"background-color":"","background-image":"","background-repeat":"repeat","background-position":"center center","background-size":"auto","background-attachment":"scroll","background-type":"","background-media":"","overlay-type":"","overlay-color":"","overlay-opacity":"","overlay-gradient":""}},"ast-content-background-meta":{"desktop":{"background-color":"var(--ast-global-color-5)","background-image":"","background-repeat":"repeat","background-position":"center center","background-size":"auto","background-attachment":"scroll","background-type":"","background-media":"","overlay-type":"","overlay-color":"","overlay-opacity":"","overlay-gradient":""},"tablet":{"background-color":"var(--ast-global-color-5)","background-image":"","background-repeat":"repeat","background-position":"center center","background-size":"auto","background-attachment":"scroll","background-type":"","background-media":"","overlay-type":"","overlay-color":"","overlay-opacity":"","overlay-gradient":""},"mobile":{"background-color":"var(--ast-global-color-5)","background-image":"","background-repeat":"repeat","background-position":"center center","background-size":"auto","background-attachment":"scroll","background-type":"","background-media":"","overlay-type":"","overlay-color":"","overlay-opacity":"","overlay-gradient":""}}},"product_brand":[1153],"product_cat":[329],"product_tag":[716,717,718],"class_list":{"0":"post-15525","1":"product","2":"type-product","3":"status-publish","4":"has-post-thumbnail","6":"product_brand-el-rey-de-oros","7":"product_cat-thunfisch","8":"product_tag-almadraba-thunfisch","9":"product_tag-barbate-thunfisch","10":"product_tag-der-goldkonig","11":"product_shipping_class-gekuhlt","12":"desktop-align-left","13":"tablet-align-left","14":"mobile-align-left","16":"first","17":"outofstock","18":"taxable","19":"shipping-taxable","20":"purchasable","21":"product-type-simple"},"_links":{"self":[{"href":"https:\/\/andalubox.com\/de\/wp-json\/wp\/v2\/product\/15525","targetHints":{"allow":["GET"]}}],"collection":[{"href":"https:\/\/andalubox.com\/de\/wp-json\/wp\/v2\/product"}],"about":[{"href":"https:\/\/andalubox.com\/de\/wp-json\/wp\/v2\/types\/product"}],"replies":[{"embeddable":true,"href":"https:\/\/andalubox.com\/de\/wp-json\/wp\/v2\/comments?post=15525"}],"wp:featuredmedia":[{"embeddable":true,"href":"https:\/\/andalubox.com\/de\/wp-json\/wp\/v2\/media\/29985"}],"wp:attachment":[{"href":"https:\/\/andalubox.com\/de\/wp-json\/wp\/v2\/media?parent=15525"}],"wp:term":[{"taxonomy":"product_brand","embeddable":true,"href":"https:\/\/andalubox.com\/de\/wp-json\/wp\/v2\/product_brand?post=15525"},{"taxonomy":"product_cat","embeddable":true,"href":"https:\/\/andalubox.com\/de\/wp-json\/wp\/v2\/product_cat?post=15525"},{"taxonomy":"product_tag","embeddable":true,"href":"https:\/\/andalubox.com\/de\/wp-json\/wp\/v2\/product_tag?post=15525"}],"curies":[{"name":"wp","href":"https:\/\/api.w.org\/{rel}","templated":true}]}}