{"id":15463,"date":"2024-11-18T12:05:42","date_gmt":"2024-11-18T11:05:42","guid":{"rendered":"https:\/\/andalubox.com\/producto-andaluz\/vino-de-muerte-klassisch-75cl\/"},"modified":"2025-09-22T13:36:38","modified_gmt":"2025-09-22T11:36:38","slug":"vino-de-muerte-klassisch-75cl","status":"publish","type":"product","link":"https:\/\/andalubox.com\/de\/producto-andaluz\/vino-de-muerte-klassisch-75cl\/","title":{"rendered":"De Muerte Klassischer Spanischer Rotwein 75cl"},"content":{"rendered":"<div class=\"elementor-element elementor-element-887d777 animated-slow elementor-widget elementor-widget-text-editor animated fadeIn\" data-id=\"887d777\" data-element_type=\"widget\" data-settings=\"{\"_animation\":\"fadeIn\",\"_animation_delay\":190}\" data-widget_type=\"text-editor.default\">\n<div class=\"elementor-widget-container\">De Muerte Klassischer Spanischer Rotwein 75cl<\/div>\n<div class=\"elementor-widget-container\">Intensives Purpurrot. Gut definierte schwarze und rote Fr\u00fcchte mit einem komplexen Hintergrund aus Eiche, Geb\u00e4ck, Balsamico, Gew\u00fcrzen und Vanillenoten. Am Gaumen weich und geschmeidig.  <\/div>\n<\/div>\n<div class=\"elementor-element elementor-element-cabdc2f animated-slow elementor-widget elementor-widget-text-editor animated fadeIn\" data-id=\"cabdc2f\" data-element_type=\"widget\" data-settings=\"{\"_animation\":\"fadeIn\",\"_animation_delay\":200}\" data-widget_type=\"text-editor.default\">\n<div class=\"elementor-widget-container\">Alkohol. <span class=\"light-text\">14.5%<\/span><br>Serviertemperatur. <span class=\"light-text\">16-18 \u00baC<\/span><\/div>\n<div>Haupts\u00e4chlich Monastrell (90%) aus \u00fcber 15 Jahre alten Weinbergen, mit genau dem richtigen Anteil an Cabernet Sauvignon (10%), um sein Geschmacksspektrum zu bereichern. Mediterraner Stil. Aus Kalksteinb\u00f6den. Liebevoll von Hand geerntet. Mindestens 6 Monate lang in franz\u00f6sischen Eichenf\u00e4ssern gereift.    <\/div>\n<div>\n<div class=\"elementor-column elementor-col-33 elementor-top-column elementor-element elementor-element-9163c46\" data-id=\"9163c46\" data-element_type=\"column\">\n<div class=\"elementor-widget-wrap elementor-element-populated\">\n<div class=\"elementor-element elementor-element-51b064b elementor-widget__width-initial animated-slow elementor-widget elementor-widget-text-editor animated fadeIn\" data-id=\"51b064b\" data-element_type=\"widget\" data-settings=\"{\"_animation\":\"fadeIn\",\"_animation_delay\":100}\" data-widget_type=\"text-editor.default\">\n<div class=\"elementor-widget-container\">HALB MONASTRELL, HALB SYRAH, VOLLFARBIG<\/div>\n<\/div>\n<div class=\"elementor-element elementor-element-3e9cc8a elementor-widget__width-initial animated-slow elementor-widget elementor-widget-text-editor animated fadeIn\" data-id=\"3e9cc8a\" data-element_type=\"widget\" data-settings=\"{\"_animation\":\"fadeIn\",\"_animation_delay\":100}\" data-widget_type=\"text-editor.default\">\n<div class=\"elementor-widget-container\">\n<p>Der erste der Kollektion. Ein markanter, sehr origineller, klassischer Rotwein aus der D.O. Yecla, Spanien. Farbenfroh und reichhaltig, innen wie au\u00dfen.  <\/p>\n<\/div>\n<\/div>\n<div class=\"elementor-element elementor-element-3ebe34a animated-slow elementor-widget elementor-widget-text-editor animated fadeIn\" data-id=\"3ebe34a\" data-element_type=\"widget\" data-settings=\"{\"_animation\":\"fadeIn\",\"_animation_delay\":150}\" data-widget_type=\"text-editor.default\">\n<div class=\"elementor-widget-container\"><strong>Ein klassischer Wein f\u00fcr unkonventionelle Zeiten<\/strong><\/div>\n<\/div>\n<\/div>\n<\/div>\n<\/div>\n<\/div>\n<p>Die Trauben stammen von alten, \u00fcber 15 Jahre alten Rebst\u00f6cken mit geringen Ertr\u00e4gen, die bew\u00e4ssert werden und in einem extremen Klima mit sehr kalten Wintern und sehr hei\u00dfen Sommern liegen.<\/p>\n<p>Die Trauben werden von Hand geerntet, in Kisten zu 20 Kilo, und in Edelstahltanks bei einer Temperatur von 24\u00baC vinifiziert, wobei eine 21-t\u00e4gige Mazeration erfolgt.<\/p>\n<p>Nach der malolaktischen G\u00e4rung wird der Wein f\u00fcr mindestens 10 Monate in neuen franz\u00f6sischen und amerikanischen Eichenf\u00e4ssern ausgebaut.<\/p>","protected":false},"excerpt":{"rendered":"<p>De Muerte Klassischer Spanischer Rotwein 75cl in ganz Europa.<\/p>\n<p>Es liegt in der Landschaft von Yecla, einem emblematischen Ort, an dem die Essenz des Mittelmeers gesucht wird.  <\/p>\n","protected":false},"featured_media":15460,"comment_status":"open","ping_status":"closed","template":"","meta":{"site-sidebar-layout":"default","site-content-layout":"","ast-site-content-layout":"default","site-content-style":"default","site-sidebar-style":"default","ast-global-header-display":"","ast-banner-title-visibility":"","ast-main-header-display":"","ast-hfb-above-header-display":"","ast-hfb-below-header-display":"","ast-hfb-mobile-header-display":"","site-post-title":"","ast-breadcrumbs-content":"","ast-featured-img":"","footer-sml-layout":"","ast-disable-related-posts":"","theme-transparent-header-meta":"default","adv-header-id-meta":"","stick-header-meta":"","header-above-stick-meta":"","header-main-stick-meta":"","header-below-stick-meta":"","astra-migrate-meta-layouts":"default","ast-page-background-enabled":"default","ast-page-background-meta":{"desktop":{"background-color":"var(--ast-global-color-4)","background-image":"","background-repeat":"repeat","background-position":"center center","background-size":"auto","background-attachment":"scroll","background-type":"","background-media":"","overlay-type":"","overlay-color":"","overlay-opacity":"","overlay-gradient":""},"tablet":{"background-color":"","background-image":"","background-repeat":"repeat","background-position":"center center","background-size":"auto","background-attachment":"scroll","background-type":"","background-media":"","overlay-type":"","overlay-color":"","overlay-opacity":"","overlay-gradient":""},"mobile":{"background-color":"","background-image":"","background-repeat":"repeat","background-position":"center center","background-size":"auto","background-attachment":"scroll","background-type":"","background-media":"","overlay-type":"","overlay-color":"","overlay-opacity":"","overlay-gradient":""}},"ast-content-background-meta":{"desktop":{"background-color":"var(--ast-global-color-5)","background-image":"","background-repeat":"repeat","background-position":"center center","background-size":"auto","background-attachment":"scroll","background-type":"","background-media":"","overlay-type":"","overlay-color":"","overlay-opacity":"","overlay-gradient":""},"tablet":{"background-color":"var(--ast-global-color-5)","background-image":"","background-repeat":"repeat","background-position":"center center","background-size":"auto","background-attachment":"scroll","background-type":"","background-media":"","overlay-type":"","overlay-color":"","overlay-opacity":"","overlay-gradient":""},"mobile":{"background-color":"var(--ast-global-color-5)","background-image":"","background-repeat":"repeat","background-position":"center center","background-size":"auto","background-attachment":"scroll","background-type":"","background-media":"","overlay-type":"","overlay-color":"","overlay-opacity":"","overlay-gradient":""}}},"product_brand":[1392],"product_cat":[343,341],"product_tag":[],"class_list":{"0":"post-15463","1":"product","2":"type-product","3":"status-publish","4":"has-post-thumbnail","6":"product_brand-winery-on-create","7":"product_cat-rotwein","8":"product_cat-vinothek","9":"desktop-align-left","10":"tablet-align-left","11":"mobile-align-left","13":"first","14":"instock","15":"taxable","16":"shipping-taxable","17":"purchasable","18":"product-type-simple"},"_links":{"self":[{"href":"https:\/\/andalubox.com\/de\/wp-json\/wp\/v2\/product\/15463","targetHints":{"allow":["GET"]}}],"collection":[{"href":"https:\/\/andalubox.com\/de\/wp-json\/wp\/v2\/product"}],"about":[{"href":"https:\/\/andalubox.com\/de\/wp-json\/wp\/v2\/types\/product"}],"replies":[{"embeddable":true,"href":"https:\/\/andalubox.com\/de\/wp-json\/wp\/v2\/comments?post=15463"}],"wp:featuredmedia":[{"embeddable":true,"href":"https:\/\/andalubox.com\/de\/wp-json\/wp\/v2\/media\/15460"}],"wp:attachment":[{"href":"https:\/\/andalubox.com\/de\/wp-json\/wp\/v2\/media?parent=15463"}],"wp:term":[{"taxonomy":"product_brand","embeddable":true,"href":"https:\/\/andalubox.com\/de\/wp-json\/wp\/v2\/product_brand?post=15463"},{"taxonomy":"product_cat","embeddable":true,"href":"https:\/\/andalubox.com\/de\/wp-json\/wp\/v2\/product_cat?post=15463"},{"taxonomy":"product_tag","embeddable":true,"href":"https:\/\/andalubox.com\/de\/wp-json\/wp\/v2\/product_tag?post=15463"}],"curies":[{"name":"wp","href":"https:\/\/api.w.org\/{rel}","templated":true}]}}