{"id":14896,"date":"2024-10-01T10:36:54","date_gmt":"2024-10-01T08:36:54","guid":{"rendered":"https:\/\/andalubox.com\/producto-andaluz\/fino-sherry-barbadillo-75cl\/"},"modified":"2025-08-02T20:29:55","modified_gmt":"2025-08-02T18:29:55","slug":"fino-sherry-barbadillo-75cl","status":"publish","type":"product","link":"https:\/\/andalubox.com\/de\/producto-andaluz\/fino-sherry-barbadillo-75cl\/","title":{"rendered":"Barbadillo Fino Sherry 75cl"},"content":{"rendered":"<p>&nbsp;<\/p>\n<p>Der Fino Sherry de Barbadillo 75cl ist ein trockener Fino-Wein aus der Palomino Fino-Traube, der in der Kellerei Barbadillo in Sanl\u00facar de Barrameda, Spanien, im Criaderas- und Soleras-System ausgebaut wurde. Dieser Reifungsprozess unter einer Hefeschicht, die als Flor bekannt ist, verleiht diesem Wein seine charakteristische strohgelbe Farbe und einen frischen und eleganten Charakter. In der Nase \u00fcberwiegen Mandel- und Olivenaromen, w\u00e4hrend er am Gaumen trocken, leicht und gut ausbalanciert ist, mit einer salzigen Note, die an das Meer erinnert. Perfekt zu Vorspeisen wie Schinken, Meeresfr\u00fcchten, mildem K\u00e4se und Suppen. Es ist ein Wein, der gek\u00fchlt serviert werden sollte, um seine Nuancen hervorzuheben. Mit einem Alkoholgehalt von 15% l\u00e4sst er sich am besten mit einem Glas Wei\u00dfwein genie\u00dfen.     <\/p>\n<p>Etikettierung in Englisch, ideal f\u00fcr Restaurants in der ganzen Welt.<\/p>","protected":false},"excerpt":{"rendered":"<p>Fino Sherry de Barbadillo 75cl f\u00fcr den Export in ganz Europa.<\/p>\n","protected":false},"featured_media":14893,"comment_status":"open","ping_status":"closed","template":"","meta":{"site-sidebar-layout":"default","site-content-layout":"","ast-site-content-layout":"default","site-content-style":"default","site-sidebar-style":"default","ast-global-header-display":"","ast-banner-title-visibility":"","ast-main-header-display":"","ast-hfb-above-header-display":"","ast-hfb-below-header-display":"","ast-hfb-mobile-header-display":"","site-post-title":"","ast-breadcrumbs-content":"","ast-featured-img":"","footer-sml-layout":"","ast-disable-related-posts":"","theme-transparent-header-meta":"default","adv-header-id-meta":"","stick-header-meta":"","header-above-stick-meta":"","header-main-stick-meta":"","header-below-stick-meta":"","astra-migrate-meta-layouts":"default","ast-page-background-enabled":"default","ast-page-background-meta":{"desktop":{"background-color":"var(--ast-global-color-4)","background-image":"","background-repeat":"repeat","background-position":"center center","background-size":"auto","background-attachment":"scroll","background-type":"","background-media":"","overlay-type":"","overlay-color":"","overlay-opacity":"","overlay-gradient":""},"tablet":{"background-color":"","background-image":"","background-repeat":"repeat","background-position":"center center","background-size":"auto","background-attachment":"scroll","background-type":"","background-media":"","overlay-type":"","overlay-color":"","overlay-opacity":"","overlay-gradient":""},"mobile":{"background-color":"","background-image":"","background-repeat":"repeat","background-position":"center center","background-size":"auto","background-attachment":"scroll","background-type":"","background-media":"","overlay-type":"","overlay-color":"","overlay-opacity":"","overlay-gradient":""}},"ast-content-background-meta":{"desktop":{"background-color":"var(--ast-global-color-5)","background-image":"","background-repeat":"repeat","background-position":"center center","background-size":"auto","background-attachment":"scroll","background-type":"","background-media":"","overlay-type":"","overlay-color":"","overlay-opacity":"","overlay-gradient":""},"tablet":{"background-color":"var(--ast-global-color-5)","background-image":"","background-repeat":"repeat","background-position":"center center","background-size":"auto","background-attachment":"scroll","background-type":"","background-media":"","overlay-type":"","overlay-color":"","overlay-opacity":"","overlay-gradient":""},"mobile":{"background-color":"var(--ast-global-color-5)","background-image":"","background-repeat":"repeat","background-position":"center center","background-size":"auto","background-attachment":"scroll","background-type":"","background-media":"","overlay-type":"","overlay-color":"","overlay-opacity":"","overlay-gradient":""}}},"product_brand":[1314],"product_cat":[],"product_tag":[],"class_list":{"0":"post-14896","1":"product","2":"type-product","3":"status-publish","4":"has-post-thumbnail","6":"product_brand-bodegas-barbadillo","7":"desktop-align-left","8":"tablet-align-left","9":"mobile-align-left","11":"first","12":"instock","13":"taxable","14":"shipping-taxable","15":"purchasable","16":"product-type-simple"},"_links":{"self":[{"href":"https:\/\/andalubox.com\/de\/wp-json\/wp\/v2\/product\/14896","targetHints":{"allow":["GET"]}}],"collection":[{"href":"https:\/\/andalubox.com\/de\/wp-json\/wp\/v2\/product"}],"about":[{"href":"https:\/\/andalubox.com\/de\/wp-json\/wp\/v2\/types\/product"}],"replies":[{"embeddable":true,"href":"https:\/\/andalubox.com\/de\/wp-json\/wp\/v2\/comments?post=14896"}],"wp:featuredmedia":[{"embeddable":true,"href":"https:\/\/andalubox.com\/de\/wp-json\/wp\/v2\/media\/14893"}],"wp:attachment":[{"href":"https:\/\/andalubox.com\/de\/wp-json\/wp\/v2\/media?parent=14896"}],"wp:term":[{"taxonomy":"product_brand","embeddable":true,"href":"https:\/\/andalubox.com\/de\/wp-json\/wp\/v2\/product_brand?post=14896"},{"taxonomy":"product_cat","embeddable":true,"href":"https:\/\/andalubox.com\/de\/wp-json\/wp\/v2\/product_cat?post=14896"},{"taxonomy":"product_tag","embeddable":true,"href":"https:\/\/andalubox.com\/de\/wp-json\/wp\/v2\/product_tag?post=14896"}],"curies":[{"name":"wp","href":"https:\/\/api.w.org\/{rel}","templated":true}]}}