{"id":14818,"date":"2024-09-25T09:25:44","date_gmt":"2024-09-25T07:25:44","guid":{"rendered":"https:\/\/andalubox.com\/producto-andaluz\/mirinda-sarsi\/"},"modified":"2026-01-27T17:35:40","modified_gmt":"2026-01-27T16:35:40","slug":"mirinda-sarsi","status":"publish","type":"product","link":"https:\/\/andalubox.com\/de\/producto-andaluz\/mirinda-sarsi\/","title":{"rendered":"Mirinda Sarsi"},"content":{"rendered":"<h2><span style=\"font-size: 12pt;\">Mirinda Sarsi<\/span><\/h2>\n<div id=\"chat-history\" class=\"chat-history-scroll-container\">\n<div id=\"abbe16675c1a1b6e\" class=\"conversation-container message-actions-hover-boundary ng-star-inserted\">\n<div class=\"response-container ng-tns-c981421412-163 response-container-with-gpi ng-star-inserted response-container-has-multiple-responses\">\n<div class=\"presented-response-container ng-tns-c981421412-163\">\n<div class=\"response-container-content ng-tns-c981421412-163\">\n<div class=\"response-content ng-tns-c981421412-163\">\n<div id=\"model-response-message-contentr_abbe16675c1a1b6e\" class=\"markdown markdown-main-panel enable-updated-hr-color\" dir=\"ltr\">\n<p><b>Mirinda Sarsi<\/b> ist ein Getr\u00e4nk mit einem einzigartigen Geschmack, der sich von herk\u00f6mmlichen Limonaden unterscheidet. Urspr\u00fcnglich stammt es von den Philippinen und \u00e4hnelt dem Geschmack der <i>Sarsaparille<\/i>, von der es seinen Namen hat. Dieser Geschmack ist zwar in bestimmten Teilen Asiens beliebt, aber in Europa oder Amerika nicht so verbreitet, was ihn zu einem kuriosen Getr\u00e4nk macht, das Sie unbedingt probieren sollten.  <\/p>\n<h3>Eigenschaften und Geschmack<\/h3>\n<ul>\n\t<li>\n<p><b>Geschmack der Sarsaparille<\/b>: Der Hauptgeschmack ist s\u00fc\u00df und w\u00fcrzig, mit Noten, die an Vanille, Zimt und Anis erinnern. Er wird oft als \u00e4hnlich wie<i>Root Beer<\/i> beschrieben, hat aber sein eigenes unverwechselbares Profil. <\/p>\n<\/li>\n\t<li>\n<p><b>Farbe<\/b>: Normalerweise karamellfarben oder dunkelbraun, \u00e4hnlich wie die Schw\u00e4nze.<\/p>\n<\/li>\n\t<li>\n<p><b>Textur<\/b>: Es ist ein sprudelndes und erfrischendes Getr\u00e4nk, mit einer feinen Blase, die es sehr angenehm am Gaumen macht.<\/p>\n<\/li>\n<\/ul>\n<h3>Verwendung und Verbrauch<\/h3>\n<p>Mirinda Sarsi ist ein Getr\u00e4nk, das am besten gek\u00fchlt genossen wird. Er ist ein hervorragender Begleiter zum Essen, insbesondere zu Gerichten mit kr\u00e4ftigen Aromen, die gut mit seinem w\u00fcrzigen und s\u00fc\u00dfen Geschmack kontrastieren. Er ist auch eine Option f\u00fcr alle, die eine Alternative zu herk\u00f6mmlichen Cola-Getr\u00e4nken suchen.  <\/p>\n<\/div>\n<\/div>\n<\/div>\n<\/div>\n<\/div>\n<\/div>\n<\/div>\n<h2><span style=\"font-size: 12pt;\">Zutaten:<\/span><\/h2>\n<p>Kohlens\u00e4urehaltiges Wasser, Rohrzucker, nat\u00fcrlicher Farbstoff (150D), Konservierungsmittel (211,202), S\u00e4ureregulator (338), nat\u00fcrliches Aroma Sassafras-Synthese.<\/p>","protected":false},"excerpt":{"rendered":"<p>F\u00fcr Liebhaber von besonderen Getr\u00e4nken, die nicht \u00fcberall erh\u00e4ltlich sind. L\u00f6schen Sie Ihren Durst mit dem kr\u00e4ftigen und erfrischenden Geschmack dieses Erfrischungsgetr\u00e4nks.<br \/>\nHergestellt aus einer einzigartigen Mischung aus Sarsaparillawurzel-Extrakt und nat\u00fcrlichen Aromen, bietet dieses kohlens\u00e4urehaltige Getr\u00e4nk mit jedem Schluck ein frisches und befriedigendes Geschmackserlebnis.   <\/p>\n","protected":false},"featured_media":14815,"comment_status":"open","ping_status":"closed","template":"","meta":{"site-sidebar-layout":"default","site-content-layout":"","ast-site-content-layout":"default","site-content-style":"default","site-sidebar-style":"default","ast-global-header-display":"","ast-banner-title-visibility":"","ast-main-header-display":"","ast-hfb-above-header-display":"","ast-hfb-below-header-display":"","ast-hfb-mobile-header-display":"","site-post-title":"","ast-breadcrumbs-content":"","ast-featured-img":"","footer-sml-layout":"","ast-disable-related-posts":"","theme-transparent-header-meta":"default","adv-header-id-meta":"","stick-header-meta":"","header-above-stick-meta":"","header-main-stick-meta":"","header-below-stick-meta":"","astra-migrate-meta-layouts":"default","ast-page-background-enabled":"default","ast-page-background-meta":{"desktop":{"background-color":"var(--ast-global-color-4)","background-image":"","background-repeat":"repeat","background-position":"center center","background-size":"auto","background-attachment":"scroll","background-type":"","background-media":"","overlay-type":"","overlay-color":"","overlay-opacity":"","overlay-gradient":""},"tablet":{"background-color":"","background-image":"","background-repeat":"repeat","background-position":"center center","background-size":"auto","background-attachment":"scroll","background-type":"","background-media":"","overlay-type":"","overlay-color":"","overlay-opacity":"","overlay-gradient":""},"mobile":{"background-color":"","background-image":"","background-repeat":"repeat","background-position":"center center","background-size":"auto","background-attachment":"scroll","background-type":"","background-media":"","overlay-type":"","overlay-color":"","overlay-opacity":"","overlay-gradient":""}},"ast-content-background-meta":{"desktop":{"background-color":"var(--ast-global-color-5)","background-image":"","background-repeat":"repeat","background-position":"center center","background-size":"auto","background-attachment":"scroll","background-type":"","background-media":"","overlay-type":"","overlay-color":"","overlay-opacity":"","overlay-gradient":""},"tablet":{"background-color":"var(--ast-global-color-5)","background-image":"","background-repeat":"repeat","background-position":"center center","background-size":"auto","background-attachment":"scroll","background-type":"","background-media":"","overlay-type":"","overlay-color":"","overlay-opacity":"","overlay-gradient":""},"mobile":{"background-color":"var(--ast-global-color-5)","background-image":"","background-repeat":"repeat","background-position":"center center","background-size":"auto","background-attachment":"scroll","background-type":"","background-media":"","overlay-type":"","overlay-color":"","overlay-opacity":"","overlay-gradient":""}}},"product_brand":[1344],"product_cat":[423],"product_tag":[],"class_list":{"0":"post-14818","1":"product","2":"type-product","3":"status-publish","4":"has-post-thumbnail","6":"product_brand-pepsi","7":"product_cat-erfrischungsgetranke","8":"desktop-align-left","9":"tablet-align-left","10":"mobile-align-left","12":"first","13":"instock","14":"taxable","15":"shipping-taxable","16":"purchasable","17":"product-type-simple"},"_links":{"self":[{"href":"https:\/\/andalubox.com\/de\/wp-json\/wp\/v2\/product\/14818","targetHints":{"allow":["GET"]}}],"collection":[{"href":"https:\/\/andalubox.com\/de\/wp-json\/wp\/v2\/product"}],"about":[{"href":"https:\/\/andalubox.com\/de\/wp-json\/wp\/v2\/types\/product"}],"replies":[{"embeddable":true,"href":"https:\/\/andalubox.com\/de\/wp-json\/wp\/v2\/comments?post=14818"}],"wp:featuredmedia":[{"embeddable":true,"href":"https:\/\/andalubox.com\/de\/wp-json\/wp\/v2\/media\/14815"}],"wp:attachment":[{"href":"https:\/\/andalubox.com\/de\/wp-json\/wp\/v2\/media?parent=14818"}],"wp:term":[{"taxonomy":"product_brand","embeddable":true,"href":"https:\/\/andalubox.com\/de\/wp-json\/wp\/v2\/product_brand?post=14818"},{"taxonomy":"product_cat","embeddable":true,"href":"https:\/\/andalubox.com\/de\/wp-json\/wp\/v2\/product_cat?post=14818"},{"taxonomy":"product_tag","embeddable":true,"href":"https:\/\/andalubox.com\/de\/wp-json\/wp\/v2\/product_tag?post=14818"}],"curies":[{"name":"wp","href":"https:\/\/api.w.org\/{rel}","templated":true}]}}