{"id":14796,"date":"2024-09-23T09:43:31","date_gmt":"2024-09-23T07:43:31","guid":{"rendered":"https:\/\/andalubox.com\/producto-andaluz\/vino-fino-chiclanero-en-rama-75cl\/"},"modified":"2025-09-24T11:34:33","modified_gmt":"2025-09-24T09:34:33","slug":"vino-fino-chiclanero-en-rama-75cl","status":"publish","type":"product","link":"https:\/\/andalubox.com\/de\/producto-andaluz\/vino-fino-chiclanero-en-rama-75cl\/","title":{"rendered":"Chiclana Vino Fino en Rama 75cl"},"content":{"rendered":"<div id=\"chat-history\" class=\"chat-history-scroll-container\">\n<div id=\"259c34c0e1715722\" class=\"conversation-container message-actions-hover-boundary ng-star-inserted\">\n<div class=\"response-container ng-tns-c981421412-168 response-container-with-gpi ng-star-inserted response-container-has-multiple-responses\">\n<div class=\"presented-response-container ng-tns-c981421412-168\">\n<div class=\"response-container-content ng-tns-c981421412-168\">\n<div class=\"response-content ng-tns-c981421412-168\">\n<div id=\"model-response-message-contentr_259c34c0e1715722\" class=\"markdown markdown-main-panel enable-updated-hr-color\" dir=\"ltr\">\n<p><b>Vino Fino Chiclanero en Rama<\/b> ist ein gespriteter Wein mit der gesch\u00fctzten Ursprungsbezeichnung (g.U.) <b>Jerez-X\u00e9r\u00e8s-Sherry und Manzanilla-Sanl\u00facar de Barrameda<\/b>. Er wird in der Stadt Chiclana de la Frontera in der Provinz C\u00e1diz hergestellt und zeichnet sich durch seine besondere Ausarbeitung &#8220;en rama&#8221; aus. <\/p>\n<h3>Was bedeutet &#8220;en Rama&#8221;?<\/h3>\n<p>Der Begriff &#8220;en rama&#8221; bedeutet, dass der Wein praktisch so abgef\u00fcllt wird, wie er aus dem Fass kommt, ohne aggressive Filterung oder Sch\u00f6nung. Das bedeutet, dass der Wein reiner ist und den gr\u00f6\u00dften Teil seines Velo de Flor (eine Hefeschicht, die den Wein w\u00e4hrend der Reifung sch\u00fctzt und n\u00e4hrt) beibeh\u00e4lt, was ihm eine gr\u00f6\u00dfere Komplexit\u00e4t an Aromen und Geschmacksrichtungen verleiht. <\/p>\n<h3>Verkostungsnotizen<\/h3>\n<ul>\n\t<li>\n<p><b>Aussehen<\/b>: Strohgelbe Farbe mit goldenen Reflexen und leicht tr\u00fcbem Aussehen, da es keine intensive Filterung gibt.<\/p>\n<\/li>\n\t<li>\n<p><b>Bouquet<\/b>: Sehr intensive und komplexe Aromen. Noten von Hefe, getrockneten Fr\u00fcchten (Mandeln), B\u00e4ckerei und salzige Noten, typisch f\u00fcr die Reifung unter Flor. <\/p>\n<\/li>\n\t<li>\n<p><b>Gaumen<\/b>: Im Mund ist er sehr trocken, scharf und charaktervoll. Die Salzigkeit ist eines seiner herausragendsten Merkmale, zusammen mit einem langen und anhaltenden Abgang, der zu einem zweiten Schluck einl\u00e4dt. <\/p>\n<\/li>\n<\/ul>\n<h3>Pairing und Service<\/h3>\n<p>Der Fino Chiclanero en Rama ist ein idealer Aperitifwein. Sein salziger Charakter und seine S\u00e4ure machen ihn zu einem perfekten Begleiter: <\/p>\n<ul>\n\t<li>\n<p><b>Meeresfr\u00fcchte und Fisch<\/b>, insbesondere &#8220;pesca\u00edto frito&#8221; (gebratener Fisch).<\/p>\n<\/li>\n\t<li>\n<p><b>Iberischer Schinken<\/b> und W\u00fcrstchen.<\/p>\n<\/li>\n\t<li>\n<p><b>Oliven<\/b> und gesalzene Mandeln.<\/p>\n<\/li>\n\t<li>\n<p>Gerichte der andalusischen K\u00fcche.<\/p>\n<\/li>\n<\/ul>\n<p>Es wird empfohlen, ihn sehr kalt, zwischen 6\u00ba und 8\u00ba C, in einem Weinglas zu servieren, um alle seine Nuancen besser genie\u00dfen zu k\u00f6nnen.<\/p>\n<\/div>\n<\/div>\n<\/div>\n<\/div>\n<\/div>\n<\/div>\n<\/div>\n<p>Der Fino en Rama ist ein feiner Wein von strohgelber Farbe, der mehr als 4 Jahre in F\u00e4ssern aus amerikanischer Eiche unter dem Schleier von Flor gereift ist. Dieser Wein wird direkt aus dem Fass in Flaschen abgef\u00fcllt, ohne Filtration oder Kl\u00e4rung, wodurch seine Reinheit und seine nat\u00fcrlichen Nuancen erhalten bleiben. In der Nase hat er Aromen von ger\u00f6steten Mandeln, Zitrusfr\u00fcchten und einen Hintergrund von Kamille, w\u00e4hrend er am Gaumen einen trockenen und salzigen Geschmack mit einem leicht bitteren Abgang bietet.  <\/p>","protected":false},"excerpt":{"rendered":"<p>Der Fino en Rama ist ein feiner, ungefilterter Wein mit Noten von Mandeln und Zitrusfr\u00fcchten, der ideal zu Tapas und Meeresfr\u00fcchten passt.<\/p>\n","protected":false},"featured_media":14765,"comment_status":"open","ping_status":"closed","template":"","meta":{"site-sidebar-layout":"default","site-content-layout":"","ast-site-content-layout":"default","site-content-style":"default","site-sidebar-style":"default","ast-global-header-display":"","ast-banner-title-visibility":"","ast-main-header-display":"","ast-hfb-above-header-display":"","ast-hfb-below-header-display":"","ast-hfb-mobile-header-display":"","site-post-title":"","ast-breadcrumbs-content":"","ast-featured-img":"","footer-sml-layout":"","ast-disable-related-posts":"","theme-transparent-header-meta":"default","adv-header-id-meta":"","stick-header-meta":"","header-above-stick-meta":"","header-main-stick-meta":"","header-below-stick-meta":"","astra-migrate-meta-layouts":"default","ast-page-background-enabled":"default","ast-page-background-meta":{"desktop":{"background-color":"var(--ast-global-color-4)","background-image":"","background-repeat":"repeat","background-position":"center center","background-size":"auto","background-attachment":"scroll","background-type":"","background-media":"","overlay-type":"","overlay-color":"","overlay-opacity":"","overlay-gradient":""},"tablet":{"background-color":"","background-image":"","background-repeat":"repeat","background-position":"center center","background-size":"auto","background-attachment":"scroll","background-type":"","background-media":"","overlay-type":"","overlay-color":"","overlay-opacity":"","overlay-gradient":""},"mobile":{"background-color":"","background-image":"","background-repeat":"repeat","background-position":"center center","background-size":"auto","background-attachment":"scroll","background-type":"","background-media":"","overlay-type":"","overlay-color":"","overlay-opacity":"","overlay-gradient":""}},"ast-content-background-meta":{"desktop":{"background-color":"var(--ast-global-color-5)","background-image":"","background-repeat":"repeat","background-position":"center center","background-size":"auto","background-attachment":"scroll","background-type":"","background-media":"","overlay-type":"","overlay-color":"","overlay-opacity":"","overlay-gradient":""},"tablet":{"background-color":"var(--ast-global-color-5)","background-image":"","background-repeat":"repeat","background-position":"center center","background-size":"auto","background-attachment":"scroll","background-type":"","background-media":"","overlay-type":"","overlay-color":"","overlay-opacity":"","overlay-gradient":""},"mobile":{"background-color":"var(--ast-global-color-5)","background-image":"","background-repeat":"repeat","background-position":"center center","background-size":"auto","background-attachment":"scroll","background-type":"","background-media":"","overlay-type":"","overlay-color":"","overlay-opacity":"","overlay-gradient":""}}},"product_brand":[1398],"product_cat":[15],"product_tag":[],"class_list":{"0":"post-14796","1":"product","2":"type-product","3":"status-publish","4":"has-post-thumbnail","6":"product_brand-bodega-cooperativa-union-de-viticultores-chiclaneros","7":"product_cat-sin-categorizar","8":"desktop-align-left","9":"tablet-align-left","10":"mobile-align-left","12":"first","13":"instock","14":"taxable","15":"shipping-taxable","16":"purchasable","17":"product-type-simple"},"_links":{"self":[{"href":"https:\/\/andalubox.com\/de\/wp-json\/wp\/v2\/product\/14796","targetHints":{"allow":["GET"]}}],"collection":[{"href":"https:\/\/andalubox.com\/de\/wp-json\/wp\/v2\/product"}],"about":[{"href":"https:\/\/andalubox.com\/de\/wp-json\/wp\/v2\/types\/product"}],"replies":[{"embeddable":true,"href":"https:\/\/andalubox.com\/de\/wp-json\/wp\/v2\/comments?post=14796"}],"wp:featuredmedia":[{"embeddable":true,"href":"https:\/\/andalubox.com\/de\/wp-json\/wp\/v2\/media\/14765"}],"wp:attachment":[{"href":"https:\/\/andalubox.com\/de\/wp-json\/wp\/v2\/media?parent=14796"}],"wp:term":[{"taxonomy":"product_brand","embeddable":true,"href":"https:\/\/andalubox.com\/de\/wp-json\/wp\/v2\/product_brand?post=14796"},{"taxonomy":"product_cat","embeddable":true,"href":"https:\/\/andalubox.com\/de\/wp-json\/wp\/v2\/product_cat?post=14796"},{"taxonomy":"product_tag","embeddable":true,"href":"https:\/\/andalubox.com\/de\/wp-json\/wp\/v2\/product_tag?post=14796"}],"curies":[{"name":"wp","href":"https:\/\/api.w.org\/{rel}","templated":true}]}}