{"id":14784,"date":"2024-09-23T09:30:34","date_gmt":"2024-09-23T07:30:34","guid":{"rendered":"https:\/\/andalubox.com\/producto-andaluz\/miguel-domecq-entrechuelos-75cl\/"},"modified":"2026-03-02T14:39:26","modified_gmt":"2026-03-02T13:39:26","slug":"miguel-domecq-entrechuelos-75cl","status":"publish","type":"product","link":"https:\/\/andalubox.com\/de\/producto-andaluz\/miguel-domecq-entrechuelos-75cl\/","title":{"rendered":"Miguel Domecq Entrechuelos Wei\u00dfwein aus C\u00e1diz 75cl"},"content":{"rendered":"<p><b>Entrechuelos Blanco<\/b> von Bodegas Miguel Domecq ist ein Wei\u00dfwein aus der Provinz C\u00e1diz, der sich als eine der Qualit\u00e4tsreferenzen der Region positioniert hat. Seine Frische und Eleganz machen ihn zu einem idealen Wein f\u00fcr Liebhaber von Wei\u00dfweinen mit Pers\u00f6nlichkeit. <\/p>\n<h3>Produktion und Rebsorten<\/h3>\n<p>Der Wein wird aus Trauben vom Weingut La Martineta in der N\u00e4he von Jerez hergestellt. Das warme Klima und die N\u00e4he zum Atlantischen Ozean beeinflussen den einzigartigen Charakter dieses Weins. <\/p>\n<ul>\n\t<li>\n<p><b>Rebsorte<\/b>: Es handelt sich um einen Verschnitt aus den Sorten <b>Sauvignon Blanc<\/b> und <b>Chardonnay<\/b>. Diese Rebsorten sind international anerkannt und haben sich sehr gut an das Terroir von C\u00e1diz angepasst. <\/p>\n<\/li>\n\t<li>\n<p><b>G\u00e4rung<\/b>: Die G\u00e4rung erfolgt bei kontrollierter Temperatur in Edelstahltanks, um die Prim\u00e4raromen der Fr\u00fcchte zu erhalten.<\/p>\n<\/li>\n<\/ul>\n<h3>Verkostungsnotizen<\/h3>\n<ul>\n\t<li>\n<p><b>Aussehen<\/b>: Blasse, leuchtend gelbe Farbe, mit gr\u00fcnlichen Schimmern.<\/p>\n<\/li>\n\t<li>\n<p><b>Bouquet<\/b>: Das Bouquet ist sehr ausdrucksstark. Aromen von tropischen Fr\u00fcchten wie Passionsfrucht und Ananas, kombiniert mit Zitrusnoten von Grapefruit und einem blumigen Hintergrund. <\/p>\n<\/li>\n\t<li>\n<p><b>Geschmack<\/b>: Im Mund ist er ein sehr frischer Wein mit einer gut eingebundenen S\u00e4ure, die ihm Lebendigkeit verleiht. Er ist leicht, elegant und hat einen langen Abgang, der einen angenehmen fruchtigen Nachgeschmack hinterl\u00e4sst. <\/p>\n<\/li>\n<\/ul>\n<h3>Pairing und Service<\/h3>\n<p>Dank seiner Frische und Komplexit\u00e4t ist der Entrechuelos Blanco ein sehr vielseitiger Wein, der sehr gut zu anderen Weinen passt:<\/p>\n<ul>\n\t<li>\n<p>Gegrillter, ged\u00fcnsteter oder gebratener <b>Fisch und Schalentiere<\/b>.<\/p>\n<\/li>\n\t<li>\n<p><b>Reis-<\/b> und <b>Nudelgerichte<\/b> auf der Basis von Meeresfr\u00fcchten oder Gem\u00fcse.<\/p>\n<\/li>\n\t<li>\n<p><b>Salate<\/b> und Gem\u00fcsegerichte.<\/p>\n<\/li>\n\t<li>\n<p><b>Frische<\/b> und halbgereifte <b>K\u00e4sesorten<\/b>.<\/p>\n<\/li>\n<\/ul>\n<p>Es wird empfohlen, ihn bei einer Temperatur zwischen 8\u00ba und 10\u00ba C zu servieren, um seine Frische und Aromen voll zu genie\u00dfen.<\/p>\n<p>Entrechuelos Chardonnay ist ein Wei\u00dfwein aus den Weinbergen von Tierra de C\u00e1diz, in Cortijo de Torrecera, Jerez de la Frontera. Dieser Chardonnay zeichnet sich durch seine zitrischen und blumigen Aromen aus, mit einem Hauch von Pfirsich und Aprikose sowie einem sanften Hauch von Orangen- und Grapefruitschale. Seine Ausgewogenheit zwischen S\u00e4ure und Weichheit macht ihn zu einem runden Wein, der ideal zu Fischgerichten, Meeresfr\u00fcchten und Frischk\u00e4se passt.  <\/p>\n<p>Andalubox hat sich den Wei\u00dfweinen aus C\u00e1diz verschrieben.<\/p>","protected":false},"excerpt":{"rendered":"<p>Der Entrechuelos Chardonnay ist ein frischer Wei\u00dfwein mit Zitrus- und Blumennoten, der sich ideal zu Fisch und Meeresfr\u00fcchten kombinieren l\u00e4sst.<\/p>\n","protected":false},"featured_media":14755,"comment_status":"open","ping_status":"closed","template":"","meta":{"site-sidebar-layout":"default","site-content-layout":"","ast-site-content-layout":"default","site-content-style":"default","site-sidebar-style":"default","ast-global-header-display":"","ast-banner-title-visibility":"","ast-main-header-display":"","ast-hfb-above-header-display":"","ast-hfb-below-header-display":"","ast-hfb-mobile-header-display":"","site-post-title":"","ast-breadcrumbs-content":"","ast-featured-img":"","footer-sml-layout":"","ast-disable-related-posts":"","theme-transparent-header-meta":"default","adv-header-id-meta":"","stick-header-meta":"","header-above-stick-meta":"","header-main-stick-meta":"","header-below-stick-meta":"","astra-migrate-meta-layouts":"default","ast-page-background-enabled":"default","ast-page-background-meta":{"desktop":{"background-color":"var(--ast-global-color-4)","background-image":"","background-repeat":"repeat","background-position":"center center","background-size":"auto","background-attachment":"scroll","background-type":"","background-media":"","overlay-type":"","overlay-color":"","overlay-opacity":"","overlay-gradient":""},"tablet":{"background-color":"","background-image":"","background-repeat":"repeat","background-position":"center center","background-size":"auto","background-attachment":"scroll","background-type":"","background-media":"","overlay-type":"","overlay-color":"","overlay-opacity":"","overlay-gradient":""},"mobile":{"background-color":"","background-image":"","background-repeat":"repeat","background-position":"center center","background-size":"auto","background-attachment":"scroll","background-type":"","background-media":"","overlay-type":"","overlay-color":"","overlay-opacity":"","overlay-gradient":""}},"ast-content-background-meta":{"desktop":{"background-color":"var(--ast-global-color-5)","background-image":"","background-repeat":"repeat","background-position":"center center","background-size":"auto","background-attachment":"scroll","background-type":"","background-media":"","overlay-type":"","overlay-color":"","overlay-opacity":"","overlay-gradient":""},"tablet":{"background-color":"var(--ast-global-color-5)","background-image":"","background-repeat":"repeat","background-position":"center center","background-size":"auto","background-attachment":"scroll","background-type":"","background-media":"","overlay-type":"","overlay-color":"","overlay-opacity":"","overlay-gradient":""},"mobile":{"background-color":"var(--ast-global-color-5)","background-image":"","background-repeat":"repeat","background-position":"center center","background-size":"auto","background-attachment":"scroll","background-type":"","background-media":"","overlay-type":"","overlay-color":"","overlay-opacity":"","overlay-gradient":""}}},"product_brand":[1309],"product_cat":[342],"product_tag":[],"class_list":{"0":"post-14784","1":"product","2":"type-product","3":"status-publish","4":"has-post-thumbnail","6":"product_brand-miguel-domecq","7":"product_cat-weiswein","8":"desktop-align-left","9":"tablet-align-left","10":"mobile-align-left","12":"first","13":"instock","14":"taxable","15":"shipping-taxable","16":"purchasable","17":"product-type-simple"},"_links":{"self":[{"href":"https:\/\/andalubox.com\/de\/wp-json\/wp\/v2\/product\/14784","targetHints":{"allow":["GET"]}}],"collection":[{"href":"https:\/\/andalubox.com\/de\/wp-json\/wp\/v2\/product"}],"about":[{"href":"https:\/\/andalubox.com\/de\/wp-json\/wp\/v2\/types\/product"}],"replies":[{"embeddable":true,"href":"https:\/\/andalubox.com\/de\/wp-json\/wp\/v2\/comments?post=14784"}],"wp:featuredmedia":[{"embeddable":true,"href":"https:\/\/andalubox.com\/de\/wp-json\/wp\/v2\/media\/14755"}],"wp:attachment":[{"href":"https:\/\/andalubox.com\/de\/wp-json\/wp\/v2\/media?parent=14784"}],"wp:term":[{"taxonomy":"product_brand","embeddable":true,"href":"https:\/\/andalubox.com\/de\/wp-json\/wp\/v2\/product_brand?post=14784"},{"taxonomy":"product_cat","embeddable":true,"href":"https:\/\/andalubox.com\/de\/wp-json\/wp\/v2\/product_cat?post=14784"},{"taxonomy":"product_tag","embeddable":true,"href":"https:\/\/andalubox.com\/de\/wp-json\/wp\/v2\/product_tag?post=14784"}],"curies":[{"name":"wp","href":"https:\/\/api.w.org\/{rel}","templated":true}]}}