{"id":14463,"date":"2024-08-05T11:40:34","date_gmt":"2024-08-05T09:40:34","guid":{"rendered":"https:\/\/andalubox.com\/producto-andaluz\/creme-7-gemuese-campo-rico-380g\/"},"modified":"2025-09-24T11:58:42","modified_gmt":"2025-09-24T09:58:42","slug":"creme-7-gemuese-campo-rico-380g","status":"publish","type":"product","link":"https:\/\/andalubox.com\/de\/producto-andaluz\/creme-7-gemuese-campo-rico-380g\/","title":{"rendered":"Campo Rico Frische Creme aus 7 Gem\u00fcsesorten 380g"},"content":{"rendered":"<p>Diese Creme kombiniert das Beste aus der Natur mit Zutaten wie Karotten, Zucchini, Lauch, Sellerie, Kartoffeln, Zwiebeln und Spinat, die alle in nativem Oliven\u00f6l extra ged\u00fcnstet werden. Das Ergebnis ist eine weiche und cremige Creme, die reich an Vitaminen, Mineralien und Antioxidantien ist und sich ideal f\u00fcr eine ausgewogene und gesunde Ern\u00e4hrung eignet.<\/p>\n<p>Campo Rico, das sich f\u00fcr Qualit\u00e4t und Nachhaltigkeit einsetzt, garantiert, dass seine Crema 7 Gem\u00fcsecreme 100% nat\u00fcrlich, allergen- und glutenfrei und f\u00fcr eine vegane Ern\u00e4hrung geeignet ist. Dieses Produkt der 5. Reihe ist verzehrfertig, was es einfach zuzubereiten und eine praktische Option f\u00fcr schnelle und gesunde Mahlzeiten macht. Alles, was Sie tun m\u00fcssen, ist, sie zu erhitzen und zu servieren, damit Sie in wenigen Minuten ein gem\u00fctliches und nahrhaftes Gericht genie\u00dfen k\u00f6nnen.  <\/p>","protected":false},"excerpt":{"rendered":"<p>Probieren Sie die Crema 7 Gem\u00fcsecreme von Campo Rico, ein biologisches und 100% pflanzliches Produkt in einer praktischen 380g-Packung.<br \/>\nIdeal f\u00fcr eine schnelle und gesunde Mahlzeit. <\/p>\n","protected":false},"featured_media":14625,"comment_status":"open","ping_status":"closed","template":"","meta":{"site-sidebar-layout":"default","site-content-layout":"","ast-site-content-layout":"default","site-content-style":"default","site-sidebar-style":"default","ast-global-header-display":"","ast-banner-title-visibility":"","ast-main-header-display":"","ast-hfb-above-header-display":"","ast-hfb-below-header-display":"","ast-hfb-mobile-header-display":"","site-post-title":"","ast-breadcrumbs-content":"","ast-featured-img":"","footer-sml-layout":"","ast-disable-related-posts":"","theme-transparent-header-meta":"default","adv-header-id-meta":"","stick-header-meta":"","header-above-stick-meta":"","header-main-stick-meta":"","header-below-stick-meta":"","astra-migrate-meta-layouts":"default","ast-page-background-enabled":"default","ast-page-background-meta":{"desktop":{"background-color":"var(--ast-global-color-4)","background-image":"","background-repeat":"repeat","background-position":"center center","background-size":"auto","background-attachment":"scroll","background-type":"","background-media":"","overlay-type":"","overlay-color":"","overlay-opacity":"","overlay-gradient":""},"tablet":{"background-color":"","background-image":"","background-repeat":"repeat","background-position":"center center","background-size":"auto","background-attachment":"scroll","background-type":"","background-media":"","overlay-type":"","overlay-color":"","overlay-opacity":"","overlay-gradient":""},"mobile":{"background-color":"","background-image":"","background-repeat":"repeat","background-position":"center center","background-size":"auto","background-attachment":"scroll","background-type":"","background-media":"","overlay-type":"","overlay-color":"","overlay-opacity":"","overlay-gradient":""}},"ast-content-background-meta":{"desktop":{"background-color":"var(--ast-global-color-5)","background-image":"","background-repeat":"repeat","background-position":"center center","background-size":"auto","background-attachment":"scroll","background-type":"","background-media":"","overlay-type":"","overlay-color":"","overlay-opacity":"","overlay-gradient":""},"tablet":{"background-color":"var(--ast-global-color-5)","background-image":"","background-repeat":"repeat","background-position":"center center","background-size":"auto","background-attachment":"scroll","background-type":"","background-media":"","overlay-type":"","overlay-color":"","overlay-opacity":"","overlay-gradient":""},"mobile":{"background-color":"var(--ast-global-color-5)","background-image":"","background-repeat":"repeat","background-position":"center center","background-size":"auto","background-attachment":"scroll","background-type":"","background-media":"","overlay-type":"","overlay-color":"","overlay-opacity":"","overlay-gradient":""}}},"product_brand":[1336],"product_cat":[15],"product_tag":[],"class_list":{"0":"post-14463","1":"product","2":"type-product","3":"status-publish","4":"has-post-thumbnail","6":"product_brand-campo-rico","7":"product_cat-sin-categorizar","8":"desktop-align-left","9":"tablet-align-left","10":"mobile-align-left","12":"first","13":"outofstock","14":"taxable","15":"shipping-taxable","16":"purchasable","17":"product-type-simple"},"_links":{"self":[{"href":"https:\/\/andalubox.com\/de\/wp-json\/wp\/v2\/product\/14463","targetHints":{"allow":["GET"]}}],"collection":[{"href":"https:\/\/andalubox.com\/de\/wp-json\/wp\/v2\/product"}],"about":[{"href":"https:\/\/andalubox.com\/de\/wp-json\/wp\/v2\/types\/product"}],"replies":[{"embeddable":true,"href":"https:\/\/andalubox.com\/de\/wp-json\/wp\/v2\/comments?post=14463"}],"wp:featuredmedia":[{"embeddable":true,"href":"https:\/\/andalubox.com\/de\/wp-json\/wp\/v2\/media\/14625"}],"wp:attachment":[{"href":"https:\/\/andalubox.com\/de\/wp-json\/wp\/v2\/media?parent=14463"}],"wp:term":[{"taxonomy":"product_brand","embeddable":true,"href":"https:\/\/andalubox.com\/de\/wp-json\/wp\/v2\/product_brand?post=14463"},{"taxonomy":"product_cat","embeddable":true,"href":"https:\/\/andalubox.com\/de\/wp-json\/wp\/v2\/product_cat?post=14463"},{"taxonomy":"product_tag","embeddable":true,"href":"https:\/\/andalubox.com\/de\/wp-json\/wp\/v2\/product_tag?post=14463"}],"curies":[{"name":"wp","href":"https:\/\/api.w.org\/{rel}","templated":true}]}}