{"id":14454,"date":"2024-08-05T11:36:46","date_gmt":"2024-08-05T09:36:46","guid":{"rendered":"https:\/\/andalubox.com\/producto-andaluz\/campo-rico-zucchinicremesuppe-380g\/"},"modified":"2026-01-29T16:40:20","modified_gmt":"2026-01-29T15:40:20","slug":"campo-rico-zucchinicremesuppe-380g","status":"publish","type":"product","link":"https:\/\/andalubox.com\/de\/producto-andaluz\/campo-rico-zucchinicremesuppe-380g\/","title":{"rendered":"Campo Rico Frische Zucchinicreme 380g"},"content":{"rendered":"<div id=\"chat-history\" class=\"chat-history-scroll-container\">\n<div id=\"4195ac3e4a34ed15\" class=\"conversation-container message-actions-hover-boundary ng-star-inserted\">\n<div class=\"response-container ng-tns-c981421412-225 response-container-with-gpi ng-star-inserted response-container-has-multiple-responses\">\n<div class=\"presented-response-container ng-tns-c981421412-225\">\n<div class=\"response-container-content ng-tns-c981421412-225\">\n<div class=\"response-content ng-tns-c981421412-225\">\n<div id=\"model-response-message-contentr_4195ac3e4a34ed15\" class=\"markdown markdown-main-panel enable-updated-hr-color\" dir=\"ltr\">\n<p>Die <b>frische Zucchinicreme<\/b> von Campo Rico ist ein Produkt, das sich durch seine Einfachheit, Frische und seinen nat\u00fcrlichen Geschmack auszeichnet. Sie ist die perfekte Wahl f\u00fcr eine schnelle und gesunde Mahlzeit, denn sie bietet Ihnen die Qualit\u00e4t eines hausgemachten Gerichts in wenigen Minuten. <\/p>\n<h3>Ein authentischer Geschmack<\/h3>\n<p>Die Hauptzutat dieser Creme ist <b>frische Zucchini<\/b>, ein Gem\u00fcse, das der Creme einen weichen Geschmack und eine seidige Textur verleiht. Da es sich um ein &#8220;frisches&#8221; Produkt handelt, unterscheidet sie sich von herk\u00f6mmlichen verpackten Cremes, da sie nicht so aggressiven Pasteurisierungsprozessen unterzogen wurde, wodurch ihre organoleptischen Eigenschaften, d.h. ihr Geschmack und ihr Aroma, besser erhalten bleiben. <\/p>\n<h3>Hauptmerkmale<\/h3>\n<ul>\n\t<li>\n<p><b>Hochwertige Zutaten<\/b>: Campo Rico w\u00e4hlt Zucchini und andere Gem\u00fcsesorten sorgf\u00e4ltig aus, um ein hochwertiges Produkt anbieten zu k\u00f6nnen.<\/p>\n<\/li>\n\t<li>\n<p><b>Quelle f\u00fcr N\u00e4hrstoffe<\/b>: Zucchini ist reich an Vitaminen (wie Vitamin C und B6), Kalium und Antioxidantien. Als Gem\u00fcsecreme ist sie eine ausgezeichnete Quelle f\u00fcr Ballaststoffe. <\/p>\n<\/li>\n\t<li>\n<p><b>Schnell und einfach zuzubereiten<\/b>: Erhitzen Sie es einfach f\u00fcr eine nahrhafte und gem\u00fctliche Mahlzeit.<\/p>\n<\/li>\n<\/ul>\n<h3>K\u00fcche Verwendungen<\/h3>\n<p>Diese Zucchinicreme ist sehr vielseitig:<\/p>\n<ul>\n\t<li>\n<p><b>Vorspeise oder leichtes Abendessen<\/b>: Wird hei\u00df als Vorspeise oder leichtes Abendessen serviert.<\/p>\n<\/li>\n\t<li>\n<p><b>Als Basis f\u00fcr andere Rezepte<\/b>: Sie k\u00f6nnen es mit Croutons, einem Spritzer Oliven\u00f6l, Gew\u00fcrzen oder sogar K\u00e4sest\u00fccken verfeinern.<\/p>\n<\/li>\n<\/ul>\n<p>Kurzum, die Zucchinicremesuppe von Campo Rico ist eine ausgezeichnete Wahl, wenn Sie ein gesundes Gericht suchen, das schnell zubereitet werden kann und den authentischen Geschmack frischer Produkte besitzt.<\/p>\n<\/div>\n<\/div>\n<\/div>\n<\/div>\n<\/div>\n<\/div>\n<\/div>\n<p>Die Zucchinicremesuppe von Campo Rico in der praktischen 380g-Packung ist die perfekte Wahl f\u00fcr alle, die ein gesundes, leckeres und servierfertiges Gericht suchen. Diese Creme aus 100% nat\u00fcrlichen und pflanzlichen Zutaten zeichnet sich durch ihren milden Geschmack und ihre cremige Textur aus und ist ideal f\u00fcr jede Gelegenheit. <\/p>\n<p>Diese Creme wird aus frischen, hochwertigen Zucchini hergestellt und ist eine hervorragende Quelle f\u00fcr Vitamine, Mineralien und Ballaststoffe, die eine nahrhafte und kalorienarme Alternative darstellen. Die Zucchinicreme von Campo Rico ist mit nativem Oliven\u00f6l extra angereichert, das ihr einen Hauch von mediterranem Geschmack und zus\u00e4tzlichen gesundheitlichen Vorteilen verleiht. <\/p>","protected":false},"excerpt":{"rendered":"<p>Campo Rico Zucchinicreme, ein 100% pflanzliches und nat\u00fcrliches Produkt in einer praktischen 380g-Packung.<br \/>\nIdeal f\u00fcr eine gesunde und k\u00f6stliche mediterrane Ern\u00e4hrung. <\/p>\n","protected":false},"featured_media":14621,"comment_status":"open","ping_status":"closed","template":"","meta":{"site-sidebar-layout":"default","site-content-layout":"","ast-site-content-layout":"default","site-content-style":"default","site-sidebar-style":"default","ast-global-header-display":"","ast-banner-title-visibility":"","ast-main-header-display":"","ast-hfb-above-header-display":"","ast-hfb-below-header-display":"","ast-hfb-mobile-header-display":"","site-post-title":"","ast-breadcrumbs-content":"","ast-featured-img":"","footer-sml-layout":"","ast-disable-related-posts":"","theme-transparent-header-meta":"default","adv-header-id-meta":"","stick-header-meta":"","header-above-stick-meta":"","header-main-stick-meta":"","header-below-stick-meta":"","astra-migrate-meta-layouts":"default","ast-page-background-enabled":"default","ast-page-background-meta":{"desktop":{"background-color":"var(--ast-global-color-4)","background-image":"","background-repeat":"repeat","background-position":"center center","background-size":"auto","background-attachment":"scroll","background-type":"","background-media":"","overlay-type":"","overlay-color":"","overlay-opacity":"","overlay-gradient":""},"tablet":{"background-color":"","background-image":"","background-repeat":"repeat","background-position":"center center","background-size":"auto","background-attachment":"scroll","background-type":"","background-media":"","overlay-type":"","overlay-color":"","overlay-opacity":"","overlay-gradient":""},"mobile":{"background-color":"","background-image":"","background-repeat":"repeat","background-position":"center center","background-size":"auto","background-attachment":"scroll","background-type":"","background-media":"","overlay-type":"","overlay-color":"","overlay-opacity":"","overlay-gradient":""}},"ast-content-background-meta":{"desktop":{"background-color":"var(--ast-global-color-5)","background-image":"","background-repeat":"repeat","background-position":"center center","background-size":"auto","background-attachment":"scroll","background-type":"","background-media":"","overlay-type":"","overlay-color":"","overlay-opacity":"","overlay-gradient":""},"tablet":{"background-color":"var(--ast-global-color-5)","background-image":"","background-repeat":"repeat","background-position":"center center","background-size":"auto","background-attachment":"scroll","background-type":"","background-media":"","overlay-type":"","overlay-color":"","overlay-opacity":"","overlay-gradient":""},"mobile":{"background-color":"var(--ast-global-color-5)","background-image":"","background-repeat":"repeat","background-position":"center center","background-size":"auto","background-attachment":"scroll","background-type":"","background-media":"","overlay-type":"","overlay-color":"","overlay-opacity":"","overlay-gradient":""}}},"product_brand":[1336],"product_cat":[15],"product_tag":[],"class_list":{"0":"post-14454","1":"product","2":"type-product","3":"status-publish","4":"has-post-thumbnail","6":"product_brand-campo-rico","7":"product_cat-sin-categorizar","8":"desktop-align-left","9":"tablet-align-left","10":"mobile-align-left","12":"first","13":"outofstock","14":"taxable","15":"shipping-taxable","16":"purchasable","17":"product-type-simple"},"_links":{"self":[{"href":"https:\/\/andalubox.com\/de\/wp-json\/wp\/v2\/product\/14454","targetHints":{"allow":["GET"]}}],"collection":[{"href":"https:\/\/andalubox.com\/de\/wp-json\/wp\/v2\/product"}],"about":[{"href":"https:\/\/andalubox.com\/de\/wp-json\/wp\/v2\/types\/product"}],"replies":[{"embeddable":true,"href":"https:\/\/andalubox.com\/de\/wp-json\/wp\/v2\/comments?post=14454"}],"wp:featuredmedia":[{"embeddable":true,"href":"https:\/\/andalubox.com\/de\/wp-json\/wp\/v2\/media\/14621"}],"wp:attachment":[{"href":"https:\/\/andalubox.com\/de\/wp-json\/wp\/v2\/media?parent=14454"}],"wp:term":[{"taxonomy":"product_brand","embeddable":true,"href":"https:\/\/andalubox.com\/de\/wp-json\/wp\/v2\/product_brand?post=14454"},{"taxonomy":"product_cat","embeddable":true,"href":"https:\/\/andalubox.com\/de\/wp-json\/wp\/v2\/product_cat?post=14454"},{"taxonomy":"product_tag","embeddable":true,"href":"https:\/\/andalubox.com\/de\/wp-json\/wp\/v2\/product_tag?post=14454"}],"curies":[{"name":"wp","href":"https:\/\/api.w.org\/{rel}","templated":true}]}}