{"id":14168,"date":"2024-07-16T09:47:19","date_gmt":"2024-07-16T07:47:19","guid":{"rendered":"https:\/\/andalubox.com\/producto-andaluz\/miau-leichter-thunfischbauch-in-olivenoel-rr-125\/"},"modified":"2026-01-19T18:12:47","modified_gmt":"2026-01-19T17:12:47","slug":"miau-leichter-thunfischbauch-in-olivenoel-rr-125","status":"publish","type":"product","link":"https:\/\/andalubox.com\/de\/producto-andaluz\/miau-leichter-thunfischbauch-in-olivenoel-rr-125\/","title":{"rendered":"Meow Gelbflossen-Thunfischbauch In Oliven\u00f6l Rr 125g"},"content":{"rendered":"<p>Meow Gelbflossen-Thunfischbauch In Oliven\u00f6l Rr 125g<\/p>\n<p>Der Thunfischbauch ist ein wertvolles St\u00fcck aus der Bauchgegend des Thunfischs, das f\u00fcr seine fettreiche Textur und seinen intensiven Geschmack bekannt ist. Er ist eine Delikatesse in vielen K\u00fcchen, insbesondere in der spanischen und mediterranen K\u00fcche. <\/p>\n<p>N\u00e4hrwertangaben: Ventresca ist reich an Omega-3-Fetts\u00e4uren, Proteinen und Vitaminen (B12, A, D).<\/p>\n<p>&nbsp;<\/p>\n<p>Conservas Miau ist eine spanische Marke mit mehr als einem Jahrhundert Tradition, die f\u00fcr ihre hochwertigen Fischkonserven und Meeresfr\u00fcchte bekannt ist. Die Marke wurde 1873 von Bernardo Alfageme in Asturien gegr\u00fcndet und konsolidierte sich in Vigo, Galicien, mit einer symboltr\u00e4chtigen Fabrik, die 1928 gebaut wurde. Sie bietet eine gro\u00dfe Auswahl an Produkten wie Tintenfisch in eigener Tinte, Tintenfisch in amerikanischer Sauce, hellen Thunfisch, wei\u00dfen Thunfisch, Muscheln, Sardinen und Sardellen, die in Formaten wie Oliven\u00f6l, Escabeche oder Tomatensauce erh\u00e4ltlich sind.  <\/p>\n<p>Sie finden sie in den ANDALUBOX-L\u00e4den in Sevilla.<\/p>\n<h2>Zutaten:<\/h2>\n<p><br><br>Bauchfilets vom Gelbflossenthun in Oliven\u00f6l<strong>Nettogewicht:<\/strong> 115 Gr<strong>Abtropfgewicht:<\/strong> 45 Gr<\/p>\n<p>&nbsp;<\/p>","protected":false},"excerpt":{"rendered":"<p>Meow Yellowfin Tuna Belly In Olive Oil Rr 125g f\u00fcr den Export nach ganz Europa.<\/p>\n","protected":false},"featured_media":14166,"comment_status":"open","ping_status":"closed","template":"","meta":{"site-sidebar-layout":"default","site-content-layout":"","ast-site-content-layout":"default","site-content-style":"default","site-sidebar-style":"default","ast-global-header-display":"","ast-banner-title-visibility":"","ast-main-header-display":"","ast-hfb-above-header-display":"","ast-hfb-below-header-display":"","ast-hfb-mobile-header-display":"","site-post-title":"","ast-breadcrumbs-content":"","ast-featured-img":"","footer-sml-layout":"","ast-disable-related-posts":"","theme-transparent-header-meta":"default","adv-header-id-meta":"","stick-header-meta":"","header-above-stick-meta":"","header-main-stick-meta":"","header-below-stick-meta":"","astra-migrate-meta-layouts":"default","ast-page-background-enabled":"default","ast-page-background-meta":{"desktop":{"background-color":"var(--ast-global-color-4)","background-image":"","background-repeat":"repeat","background-position":"center center","background-size":"auto","background-attachment":"scroll","background-type":"","background-media":"","overlay-type":"","overlay-color":"","overlay-opacity":"","overlay-gradient":""},"tablet":{"background-color":"","background-image":"","background-repeat":"repeat","background-position":"center center","background-size":"auto","background-attachment":"scroll","background-type":"","background-media":"","overlay-type":"","overlay-color":"","overlay-opacity":"","overlay-gradient":""},"mobile":{"background-color":"","background-image":"","background-repeat":"repeat","background-position":"center center","background-size":"auto","background-attachment":"scroll","background-type":"","background-media":"","overlay-type":"","overlay-color":"","overlay-opacity":"","overlay-gradient":""}},"ast-content-background-meta":{"desktop":{"background-color":"var(--ast-global-color-5)","background-image":"","background-repeat":"repeat","background-position":"center center","background-size":"auto","background-attachment":"scroll","background-type":"","background-media":"","overlay-type":"","overlay-color":"","overlay-opacity":"","overlay-gradient":""},"tablet":{"background-color":"var(--ast-global-color-5)","background-image":"","background-repeat":"repeat","background-position":"center center","background-size":"auto","background-attachment":"scroll","background-type":"","background-media":"","overlay-type":"","overlay-color":"","overlay-opacity":"","overlay-gradient":""},"mobile":{"background-color":"var(--ast-global-color-5)","background-image":"","background-repeat":"repeat","background-position":"center center","background-size":"auto","background-attachment":"scroll","background-type":"","background-media":"","overlay-type":"","overlay-color":"","overlay-opacity":"","overlay-gradient":""}}},"product_brand":[1133],"product_cat":[329],"product_tag":[],"class_list":{"0":"post-14168","1":"product","2":"type-product","3":"status-publish","4":"has-post-thumbnail","6":"product_brand-miau","7":"product_cat-thunfisch","8":"desktop-align-left","9":"tablet-align-left","10":"mobile-align-left","12":"first","13":"instock","14":"taxable","15":"shipping-taxable","16":"purchasable","17":"product-type-simple"},"_links":{"self":[{"href":"https:\/\/andalubox.com\/de\/wp-json\/wp\/v2\/product\/14168","targetHints":{"allow":["GET"]}}],"collection":[{"href":"https:\/\/andalubox.com\/de\/wp-json\/wp\/v2\/product"}],"about":[{"href":"https:\/\/andalubox.com\/de\/wp-json\/wp\/v2\/types\/product"}],"replies":[{"embeddable":true,"href":"https:\/\/andalubox.com\/de\/wp-json\/wp\/v2\/comments?post=14168"}],"wp:featuredmedia":[{"embeddable":true,"href":"https:\/\/andalubox.com\/de\/wp-json\/wp\/v2\/media\/14166"}],"wp:attachment":[{"href":"https:\/\/andalubox.com\/de\/wp-json\/wp\/v2\/media?parent=14168"}],"wp:term":[{"taxonomy":"product_brand","embeddable":true,"href":"https:\/\/andalubox.com\/de\/wp-json\/wp\/v2\/product_brand?post=14168"},{"taxonomy":"product_cat","embeddable":true,"href":"https:\/\/andalubox.com\/de\/wp-json\/wp\/v2\/product_cat?post=14168"},{"taxonomy":"product_tag","embeddable":true,"href":"https:\/\/andalubox.com\/de\/wp-json\/wp\/v2\/product_tag?post=14168"}],"curies":[{"name":"wp","href":"https:\/\/api.w.org\/{rel}","templated":true}]}}