{"id":14043,"date":"2024-07-04T15:51:38","date_gmt":"2024-07-04T13:51:38","guid":{"rendered":"https:\/\/andalubox.com\/producto-andaluz\/heinz-suesses-relish-375-ml\/"},"modified":"2025-09-24T15:01:28","modified_gmt":"2025-09-24T13:01:28","slug":"heinz-suesses-relish-375-ml","status":"publish","type":"product","link":"https:\/\/andalubox.com\/de\/producto-andaluz\/heinz-suesses-relish-375-ml\/","title":{"rendered":"Heinz Sweet Relish (S\u00fc\u00dfes Relish) 375ml"},"content":{"rendered":"<p><b>Heinz Sweet Relish (S\u00fc\u00dfes Relish) 375ml<\/b><\/p>\n<p>Auf Spanisch ist sie als <b>Salsa de Pepinillos Dulce<\/b> oder einfach als <b>Salsa Dulce<\/b> bekannt <b>.<\/b><\/p>\n<p>Dieses Produkt ist ein sehr beliebtes <b>s\u00fc\u00df-saures, knuspriges Gew\u00fcrz<\/b>, vor allem in der amerikanischen K\u00fcche, ideal als Beilage zu Fast Food und Salaten.<\/p>\n<div class=\"horizontal-scroll-wrapper\">\n<div class=\"table-block-component\">\n<div class=\"table-block has-export-button\">\n<div class=\"table-content not-end-of-paragraph\">\n<table style=\"width: 100%;\">\n<thead>\n<tr>\n<td style=\"width: 23.4072%;\">Merkmal<\/td>\n<td style=\"width: 76.4543%;\">Detail<\/td>\n<\/tr>\n<\/thead>\n<tbody>\n<tr>\n<td style=\"width: 23.4072%;\"><b>Offizieller Name <\/b><\/td>\n<td style=\"width: 76.4543%;\">Heinz S\u00fc\u00dfes Relish<\/td>\n<\/tr>\n<tr>\n<td style=\"width: 23.4072%;\"><b>Allgemeiner Name<\/b><\/td>\n<td style=\"width: 76.4543%;\">S\u00fc\u00dfe So\u00dfe oder S\u00fc\u00dfe Gurkenso\u00dfe<\/td>\n<\/tr>\n<tr>\n<td style=\"width: 23.4072%;\"><b>Volumen<\/b><\/td>\n<td style=\"width: 76.4543%;\">375 ml<\/td>\n<\/tr>\n<tr>\n<td style=\"width: 23.4072%;\"><b>Beschreibung<\/b><\/td>\n<td style=\"width: 76.4543%;\">Ein <i>Relish<\/i> aus <b>Pickles<\/b> (eingelegten Gurken), Kohl und rotem Paprika mit einem unverwechselbaren <b>s\u00fc\u00df-sauren<\/b> (s\u00fc\u00dfsauren) Geschmack.<\/td>\n<\/tr>\n<tr>\n<td style=\"width: 23.4072%;\"><b>H\u00e4ufige Verwendungen<\/b><\/td>\n<td style=\"width: 76.4543%;\">Er wird als Belag f\u00fcr <b>Hot Dogs<\/b>, <b>Hamburger<\/b> und Roastbeef-Sandwiches verwendet und ist eine wichtige Zutat in vielen Rezepten f\u00fcr<i>Kartoffelsalat<\/i>.<\/td>\n<\/tr>\n<\/tbody>\n<\/table>\n<\/div>\n<\/div>\n<\/div>\n<\/div>\n<p>Zutaten: Gurken, Maissirup mit hohem Fructosegehalt, Kohl, destillierter wei\u00dfer Essig, Salz, Guarkernmehl, Aluminiumsulfat, Xanthan, Kaliumsorbat und Natriumbenzoat (als Konservierungsstoffe), getrocknete rote Paprika, nat\u00fcrliche und k\u00fcnstliche Aromen, Polysorbat 80, FD&amp;C Gelb Nr. 5 und FD&amp;C Blau Nr. 1.<\/p>","protected":false},"excerpt":{"rendered":"<p>Heinz Sweet Relish (S\u00fc\u00dfes Relish) 375ml. Heinz Sweet Relish ist ein knuspriges Relish mit einem s\u00fc\u00df-sauren, gurken\u00e4hnlichen Geschmack. <strong>Diese flexible Heinz Relish-Dose ist sehr praktisch <\/strong>zum Garnieren Ihrer Hamburger, Hot Dogs, Roastbeef-Sandwiches und zum Aufpeppen Ihrer gemischten Salate. Ideal f\u00fcr Picknicks und Barbecues. Kommt in einer praktischen Plastikflasche mit Spender.<\/p>\n","protected":false},"featured_media":14041,"comment_status":"open","ping_status":"closed","template":"","meta":{"site-sidebar-layout":"default","site-content-layout":"","ast-site-content-layout":"default","site-content-style":"default","site-sidebar-style":"default","ast-global-header-display":"","ast-banner-title-visibility":"","ast-main-header-display":"","ast-hfb-above-header-display":"","ast-hfb-below-header-display":"","ast-hfb-mobile-header-display":"","site-post-title":"","ast-breadcrumbs-content":"","ast-featured-img":"","footer-sml-layout":"","ast-disable-related-posts":"","theme-transparent-header-meta":"default","adv-header-id-meta":"","stick-header-meta":"","header-above-stick-meta":"","header-main-stick-meta":"","header-below-stick-meta":"","astra-migrate-meta-layouts":"default","ast-page-background-enabled":"default","ast-page-background-meta":{"desktop":{"background-color":"var(--ast-global-color-4)","background-image":"","background-repeat":"repeat","background-position":"center center","background-size":"auto","background-attachment":"scroll","background-type":"","background-media":"","overlay-type":"","overlay-color":"","overlay-opacity":"","overlay-gradient":""},"tablet":{"background-color":"","background-image":"","background-repeat":"repeat","background-position":"center center","background-size":"auto","background-attachment":"scroll","background-type":"","background-media":"","overlay-type":"","overlay-color":"","overlay-opacity":"","overlay-gradient":""},"mobile":{"background-color":"","background-image":"","background-repeat":"repeat","background-position":"center center","background-size":"auto","background-attachment":"scroll","background-type":"","background-media":"","overlay-type":"","overlay-color":"","overlay-opacity":"","overlay-gradient":""}},"ast-content-background-meta":{"desktop":{"background-color":"var(--ast-global-color-5)","background-image":"","background-repeat":"repeat","background-position":"center center","background-size":"auto","background-attachment":"scroll","background-type":"","background-media":"","overlay-type":"","overlay-color":"","overlay-opacity":"","overlay-gradient":""},"tablet":{"background-color":"var(--ast-global-color-5)","background-image":"","background-repeat":"repeat","background-position":"center center","background-size":"auto","background-attachment":"scroll","background-type":"","background-media":"","overlay-type":"","overlay-color":"","overlay-opacity":"","overlay-gradient":""},"mobile":{"background-color":"var(--ast-global-color-5)","background-image":"","background-repeat":"repeat","background-position":"center center","background-size":"auto","background-attachment":"scroll","background-type":"","background-media":"","overlay-type":"","overlay-color":"","overlay-opacity":"","overlay-gradient":""}}},"product_brand":[1404],"product_cat":[15],"product_tag":[],"class_list":{"0":"post-14043","1":"product","2":"type-product","3":"status-publish","4":"has-post-thumbnail","6":"product_brand-heinz","7":"product_cat-sin-categorizar","8":"desktop-align-left","9":"tablet-align-left","10":"mobile-align-left","12":"first","13":"outofstock","14":"taxable","15":"shipping-taxable","16":"purchasable","17":"product-type-simple"},"_links":{"self":[{"href":"https:\/\/andalubox.com\/de\/wp-json\/wp\/v2\/product\/14043","targetHints":{"allow":["GET"]}}],"collection":[{"href":"https:\/\/andalubox.com\/de\/wp-json\/wp\/v2\/product"}],"about":[{"href":"https:\/\/andalubox.com\/de\/wp-json\/wp\/v2\/types\/product"}],"replies":[{"embeddable":true,"href":"https:\/\/andalubox.com\/de\/wp-json\/wp\/v2\/comments?post=14043"}],"wp:featuredmedia":[{"embeddable":true,"href":"https:\/\/andalubox.com\/de\/wp-json\/wp\/v2\/media\/14041"}],"wp:attachment":[{"href":"https:\/\/andalubox.com\/de\/wp-json\/wp\/v2\/media?parent=14043"}],"wp:term":[{"taxonomy":"product_brand","embeddable":true,"href":"https:\/\/andalubox.com\/de\/wp-json\/wp\/v2\/product_brand?post=14043"},{"taxonomy":"product_cat","embeddable":true,"href":"https:\/\/andalubox.com\/de\/wp-json\/wp\/v2\/product_cat?post=14043"},{"taxonomy":"product_tag","embeddable":true,"href":"https:\/\/andalubox.com\/de\/wp-json\/wp\/v2\/product_tag?post=14043"}],"curies":[{"name":"wp","href":"https:\/\/api.w.org\/{rel}","templated":true}]}}