{"id":14014,"date":"2024-07-01T10:18:32","date_gmt":"2024-07-01T08:18:32","guid":{"rendered":"https:\/\/andalubox.com\/producto-andaluz\/natives-olivenoel-extra-1881-250ml\/"},"modified":"2025-09-24T15:10:11","modified_gmt":"2025-09-24T13:10:11","slug":"natives-olivenoel-extra-1881-250ml","status":"publish","type":"product","link":"https:\/\/andalubox.com\/de\/producto-andaluz\/natives-olivenoel-extra-1881-250ml\/","title":{"rendered":"1881 Osuna Natives Oliven\u00f6l Extra 250ml"},"content":{"rendered":"<p>1881 Natives Oliven\u00f6l Extra Osuna 250ml von hoher Qualit\u00e4t, hergestellt von S.A.T. Santa Teresa in Osuna, Andalusien. Es ist eine Mischung aus den Olivensorten Manzanilla, Hojiblanca und Lech\u00edn, die ihm einen fruchtigen Geschmack mit Noten von Olivenbl\u00e4ttern, Tomaten, Artischocken und Mandeln verleihen, zusammen mit einer mittleren Sch\u00e4rfe und Bitterkeit. Dieses \u00d6l zeichnet sich durch sein nat\u00fcrliches Dekantierverfahren aus, das ihm eine unverwechselbare Textur verleiht. Es ist mit dem internationalen SIQEV-Siegel zertifiziert, das seine hervorragende Qualit\u00e4t garantiert.<br>Hauptmerkmale:<br>Geschmack und Aroma: Fruchtig, mit Noten von Tomate, Artischocke und Mandel und einer ausgewogenen w\u00fcrzigen und bitteren Note.  <\/p>\n<p>Verwendung: Ideal zum Kochen, zum Anrichten von Salaten oder zum Rohverzehr, um Rezepten eine Gourmet-Note zu verleihen.<\/p>\n<p>Formate: Erh\u00e4ltlich in 2- und 5-Liter-Karaffen, 2,5- und 5-Liter-Dosen, 250- und 500-ml-Glasflaschen sowie in Packungen wie der &#8220;Esencia 1881&#8221; mit drei 500-ml-Dosen (Essence, Limited Edition und High Selection).<\/p>\n<p>Vorteile: Reich an Polyphenolen und Antioxidantien, tr\u00e4gt er zur kardiovaskul\u00e4ren Gesundheit und zur Pr\u00e4vention von Krankheiten bei.<\/p>\n<h2>Technisches Datenblatt:<\/h2>\n<p><strong>Beh\u00e4lter: <\/strong><br><br><br><br><br><br> Viereckige Glasflasche.<strong>Verschluss: <\/strong>Aluminium mit Schraubverschluss und Spender.<strong>Format:<\/strong> 0,5 Liter<strong>Nettoproduktgewicht: <\/strong>455 Gramm.<strong>Gesamtproduktgewicht:<\/strong> 879 Gramm.<strong>Produktabmessungen: <\/strong>58x58x272 mm.<strong>Schachtelart:<\/strong> Karton mit Inneneinteilung.<\/p>\n<p>Andalubox setzt auf 1881-\u00d6l. Andalubox exportiert 1881-\u00d6l in ganz Europa. <\/p>","protected":false},"excerpt":{"rendered":"<p>Natives Oliven\u00f6l Extra 1881 Osuna 250ml mit mittlerer Sch\u00e4rfe, das nach einem exklusiven, nat\u00fcrlichen Dekantierverfahren angeboten wird, das ihm die von unseren Verbrauchern so gesch\u00e4tzte Textur verleiht.<\/p>\n","protected":false},"featured_media":14011,"comment_status":"open","ping_status":"closed","template":"","meta":{"site-sidebar-layout":"default","site-content-layout":"","ast-site-content-layout":"default","site-content-style":"default","site-sidebar-style":"default","ast-global-header-display":"","ast-banner-title-visibility":"","ast-main-header-display":"","ast-hfb-above-header-display":"","ast-hfb-below-header-display":"","ast-hfb-mobile-header-display":"","site-post-title":"","ast-breadcrumbs-content":"","ast-featured-img":"","footer-sml-layout":"","ast-disable-related-posts":"","theme-transparent-header-meta":"default","adv-header-id-meta":"","stick-header-meta":"","header-above-stick-meta":"","header-main-stick-meta":"","header-below-stick-meta":"","astra-migrate-meta-layouts":"default","ast-page-background-enabled":"default","ast-page-background-meta":{"desktop":{"background-color":"var(--ast-global-color-4)","background-image":"","background-repeat":"repeat","background-position":"center center","background-size":"auto","background-attachment":"scroll","background-type":"","background-media":"","overlay-type":"","overlay-color":"","overlay-opacity":"","overlay-gradient":""},"tablet":{"background-color":"","background-image":"","background-repeat":"repeat","background-position":"center center","background-size":"auto","background-attachment":"scroll","background-type":"","background-media":"","overlay-type":"","overlay-color":"","overlay-opacity":"","overlay-gradient":""},"mobile":{"background-color":"","background-image":"","background-repeat":"repeat","background-position":"center center","background-size":"auto","background-attachment":"scroll","background-type":"","background-media":"","overlay-type":"","overlay-color":"","overlay-opacity":"","overlay-gradient":""}},"ast-content-background-meta":{"desktop":{"background-color":"var(--ast-global-color-5)","background-image":"","background-repeat":"repeat","background-position":"center center","background-size":"auto","background-attachment":"scroll","background-type":"","background-media":"","overlay-type":"","overlay-color":"","overlay-opacity":"","overlay-gradient":""},"tablet":{"background-color":"var(--ast-global-color-5)","background-image":"","background-repeat":"repeat","background-position":"center center","background-size":"auto","background-attachment":"scroll","background-type":"","background-media":"","overlay-type":"","overlay-color":"","overlay-opacity":"","overlay-gradient":""},"mobile":{"background-color":"var(--ast-global-color-5)","background-image":"","background-repeat":"repeat","background-position":"center center","background-size":"auto","background-attachment":"scroll","background-type":"","background-media":"","overlay-type":"","overlay-color":"","overlay-opacity":"","overlay-gradient":""}}},"product_brand":[1103],"product_cat":[354],"product_tag":[],"class_list":{"0":"post-14014","1":"product","2":"type-product","3":"status-publish","4":"has-post-thumbnail","6":"product_brand-1103","7":"product_cat-andalusisches-ol","8":"desktop-align-left","9":"tablet-align-left","10":"mobile-align-left","12":"first","13":"instock","14":"taxable","15":"shipping-taxable","16":"purchasable","17":"product-type-simple"},"_links":{"self":[{"href":"https:\/\/andalubox.com\/de\/wp-json\/wp\/v2\/product\/14014","targetHints":{"allow":["GET"]}}],"collection":[{"href":"https:\/\/andalubox.com\/de\/wp-json\/wp\/v2\/product"}],"about":[{"href":"https:\/\/andalubox.com\/de\/wp-json\/wp\/v2\/types\/product"}],"replies":[{"embeddable":true,"href":"https:\/\/andalubox.com\/de\/wp-json\/wp\/v2\/comments?post=14014"}],"wp:featuredmedia":[{"embeddable":true,"href":"https:\/\/andalubox.com\/de\/wp-json\/wp\/v2\/media\/14011"}],"wp:attachment":[{"href":"https:\/\/andalubox.com\/de\/wp-json\/wp\/v2\/media?parent=14014"}],"wp:term":[{"taxonomy":"product_brand","embeddable":true,"href":"https:\/\/andalubox.com\/de\/wp-json\/wp\/v2\/product_brand?post=14014"},{"taxonomy":"product_cat","embeddable":true,"href":"https:\/\/andalubox.com\/de\/wp-json\/wp\/v2\/product_cat?post=14014"},{"taxonomy":"product_tag","embeddable":true,"href":"https:\/\/andalubox.com\/de\/wp-json\/wp\/v2\/product_tag?post=14014"}],"curies":[{"name":"wp","href":"https:\/\/api.w.org\/{rel}","templated":true}]}}