{"id":13794,"date":"2024-06-03T16:40:34","date_gmt":"2024-06-03T14:40:34","guid":{"rendered":"https:\/\/andalubox.com\/producto-andaluz\/doritos-pizza-salami-110g\/"},"modified":"2025-06-12T21:53:24","modified_gmt":"2025-06-12T19:53:24","slug":"doritos-pizza-salami-110g","status":"publish","type":"product","link":"https:\/\/andalubox.com\/de\/producto-andaluz\/doritos-pizza-salami-110g\/","title":{"rendered":"Doritos Salami Pizza Geschmack (Importiert), 110g"},"content":{"rendered":"<h2>Zutaten:<\/h2>\n<p>Mais, pflanzliche \u00d6le (Mais, Sonnenblumen, Raps in unterschiedlichen Gewichtsanteilen), Aromen (enthalten Milch), K\u00e4sepulver (aus Milch), Laktose (aus Milch), Molkenprotein (aus Milch), Magermilchpulver, Zucker, Butter. Milchpulver, ger\u00e4uchertes Paprikapulver, Salz, Geschmacksverst\u00e4rker (Monon). Atriumglutamat, Dinatrium-5&#8242;-Ribonukleotid), Kaliumchlorid, Gew\u00fcrze, Knoblauchpulver, Zwiebelpulver, S\u00e4ureregulatoren (Zitronens\u00e4ure, Apfels\u00e4ure), Tomatenpulver, Farbstoffe (Paprikaextrakt, Annato Bixin, Zuckerkul\u00f6r), Kr\u00e4uter, Raucharoma. Kann Soja und Weizen (Gluten) enthalten.<\/p>","protected":false},"excerpt":{"rendered":"<p>Mit der k\u00f6stlichen Doritos Pizza Salami erhalten Sie einen fantastischen Snack, der mit seiner pikanten Gew\u00fcrzmischung besonders gut schmeckt. Die knusprigen Nachos schmecken wie herzhafte Salami- und Peperoni-Pizza und sind herrlich w\u00fcrzig und pikant. Eine knusprige K\u00f6stlichkeit, die allein oder mit Sauce hervorragend schmeckt.<\/p>\n","protected":false},"featured_media":13791,"comment_status":"open","ping_status":"closed","template":"","meta":{"site-sidebar-layout":"default","site-content-layout":"","ast-site-content-layout":"default","site-content-style":"default","site-sidebar-style":"default","ast-global-header-display":"","ast-banner-title-visibility":"","ast-main-header-display":"","ast-hfb-above-header-display":"","ast-hfb-below-header-display":"","ast-hfb-mobile-header-display":"","site-post-title":"","ast-breadcrumbs-content":"","ast-featured-img":"","footer-sml-layout":"","ast-disable-related-posts":"","theme-transparent-header-meta":"default","adv-header-id-meta":"","stick-header-meta":"","header-above-stick-meta":"","header-main-stick-meta":"","header-below-stick-meta":"","astra-migrate-meta-layouts":"default","ast-page-background-enabled":"default","ast-page-background-meta":{"desktop":{"background-color":"var(--ast-global-color-4)","background-image":"","background-repeat":"repeat","background-position":"center center","background-size":"auto","background-attachment":"scroll","background-type":"","background-media":"","overlay-type":"","overlay-color":"","overlay-opacity":"","overlay-gradient":""},"tablet":{"background-color":"","background-image":"","background-repeat":"repeat","background-position":"center center","background-size":"auto","background-attachment":"scroll","background-type":"","background-media":"","overlay-type":"","overlay-color":"","overlay-opacity":"","overlay-gradient":""},"mobile":{"background-color":"","background-image":"","background-repeat":"repeat","background-position":"center center","background-size":"auto","background-attachment":"scroll","background-type":"","background-media":"","overlay-type":"","overlay-color":"","overlay-opacity":"","overlay-gradient":""}},"ast-content-background-meta":{"desktop":{"background-color":"var(--ast-global-color-5)","background-image":"","background-repeat":"repeat","background-position":"center center","background-size":"auto","background-attachment":"scroll","background-type":"","background-media":"","overlay-type":"","overlay-color":"","overlay-opacity":"","overlay-gradient":""},"tablet":{"background-color":"var(--ast-global-color-5)","background-image":"","background-repeat":"repeat","background-position":"center center","background-size":"auto","background-attachment":"scroll","background-type":"","background-media":"","overlay-type":"","overlay-color":"","overlay-opacity":"","overlay-gradient":""},"mobile":{"background-color":"var(--ast-global-color-5)","background-image":"","background-repeat":"repeat","background-position":"center center","background-size":"auto","background-attachment":"scroll","background-type":"","background-media":"","overlay-type":"","overlay-color":"","overlay-opacity":"","overlay-gradient":""}}},"product_brand":[1412],"product_cat":[],"product_tag":[],"class_list":{"0":"post-13794","1":"product","2":"type-product","3":"status-publish","4":"has-post-thumbnail","6":"product_brand-doritos","7":"desktop-align-left","8":"tablet-align-left","9":"mobile-align-left","11":"first","12":"outofstock","13":"taxable","14":"shipping-taxable","15":"purchasable","16":"product-type-simple"},"_links":{"self":[{"href":"https:\/\/andalubox.com\/de\/wp-json\/wp\/v2\/product\/13794","targetHints":{"allow":["GET"]}}],"collection":[{"href":"https:\/\/andalubox.com\/de\/wp-json\/wp\/v2\/product"}],"about":[{"href":"https:\/\/andalubox.com\/de\/wp-json\/wp\/v2\/types\/product"}],"replies":[{"embeddable":true,"href":"https:\/\/andalubox.com\/de\/wp-json\/wp\/v2\/comments?post=13794"}],"wp:featuredmedia":[{"embeddable":true,"href":"https:\/\/andalubox.com\/de\/wp-json\/wp\/v2\/media\/13791"}],"wp:attachment":[{"href":"https:\/\/andalubox.com\/de\/wp-json\/wp\/v2\/media?parent=13794"}],"wp:term":[{"taxonomy":"product_brand","embeddable":true,"href":"https:\/\/andalubox.com\/de\/wp-json\/wp\/v2\/product_brand?post=13794"},{"taxonomy":"product_cat","embeddable":true,"href":"https:\/\/andalubox.com\/de\/wp-json\/wp\/v2\/product_cat?post=13794"},{"taxonomy":"product_tag","embeddable":true,"href":"https:\/\/andalubox.com\/de\/wp-json\/wp\/v2\/product_tag?post=13794"}],"curies":[{"name":"wp","href":"https:\/\/api.w.org\/{rel}","templated":true}]}}