{"id":13776,"date":"2024-06-03T16:18:58","date_gmt":"2024-06-03T14:18:58","guid":{"rendered":"https:\/\/andalubox.com\/producto-andaluz\/oleum-hispania-pajarera-500ml\/"},"modified":"2026-01-27T18:08:39","modified_gmt":"2026-01-27T17:08:39","slug":"oleum-hispania-pajarera-500ml","status":"publish","type":"product","link":"https:\/\/andalubox.com\/de\/producto-andaluz\/oleum-hispania-pajarera-500ml\/","title":{"rendered":"Hispania Natives Oliven\u00f6l Extra Natur Pajarera de C\u00f3rdoba 500ml"},"content":{"rendered":"<p>Hispania Natives Oliven\u00f6l Extra Natur Pajarera de C\u00f3rdoba 500ml<\/p>\n<p><b>Oleum Hispania Nature Premium Pajarera<\/b> ist ein hochgesch\u00e4tztes <i>Premium<\/i> Natives Oliven\u00f6l Extra (EVOO), das sich durch seine einzigartige Olivensorte und seine Herkunft aus <b>Cordoba<\/b> auszeichnet.<\/p>\n<p>Die <b>500 ml<\/b> Flasche enth\u00e4lt ein hochwertiges EVOO mit den folgenden Eigenschaften:<\/p>\n<h2><span style=\"font-size: 12pt;\">Oleum Hispania Natur Premium Pajarera (500ml)<\/span><\/h2>\n<h3><span style=\"font-size: 12pt;\">\ud83c\udf3f Herkunft und Sorte<\/span><\/h3>\n<ul>\n\t<li>\n<p><b>Erzeuger:<\/b> <b>Oleum Hispania<\/b>, gelegen in der Subb\u00e9tica Cordobesa, im Herzen der Provinz <b>C\u00f3rdoba<\/b>.<\/p>\n<\/li>\n\t<li>\n<p><b>Olivensorte:<\/b> <b>Pajarera<\/b>. Es handelt sich um eine einheimische Sorte, die in der Minderheit und weniger bekannt ist als die traditionellen Sorten, was ihr ein unverwechselbares und ganz besonderes sensorisches Profil verleiht. <\/p>\n<ul>\n\t<li>\n<p>Ihr Name r\u00fchrt daher, dass V\u00f6gel diese Olive lieben und sie direkt vom Baum fressen, ein Zeichen f\u00fcr ihre nat\u00fcrliche S\u00fc\u00dfe.<\/p>\n<\/li>\n<\/ul>\n<\/li>\n\t<li>\n<p><b>Ernte:<\/b> Es handelt sich um ein <b>fr\u00fch geerntetes<\/b> \u00d6l, das <b>kalt extrahiert wird<\/b>, um maximale Frische und den Erhalt aller Polyphenole und Aromen zu gew\u00e4hrleisten.<\/p>\n<\/li>\n\t<li>\n<p><b>Danksagung:<\/b> Dieses EVOO genie\u00dft mehr als <b>200<\/b> nationale und internationale <b>Qualit\u00e4tsauszeichnungen<\/b>.<\/p>\n<\/li>\n<\/ul>\n<h3>\ud83d\udc45 Verkostungsnotizen (sensorisches Profil)<\/h3>\n<p>Pajarera ist bekannt f\u00fcr seine gro\u00dfe Harmonie und Ausgewogenheit und bietet einen weicheren und s\u00fc\u00dferen Geschmack als andere \u00d6le aus Cordoba wie Picual oder Hojiblanca.<\/p>\n<ul>\n\t<li>\n<p><b>Nase (Aroma):<\/b> Reife gr\u00fcne Fr\u00fcchte von mittlerer Intensit\u00e4t. Vorwiegend fruchtige Aromen wie <b>Mandel<\/b>, <b>reife Banane<\/b>, <b>Apfel<\/b> und ein Hauch von <b>Trockenobst<\/b>. <\/p>\n<\/li>\n\t<li>\n<p><b>Mund (Geschmack):<\/b><\/p>\n<ul>\n\t<li>\n<p><b>Eintritt:<\/b> Sehr <b>s\u00fc\u00df<\/b> und angenehm.<\/p>\n<\/li>\n\t<li>\n<p><b>Abgang:<\/b> Leicht <b>bitter<\/b> und leicht <b>w\u00fcrzig<\/b> im Verlauf, aber sehr ausgewogen.<\/p>\n<\/li>\n\t<li>\n<p><b>Nachgeschmack:<\/b> Anhaltende Noten von Trockenfr\u00fcchten.<\/p>\n<\/li>\n<\/ul>\n<\/li>\n<\/ul>\n<h3>\ud83c\udf7d\ufe0f Empfohlene Paarung<\/h3>\n<p>Aufgrund seines weichen und ausgewogenen Profils ist er sehr vielseitig, zeichnet sich aber besonders im Rohzustand aus:<\/p>\n<ul>\n\t<li>\n<p><b>Roh:<\/b> Toast, gr\u00fcne Salate, Frischk\u00e4se.<\/p>\n<\/li>\n\t<li>\n<p><b>Ausgefeilte Gerichte:<\/b> Er ist ideal f\u00fcr <b>Gazpachos<\/b>, <b>Salmorejo<\/b>, kalte Cremes, Emulsionen (wie Mayonnaise) oder zum Anrichten von Fisch und Meeresfr\u00fcchten.<\/p>\n<\/li>\n<\/ul>\n<p>Herkunft: Cordoba, Andalusien (S\u00fcdspanien)<br>Produktion: Einzelsorte<br>Sorte: Pajarera: Fruchtig gr\u00fcn. Mittlere Intensit\u00e4t.<br>Verpackung: Glas<br>Format: 500 ml.<br>Anbau: Traditionell<br>Ernte: Fr\u00fche Ernte<br>Neue Ernte <\/p>","protected":false},"excerpt":{"rendered":"<p>Hispania Natives Oliven\u00f6l Extra Natur Pajarera de C\u00f3rdoba 500ml<\/p>\n<p>Natives Oliven\u00f6l extra der Sorte Pajarera aus fr\u00fcher Ernte. Produziert in Priego de C\u00f3rdoba.<\/p>\n","protected":false},"featured_media":13775,"template":"","meta":{"site-sidebar-layout":"default","site-content-layout":"","ast-site-content-layout":"default","site-content-style":"default","site-sidebar-style":"default","ast-global-header-display":"","ast-banner-title-visibility":"","ast-main-header-display":"","ast-hfb-above-header-display":"","ast-hfb-below-header-display":"","ast-hfb-mobile-header-display":"","site-post-title":"","ast-breadcrumbs-content":"","ast-featured-img":"","footer-sml-layout":"","ast-disable-related-posts":"","theme-transparent-header-meta":"default","adv-header-id-meta":"","stick-header-meta":"","header-above-stick-meta":"","header-main-stick-meta":"","header-below-stick-meta":"","astra-migrate-meta-layouts":"default","ast-page-background-enabled":"default","ast-page-background-meta":{"desktop":{"background-color":"var(--ast-global-color-4)","background-image":"","background-repeat":"repeat","background-position":"center center","background-size":"auto","background-attachment":"scroll","background-type":"","background-media":"","overlay-type":"","overlay-color":"","overlay-opacity":"","overlay-gradient":""},"tablet":{"background-color":"","background-image":"","background-repeat":"repeat","background-position":"center center","background-size":"auto","background-attachment":"scroll","background-type":"","background-media":"","overlay-type":"","overlay-color":"","overlay-opacity":"","overlay-gradient":""},"mobile":{"background-color":"","background-image":"","background-repeat":"repeat","background-position":"center center","background-size":"auto","background-attachment":"scroll","background-type":"","background-media":"","overlay-type":"","overlay-color":"","overlay-opacity":"","overlay-gradient":""}},"ast-content-background-meta":{"desktop":{"background-color":"var(--ast-global-color-5)","background-image":"","background-repeat":"repeat","background-position":"center center","background-size":"auto","background-attachment":"scroll","background-type":"","background-media":"","overlay-type":"","overlay-color":"","overlay-opacity":"","overlay-gradient":""},"tablet":{"background-color":"var(--ast-global-color-5)","background-image":"","background-repeat":"repeat","background-position":"center center","background-size":"auto","background-attachment":"scroll","background-type":"","background-media":"","overlay-type":"","overlay-color":"","overlay-opacity":"","overlay-gradient":""},"mobile":{"background-color":"var(--ast-global-color-5)","background-image":"","background-repeat":"repeat","background-position":"center center","background-size":"auto","background-attachment":"scroll","background-type":"","background-media":"","overlay-type":"","overlay-color":"","overlay-opacity":"","overlay-gradient":""}}},"product_brand":[],"product_cat":[354],"product_tag":[],"class_list":{"0":"post-13776","1":"product","2":"type-product","3":"status-publish","4":"has-post-thumbnail","6":"product_cat-andalusisches-ol","7":"desktop-align-left","8":"tablet-align-left","9":"mobile-align-left","11":"first","12":"instock","13":"taxable","14":"shipping-taxable","15":"purchasable","16":"product-type-simple"},"_links":{"self":[{"href":"https:\/\/andalubox.com\/de\/wp-json\/wp\/v2\/product\/13776","targetHints":{"allow":["GET"]}}],"collection":[{"href":"https:\/\/andalubox.com\/de\/wp-json\/wp\/v2\/product"}],"about":[{"href":"https:\/\/andalubox.com\/de\/wp-json\/wp\/v2\/types\/product"}],"wp:featuredmedia":[{"embeddable":true,"href":"https:\/\/andalubox.com\/de\/wp-json\/wp\/v2\/media\/13775"}],"wp:attachment":[{"href":"https:\/\/andalubox.com\/de\/wp-json\/wp\/v2\/media?parent=13776"}],"wp:term":[{"taxonomy":"product_brand","embeddable":true,"href":"https:\/\/andalubox.com\/de\/wp-json\/wp\/v2\/product_brand?post=13776"},{"taxonomy":"product_cat","embeddable":true,"href":"https:\/\/andalubox.com\/de\/wp-json\/wp\/v2\/product_cat?post=13776"},{"taxonomy":"product_tag","embeddable":true,"href":"https:\/\/andalubox.com\/de\/wp-json\/wp\/v2\/product_tag?post=13776"}],"curies":[{"name":"wp","href":"https:\/\/api.w.org\/{rel}","templated":true}]}}