{"id":13767,"date":"2024-06-03T16:08:47","date_gmt":"2024-06-03T14:08:47","guid":{"rendered":"https:\/\/andalubox.com\/producto-andaluz\/oleum-hispania-picual-500ml\/"},"modified":"2026-01-27T18:08:25","modified_gmt":"2026-01-27T17:08:25","slug":"oleum-hispania-picual-500ml","status":"publish","type":"product","link":"https:\/\/andalubox.com\/de\/producto-andaluz\/oleum-hispania-picual-500ml\/","title":{"rendered":"Hispania Natives Oliven\u00f6l Extra Natur Picual de C\u00f3rdoba 500ml"},"content":{"rendered":"<p>Hispania Natives Oliven\u00f6l Extra Natur Picual de C\u00f3rdoba 500ml<\/p>\n<p>Es ist ein Natives Oliven\u00f6l Extra (EVOO) von h\u00f6chster Qualit\u00e4t, bekannt f\u00fcr die charakteristische Intensit\u00e4t der Sorte <b>Picual<\/b>, die im Gebiet Subb\u00e9tica in C\u00f3rdoba angebaut wird.<\/p>\n<p>Die <b>500-ml-Flasche<\/b> bietet ein <i>Premium-EVOO<\/i> mit den folgenden Eigenschaften:<\/p>\n<h3>\ud83c\udf3f Herkunft und Produktion<\/h3>\n<ul>\n\t<li>\n<p><b>Erzeuger:<\/b> <b>Oleum Hispania<\/b>, mit Oliven aus den Olivenhainen von Subb\u00e9tica Cordobesa, in der N\u00e4he von <b>Priego de C\u00f3rdoba<\/b>.<\/p>\n<\/li>\n\t<li>\n<p><b>Olivensorte:<\/b> <b>Picual<\/b>, eine der in Spanien am meisten verbreiteten und gesch\u00e4tzten Sorten, die f\u00fcr ihre gro\u00dfe Stabilit\u00e4t (Oxidationsbest\u00e4ndigkeit) und ihren hohen \u00d6ls\u00e4uregehalt bekannt ist.<\/p>\n<\/li>\n\t<li>\n<p><b>Ernten:<\/b>  Es ist ein \u00d6l  <b>Einzige Sorte<\/b>  von  <b>Fr\u00fche Ernte<\/b>im Oktober geerntet und extrahiert  <b>kalt<\/b>  (es sei denn  <span class=\"math-inline\"><span class=\"katex\"><span class=\"katex-html\" aria-hidden=\"true\"><span class=\"base\"><span class=\"mord\">2<\/span><span class=\"mord\">2<span class=\"msupsub\"><span class=\"vlist-t\"><span class=\"vlist-r\"><span class=\"vlist\"><span class=\"\"><span class=\"sizing reset-size6 size3 mtight\"><span class=\"mbin mtight\">\u2218<\/span><\/span><\/span><\/span><\/span><\/span><\/span><\/span><span class=\"mord text\"><span class=\"mord\">C<\/span><\/span><\/span><\/span><\/span><\/span>), was die Erhaltung seiner gesunden Eigenschaften und seiner intensiven Fruchtigkeit garantiert.<\/p>\n<\/li>\n\t<li>\n<p><b>Danksagung:<\/b> Dieses EVOO ist Teil der Reihe, die mehr als <b>200<\/b> nationale und internationale <b>Auszeichnungen<\/b> erhalten hat.<\/p>\n<\/li>\n<\/ul>\n<h3>\ud83d\udc45 Verkostungsnotizen (sensorisches Profil)<\/h3>\n<p>Er zeichnet sich durch sein fruchtiges, intensives und sehr frisches Profil aus.<\/p>\n<ul>\n\t<li>\n<p><b>Nase (Aroma):<\/b> Intensive <b>gr\u00fcne Olivenfruchtigkeit<\/b> mit deutlichen <b>krautigen<\/b> Aromen (frisches Gras und Olivenblatt) und Noten von <b>frischen gr\u00fcnen Fr\u00fcchten<\/b> wie Apfel und Banane.<\/p>\n<\/li>\n\t<li>\n<p><b>Mund (Geschmack):<\/b><\/p>\n<ul>\n\t<li>\n<p><b>Einstieg:<\/b> Weich, seidig und fruchtig.<\/p>\n<\/li>\n\t<li>\n<p><b>Entwicklung:<\/b> Gr\u00fcne Noten erscheinen im mittleren Gaumen, gefolgt von einer <b>leichten Bitterkeit<\/b> und einer <b>eleganten<\/b>, intensiven <b>W\u00fcrze<\/b> im Abgang.<\/p>\n<\/li>\n\t<li>\n<p><b>Harmonie:<\/b> Er pr\u00e4sentiert eine gro\u00dfe Harmonie und Ausdauer im Mund.<\/p>\n<\/li>\n<\/ul>\n<\/li>\n<\/ul>\n<h3>\ud83c\udf7d\ufe0f Empfohlene Paarung<\/h3>\n<p>Aufgrund seiner Intensit\u00e4t und seines Charakters eignet er sich perfekt zum Verfeinern von rohen Gerichten:<\/p>\n<ul>\n\t<li>\n<p><b>Roh:<\/b> Ideal f\u00fcr <b>Toast<\/b> mit Tomaten oder Schinken, <b>Tomatensalate<\/b>, Salzkartoffeln, Nudeln, Gem\u00fcsecremes und P\u00fcrees.<\/p>\n<\/li>\n\t<li>\n<p><b>Andere Verwendung:<\/b> Passt gut zu <b>Tartar<\/b>, wei\u00dfem Fisch, rotem Fleisch und Meeresfr\u00fcchten.<\/p>\n<\/li>\n<\/ul>\n<div class=\"produTitulo txtVerde1\">\n<div class=\"produTitulo txtVerde1\">\n<p>Traditionelle <strong>Zertifizierungen<\/strong> <\/p>\n<div class=\"produTitulo txtVerde1\"><strong>Format<\/strong> 500 ml<\/div>\n<div class=\"limpiar\"><strong>Herkunft<\/strong> Carcabuey, Cordoba, Andalusien (S\u00fcdspanien)<\/div>\n<\/div>\n<\/div>\n<div class=\"limpiar\"> <\/div>","protected":false},"excerpt":{"rendered":"<p>Er zeichnet sich durch die gro\u00dfe Fruchtigkeit seiner frischen und aromatischen gr\u00fcnen Oliven aus, mit Noten, die an gr\u00fcnen Apfel, frisches Gras und die unverwechselbare Note von Banane erinnern. Im Mund ist er sehr s\u00fc\u00df, \u00fcberhaupt nicht bitter und leicht w\u00fcrzig, mit einem lang anhaltenden Nachgeschmack von Mandeln.<\/p>\n","protected":false},"featured_media":13764,"comment_status":"open","ping_status":"closed","template":"","meta":{"site-sidebar-layout":"default","site-content-layout":"","ast-site-content-layout":"default","site-content-style":"default","site-sidebar-style":"default","ast-global-header-display":"","ast-banner-title-visibility":"","ast-main-header-display":"","ast-hfb-above-header-display":"","ast-hfb-below-header-display":"","ast-hfb-mobile-header-display":"","site-post-title":"","ast-breadcrumbs-content":"","ast-featured-img":"","footer-sml-layout":"","ast-disable-related-posts":"","theme-transparent-header-meta":"default","adv-header-id-meta":"","stick-header-meta":"","header-above-stick-meta":"","header-main-stick-meta":"","header-below-stick-meta":"","astra-migrate-meta-layouts":"default","ast-page-background-enabled":"default","ast-page-background-meta":{"desktop":{"background-color":"var(--ast-global-color-4)","background-image":"","background-repeat":"repeat","background-position":"center center","background-size":"auto","background-attachment":"scroll","background-type":"","background-media":"","overlay-type":"","overlay-color":"","overlay-opacity":"","overlay-gradient":""},"tablet":{"background-color":"","background-image":"","background-repeat":"repeat","background-position":"center center","background-size":"auto","background-attachment":"scroll","background-type":"","background-media":"","overlay-type":"","overlay-color":"","overlay-opacity":"","overlay-gradient":""},"mobile":{"background-color":"","background-image":"","background-repeat":"repeat","background-position":"center center","background-size":"auto","background-attachment":"scroll","background-type":"","background-media":"","overlay-type":"","overlay-color":"","overlay-opacity":"","overlay-gradient":""}},"ast-content-background-meta":{"desktop":{"background-color":"var(--ast-global-color-5)","background-image":"","background-repeat":"repeat","background-position":"center center","background-size":"auto","background-attachment":"scroll","background-type":"","background-media":"","overlay-type":"","overlay-color":"","overlay-opacity":"","overlay-gradient":""},"tablet":{"background-color":"var(--ast-global-color-5)","background-image":"","background-repeat":"repeat","background-position":"center center","background-size":"auto","background-attachment":"scroll","background-type":"","background-media":"","overlay-type":"","overlay-color":"","overlay-opacity":"","overlay-gradient":""},"mobile":{"background-color":"var(--ast-global-color-5)","background-image":"","background-repeat":"repeat","background-position":"center center","background-size":"auto","background-attachment":"scroll","background-type":"","background-media":"","overlay-type":"","overlay-color":"","overlay-opacity":"","overlay-gradient":""}}},"product_brand":[],"product_cat":[354],"product_tag":[],"class_list":{"0":"post-13767","1":"product","2":"type-product","3":"status-publish","4":"has-post-thumbnail","6":"product_cat-andalusisches-ol","7":"desktop-align-left","8":"tablet-align-left","9":"mobile-align-left","11":"first","12":"instock","13":"taxable","14":"shipping-taxable","15":"purchasable","16":"product-type-simple"},"_links":{"self":[{"href":"https:\/\/andalubox.com\/de\/wp-json\/wp\/v2\/product\/13767","targetHints":{"allow":["GET"]}}],"collection":[{"href":"https:\/\/andalubox.com\/de\/wp-json\/wp\/v2\/product"}],"about":[{"href":"https:\/\/andalubox.com\/de\/wp-json\/wp\/v2\/types\/product"}],"replies":[{"embeddable":true,"href":"https:\/\/andalubox.com\/de\/wp-json\/wp\/v2\/comments?post=13767"}],"wp:featuredmedia":[{"embeddable":true,"href":"https:\/\/andalubox.com\/de\/wp-json\/wp\/v2\/media\/13764"}],"wp:attachment":[{"href":"https:\/\/andalubox.com\/de\/wp-json\/wp\/v2\/media?parent=13767"}],"wp:term":[{"taxonomy":"product_brand","embeddable":true,"href":"https:\/\/andalubox.com\/de\/wp-json\/wp\/v2\/product_brand?post=13767"},{"taxonomy":"product_cat","embeddable":true,"href":"https:\/\/andalubox.com\/de\/wp-json\/wp\/v2\/product_cat?post=13767"},{"taxonomy":"product_tag","embeddable":true,"href":"https:\/\/andalubox.com\/de\/wp-json\/wp\/v2\/product_tag?post=13767"}],"curies":[{"name":"wp","href":"https:\/\/api.w.org\/{rel}","templated":true}]}}